{"id":263,"date":"2023-07-08T15:12:28","date_gmt":"2023-07-08T15:12:28","guid":{"rendered":"https:\/\/painfreebirthing.com\/spn\/que-pasa-despues-de-colocada-la-peridural\/vigilancia-durante-anestesia-peridural\/"},"modified":"2023-07-08T15:12:28","modified_gmt":"2023-07-08T15:12:28","slug":"vigilancia-durante-anestesia-peridural","status":"publish","type":"page","link":"https:\/\/painfreebirthing.com\/spn\/que-pasa-despues-de-colocada-la-peridural\/vigilancia-durante-anestesia-peridural\/","title":{"rendered":"Vigilancia durante anestesia peridural"},"content":{"rendered":"<table border=\"0\" width=\"100%\">\n<tbody>\n<tr>\n<td align=\"center\">\n<table border=\"0\" width=\"100%\">\n<tbody>\n<tr>\n<td align=\"center\"><font face=\"Tahoma, arial, verdana\" size=\"3\"><b><span style=\"color: #000000; \">Monitoreo durante el parto<\/span><\/b><\/font><\/td>\n<\/tr>\n<tr>\n<td><font face=\"Tahoma, arial, verdana\" size=\"3\"><br \/><span style=\"color: #000000; \">Despu\u00e9s de la colocaci\u00f3n de la peridural, usted va a estar bajo constante observaci\u00f3n por parte de las enfermeras y m\u00e9dicos. Va a tener monitoria de la frecuencia cardiaca del bebe. Sus signos vitales van a ser tomados con frecuencia. La frecuencia de las contracciones uterinas tambi\u00e9n va a ser registrado. A pesar de que Ud. este descansando o durmiendo mientras progresa el parto, el monitoreo y la observaci\u00f3n contin\u00faan.<\/span><\/font><\/td>\n<\/tr>\n<\/tbody>\n<\/table>\n<p><font face=\"Tahoma, arial, verdana\" size=\"3\"><b><span style=\"color: rgb(20, 20, 20); \"><\/span><\/b><\/font><\/td>\n<\/tr>\n<tr>\n<td><font face=\"Tahoma, arial, verdana\" size=\"3\"><span style=\"color: rgb(20, 20, 20); \"><\/span><\/font><\/td>\n<\/tr>\n<tr>\n<td align=\"center\" style=\"text-align: center; \"><img loading=\"lazy\" decoding=\"async\" width=\"288\" height=\"432\" alt=\"\" class=\"art-lightbox\" src=\"https:\/\/painfreebirthing.com\/spn\/wp-content\/uploads\/2023\/07\/monitors.gif\" ><\/p>\n<p><span style=\"color: rgb(0, 0, 0); font-family: Tahoma, arial, verdana; font-size: medium; font-weight: 400; text-align: -webkit-center; \">Haga click<br \/><a href=\"\/que-pasa-despues-de-colocada-la-peridural\/cambios-en-la-presion-arterial-durante-la-anestesia-peridural\" target=\"_parent\" rel=\"noopener\">&nbsp;Cambios en la presi\u00f3n&nbsp;arterial durante la&nbsp;anestesia peridural\t<\/a><a target=\"main\" href=\"http:\/\/www.painfreebirthing.com\/spanish\/vigilance1sp.htm\" style=\"font-family: 'Times New Roman'; font-size: medium; font-weight: 400; text-align: start;  \" rel=\"noopener\"><font face=\"Tahoma, arial, verdana\" size=\"2\" ><\/font><\/a><br \/><\/span><a href=\"\/after-epidural-placement\/does-epidural-affect-my-blood-pressue\" target=\"_parent\" rel=\"noopener\"><\/a><\/td>\n<\/tr>\n<\/tbody>\n<\/table>\n<p><span style=\"color: rgb(0, 0, 0);\"><br \/><\/span><\/p>\n","protected":false},"excerpt":{"rendered":"<p>Monitoreo durante el parto Despu\u00e9s de la colocaci\u00f3n de la peridural, usted va a estar bajo constante observaci\u00f3n por parte de las enfermeras y m\u00e9dicos. Va a tener monitoria de la frecuencia cardiaca del bebe. Sus signos vitales van a ser tomados con frecuencia. La frecuencia de las contracciones uterinas tambi\u00e9n va a ser registrado&#8230;.<\/p>\n<p class=\"more-link-wrap\"><a href=\"https:\/\/painfreebirthing.com\/spn\/que-pasa-despues-de-colocada-la-peridural\/vigilancia-durante-anestesia-peridural\/\" class=\"more-link\">Read More<span class=\"screen-reader-text\"> &ldquo;Vigilancia durante anestesia peridural&rdquo;<\/span> &raquo;<\/a><\/p>\n","protected":false},"author":1,"featured_media":0,"parent":262,"menu_order":28,"comment_status":"closed","ping_status":"closed","template":"","meta":{"footnotes":""},"class_list":["post-263","page","type-page","status-publish","hentry"],"_links":{"self":[{"href":"https:\/\/painfreebirthing.com\/spn\/wp-json\/wp\/v2\/pages\/263","targetHints":{"allow":["GET"]}}],"collection":[{"href":"https:\/\/painfreebirthing.com\/spn\/wp-json\/wp\/v2\/pages"}],"about":[{"href":"https:\/\/painfreebirthing.com\/spn\/wp-json\/wp\/v2\/types\/page"}],"author":[{"embeddable":true,"href":"https:\/\/painfreebirthing.com\/spn\/wp-json\/wp\/v2\/users\/1"}],"replies":[{"embeddable":true,"href":"https:\/\/painfreebirthing.com\/spn\/wp-json\/wp\/v2\/comments?post=263"}],"version-history":[{"count":0,"href":"https:\/\/painfreebirthing.com\/spn\/wp-json\/wp\/v2\/pages\/263\/revisions"}],"up":[{"embeddable":true,"href":"https:\/\/painfreebirthing.com\/spn\/wp-json\/wp\/v2\/pages\/262"}],"wp:attachment":[{"href":"https:\/\/painfreebirthing.com\/spn\/wp-json\/wp\/v2\/media?parent=263"}],"curies":[{"name":"wp","href":"https:\/\/api.w.org\/{rel}","templated":true}]}}