{"id":261,"date":"2023-07-08T15:12:26","date_gmt":"2023-07-08T15:12:26","guid":{"rendered":"https:\/\/painfreebirthing.com\/spn\/anestesia-regional\/procedimiento\/"},"modified":"2023-07-08T15:12:26","modified_gmt":"2023-07-08T15:12:26","slug":"procedimiento","status":"publish","type":"page","link":"https:\/\/painfreebirthing.com\/spn\/anestesia-regional\/procedimiento\/","title":{"rendered":"Peridural para el parto."},"content":{"rendered":"<table border=\"0\" width=\"100%\" height=\"563\">\n<tbody>\n<tr>\n<td align=\"center\">\n<table border=\"0\" width=\"100%\" height=\"563\">\n<tbody>\n<tr>\n<td align=\"center\"><font size=\"3\" face=\"Tahoma\"><b><span style=\"color: #000000; \">Procedimiento de la peridural para un parto sin dolor.<\/span><\/b><\/font><\/td>\n<\/tr>\n<tr>\n<td allign=\"center\">\n<p align=\"center\"><font size=\"3\" face=\"Tahoma\"><span style=\"color: #000000; \">(Procedimiento de la peridural para un parto sin dolor)<\/span><\/font><\/p>\n<\/td>\n<\/tr>\n<tr>\n<td align=\"center\" style=\"text-align: center; \"><img loading=\"lazy\" decoding=\"async\" width=\"432\" height=\"288\" alt=\"\" class=\"art-lightbox\" src=\"https:\/\/painfreebirthing.com\/spn\/wp-content\/uploads\/2023\/07\/procepid.gif\" ><\/td>\n<\/tr>\n<tr>\n<td align=\"center\"><\/td>\n<\/tr>\n<tr>\n<td>\n<p align=\"left\"><font face=\"Tahoma, arial, verdana\" size=\"3\"><span style=\"color: #000000; \">Usted va a estar ya sea sentada o de lado y va a arquear la espalda hacia afuera lo mas que pueda, tal como se ense\u00f1o en las figuras de arriba. \u201cComo me coloco para la anestesia\u201d. El anestesi\u00f3logo va a palpar su espalda para orientarse y va a limpiar su espalda como un antis\u00e9ptico antes de colocar la anestesia. Una peque\u00f1a cantidad de anestesia local va a ser inyectada para anestesiar localmente la piel antes de insertar la aguja peridural. Luego la aguja peridural va a ser colocada en su espalda hasta encontrar el espacio peridural y un peque\u00f1o cat\u00e9ter pl\u00e1stico va a ser colocado atravez de la aguja y dejado en ese espacio. Ocasionalmente, algunas mujeres sienten un \u201ccorrientazo\u201d o \u201chormigueo\u201d transitorio en una de las piernas mientras el cat\u00e9ter es avanzado en el espacio peridural y esto es debido al contacto del cat\u00e9ter con los nervios que van a las piernas. Sin embargo, esta sensaci\u00f3n es temporal y pasajera 1 o 2 segundos. Una vez el cat\u00e9ter esta en su posici\u00f3n, la aguja es retirada, y el cat\u00e9ter se fija a la espalda con cinta. La primera dosis de medicamentos va a ser inyectada a trav\u00e9s de este cat\u00e9ter. Alguna mujeres reportan \u201csensaci\u00f3n de fri\u00f3 en la espalda\u201d cuando la medicaci\u00f3n esta siendo inyectada. Despu\u00e9s de esto la medicaci\u00f3n es aplicada por una maquina \u201cbomba\u201d especial hasta que el bebe nace. Como los nervios que inervan el \u00fatero y el cervix pasan por el espacio peridural, como se explico anteriormente, esta medicaci\u00f3n ba\u00f1a estos nervios y de esta manera bloquea la sensaci\u00f3n de dolor.<\/span><\/p>\n<p><span style=\"color: #000000; \">La peridural puede tardar entre 15-20 minutos en ser colocada, y la medicaci\u00f3n act\u00faa gradualmente en el espacio peridural en los siguientes 15-20 minutos. Inicialmente, muchas mujeres notan que las contracciones duran menos tiempo hasta que eventualmente dejan de doler y lo \u00fanico que sienten es una presi\u00f3n en el abdomen con cada contracci\u00f3n o pueden no sentir nada, eso varia de mujer a mujer.<\/span><\/p>\n<p><\/font><\/p>\n<p align=\"center\"><span style=\"color: #000000; \">Hega Click<\/span><a href=\"\/que-pasa-despues-de-colocada-la-peridural\" target=\"_parent\" rel=\"noopener\"><span style=\"color: #000000; \">&nbsp;<\/span><\/a><\/p>\n<p align=\"center\"><a href=\"\/que-pasa-despues-de-colocada-la-peridural\" target=\"_parent\" rel=\"noopener\">Que pasa despu\u00e9s de colocada la peridural.<\/a><font face=\"Tahoma, arial, verdana\" size=\"3\"><span style=\"color: #000000; \"><\/span><\/font><\/p>\n<\/td>\n<\/tr>\n<\/tbody>\n<\/table>\n<p><font size=\"3\" face=\"Tahoma\"><\/font><\/td>\n<\/tr>\n<\/tbody>\n<\/table>\n<p align=\"center\" style=\"margin-top: 10px; margin-bottom: 10px; color: rgb(105, 105, 105); font-weight: 400; background-color: rgba(255, 255, 255, 0.59375);\"><font style=\"color: rgb(105, 105, 105); font-weight: 400; background-color: rgba(255, 255, 255, 0.597656);\"><\/font><\/p>\n<p align=\"center\" style=\"margin-top: 10px; margin-bottom: 10px; color: rgb(105, 105, 105); font-weight: 400; background-color: rgba(255, 255, 255, 0.59375);\"><font><\/font><\/p>\n<p align=\"center\" style=\"margin-top: 10px; margin-bottom: 10px; color: rgb(105, 105, 105); font-weight: 400; background-color: rgba(255, 255, 255, 0.59375);\"><a href=\"\/que-pasa-despues-de-colocada-la-peridural\" target=\"_parent\" rel=\"noopener\"><\/a><font><span style=\"color: rgb(0, 0, 0); font-family: Tahoma; font-size: 13px;\"><\/span><\/font><\/p>\n<p><\/p>\n","protected":false},"excerpt":{"rendered":"<p>Procedimiento de la peridural para un parto sin dolor. (Procedimiento de la peridural para un parto sin dolor) Usted va a estar ya sea sentada o de lado y va a arquear la espalda hacia afuera lo mas que pueda, tal como se ense\u00f1o en las figuras de arriba. \u201cComo me coloco para la anestesia\u201d&#8230;.<\/p>\n<p class=\"more-link-wrap\"><a href=\"https:\/\/painfreebirthing.com\/spn\/anestesia-regional\/procedimiento\/\" class=\"more-link\">Read More<span class=\"screen-reader-text\"> &ldquo;Peridural para el parto.&rdquo;<\/span> &raquo;<\/a><\/p>\n","protected":false},"author":1,"featured_media":0,"parent":255,"menu_order":26,"comment_status":"closed","ping_status":"closed","template":"","meta":{"footnotes":""},"class_list":["post-261","page","type-page","status-publish","hentry"],"_links":{"self":[{"href":"https:\/\/painfreebirthing.com\/spn\/wp-json\/wp\/v2\/pages\/261","targetHints":{"allow":["GET"]}}],"collection":[{"href":"https:\/\/painfreebirthing.com\/spn\/wp-json\/wp\/v2\/pages"}],"about":[{"href":"https:\/\/painfreebirthing.com\/spn\/wp-json\/wp\/v2\/types\/page"}],"author":[{"embeddable":true,"href":"https:\/\/painfreebirthing.com\/spn\/wp-json\/wp\/v2\/users\/1"}],"replies":[{"embeddable":true,"href":"https:\/\/painfreebirthing.com\/spn\/wp-json\/wp\/v2\/comments?post=261"}],"version-history":[{"count":0,"href":"https:\/\/painfreebirthing.com\/spn\/wp-json\/wp\/v2\/pages\/261\/revisions"}],"up":[{"embeddable":true,"href":"https:\/\/painfreebirthing.com\/spn\/wp-json\/wp\/v2\/pages\/255"}],"wp:attachment":[{"href":"https:\/\/painfreebirthing.com\/spn\/wp-json\/wp\/v2\/media?parent=261"}],"curies":[{"name":"wp","href":"https:\/\/api.w.org\/{rel}","templated":true}]}}