{"id":260,"date":"2023-07-08T15:12:25","date_gmt":"2023-07-08T15:12:25","guid":{"rendered":"https:\/\/painfreebirthing.com\/spn\/anestesia-regional\/en-que-posicion-debo-estar\/"},"modified":"2023-07-08T15:12:25","modified_gmt":"2023-07-08T15:12:25","slug":"en-que-posicion-debo-estar","status":"publish","type":"page","link":"https:\/\/painfreebirthing.com\/spn\/anestesia-regional\/en-que-posicion-debo-estar\/","title":{"rendered":"En que posici\u00f3n debo estar?l"},"content":{"rendered":"<table border=\"0\" width=\"100%\">\n<tbody>\n<tr>\n<td align=\"center\" height=\"31\">\n<table border=\"0\" width=\"100%\">\n<tbody>\n<tr>\n<td align=\"center\" height=\"31\"><font face=\"Tahoma\" size=\"3\"><b><span style=\"color: #000000; \">posici\u00f3n ideal para la anestesia peridural<\/span><\/b><\/font><\/td>\n<\/tr>\n<tr>\n<td height=\"78\"><font size=\"3\" face=\"Tahoma\"><span style=\"color: #000000; \">La posici\u00f3n ideal consiste en arquear la espalda de tal manera que empuje su columna vertebral hacia afuera. Diferentes palabras son usadas para definir esta posici\u00f3n, tales como \u201cletra C\u201d, \u201ccomo un camar\u00f3n\u201d, \u201cgato bravo\u201d, etc. En la figura de abajo se ilustra la posici\u00f3n ideal. Es importante que practique esa posici\u00f3n antes de llegar al hospital. Una posici\u00f3n ideal hace que el colocar la anestesia peridural sea mas f\u00e1cil.<\/span><\/font><\/td>\n<\/tr>\n<tr>\n<td align=\"center\" height=\"69\"><b><font size=\"3\" face=\"Tahoma\"><span style=\"color: #000000; \">Sentada<\/span><\/font><\/b><\/p>\n<p>&nbsp;<\/p>\n<\/td>\n<\/tr>\n<tr>\n<td align=\"center\" height=\"40\"><font size=\"3\" face=\"Tahoma\"><span style=\"color: #000000; \">Adem\u00e1s de arquear la espalda hacia atr\u00e1s, mantenga los hombros hacia abajo sin inclinarse hacia ning\u00fan lado y mantenga el ment\u00f3n contra el pecho<\/span><\/font><\/td>\n<\/tr>\n<\/tbody>\n<\/table>\n<p><font face=\"Tahoma, arial, verdana\"><b style=\"font-size: 13px;\"><span style=\"color: rgb(0, 0, 0); \"><\/span><\/b><\/font><\/td>\n<\/tr>\n<tr>\n<td height=\"78\"><font face=\"Tahoma, arial, verdana\"><\/font><\/td>\n<\/tr>\n<tr>\n<td align=\"center\" height=\"69\"><font face=\"Tahoma, arial, verdana\"><b><\/b><\/font><\/td>\n<\/tr>\n<tr>\n<td align=\"center\" height=\"40\"><font face=\"Tahoma, arial, verdana\"><span style=\"color: rgb(0, 0, 0); font-size: 13px;\"><\/span><\/font><\/td>\n<\/tr>\n<tr>\n<td align=\"center\" height=\"58\" style=\"text-align: center; \"><img loading=\"lazy\" decoding=\"async\" width=\"288\" height=\"432\" alt=\"\" class=\"art-lightbox\" src=\"https:\/\/painfreebirthing.com\/spn\/wp-content\/uploads\/2023\/07\/Copy-of-position-1.gif\"><span style=\"font-size: 13px;\"><br \/><\/span><\/p>\n<p style=\"margin-top: 10px; margin-bottom: 10px; \"><span style=\"font-size: 13px;\">&nbsp;<\/span><\/p>\n<\/td>\n<\/tr>\n<tr>\n<td align=\"center\" height=\"69\">\n<table border=\"0\" width=\"100%\">\n<tbody>\n<tr>\n<td align=\"center\" height=\"69\"><font size=\"3\" face=\"Tahoma\"><b><span style=\"color: #000000; \">En la cama o de lado<\/span><\/b><\/font><\/p>\n<p>&nbsp;<\/p>\n<\/td>\n<\/tr>\n<tr>\n<td align=\"center\" height=\"40\"><font size=\"3\" face=\"Tahoma\"><span style=\"color: #000000; \">Adem\u00e1s de arquear su espalda hacia atr\u00e1s, mantenga los hombros hacia abajo y mantenga el ment\u00f3n pegado al pecho.<\/span><\/font><\/td>\n<\/tr>\n<\/tbody>\n<\/table>\n<p><font face=\"Tahoma, arial, verdana\"><b><span style=\"color: rgb(0, 0, 0); font-size: 13px;\"><\/span><\/b><\/font><\/td>\n<\/tr>\n<tr>\n<td align=\"center\" height=\"40\"><font face=\"Tahoma, arial, verdana\"><span style=\"color: rgb(0, 0, 0); font-size: 13px;\"><\/span><\/font><\/td>\n<\/tr>\n<tr>\n<td align=\"center\" height=\"328\" style=\"text-align: center; \"><img loading=\"lazy\" decoding=\"async\" width=\"432\" height=\"288\" alt=\"\" class=\"art-lightbox\" src=\"https:\/\/painfreebirthing.com\/spn\/wp-content\/uploads\/2023\/07\/positionbed.gif\"><span style=\"font-size: 13px;\"><br \/><\/span><\/p>\n<p style=\"margin-top: 10px; margin-bottom: 10px; \"><span style=\"font-size: 13px;\">&nbsp;<\/span><\/p>\n<\/td>\n<\/tr>\n<tr>\n<td align=\"center\" height=\"98\">\n<table border=\"0\" width=\"100%\">\n<tbody>\n<tr>\n<td align=\"center\" height=\"98\"><font size=\"3\" face=\"Tahoma\"><span style=\"color: #000000; \">Por que esta posici\u00f3n facilita la colocaci\u00f3n de la peridural? Para entender vea las siguientes fotos.<\/span><br \/><\/font><\/td>\n<\/tr>\n<tr>\n<td align=\"center\" height=\"40\"><font size=\"3\" face=\"Tahoma\"><span style=\"color: #000000; \">Arquear la espalda como esta descrito arriba, aumenta la distancia entre las espinas como se muestra abajo y de esta manera facilita la entrada de la aguja.<\/span><\/font><\/td>\n<\/tr>\n<\/tbody>\n<\/table>\n<p><font face=\"Tahoma, arial, verdana\"><b><span style=\"color: rgb(0, 0, 0); font-size: 13px;\"><\/span><\/b><\/font><\/td>\n<\/tr>\n<tr>\n<td align=\"center\" height=\"40\"><font face=\"Tahoma, arial, verdana\"><span style=\"color: rgb(0, 0, 0); font-size: 13px;\"><\/span><\/font><\/td>\n<\/tr>\n<tr>\n<td align=\"center\" height=\"294\" style=\"text-align: center; \"><span style=\"font-size: 13px;\">&nbsp;<img loading=\"lazy\" decoding=\"async\" width=\"288\" height=\"288\" alt=\"\" class=\"art-lightbox\" src=\"https:\/\/painfreebirthing.com\/spn\/wp-content\/uploads\/2023\/07\/widespace.gif\" ><img loading=\"lazy\" decoding=\"async\" width=\"288\" height=\"288\" alt=\"\" class=\"art-lightbox\" src=\"https:\/\/painfreebirthing.com\/spn\/wp-content\/uploads\/2023\/07\/narrowspace.gif\" ><\/p>\n<p><span style=\"color: rgb(0, 0, 0); font-family: Tahoma, arial, verdana; font-size: medium; font-weight: 400; text-align: -webkit-center; \">Haga click<br \/><a href=\"\/anestesia-regional\/procedimiento\" style=\"font-family: Tahoma; font-size: small; font-weight: 400; text-align: start; background-color: rgb(255, 255, 255);  \" target=\"_parent\" rel=\"noopener\">Procedimiento&nbsp;<\/a><br \/><\/span><a href=\"\/regional-pain-relif-of-labor-pain\/actual-procedure-of-labor-epidural\" target=\"_parent\" rel=\"noopener\"><\/a><\/span><\/td>\n<\/tr>\n<\/tbody>\n<\/table>\n<p><\/p>\n","protected":false},"excerpt":{"rendered":"<p>posici\u00f3n ideal para la anestesia peridural La posici\u00f3n ideal consiste en arquear la espalda de tal manera que empuje su columna vertebral hacia afuera. Diferentes palabras son usadas para definir esta posici\u00f3n, tales como \u201cletra C\u201d, \u201ccomo un camar\u00f3n\u201d, \u201cgato bravo\u201d, etc. En la figura de abajo se ilustra la posici\u00f3n ideal. Es importante que&#8230;<\/p>\n<p class=\"more-link-wrap\"><a href=\"https:\/\/painfreebirthing.com\/spn\/anestesia-regional\/en-que-posicion-debo-estar\/\" class=\"more-link\">Read More<span class=\"screen-reader-text\"> &ldquo;En que posici\u00f3n debo estar?l&rdquo;<\/span> &raquo;<\/a><\/p>\n","protected":false},"author":1,"featured_media":0,"parent":255,"menu_order":25,"comment_status":"closed","ping_status":"closed","template":"","meta":{"footnotes":""},"class_list":["post-260","page","type-page","status-publish","hentry"],"_links":{"self":[{"href":"https:\/\/painfreebirthing.com\/spn\/wp-json\/wp\/v2\/pages\/260","targetHints":{"allow":["GET"]}}],"collection":[{"href":"https:\/\/painfreebirthing.com\/spn\/wp-json\/wp\/v2\/pages"}],"about":[{"href":"https:\/\/painfreebirthing.com\/spn\/wp-json\/wp\/v2\/types\/page"}],"author":[{"embeddable":true,"href":"https:\/\/painfreebirthing.com\/spn\/wp-json\/wp\/v2\/users\/1"}],"replies":[{"embeddable":true,"href":"https:\/\/painfreebirthing.com\/spn\/wp-json\/wp\/v2\/comments?post=260"}],"version-history":[{"count":0,"href":"https:\/\/painfreebirthing.com\/spn\/wp-json\/wp\/v2\/pages\/260\/revisions"}],"up":[{"embeddable":true,"href":"https:\/\/painfreebirthing.com\/spn\/wp-json\/wp\/v2\/pages\/255"}],"wp:attachment":[{"href":"https:\/\/painfreebirthing.com\/spn\/wp-json\/wp\/v2\/media?parent=260"}],"curies":[{"name":"wp","href":"https:\/\/api.w.org\/{rel}","templated":true}]}}