{"id":257,"date":"2023-07-08T15:12:22","date_gmt":"2023-07-08T15:12:22","guid":{"rendered":"https:\/\/painfreebirthing.com\/spn\/anestesia-regional\/espinalraquidea-y-peridural-que-son\/"},"modified":"2023-07-08T15:12:22","modified_gmt":"2023-07-08T15:12:22","slug":"espinalraquidea-y-peridural-que-son","status":"publish","type":"page","link":"https:\/\/painfreebirthing.com\/spn\/anestesia-regional\/espinalraquidea-y-peridural-que-son\/","title":{"rendered":"Espinal(Raquidea)     Y Peridural Que Son?"},"content":{"rendered":"<table>\n<tbody>\n<tr>\n<td align=\"center\" height=\"60\"><b style=\"color: rgb(0, 0, 0); font-family: Tahoma, arial, verdana; font-size: medium; text-align: -webkit-center; \">Cuando el \u00fatero se contrae, los impulsos de dolor viajan desde el \u00fatero hasta el cerebro por v\u00edas nerviosas en la columna vertebral.<\/b><font face=\"Tahoma, arial, verdana\" size=\"3&quot;5&quot;\"><span style=\"font-weight: bold; color: #000000; \"><\/span><\/font><\/td>\n<\/tr>\n<tr>\n<td align=\"center\" height=\"434\" style=\"text-align: center; \"><img loading=\"lazy\" decoding=\"async\" width=\"288\" height=\"432\" alt=\"\" class=\"art-lightbox\" src=\"https:\/\/painfreebirthing.com\/spn\/wp-content\/uploads\/2023\/07\/anat1ppw.gif\" ><\/td>\n<\/tr>\n<tr>\n<td align=\"center\" height=\"58\"><b style=\"color: rgb(0, 0, 0); font-family: Tahoma, arial, verdana; font-size: medium; text-align: -webkit-center; \">La anestesia peridural o espinal requiere colocar anest\u00e9sico locales en la columna vertebral con el fin de bloquear los impulsos de dolor que se originan en el \u00fatero.<\/b><font face=\"Tahoma, arial, verdana\" size=\"3\"><b><span style=\"color: #000000; \"><\/span><\/b><\/font><\/td>\n<\/tr>\n<tr>\n<td align=\"center\" height=\"434\" style=\"text-align: center; \"><img loading=\"lazy\" decoding=\"async\" width=\"360\" height=\"432\" alt=\"\" class=\"art-lightbox\" src=\"https:\/\/painfreebirthing.com\/spn\/wp-content\/uploads\/2023\/07\/Copy-of-anat2ppw-1.gif\" ><\/td>\n<\/tr>\n<tr>\n<td align=\"center\" height=\"21\" style=\"text-align: center; \"><span style=\"color: rgb(0, 0, 0); font-family: Tahoma, arial, verdana; font-size: medium;\"><br \/><span style=\"font-family: Tahoma; font-size: medium; font-weight: 400; text-align: -webkit-center; \">Haga click<br \/><a href=\"\/anestesia-regional\/espinalraquidea-y-peridural-que-son\/columna-vertebral\" target=\"_parent\" rel=\"noopener\">Columna Vertebral<\/a><br \/><\/span><a href=\"\/regional-pain-relif-of-labor-pain\/epidurals-and-spinals-what-are-they\/your-backbone\" target=\"_parent\" rel=\"noopener\"><\/a><\/span><\/td>\n<\/tr>\n<\/tbody>\n<\/table>\n<p><\/p>\n","protected":false},"excerpt":{"rendered":"<p>Cuando el \u00fatero se contrae, los impulsos de dolor viajan desde el \u00fatero hasta el cerebro por v\u00edas nerviosas en la columna vertebral. La anestesia peridural o espinal requiere colocar anest\u00e9sico locales en la columna vertebral con el fin de bloquear los impulsos de dolor que se originan en el \u00fatero. Haga clickColumna Vertebral<\/p>\n","protected":false},"author":1,"featured_media":0,"parent":255,"menu_order":22,"comment_status":"closed","ping_status":"closed","template":"","meta":{"footnotes":""},"class_list":["post-257","page","type-page","status-publish","hentry"],"_links":{"self":[{"href":"https:\/\/painfreebirthing.com\/spn\/wp-json\/wp\/v2\/pages\/257","targetHints":{"allow":["GET"]}}],"collection":[{"href":"https:\/\/painfreebirthing.com\/spn\/wp-json\/wp\/v2\/pages"}],"about":[{"href":"https:\/\/painfreebirthing.com\/spn\/wp-json\/wp\/v2\/types\/page"}],"author":[{"embeddable":true,"href":"https:\/\/painfreebirthing.com\/spn\/wp-json\/wp\/v2\/users\/1"}],"replies":[{"embeddable":true,"href":"https:\/\/painfreebirthing.com\/spn\/wp-json\/wp\/v2\/comments?post=257"}],"version-history":[{"count":0,"href":"https:\/\/painfreebirthing.com\/spn\/wp-json\/wp\/v2\/pages\/257\/revisions"}],"up":[{"embeddable":true,"href":"https:\/\/painfreebirthing.com\/spn\/wp-json\/wp\/v2\/pages\/255"}],"wp:attachment":[{"href":"https:\/\/painfreebirthing.com\/spn\/wp-json\/wp\/v2\/media?parent=257"}],"curies":[{"name":"wp","href":"https:\/\/api.w.org\/{rel}","templated":true}]}}