{"id":252,"date":"2023-07-08T15:12:17","date_gmt":"2023-07-08T15:12:17","guid":{"rendered":"https:\/\/painfreebirthing.com\/spn\/metodos-alternativos-para-el-manejo-del-durante-el-parto\/estimulacion-nerviosa-electrica-transcutanea-tens\/"},"modified":"2023-07-08T15:12:17","modified_gmt":"2023-07-08T15:12:17","slug":"estimulacion-nerviosa-electrica-transcutanea-tens","status":"publish","type":"page","link":"https:\/\/painfreebirthing.com\/spn\/metodos-alternativos-para-el-manejo-del-durante-el-parto\/estimulacion-nerviosa-electrica-transcutanea-tens\/","title":{"rendered":"Estimulacion Nerviosa Electrica Transcutanea (TENS)"},"content":{"rendered":"<p align=\"center\" style=\"color: rgb(0, 0, 0); font-family: 'Times New Roman'; font-size: medium; font-weight: 400;\"><img loading=\"lazy\" decoding=\"async\" border=\"0\" src=\"http:\/\/painfreebirthing.com\/Images\/tesn.jpg\" width=\"183\" height=\"295\" class=\"\">&nbsp;<\/p>\n<p align=\"left\" style=\"color: rgb(0, 0, 0); font-family: 'Times New Roman'; font-size: medium; font-weight: 400;\"><font face=\"Tahoma, arial, verdana\">TENS<\/p>\n<p>Es la aplicaci\u00f3n de una peque\u00f1a cantidad de corriente el\u00e9ctrica a la piel para disminuir la percepci\u00f3n de dolor en otra parte del cuerpo. TENS ha sido usada por pacientes despu\u00e9s de cirug\u00eda y en pacientes con dolor cr\u00f3nico. La corriente evita que la percepci\u00f3n de dolor llegue al cerebro, como una puerta que no deja que pase nada. En teor\u00eda esto puede estimular la producci\u00f3n de endorfinas (analg\u00e9sicos naturales) por el cuerpo.<\/p>\n<p>t\u00e9cnica<br \/>Unas almohadillas conectadas a unos cables son colocadas en la parte baja de la espalda o abajo del ombligo. Estas son conectadas a una caja peque\u00f1a que a su vez emite la corriente el\u00e9ctrica, la frecuencia e intensidad del estimulo es controlada por la madre.<\/p>\n<p>Limitaciones<br \/>La efectividad le los TENS ha sido bien estudiada durante mujeres en trabajo de parto. No hay ning\u00fan reporte de disminuci\u00f3n de percepci\u00f3n del dolor o de requerimiento de medicamentos para el dolor por parte de las madres. Sin embargo la mayor\u00eda de las madres encontraron que este tipo de terapia las ayudaba quiz\u00e1s debido a que ten\u00edan un papel mas activo en el manejo de su dolor. Este tratamiento no afecta a la madre o al bebe.<\/p>\n<p>La informaci\u00f3n anterior fue obtenida de :<br \/>Eappen S, Robbins D., Nonpharmacological means of pain relief for labor and delivery, Int Anesthesiol Clini. 2002 Fall; 40(4): 103-14, Review&nbsp;<br \/>Simkin P.,Nonpharmacologic relief of pain during labor:Systematic reviews of five methods, Am J Obstet gynecol, 2002 Volume 186, Number 5 ,S131-159&nbsp;<br \/>Murray Enkin, A Guide to Effective Care in Pregnancy and Childbirth, 3rd Ed., Oxford University Press, 2000&nbsp;<br \/>TENS Resources&nbsp;<br \/>USA: http:\/\/www.paintechnology.com\/060.htm&nbsp;<br \/>Britain: http:\/\/www.pulsar-tens.com\/main.html&nbsp;<br \/>(Thanks to Pulsar-tens for graphic)&nbsp;<br \/><\/font><\/p>\n<p align=\"center\" style=\"color: rgb(0, 0, 0); font-family: 'Times New Roman'; font-size: medium; font-weight: 400;\"><font face=\"Tahoma, arial, verdana\" size=\"3\">Haga click<\/font><\/p>\n<p align=\"center\" style=\"color: rgb(0, 0, 0); font-family: 'Times New Roman'; font-size: medium; font-weight: 400;\"><a href=\"\/metodos-alternativos-para-el-manejo-del-durante-el-parto\/masajes\" target=\"_parent\" rel=\"noopener\"><font face=\"Tahoma\">Touch and Massage<\/font><\/a><\/p>\n<p align=\"left\" style=\"color: rgb(0, 0, 0); font-family: 'Times New Roman'; font-size: medium; font-weight: 400;\"><font face=\"Tahoma, arial, verdana\" size=\"3\"><\/font><\/p>\n<p align=\"left\" style=\"color: rgb(0, 0, 0); font-family: 'Times New Roman'; font-size: medium; font-weight: 400;\"><font face=\"Tahoma, arial, verdana\" size=\"3\"><\/font><\/p>\n<p align=\"left\" style=\"color: rgb(0, 0, 0); font-family: 'Times New Roman'; font-size: medium; font-weight: 400;\"><font face=\"Tahoma, arial, verdana\" size=\"3\"><\/font><\/p>\n<p align=\"center\" style=\"color: rgb(0, 0, 0); font-size: medium; font-weight: 400;\"><a href=\"\/alternative-methods\/touch-and-massage\" target=\"_parent\" rel=\"noopener\"><\/a><span style=\"font-family: Tahoma, arial, verdana;\"><\/span><\/p>\n","protected":false},"excerpt":{"rendered":"<p>&nbsp; TENS Es la aplicaci\u00f3n de una peque\u00f1a cantidad de corriente el\u00e9ctrica a la piel para disminuir la percepci\u00f3n de dolor en otra parte del cuerpo. TENS ha sido usada por pacientes despu\u00e9s de cirug\u00eda y en pacientes con dolor cr\u00f3nico. La corriente evita que la percepci\u00f3n de dolor llegue al cerebro, como una puerta&#8230;<\/p>\n<p class=\"more-link-wrap\"><a href=\"https:\/\/painfreebirthing.com\/spn\/metodos-alternativos-para-el-manejo-del-durante-el-parto\/estimulacion-nerviosa-electrica-transcutanea-tens\/\" class=\"more-link\">Read More<span class=\"screen-reader-text\"> &ldquo;Estimulacion Nerviosa Electrica Transcutanea (TENS)&rdquo;<\/span> &raquo;<\/a><\/p>\n","protected":false},"author":1,"featured_media":0,"parent":246,"menu_order":17,"comment_status":"closed","ping_status":"closed","template":"","meta":{"footnotes":""},"class_list":["post-252","page","type-page","status-publish","hentry"],"_links":{"self":[{"href":"https:\/\/painfreebirthing.com\/spn\/wp-json\/wp\/v2\/pages\/252","targetHints":{"allow":["GET"]}}],"collection":[{"href":"https:\/\/painfreebirthing.com\/spn\/wp-json\/wp\/v2\/pages"}],"about":[{"href":"https:\/\/painfreebirthing.com\/spn\/wp-json\/wp\/v2\/types\/page"}],"author":[{"embeddable":true,"href":"https:\/\/painfreebirthing.com\/spn\/wp-json\/wp\/v2\/users\/1"}],"replies":[{"embeddable":true,"href":"https:\/\/painfreebirthing.com\/spn\/wp-json\/wp\/v2\/comments?post=252"}],"version-history":[{"count":0,"href":"https:\/\/painfreebirthing.com\/spn\/wp-json\/wp\/v2\/pages\/252\/revisions"}],"up":[{"embeddable":true,"href":"https:\/\/painfreebirthing.com\/spn\/wp-json\/wp\/v2\/pages\/246"}],"wp:attachment":[{"href":"https:\/\/painfreebirthing.com\/spn\/wp-json\/wp\/v2\/media?parent=252"}],"curies":[{"name":"wp","href":"https:\/\/api.w.org\/{rel}","templated":true}]}}