{"id":251,"date":"2023-07-08T15:12:16","date_gmt":"2023-07-08T15:12:16","guid":{"rendered":"https:\/\/painfreebirthing.com\/spn\/metodos-alternativos-para-el-manejo-del-durante-el-parto\/acupunctura\/"},"modified":"2023-07-08T15:12:16","modified_gmt":"2023-07-08T15:12:16","slug":"acupunctura","status":"publish","type":"page","link":"https:\/\/painfreebirthing.com\/spn\/metodos-alternativos-para-el-manejo-del-durante-el-parto\/acupunctura\/","title":{"rendered":"Acupunctura"},"content":{"rendered":"<p class=\"MsoNormal\" align=\"left\" style=\"color: rgb(0, 0, 0); font-family: 'Times New Roman'; font-size: medium; font-weight: 400;\"><span lang=\"ES-CO\"><font face=\"Tahoma\" size=\"3\">La acupuntura ha sido usada por miles de anos para el manejo del dolor, adicci\u00f3n, nausea y vomito, y muchos otros usos.&nbsp;&nbsp;No hay muchos estudios de buena calidad actualmente que eval\u00faen la efectividad de la acupuntura en el manejo del dolor durante el parto.&nbsp;&nbsp;En teor\u00eda hay mas de 365 puntos a lo largo de los 12 \u201cmeridianos\u201d (fuentes de energ\u00eda) del cuerpo. La interrupci\u00f3n del flujo de energ\u00eda (cirug\u00eda, parto, etc.) a lo largo de estos meridianos rompe esta armon\u00eda produciendo la sensaci\u00f3n de dolor o malestar.&nbsp;&nbsp;Unas agujas muy peque\u00f1as son colocadas en ciertos puntos espec\u00edficos para redirigir la energ\u00eda a los canales originales que fueron da\u00f1ados por la cirug\u00eda o el parto.&nbsp;&nbsp;La hip\u00f3tesis de la ciencia moderna acerca del funcionamiento de la acupuntura incluye la interrupci\u00f3n o inhibici\u00f3n de los impulsos de dolor que son enviados al cerebro o la estimulaci\u00f3n de analg\u00e9sicos naturales por el cuerpo.<\/font><\/span><\/p>\n<p class=\"MsoNormal\" align=\"left\" style=\"color: rgb(0, 0, 0); font-family: 'Times New Roman'; font-size: medium; font-weight: 400;\">&nbsp;<\/p>\n<p class=\"MsoNormal\" align=\"left\" style=\"color: rgb(0, 0, 0); font-family: 'Times New Roman'; font-size: medium; font-weight: 400;\"><span lang=\"ES-CO\"><font face=\"Tahoma\" size=\"3\">t\u00e9cnica<\/font><\/span><\/p>\n<p class=\"MsoNormal\" align=\"left\" style=\"color: rgb(0, 0, 0); font-family: 'Times New Roman'; font-size: medium; font-weight: 400;\"><span lang=\"ES-CO\"><font face=\"Tahoma\" size=\"3\">Una agujas muy finas y est\u00e9riles son colocadas en el cuerpo en puntos estrat\u00e9gicos a lo largo del cuerpo por un acupunturita profesional. Estas agujas son dejadas en este sitio por cierta cantidad de tiempo y a menudo son conectadas a peque\u00f1as fuentes de electricidad para ayudar al manejo del dolor. La acupuntura puede ser realizada por varias semanas antes del parto en sesiones semanales de una hora.<\/font><\/span><\/p>\n<p class=\"MsoNormal\" align=\"left\" style=\"color: rgb(0, 0, 0); font-family: 'Times New Roman'; font-size: medium; font-weight: 400;\">&nbsp;<\/p>\n<p class=\"MsoNormal\" align=\"left\" style=\"color: rgb(0, 0, 0); font-family: 'Times New Roman'; font-size: medium; font-weight: 400;\"><span lang=\"ES-CO\"><font face=\"Tahoma\" size=\"3\">Limitaciones<\/font><\/span><\/p>\n<p class=\"MsoNormal\" align=\"left\" style=\"color: rgb(0, 0, 0); font-family: 'Times New Roman'; font-size: medium; font-weight: 400; margin-left: 0.5in; text-indent: -0.25in;\"><span lang=\"ES-CO\"><font face=\"Tahoma\" size=\"3\">&#8211;&nbsp;&nbsp;&nbsp;&nbsp;&nbsp;&nbsp;&nbsp;&nbsp;&nbsp;<\/font><\/span><font face=\"Tahoma\" size=\"3\"><span lang=\"ES-CO\">Las agujas deben ser colocadas por un profesional<\/span><\/font><\/p>\n<p class=\"MsoNormal\" align=\"left\" style=\"color: rgb(0, 0, 0); font-family: 'Times New Roman'; font-size: medium; font-weight: 400; margin-left: 0.5in; text-indent: -0.25in;\"><span lang=\"ES-CO\"><font face=\"Tahoma\" size=\"3\">&#8211;&nbsp;&nbsp;&nbsp;&nbsp;&nbsp;&nbsp;&nbsp;&nbsp;&nbsp;<\/font><\/span><font face=\"Tahoma\" size=\"3\"><span lang=\"ES-CO\">Riesgo de infecci\u00f3n en los sitios de penetraci\u00f3n<\/span><\/font><\/p>\n<p class=\"MsoNormal\" align=\"left\" style=\"color: rgb(0, 0, 0); font-family: 'Times New Roman'; font-size: medium; font-weight: 400; margin-left: 0.5in; text-indent: -0.25in;\"><span lang=\"ES-CO\"><font face=\"Tahoma\" size=\"3\">&#8211;&nbsp;&nbsp;&nbsp;&nbsp;&nbsp;&nbsp;&nbsp;&nbsp;&nbsp;<\/font><\/span><font face=\"Tahoma\" size=\"3\"><span lang=\"ES-CO\">Pueden limitar al movilidad de la madre durante el trabajo de parto<\/span><\/font><\/p>\n<p class=\"MsoNormal\" align=\"left\" style=\"color: rgb(0, 0, 0); font-family: 'Times New Roman'; font-size: medium; font-weight: 400; margin-left: 0.5in; text-indent: -0.25in;\"><span lang=\"ES-CO\"><font face=\"Tahoma\" size=\"3\">&#8211;&nbsp;&nbsp;&nbsp;&nbsp;&nbsp;&nbsp;&nbsp;&nbsp;&nbsp;<\/font><\/span><font face=\"Tahoma\" size=\"3\"><span lang=\"ES-CO\">Algunos estudios sugieren que la acupuntura tiene mejores resultados para el manejo de nausea y vomito que para el manejo del dolor.<\/span><\/font><\/p>\n<p class=\"MsoNormal\" align=\"left\" style=\"color: rgb(0, 0, 0); font-family: 'Times New Roman'; font-size: medium; font-weight: 400; margin-left: 0.5in; text-indent: -0.25in;\"><span lang=\"ES-CO\"><font face=\"Tahoma\" size=\"3\">&#8211;&nbsp;&nbsp;&nbsp;&nbsp;&nbsp;&nbsp;&nbsp;&nbsp;&nbsp;<\/font><\/span><font face=\"Tahoma\" size=\"3\"><span lang=\"ES-CO\">La acupuntura no ha demostrado una disminuci\u00f3n en la utilizaci\u00f3n de medicamentos para el dolor o anestesia regional.<\/span><\/font><\/p>\n<p class=\"MsoNormal\" align=\"left\" style=\"color: rgb(0, 0, 0); font-family: 'Times New Roman'; font-size: medium; font-weight: 400; margin-left: 0.25in;\"><span lang=\"ES-CO\"><font face=\"Tahoma\" size=\"3\">Mientras la mayor\u00eda de estudios no han demostrado ninguna diferencia en la producci\u00f3n de endorfinas (analg\u00e9sicos naturales) algunos sugieren un acortamiento de la primera etapa del parto cuando se usa acupuntura en sesiones previas al trabajo de parto.&nbsp;&nbsp;Esta medida puede ser inadecuada ya que estos estudios no fueron consistentes en medir la duraci\u00f3n de la primera etapa del trabajo de parto y por lo tanto mejores estudio son necesarios para aclarar este punto.<\/font><\/span><\/p>\n<p class=\"MsoNormal\" align=\"left\" style=\"color: rgb(0, 0, 0); font-family: 'Times New Roman'; font-size: medium; font-weight: 400; margin-left: 0.25in;\">&nbsp;<\/p>\n<p class=\"MsoNormal\" align=\"left\" style=\"color: rgb(0, 0, 0); font-family: 'Times New Roman'; font-size: medium; font-weight: 400; margin-left: 0.25in;\"><span lang=\"ES-CO\"><font face=\"Tahoma\" size=\"3\">En un estudio reciente en Suecia, la acupuntura fue aplicada por parteras que tuvieron un entrenamiento de 4 d\u00edas en como usar acupuntura en trabajo de parto. Este estudio encontr\u00f3 que \u201cmujeres que recibieron acupuntura tuvieron la mitad de probabilidad de requerir anestesia peridural, y menos incidencia de uso de otras medicaciones para el dolor. Sin embargo, el tratamiento no tuvo un efecto significativo en cuanto a la cantidad de dolor las mujeres sent\u00edan con las contracciones, de acuerdo a un reporte del British Journal of Obstetrics y Gynaecology\u201d<\/font><\/span><\/p>\n<p class=\"MsoNormal\" align=\"left\" style=\"color: rgb(0, 0, 0); font-family: 'Times New Roman'; font-size: medium; font-weight: 400; margin-left: 0.25in;\">&nbsp;<\/p>\n<p class=\"MsoNormal\" align=\"left\" style=\"color: rgb(0, 0, 0); font-family: 'Times New Roman'; font-size: medium; font-weight: 400; margin-left: 0.25in;\"><span lang=\"ES-CO\"><font face=\"Tahoma\" size=\"3\">La informaci\u00f3n anterior fue obtenida de las siguiente publicaciones.<\/font><\/span><\/p>\n<p align=\"left\" style=\"color: rgb(0, 0, 0); font-family: 'Times New Roman'; font-size: medium; font-weight: 400;\"><font face=\"Tahoma\" size=\"3\">Gorski T, Does Acupuncture Affect Labor and Delivery? Sci Rev Alt Med 3(1):42-45, 1999. (c) 1999 Prometheus Books&nbsp;<\/font><\/p>\n<p align=\"left\" style=\"color: rgb(0, 0, 0); font-family: 'Times New Roman'; font-size: medium; font-weight: 400;\"><font face=\"Tahoma\" size=\"3\">Ramnero A, Hanson U, Kihlgren M Acupuncture treatment during labour&#8211;a randomised controlled trial. BJOG (England), Jun 2002, 109(6) p637-44&nbsp;<\/font><\/p>\n<p align=\"left\" style=\"color: rgb(0, 0, 0); font-family: 'Times New Roman'; font-size: medium; font-weight: 400;\"><font face=\"Tahoma\" size=\"3\">Eappen S, Robbins D., Nonpharmacological means of pain relief for labor and delivery, Int Anesthesiol Clini. 2002 Fall; 40(4): 103-14, Review&nbsp;<\/font><\/p>\n<p align=\"left\" style=\"color: rgb(0, 0, 0); font-family: 'Times New Roman'; font-size: medium; font-weight: 400;\"><font face=\"Tahoma\" size=\"3\">Murray Enkin, A Guide to Effective Care in Pregnancy and Childbirth, 3rd Ed., Oxford University Press, 2000<\/font><\/p>\n<p align=\"center\" style=\"color: rgb(0, 0, 0); font-family: 'Times New Roman'; font-size: medium; font-weight: 400;\"><font face=\"Tahoma\" size=\"3\">Haga click<\/font><\/p>\n<p align=\"center\" style=\"color: rgb(0, 0, 0); font-family: 'Times New Roman'; font-size: medium; font-weight: 400;\"><a target=\"_parent\" href=\"\/metodos-alternativos-para-el-manejo-del-durante-el-parto\/estimulacion-nerviosa-electrica-transcutanea-tens\" rel=\"noopener\">TENS<\/a><\/p>\n<p align=\"left\" style=\"margin-top: 10px; margin-bottom: 10px; color: rgb(105, 105, 105); font-family: Arial, 'Arial Unicode MS', Helvetica, sans-serif; font-weight: 400; background-color: rgba(255, 255, 255, 0.597656);\"><font face=\"Tahoma, arial, verdana\" size=\"3\"><\/font><\/p>\n<p align=\"left\" style=\"margin-top: 10px; margin-bottom: 10px; color: rgb(105, 105, 105); font-family: Arial, 'Arial Unicode MS', Helvetica, sans-serif; font-weight: 400; background-color: rgba(255, 255, 255, 0.597656);\"><font face=\"Tahoma, arial, verdana\" size=\"3\"><\/font><\/p>\n<p align=\"left\" style=\"margin-top: 10px; margin-bottom: 10px; color: rgb(105, 105, 105); font-family: Arial, 'Arial Unicode MS', Helvetica, sans-serif; font-weight: 400; background-color: rgba(255, 255, 255, 0.597656);\"><font face=\"Tahoma, arial, verdana\" size=\"3\"><\/font><\/p>\n<div style=\"background-color: rgba(255, 255, 255, 0.597656); color: rgb(105, 105, 105); font-family: Arial, 'Arial Unicode MS', Helvetica, sans-serif; font-weight: 400; margin-left: 2em\"><\/div>\n<p style=\"text-align: center;\"><a href=\"\/alternative-methods\/transcutaneous-electrical-nerve-stimulation-tens\" target=\"_parent\" rel=\"noopener\"><\/a><a href=\"\/alternative-methods\/transcutaneous-electrical-nerve-stimulation-tens\" target=\"_parent\" rel=\"noopener\"><\/a><\/p>\n","protected":false},"excerpt":{"rendered":"<p>La acupuntura ha sido usada por miles de anos para el manejo del dolor, adicci\u00f3n, nausea y vomito, y muchos otros usos.&nbsp;&nbsp;No hay muchos estudios de buena calidad actualmente que eval\u00faen la efectividad de la acupuntura en el manejo del dolor durante el parto.&nbsp;&nbsp;En teor\u00eda hay mas de 365 puntos a lo largo de los&#8230;<\/p>\n<p class=\"more-link-wrap\"><a href=\"https:\/\/painfreebirthing.com\/spn\/metodos-alternativos-para-el-manejo-del-durante-el-parto\/acupunctura\/\" class=\"more-link\">Read More<span class=\"screen-reader-text\"> &ldquo;Acupunctura&rdquo;<\/span> &raquo;<\/a><\/p>\n","protected":false},"author":1,"featured_media":0,"parent":246,"menu_order":16,"comment_status":"closed","ping_status":"closed","template":"","meta":{"footnotes":""},"class_list":["post-251","page","type-page","status-publish","hentry"],"_links":{"self":[{"href":"https:\/\/painfreebirthing.com\/spn\/wp-json\/wp\/v2\/pages\/251","targetHints":{"allow":["GET"]}}],"collection":[{"href":"https:\/\/painfreebirthing.com\/spn\/wp-json\/wp\/v2\/pages"}],"about":[{"href":"https:\/\/painfreebirthing.com\/spn\/wp-json\/wp\/v2\/types\/page"}],"author":[{"embeddable":true,"href":"https:\/\/painfreebirthing.com\/spn\/wp-json\/wp\/v2\/users\/1"}],"replies":[{"embeddable":true,"href":"https:\/\/painfreebirthing.com\/spn\/wp-json\/wp\/v2\/comments?post=251"}],"version-history":[{"count":0,"href":"https:\/\/painfreebirthing.com\/spn\/wp-json\/wp\/v2\/pages\/251\/revisions"}],"up":[{"embeddable":true,"href":"https:\/\/painfreebirthing.com\/spn\/wp-json\/wp\/v2\/pages\/246"}],"wp:attachment":[{"href":"https:\/\/painfreebirthing.com\/spn\/wp-json\/wp\/v2\/media?parent=251"}],"curies":[{"name":"wp","href":"https:\/\/api.w.org\/{rel}","templated":true}]}}