{"id":250,"date":"2023-07-08T15:12:15","date_gmt":"2023-07-08T15:12:15","guid":{"rendered":"https:\/\/painfreebirthing.com\/spn\/metodos-alternativos-para-el-manejo-del-durante-el-parto\/tina\/"},"modified":"2023-07-08T15:12:15","modified_gmt":"2023-07-08T15:12:15","slug":"tina","status":"publish","type":"page","link":"https:\/\/painfreebirthing.com\/spn\/metodos-alternativos-para-el-manejo-del-durante-el-parto\/tina\/","title":{"rendered":"Ba\u00f1os"},"content":{"rendered":"<p align=\"left\" style=\"color: rgb(0, 0, 0); font-family: 'Times New Roman'; font-size: medium; font-weight: 400;\"><font face=\"Tahoma, arial, verdana\" size=\"3\">Muchas mujeres en trabajo de parto encuentran que tomar un ba\u00f1o en tina disminuye el dolor. Se ha utilizado ba\u00f1os durante el trabajo de parto en escenarios fuera de hospitales por muchos anos. Ahora algunos hospitales proveen este servicio o permiten que las pacientes traigan su equipo para tomar ba\u00f1os durante el parto.<\/p>\n<p>t\u00e9cnica<br \/>Cuando la mujer en trabajo de parto entra en la fase activa (cuando el cuello esta dilatado mas de 4 cm) entra en una tina de agua tibia. El agua, cerca de la temperatura del cuerpo (37-38C) no debe sobrepasar los pezones para que el enfriamiento del cuerpo pueda ocurrir.<\/p>\n<p>duraci\u00f3n<br \/>Muchas mujeres encuentran que un ba\u00f1o por aprox. 1-1.5 hr. Ayuda a disminuir el dolor. Estudios indican que ba\u00f1os mas largos no mejoran el dolor e incrementan el riesgo de temperaturas elevadas en el bebe.<\/p>\n<p>Limitaciones<br \/>&#8211;\tLa temperatura del bebe es un grado superior a la de la madre. La exposicion prolongada a temperaturas altas puede aumentar la morbilidad fetal por lo cual es recomendado que la temperatura del agua no exceda los 37C y que la duraci\u00f3n sea menor de dos horas por ba\u00f1o.<br \/>&#8211;\tEn el evento en que las membranas est\u00e9n rotas prematuramente la mayor\u00eda de estudios han evidenciado que no hay un incremento en las infecciones o necesidad de antibi\u00f3ticos cuando estos ba\u00f1os son usados.<\/p>\n<p>Esta informaci\u00f3n fue obtenida de los siguientes estudios<br \/>http:\/\/www.parentsplace.com\/pregnancy\/labor\/articles\/0,,239070_114897,00.html&nbsp;<br \/>Simkin P.,Nonpharmacologic relief of pain during labor:Systematic reviews of five methods, Am J Obstet gynecol, 2002 Volume 186, Number 5 ,S131-159&nbsp;<br \/>Odent M. Water birth: what&#8217;s next. Electronic response to: Perinatal mortality and morbidity among babies delivered in water: surveillance study and postal survey. Available at www.bmj.com&nbsp;<br \/>Odent M Can water immersion stop labor? J Nurse Midwifery 1997;42: 414-16&nbsp;<\/font><\/p>\n<p align=\"center\" style=\"color: rgb(0, 0, 0); font-family: 'Times New Roman'; font-size: medium; font-weight: 400;\"><font face=\"Tahoma, arial, verdana\" size=\"3\">Haga click<\/font><\/p>\n<p align=\"center\" style=\"color: rgb(0, 0, 0); font-family: 'Times New Roman'; font-size: medium; font-weight: 400;\"><a href=\"\/metodos-alternativos-para-el-manejo-del-durante-el-parto\/acupunctura\" target=\"_parent\" rel=\"noopener\"><font size=\"3\" face=\"Tahoma\">Acupuncture<\/font><\/a><\/p>\n<p align=\"left\" style=\"margin-top: 10px; margin-bottom: 10px; font-weight: 400; background-color: rgba(255, 255, 255, 0.597656); color: rgb(0, 0, 0); font-family: 'Times New Roman'; font-size: medium;\"><font face=\"Tahoma, arial, verdana\" size=\"3\"><\/font><\/p>\n<p align=\"left\" style=\"margin-top: 10px; margin-bottom: 10px; font-weight: 400; background-color: rgba(255, 255, 255, 0.597656); color: rgb(0, 0, 0); font-family: 'Times New Roman'; font-size: medium;\"><font face=\"Tahoma, arial, verdana\" size=\"3\"><\/font><\/p>\n<p align=\"left\" style=\"margin-top: 10px; margin-bottom: 10px; font-weight: 400; background-color: rgba(255, 255, 255, 0.597656); color: rgb(0, 0, 0); font-family: 'Times New Roman'; font-size: medium;\"><font face=\"Tahoma, arial, verdana\" size=\"3\"><\/font><\/p>\n<div style=\"background-color: rgba(255, 255, 255, 0.597656); color: rgb(0, 0, 0); font-family: 'Times New Roman'; font-size: medium; font-weight: 400; margin-left: 2em; text-align: -webkit-center\"><\/div>\n<p align=\"left\" style=\"margin-top: 10px; margin-bottom: 10px; font-weight: 400; background-color: rgba(255, 255, 255, 0.59375); color: rgb(0, 0, 0); font-family: 'Times New Roman'; font-size: medium; text-align: center;\"><a href=\"\/alternative-methods\/acupuntrue\" target=\"_parent\" rel=\"noopener\"><\/a><font face=\"Tahoma, arial, verdana\" size=\"3\"><\/font><\/p>\n<p><\/p>\n","protected":false},"excerpt":{"rendered":"<p>Muchas mujeres en trabajo de parto encuentran que tomar un ba\u00f1o en tina disminuye el dolor. Se ha utilizado ba\u00f1os durante el trabajo de parto en escenarios fuera de hospitales por muchos anos. Ahora algunos hospitales proveen este servicio o permiten que las pacientes traigan su equipo para tomar ba\u00f1os durante el parto. t\u00e9cnicaCuando la&#8230;<\/p>\n<p class=\"more-link-wrap\"><a href=\"https:\/\/painfreebirthing.com\/spn\/metodos-alternativos-para-el-manejo-del-durante-el-parto\/tina\/\" class=\"more-link\">Read More<span class=\"screen-reader-text\"> &ldquo;Ba\u00f1os&rdquo;<\/span> &raquo;<\/a><\/p>\n","protected":false},"author":1,"featured_media":0,"parent":246,"menu_order":15,"comment_status":"closed","ping_status":"closed","template":"","meta":{"footnotes":""},"class_list":["post-250","page","type-page","status-publish","hentry"],"_links":{"self":[{"href":"https:\/\/painfreebirthing.com\/spn\/wp-json\/wp\/v2\/pages\/250","targetHints":{"allow":["GET"]}}],"collection":[{"href":"https:\/\/painfreebirthing.com\/spn\/wp-json\/wp\/v2\/pages"}],"about":[{"href":"https:\/\/painfreebirthing.com\/spn\/wp-json\/wp\/v2\/types\/page"}],"author":[{"embeddable":true,"href":"https:\/\/painfreebirthing.com\/spn\/wp-json\/wp\/v2\/users\/1"}],"replies":[{"embeddable":true,"href":"https:\/\/painfreebirthing.com\/spn\/wp-json\/wp\/v2\/comments?post=250"}],"version-history":[{"count":0,"href":"https:\/\/painfreebirthing.com\/spn\/wp-json\/wp\/v2\/pages\/250\/revisions"}],"up":[{"embeddable":true,"href":"https:\/\/painfreebirthing.com\/spn\/wp-json\/wp\/v2\/pages\/246"}],"wp:attachment":[{"href":"https:\/\/painfreebirthing.com\/spn\/wp-json\/wp\/v2\/media?parent=250"}],"curies":[{"name":"wp","href":"https:\/\/api.w.org\/{rel}","templated":true}]}}