{"id":247,"date":"2023-07-08T15:12:12","date_gmt":"2023-07-08T15:12:12","guid":{"rendered":"https:\/\/painfreebirthing.com\/spn\/metodos-alternativos-para-el-manejo-del-durante-el-parto\/aromaterapia\/"},"modified":"2023-07-08T15:12:12","modified_gmt":"2023-07-08T15:12:12","slug":"aromaterapia","status":"publish","type":"page","link":"https:\/\/painfreebirthing.com\/spn\/metodos-alternativos-para-el-manejo-del-durante-el-parto\/aromaterapia\/","title":{"rendered":"Aromaterapia"},"content":{"rendered":"<p align=\"center\" style=\"margin-top: 10px; margin-bottom: 10px; color: rgb(105, 105, 105); font-family: Arial, 'Arial Unicode MS', Helvetica, sans-serif; font-weight: 400; background-color: rgba(255, 255, 255, 0.597656);\"><img loading=\"lazy\" decoding=\"async\" border=\"0\" src=\"http:\/\/painfreebirthing.com\/Images\/aroma.jpg\" width=\"332\" height=\"153\" class=\"\"><\/p>\n<p align=\"left\" style=\"color: rgb(0, 0, 0); font-family: 'Times New Roman'; font-size: medium; font-weight: 400;\"><font size=\"3\" face=\"Tahoma\">Este tipo de terapia a ganado atenci\u00f3n recientemente como una manera de mejorar el stress durante el parto. Mas y mas mujeres est\u00e1n utilizando este m\u00e9todo durante el trabajo de parto para regular la emociones que enfrentan durante este proceso. No hay alivio del dolor directo o indirecto pero la madre encuentra esta terapia como una manera de reducir el stress permiti\u00e9ndole as\u00ed tolerar el dolor . Algunas personas sugieren que esta terapia tambi\u00e9n promueve una reducci\u00f3n del stress en las personas encargadas del cuidado de la madre y de los acompa\u00f1antes mejorando de esta manera el ambiente en general.<br \/>La t\u00e9cnica consiste en aceites de rosa, lavanda, neroli, lary sage y otros los cuales son colocados en la tina, pa\u00f1os para la cara, aceites de masajes o directamente en la piel de la madre. Muchos recomiendan escoger diferentes tipos de aceites para las diferentes etapas del trabajo de parto. Sugieren usar aceites calmantes para la primera etapa. Cuando entre en la segunda etapa con el descenso y nacimiento del bebe , un aceite de pimienta promueve la sensaci\u00f3n de valor. A continuaci\u00f3n hay una lista de algunos aceites usados y sus propiedades sugeridas.<\/p>\n<p>Chamomile- calmante, usado para el dolor premenstrual, indigesti\u00f3n, ligeramente antialergenico, rinitis, acne, eczema, y otras condiciones de la piel.<\/p>\n<p>Eucalipto-antis\u00e9ptico, usado para resfriados gripa, bronquitis, infecciones virales, dolores musculares, condiciones reum\u00e1ticas.<\/p>\n<p>Germanium- astringente, usado para cortadas, infecciones por hongos, ulceras, repelente de insectos, eczema, diuretico, anti-depresivo.<\/p>\n<p>Lavanda- analgesico, usado para dolores de cabeza, heridas, moretones, antis\u00e9ptico, picaduras de insecto. Piel grasosa, acne, inflamacion, control de insomnio, depresi\u00f3n.<\/p>\n<p>Rosa- antis\u00e9ptico, usado para dolor de garganta y sinusitis, congestion, sedante, insominio, dolor\/tensi\u00f3n premenstrual, menopausia, aumenta el libido.<\/p>\n<p>Rosemary- estimulante, usado para la fatiga mental y f\u00edsica, memoria, problemas respiratorios, asma, dolores reum\u00e1ticos.<\/p>\n<p>Sandalwood- antis\u00e9ptico, usado para secar ulceras, piel ulcerada, acne, relajaci\u00f3n durante meditaci\u00f3n, afrodis\u00edaco.<\/p>\n<p>Mejorana- analgesico, usado para dolor menstrual, dolor de cabeza, dolor de garganta, sedici\u00f3n, insomnio, mejor\u00eda de la circulaci\u00f3n.<\/p>\n<p>Jasmine- antidepresivo, usado para depresi\u00f3n post parto, fortalece las contracciones durante el parto, afrodis\u00edaco.<\/p>\n<p>Neroli- sedativo, usado para insomnio, ansiedad, mejorar circulaci\u00f3n, acne, dolor de espalda.<\/p>\n<p>(Tomado de www.aworldofaromatherapy.com)<\/p>\n<p>Limitaciones<br \/>No hay mejor\u00eda directa del dolor<br \/>Algunas mujeres pueden tener alergia a cierto tipos de aceites<br \/>Algunas mujeres durante el embarazo son sensibles a ciertos olores lo cual puede inducir nausea y vomito.<\/p>\n<p>No hay ning\u00fan estudio cient\u00edfico que demuestre el beneficio de esta terapia en el trabajo de parto, pero el m\u00ednimo riesgo y costo hace que esta opci\u00f3n sea una ayuda en el trabajo de parto.<\/p>\n<p>Esta informaci\u00f3n fue obtenida de las siguientes publicaciones:<\/p>\n<p>http:\/\/www.childbirthsolutions.com\/articles\/birth\/aromabirth\/index.php https:\/\/www.securewebexchange.com\/poyanaturals.com\/catalog\/default.php&nbsp;<br \/>Murray Enkin, A Guide to Effective Care in Pregnancy and Childbirth, 3rd Ed., Oxford University Press, 2000&nbsp;<br \/><\/font><\/p>\n<p align=\"left\" style=\"color: rgb(0, 0, 0); font-family: 'Times New Roman'; font-size: medium; font-weight: 400;\"><font face=\"Tahoma\" size=\"3\">(Thanks to poyanaturals.com for graphic)<\/font><\/p>\n<p align=\"center\" style=\"color: rgb(0, 0, 0); font-family: 'Times New Roman'; font-size: medium; font-weight: 400;\"><font size=\"3\" face=\"Tahoma\">Haga click&nbsp;<br \/><\/font><\/p>\n<p align=\"center\" style=\"color: rgb(0, 0, 0); font-family: 'Times New Roman'; font-size: medium; font-weight: 400;\"><a href=\"\/metodos-alternativos-para-el-manejo-del-durante-el-parto\/hipnoterapia\" target=\"_parent\" rel=\"noopener\">Hipnoterapia<\/a><a href=\"http:\/\/www.painfreebirthing.com\/spanish\/hypnotherapysp.htm\" target=\"main\" rel=\"noopener\"><font face=\"Tahoma, arial, verdana\" size=\"3\"><\/font><\/a><\/p>\n<p><\/p>\n","protected":false},"excerpt":{"rendered":"<p>Este tipo de terapia a ganado atenci\u00f3n recientemente como una manera de mejorar el stress durante el parto. Mas y mas mujeres est\u00e1n utilizando este m\u00e9todo durante el trabajo de parto para regular la emociones que enfrentan durante este proceso. No hay alivio del dolor directo o indirecto pero la madre encuentra esta terapia como&#8230;<\/p>\n<p class=\"more-link-wrap\"><a href=\"https:\/\/painfreebirthing.com\/spn\/metodos-alternativos-para-el-manejo-del-durante-el-parto\/aromaterapia\/\" class=\"more-link\">Read More<span class=\"screen-reader-text\"> &ldquo;Aromaterapia&rdquo;<\/span> &raquo;<\/a><\/p>\n","protected":false},"author":1,"featured_media":0,"parent":246,"menu_order":12,"comment_status":"closed","ping_status":"closed","template":"","meta":{"footnotes":""},"class_list":["post-247","page","type-page","status-publish","hentry"],"_links":{"self":[{"href":"https:\/\/painfreebirthing.com\/spn\/wp-json\/wp\/v2\/pages\/247","targetHints":{"allow":["GET"]}}],"collection":[{"href":"https:\/\/painfreebirthing.com\/spn\/wp-json\/wp\/v2\/pages"}],"about":[{"href":"https:\/\/painfreebirthing.com\/spn\/wp-json\/wp\/v2\/types\/page"}],"author":[{"embeddable":true,"href":"https:\/\/painfreebirthing.com\/spn\/wp-json\/wp\/v2\/users\/1"}],"replies":[{"embeddable":true,"href":"https:\/\/painfreebirthing.com\/spn\/wp-json\/wp\/v2\/comments?post=247"}],"version-history":[{"count":0,"href":"https:\/\/painfreebirthing.com\/spn\/wp-json\/wp\/v2\/pages\/247\/revisions"}],"up":[{"embeddable":true,"href":"https:\/\/painfreebirthing.com\/spn\/wp-json\/wp\/v2\/pages\/246"}],"wp:attachment":[{"href":"https:\/\/painfreebirthing.com\/spn\/wp-json\/wp\/v2\/media?parent=247"}],"curies":[{"name":"wp","href":"https:\/\/api.w.org\/{rel}","templated":true}]}}