{"id":246,"date":"2023-07-08T15:12:11","date_gmt":"2023-07-08T15:12:11","guid":{"rendered":"https:\/\/painfreebirthing.com\/spn\/metodos-alternativos-para-el-manejo-del-durante-el-parto\/"},"modified":"2023-07-08T15:12:11","modified_gmt":"2023-07-08T15:12:11","slug":"metodos-alternativos-para-el-manejo-del-durante-el-parto","status":"publish","type":"page","link":"https:\/\/painfreebirthing.com\/spn\/metodos-alternativos-para-el-manejo-del-durante-el-parto\/","title":{"rendered":"Alternative Methods"},"content":{"rendered":"<table border=\"0\" width=\"100%\">\n<tbody>\n<tr>\n<td align=\"center\">\n<p align=\"left\" style=\"color: rgb(0, 0, 0); font-family: 'Times New Roman'; font-size: medium; font-weight: 400; \"><font face=\"Tahoma, arial, verdana\" size=\"3\">Habr\u00e1 algunas circunstancias en las cuales la madre no querr\u00e1 usar medicamentos o anestesia regional para el parto, o estas opciones no est\u00e1n disponibles en algunas partes del mundo. Para estas situaciones existen algunos m\u00e9todos disponibles que han sido identificados por otras madres como ayudas para lidiar con el dolor del parto. A continuaci\u00f3n hay una breve descripci\u00f3n de cada uno de estos m\u00e9todos y un link donde podr\u00e1 encontrar mas informaci\u00f3n acerca de estos temas. En un esfuerzo para proveer diferentes tipos de vista basados en investigaci\u00f3n hemos resumido informaci\u00f3n de los siguientes m\u00e9todos no farmacol\u00f3gicos para el manejo del dolor.<\/p>\n<p><a href=\"\/metodos-alternativos-para-el-manejo-del-durante-el-parto\/aromaterapia\" target=\"_parent\" rel=\"noopener\">Aromaterapia<\/a><\/font><\/p>\n<p align=\"left\" style=\"color: rgb(0, 0, 0); font-family: 'Times New Roman'; font-size: medium; font-weight: 400; \"><font face=\"Tahoma, arial, verdana\" size=\"3\"><a href=\"\/metodos-alternativos-para-el-manejo-del-durante-el-parto\/hipnoterapia\" target=\"_parent\" rel=\"noopener\">Hipnoterapia<\/a><\/font><\/p>\n<p><font face=\"Tahoma, arial, verdana\" size=\"3\" style=\"color: rgb(0, 0, 0); font-size: medium; font-weight: 400; text-align: -webkit-center; \"><\/p>\n<p align=\"left\"><a href=\"\/metodos-alternativos-para-el-manejo-del-durante-el-parto\/lamaze\" target=\"_parent\" rel=\"noopener\">Lamaze<\/a><\/p>\n<p align=\"left\"><a href=\"\/metodos-alternativos-para-el-manejo-del-durante-el-parto\/tina\" target=\"_parent\" rel=\"noopener\">Tina<\/a><\/p>\n<p align=\"left\"><a href=\"\/metodos-alternativos-para-el-manejo-del-durante-el-parto\/acupunctura\" target=\"_parent\" rel=\"noopener\">Acupunctura<\/a><\/p>\n<p align=\"left\"><a href=\"\/metodos-alternativos-para-el-manejo-del-durante-el-parto\/estimulacion-nerviosa-electrica-transcutanea-tens\" target=\"_parent\" rel=\"noopener\">Estimulacion Nerviosa Electrica Transcutanea (TENS)<\/a><\/p>\n<p align=\"left\"><a href=\"\/metodos-alternativos-para-el-manejo-del-durante-el-parto\/masajes\" target=\"_parent\" rel=\"noopener\">Masajes<\/a><\/p>\n<p><\/font><\/p>\n<p align=\"left\" style=\"color: rgb(0, 0, 0); font-family: 'Times New Roman'; font-size: medium; font-weight: 400; \"><font face=\"Tahoma, arial, verdana\" size=\"3\"><a href=\"\/metodos-alternativos-para-el-manejo-del-durante-el-parto\/moyimientos-maternos-y-cambios-de-posicion\" target=\"_parent\" rel=\"noopener\">Moyimientos Maternos y Cambios de Posicion<\/a><\/font><\/p>\n<p align=\"left\" style=\"margin-top: 10px; margin-bottom: 10px; \"><span style=\"color: rgb(15, 15, 15); font-family: Tahoma; font-size: 16px;\"><\/span><\/p>\n<p align=\"left\" style=\"margin-top: 10px; margin-bottom: 10px; \"><a href=\"http:\/\/www.painfreebirthing.com\/j25\/index.php\/ct-menu-item-9\/ct-menu-item-10\"><\/a><\/p>\n<p align=\"left\" style=\"margin-top: 10px; margin-bottom: 10px; \"><a href=\"http:\/\/www.painfreebirthing.com\/j25\/index.php\/ct-menu-item-9\/ct-menu-item-12\"><font><\/font><\/a><\/p>\n<p align=\"left\" style=\"margin-top: 10px; margin-bottom: 10px; \"><a href=\"http:\/\/www.painfreebirthing.com\/j25\/index.php\/ct-menu-item-9\/ct-menu-item-14\" style=\"font-family: Arial, 'Arial Unicode MS', Helvetica, sans-serif; \"><font face=\"Tahoma, arial, verdana\" size=\"3\"><\/font><\/a><\/p>\n<p align=\"left\" style=\"margin-top: 10px; margin-bottom: 10px; \"><a href=\"http:\/\/www.painfreebirthing.com\/j25\/index.php\/ct-menu-item-9\/ct-menu-item-16\" style=\"font-family: Arial, 'Arial Unicode MS', Helvetica, sans-serif; \"><font face=\"Tahoma, arial, verdana\" size=\"3\"><\/font><\/a><\/p>\n<p align=\"left\" style=\"margin-top: 10px; margin-bottom: 10px; \"><a href=\"http:\/\/www.painfreebirthing.com\/j25\/index.php\/ct-menu-item-9\/ct-menu-item-18\" style=\"font-family: Arial, 'Arial Unicode MS', Helvetica, sans-serif; \"><font face=\"Tahoma, arial, verdana\" size=\"3\"><\/font><\/a><\/p>\n<p align=\"left\" style=\"margin-top: 10px; margin-bottom: 10px; \"><a href=\"http:\/\/www.painfreebirthing.com\/j25\/index.php\/ct-menu-item-9\/ct-menu-item-20\" style=\"font-family: Arial, 'Arial Unicode MS', Helvetica, sans-serif; \"><font face=\"Tahoma, arial, verdana\" size=\"3\"><\/font><\/a><\/p>\n<p align=\"left\" style=\"margin-top: 10px; margin-bottom: 10px; \"><a href=\"http:\/\/www.painfreebirthing.com\/j25\/index.php\/ct-menu-item-9\/ct-menu-item-22\" style=\"font-family: Arial, 'Arial Unicode MS', Helvetica, sans-serif; \"><font face=\"Tahoma, arial, verdana\" size=\"3\"><\/font><\/a><\/p>\n<p align=\"left\" style=\"margin-top: 10px; margin-bottom: 10px; \"><a href=\"http:\/\/www.painfreebirthing.com\/j25\/index.php\/ct-menu-item-9\/ct-menu-item-24\" style=\"font-family: Arial, 'Arial Unicode MS', Helvetica, sans-serif; \"><font face=\"Tahoma, arial, verdana\"><span style=\"font-size: 16px; color: rgb(15, 15, 15); \"><\/span><\/font><\/a><\/p>\n<\/td>\n<\/tr>\n<\/tbody>\n<\/table>\n<p><\/p>\n","protected":false},"excerpt":{"rendered":"<p>Habr\u00e1 algunas circunstancias en las cuales la madre no querr\u00e1 usar medicamentos o anestesia regional para el parto, o estas opciones no est\u00e1n disponibles en algunas partes del mundo. Para estas situaciones existen algunos m\u00e9todos disponibles que han sido identificados por otras madres como ayudas para lidiar con el dolor del parto. A continuaci\u00f3n hay&#8230;<\/p>\n<p class=\"more-link-wrap\"><a href=\"https:\/\/painfreebirthing.com\/spn\/metodos-alternativos-para-el-manejo-del-durante-el-parto\/\" class=\"more-link\">Read More<span class=\"screen-reader-text\"> &ldquo;Alternative Methods&rdquo;<\/span> &raquo;<\/a><\/p>\n","protected":false},"author":1,"featured_media":0,"parent":0,"menu_order":11,"comment_status":"closed","ping_status":"closed","template":"","meta":{"footnotes":""},"class_list":["post-246","page","type-page","status-publish","hentry"],"_links":{"self":[{"href":"https:\/\/painfreebirthing.com\/spn\/wp-json\/wp\/v2\/pages\/246","targetHints":{"allow":["GET"]}}],"collection":[{"href":"https:\/\/painfreebirthing.com\/spn\/wp-json\/wp\/v2\/pages"}],"about":[{"href":"https:\/\/painfreebirthing.com\/spn\/wp-json\/wp\/v2\/types\/page"}],"author":[{"embeddable":true,"href":"https:\/\/painfreebirthing.com\/spn\/wp-json\/wp\/v2\/users\/1"}],"replies":[{"embeddable":true,"href":"https:\/\/painfreebirthing.com\/spn\/wp-json\/wp\/v2\/comments?post=246"}],"version-history":[{"count":0,"href":"https:\/\/painfreebirthing.com\/spn\/wp-json\/wp\/v2\/pages\/246\/revisions"}],"wp:attachment":[{"href":"https:\/\/painfreebirthing.com\/spn\/wp-json\/wp\/v2\/media?parent=246"}],"curies":[{"name":"wp","href":"https:\/\/api.w.org\/{rel}","templated":true}]}}