{"id":244,"date":"2023-07-08T15:12:09","date_gmt":"2023-07-08T15:12:09","guid":{"rendered":"https:\/\/painfreebirthing.com\/spn\/metodos-para-el-manejo-del-dolor\/anestesia-regional\/"},"modified":"2023-07-08T15:12:09","modified_gmt":"2023-07-08T15:12:09","slug":"anestesia-regional","status":"publish","type":"page","link":"https:\/\/painfreebirthing.com\/spn\/metodos-para-el-manejo-del-dolor\/anestesia-regional\/","title":{"rendered":"ANESTESIA REGIONAL"},"content":{"rendered":"<p><b style=\"color: rgb(0, 0, 0); font-family: 'Times New Roman'; font-size: medium; text-align: -webkit-center;\"><font face=\"Tahoma\">ANESTESIA REGIONAL<font face=\"Tahoma, arial, verdana\" size=\"3\">&nbsp;(<\/font>(La sensaci\u00f3n de dolor en bloqueada en la columna vertebral y no alcanza el cerebro)<\/font><\/b><br \/>\n<font face=\"Tahoma, arial, verdana\" size=\"3\" style=\"color: rgb(66, 66, 66); font-weight: 400;\"><span style=\"font-weight: bold;\">&nbsp;<\/span><\/font><\/p>\n<p style=\"margin-top: 10px; margin-bottom: 10px; color: rgb(66, 66, 66); font-family: Arial, 'Arial Unicode MS', Helvetica, sans-serif; font-size: 13px; font-weight: 400;\"><span style=\"color: rgb(0, 0, 0); font-family: Tahoma; font-size: medium; font-weight: 400; text-align: start;\">a peridural es un tipo de anestesia administrada cerca de la medula espinal en la parte baja de la espalda. Adormece el cuerpo por debajo del nivel de inyecci\u00f3n, permiti\u00e9ndole a la madre estar alerta y mas confortable durante las contracciones en el trabajo de parto.<\/span><font face=\"Tahoma, arial, verdana\" size=\"3\"><\/font><font face=\"Tahoma, arial, verdana\" size=\"3\"><\/font><\/p>\n<p align=\"center\" style=\"margin-top: 10px; margin-bottom: 10px; color: rgb(66, 66, 66); font-family: Arial, 'Arial Unicode MS', Helvetica, sans-serif; font-size: 13px; font-weight: 400;\"><\/p>\n<p align=\"center\" style=\"margin-top: 10px; margin-bottom: 10px; color: rgb(66, 66, 66); font-family: Arial, 'Arial Unicode MS', Helvetica, sans-serif; font-size: 13px; font-weight: 400;\">&nbsp;<img loading=\"lazy\" decoding=\"async\" width=\"360\" height=\"432\" alt=\"\" class=\"art-lightbox\" src=\"https:\/\/painfreebirthing.com\/spn\/wp-content\/uploads\/2023\/07\/anat2ppw.gif\"><\/p>\n<p><\/p>\n<p style=\"margin-top: 10px; margin-bottom: 10px; color: rgb(66, 66, 66); font-family: Arial, 'Arial Unicode MS', Helvetica, sans-serif; font-size: 13px; font-weight: 400;\"><span style=\"color: rgb(0, 0, 0); font-family: Tahoma; font-size: medium; font-weight: 400; text-align: start;\">La anestesia peridural y espinal son llamadas anestesia regional por que solo anestesia una regi\u00f3n del cuerpo y no su totalidad como en anestesia general. Este tipo de anestesia es com\u00fan en el trabajo de parto debido a que el alivio del dolor es excelente y muy poca medicaci\u00f3n alcanza el bebe. Los medicamentos utilizados en este tipo de anestesia incluyen anest\u00e9sicos locales (p Ej. Medicamentos del mismo tipo de la novoca\u00edna tales como bupivaca\u00edna) y narc\u00f3ticos. Estos medicamentos bloquean los nervios que llevan la sensaci\u00f3n de dolor del \u00fatero y el cervix hacia la medula espinal y el cerebro. Este m\u00e9todo le permite estar despierta y alerta, y relativamente sin dolor. A pesar de ser raros, existen efectos adversos y complicaciones ( vea seccion de efectos adversos y complicaciones)<\/span><\/p>\n<p style=\"margin-top: 10px; margin-bottom: 10px; color: rgb(66, 66, 66); font-family: Arial, 'Arial Unicode MS', Helvetica, sans-serif; font-size: 13px; font-weight: 400; text-align: center;\"><span style=\"color: rgb(0, 0, 0); font-family: Tahoma; font-size: medium; font-weight: 400; text-align: start;\"><span style=\"font-size: medium; font-weight: 400; text-align: -webkit-center;\">Haga click<\/span><\/span><span style=\"font-family: Tahoma, arial, verdana; font-size: medium;\"><\/span><\/p>\n<p align=\"center\" style=\"margin-top: 10px; margin-bottom: 10px; color: rgb(66, 66, 66); font-family: Arial, 'Arial Unicode MS', Helvetica, sans-serif; font-size: 13px; font-weight: 400;\"><a href=\"\/metodos-para-el-manejo-del-dolor\/cual-es-mejor\" style=\"font-family: Tahoma; font-size: small; font-weight: 400; text-align: start; background-color: rgb(255, 255, 255); \" target=\"_parent\" rel=\"noopener\">CUAL ES MEJOR?<\/a><a href=\"\/pain-relief-methods\/which-is-better\" target=\"_parent\" rel=\"noopener\"><\/a><\/p>\n<p><\/p>\n","protected":false},"excerpt":{"rendered":"<p>ANESTESIA REGIONAL&nbsp;((La sensaci\u00f3n de dolor en bloqueada en la columna vertebral y no alcanza el cerebro) &nbsp; a peridural es un tipo de anestesia administrada cerca de la medula espinal en la parte baja de la espalda. Adormece el cuerpo por debajo del nivel de inyecci\u00f3n, permiti\u00e9ndole a la madre estar alerta y mas confortable&#8230;<\/p>\n<p class=\"more-link-wrap\"><a href=\"https:\/\/painfreebirthing.com\/spn\/metodos-para-el-manejo-del-dolor\/anestesia-regional\/\" class=\"more-link\">Read More<span class=\"screen-reader-text\"> &ldquo;ANESTESIA REGIONAL&rdquo;<\/span> &raquo;<\/a><\/p>\n","protected":false},"author":1,"featured_media":0,"parent":241,"menu_order":9,"comment_status":"closed","ping_status":"closed","template":"","meta":{"footnotes":""},"class_list":["post-244","page","type-page","status-publish","hentry"],"_links":{"self":[{"href":"https:\/\/painfreebirthing.com\/spn\/wp-json\/wp\/v2\/pages\/244","targetHints":{"allow":["GET"]}}],"collection":[{"href":"https:\/\/painfreebirthing.com\/spn\/wp-json\/wp\/v2\/pages"}],"about":[{"href":"https:\/\/painfreebirthing.com\/spn\/wp-json\/wp\/v2\/types\/page"}],"author":[{"embeddable":true,"href":"https:\/\/painfreebirthing.com\/spn\/wp-json\/wp\/v2\/users\/1"}],"replies":[{"embeddable":true,"href":"https:\/\/painfreebirthing.com\/spn\/wp-json\/wp\/v2\/comments?post=244"}],"version-history":[{"count":0,"href":"https:\/\/painfreebirthing.com\/spn\/wp-json\/wp\/v2\/pages\/244\/revisions"}],"up":[{"embeddable":true,"href":"https:\/\/painfreebirthing.com\/spn\/wp-json\/wp\/v2\/pages\/241"}],"wp:attachment":[{"href":"https:\/\/painfreebirthing.com\/spn\/wp-json\/wp\/v2\/media?parent=244"}],"curies":[{"name":"wp","href":"https:\/\/api.w.org\/{rel}","templated":true}]}}