{"id":242,"date":"2023-07-08T15:12:07","date_gmt":"2023-07-08T15:12:07","guid":{"rendered":"https:\/\/painfreebirthing.com\/spn\/metodos-para-el-manejo-del-dolor\/medicacion-sistemica\/"},"modified":"2023-07-08T15:12:07","modified_gmt":"2023-07-08T15:12:07","slug":"medicacion-sistemica","status":"publish","type":"page","link":"https:\/\/painfreebirthing.com\/spn\/metodos-para-el-manejo-del-dolor\/medicacion-sistemica\/","title":{"rendered":"Medicacion Sistemica"},"content":{"rendered":"<table border=\"0\" width=\"100%\">\n<tbody>\n<tr>\n<td align=\"center\"><font face=\"Tahoma, arial, verdana\" size=\"3\"><b><span style=\"color: rgb(0, 0, 0); \">A. Systemic Medication<\/span><\/b><\/font><\/p>\n<p style=\"margin-top: 10px; margin-bottom: 10px; \"><span lang=\"ES-CO\" style=\"color: rgb(0, 0, 0); font-family: Tahoma; font-size: medium; font-weight: 400; text-align: -webkit-center; \"><font size=\"3\">Se refiere a medicamentos para el alivio del dolor que son inyectados en el cuerpo y que generalmente mejoran&nbsp;&nbsp;el dolor pero no lo eliminan<\/font><\/span><font size=\"3\" style=\"color: rgb(0, 0, 0); font-family: Tahoma; font-size: medium; font-weight: 400; text-align: -webkit-center; \">.<\/font><font face=\"Tahoma, arial, verdana\" size=\"3\"><span style=\"color: rgb(0, 0, 0); \"><\/span><\/font><\/p>\n<\/td>\n<\/tr>\n<tr>\n<td align=\"center\"><\/td>\n<\/tr>\n<tr>\n<td align=\"center\" style=\"text-align: center; \"><img loading=\"lazy\" decoding=\"async\" width=\"360\" height=\"432\" alt=\"\" class=\"art-lightbox\" src=\"https:\/\/painfreebirthing.com\/spn\/wp-content\/uploads\/2023\/07\/paiinpathwaysiv.gif\" ><\/p>\n<p style=\"margin-top: 10px; margin-bottom: 10px; \"><\/p>\n<\/td>\n<\/tr>\n<tr>\n<td>\n<p class=\"MsoNormal\" style=\"color: rgb(0, 0, 0); font-family: 'Times New Roman'; font-size: medium; font-weight: 400; text-align: start; \"><span lang=\"ES-CO\"><font size=\"3\" face=\"Tahoma\">Estos medicamentos&nbsp;&nbsp;son inyectados de forma&nbsp;&nbsp;intravenosa o intramuscular y son utilizados para disminuir el dolor. Estos medicamentos usualmente son ordenados por los obstetras o por las parteras y administrados por las enfermeras.&nbsp;&nbsp;Los opioides son la medicaci\u00f3n mas efectiva para el manejo del dolor.&nbsp;&nbsp;Su uso tiene una larga historia en pacientes obst\u00e9tricas en el manejo de&nbsp;&nbsp;dolor.&nbsp;&nbsp;A pesar de haber una gran variedad de narc\u00f3ticos (opioides) disponibles en la actualidad, solo unos pocos son usados en el trabajo de parto: meperidina (Demerol), morfina, fentanyl, butorfanol (stadol) y nalbufina (Nubaine).&nbsp;&nbsp;Estos medicamentos entran en la sangre y le permiten tolerar el dolor durante el parto. Normalmente no proveen&nbsp;&nbsp;analgesia total (bloqueo total del dolor).&nbsp;&nbsp;El grado de alivio del dolor con estos medicamentos varia, pero normalmente pueden quitar el pico del dolor y hacer su parto mas tolerable.&nbsp;&nbsp;La gran mayor\u00eda de mujeres que no reciben anestesia regional para el parto optan por una de estas medicaciones.&nbsp;&nbsp;No hay ning\u00fan problema en recibir este tipo de medicamentos antes de recibir anestesia regional (espinal o peridural).<\/font><\/span><\/p>\n<p class=\"MsoNormal\" style=\"color: rgb(0, 0, 0); font-family: 'Times New Roman'; font-size: medium; font-weight: 400; text-align: start; \">&nbsp;<\/p>\n<p class=\"MsoNormal\" style=\"color: rgb(0, 0, 0); font-family: 'Times New Roman'; font-size: medium; font-weight: 400; text-align: start; \"><span lang=\"ES-CO\"><font size=\"3\" face=\"Tahoma\">Si la medicaci\u00f3n ordenada por el obstetra no es suficiente para el control del dolor, el anestesi\u00f3logo puede ordenar estas medicaciones para que sean administradas v\u00eda una bomba de infusi\u00f3n llamada PCA.&nbsp;&nbsp;Aqu\u00ed, a usted le entregan un bot\u00f3n el cual usted puede oprimir cada vez que usted sienta dolor .&nbsp;&nbsp;La bomba de infusi\u00f3n esta programada para que cada vez que usted oprima el bot\u00f3n , una dosis fija de medicamento sea entregada, este m\u00e9todo de manejo de dolor es conocido como analgesia controlada por el paciente (PCA). Usted tiene control sobre que tanta medicaci\u00f3n usted necesita de acuerdo a su percepci\u00f3n de su dolor durante las contracciones.&nbsp;&nbsp;El anestesi\u00f3logo y la enfermera controlaran la dosis y los efectos de estos medicamentos.<\/font><\/span><\/p>\n<p class=\"MsoNormal\" style=\"color: rgb(0, 0, 0); font-family: 'Times New Roman'; font-size: medium; font-weight: 400; text-align: start; \">&nbsp;<\/p>\n<p class=\"MsoNormal\" style=\"color: rgb(0, 0, 0); font-family: 'Times New Roman'; font-size: medium; font-weight: 400; text-align: start; \"><span lang=\"ES-CO\"><font size=\"3\" face=\"Tahoma\">La mayor desventaja de los medicamentos intravenosos (I.V) es que estos medicamentos producen mareo y adormecimiento. Adem\u00e1s pueden tener otros efectos secundarios como nausea, vomito, depresi\u00f3n respiratoria, rasqui\u00f1a, constipaci\u00f3n y retenci\u00f3n urinaria.&nbsp;&nbsp;Si usted planea&nbsp;&nbsp;lactar, los esfuerzos iniciales puede ser dif\u00edciles.<\/font><\/span><\/p>\n<p class=\"MsoNormal\" style=\"color: rgb(0, 0, 0); font-family: 'Times New Roman'; font-size: medium; font-weight: 400; text-align: start; \">&nbsp;<\/p>\n<p class=\"MsoNormal\" style=\"color: rgb(0, 0, 0); font-family: 'Times New Roman'; font-size: medium; font-weight: 400; text-align: start; \"><span lang=\"ES-CO\"><font size=\"3\" face=\"Tahoma\">Efectos en el bebe:<\/font><\/span><\/p>\n<p class=\"MsoNormal\" style=\"color: rgb(0, 0, 0); font-family: 'Times New Roman'; font-size: medium; font-weight: 400; text-align: start; \"><span lang=\"ES-CO\"><font size=\"3\" face=\"Tahoma\">Otro de los efectos secundarios de los opiodes es debido al hecho que todos cruzan la placenta y entran a la circulaci\u00f3n del bebe. Como resultado de esto, el bebe tambi\u00e9n puede sufrir de efectos secundarios.&nbsp;&nbsp;Dentro del \u00fatero, la frecuencia del coraz\u00f3n cambia de patr\u00f3n, aunque no hay ning\u00fan efecto delet\u00e9reo conocido debido a este cambio de patr\u00f3n.<\/font><\/span><\/p>\n<p class=\"MsoNormal\" style=\"color: rgb(0, 0, 0); font-family: 'Times New Roman'; font-size: medium; font-weight: 400; text-align: start; \"><span lang=\"ES-CO\"><font size=\"3\" face=\"Tahoma\">El bebe tiene la habilidad de metabolizar los medicamentos, pero lo hace mas lento que la madre.&nbsp;&nbsp;Despu\u00e9s de nacido, el bebe puede estar un poco somnoliento. De nuevo, es muy poco probable que el bebe vaya a ser afectado de una manera adversa como resultado de una peque\u00f1a cantidad de medicamento administrado a la madre, pero es importante reconocer que parte de este medicamento le esta llegando al bebe.&nbsp;&nbsp;La posibilidad de ver el efecto de la medicaci\u00f3n dada a la madre en su bebe depender\u00e1 de&nbsp;&nbsp;la dosis del medicamento y la relaci\u00f3n con el parto. Si el bebe tiene tiempo suficiente para metabolizar el medicamento, solo un m\u00ednimo efecto ser\u00e1 visto.&nbsp;&nbsp;La mayor\u00eda de m\u00e9dicos piensan que es seguro para el bebe administrar narc\u00f3ticos a la madre para aliviar el dolor durante el parto.<\/font><\/span><\/p>\n<p style=\"color: rgb(0, 0, 0); font-family: 'Times New Roman'; font-size: medium; font-weight: 400; text-align: start; \">&nbsp;<\/p>\n<p><font face=\"Tahoma, arial, verdana\" size=\"3\"><span style=\"color: rgb(0, 0, 0); \"><\/span><\/font><\/p>\n<p style=\"margin-top: 10px; margin-bottom: 10px; \"><font face=\"Tahoma, arial, verdana\" size=\"3\"><\/font><\/p>\n<p style=\"margin-top: 10px; margin-bottom: 10px; \"><font face=\"Tahoma, arial, verdana\" size=\"3\"><\/font><\/p>\n<p style=\"margin-top: 10px; margin-bottom: 10px; \"><font face=\"Tahoma, arial, verdana\" size=\"3\"><b><\/b><\/font><\/p>\n<p style=\"margin-top: 10px; margin-bottom: 10px; \"><font face=\"Tahoma, arial, verdana\" size=\"3\"><\/font><\/p>\n<p style=\"margin-top: 10px; margin-bottom: 10px; \"><font face=\"Tahoma, arial, verdana\" size=\"3\"><span style=\"color: rgb(0, 0, 0); \">&nbsp;&nbsp;<\/span><\/font><\/p>\n<p style=\"margin-top: 10px; margin-bottom: 10px; \"><font face=\"Tahoma, arial, verdana\" size=\"3\"><span style=\"color: rgb(0, 0, 0); \"><br \/><\/span><\/font><\/p>\n<p style=\"margin-top: 10px; margin-bottom: 10px; text-align: center; \"><a href=\"\/pain-relief-methods\/nitrous-oxide\" target=\"_parent\" rel=\"noopener\"><span style=\"color: #000000; \">Next: Nitrous oxide<\/span><\/a><font face=\"Tahoma, arial, verdana\" size=\"3\"><span style=\"color: rgb(0, 0, 0); \"><\/span><\/font><\/p>\n<\/td>\n<\/tr>\n<\/tbody>\n<\/table>\n<p><\/p>\n","protected":false},"excerpt":{"rendered":"<p>A. Systemic Medication Se refiere a medicamentos para el alivio del dolor que son inyectados en el cuerpo y que generalmente mejoran&nbsp;&nbsp;el dolor pero no lo eliminan. Estos medicamentos&nbsp;&nbsp;son inyectados de forma&nbsp;&nbsp;intravenosa o intramuscular y son utilizados para disminuir el dolor. Estos medicamentos usualmente son ordenados por los obstetras o por las parteras y administrados&#8230;<\/p>\n<p class=\"more-link-wrap\"><a href=\"https:\/\/painfreebirthing.com\/spn\/metodos-para-el-manejo-del-dolor\/medicacion-sistemica\/\" class=\"more-link\">Read More<span class=\"screen-reader-text\"> &ldquo;Medicacion Sistemica&rdquo;<\/span> &raquo;<\/a><\/p>\n","protected":false},"author":1,"featured_media":0,"parent":241,"menu_order":7,"comment_status":"closed","ping_status":"closed","template":"","meta":{"footnotes":""},"class_list":["post-242","page","type-page","status-publish","hentry"],"_links":{"self":[{"href":"https:\/\/painfreebirthing.com\/spn\/wp-json\/wp\/v2\/pages\/242","targetHints":{"allow":["GET"]}}],"collection":[{"href":"https:\/\/painfreebirthing.com\/spn\/wp-json\/wp\/v2\/pages"}],"about":[{"href":"https:\/\/painfreebirthing.com\/spn\/wp-json\/wp\/v2\/types\/page"}],"author":[{"embeddable":true,"href":"https:\/\/painfreebirthing.com\/spn\/wp-json\/wp\/v2\/users\/1"}],"replies":[{"embeddable":true,"href":"https:\/\/painfreebirthing.com\/spn\/wp-json\/wp\/v2\/comments?post=242"}],"version-history":[{"count":0,"href":"https:\/\/painfreebirthing.com\/spn\/wp-json\/wp\/v2\/pages\/242\/revisions"}],"up":[{"embeddable":true,"href":"https:\/\/painfreebirthing.com\/spn\/wp-json\/wp\/v2\/pages\/241"}],"wp:attachment":[{"href":"https:\/\/painfreebirthing.com\/spn\/wp-json\/wp\/v2\/media?parent=242"}],"curies":[{"name":"wp","href":"https:\/\/api.w.org\/{rel}","templated":true}]}}