{"id":240,"date":"2023-07-08T15:12:05","date_gmt":"2023-07-08T15:12:05","guid":{"rendered":"https:\/\/painfreebirthing.com\/spn\/intesidad-del-dolor-durante-el-parto\/"},"modified":"2023-07-08T15:12:05","modified_gmt":"2023-07-08T15:12:05","slug":"intesidad-del-dolor-durante-el-parto","status":"publish","type":"page","link":"https:\/\/painfreebirthing.com\/spn\/intesidad-del-dolor-durante-el-parto\/","title":{"rendered":"INTENSIDAD DEL DOLOR DURANTE EL PARTO"},"content":{"rendered":"<p><span style=\"color: rgb(0, 0, 0); font-family: Tahoma; font-size: medium; font-weight: 400; text-align: -webkit-left;\">Es dif\u00edcil prever que tanto dolor usted va a tener cuando este en trabajo de parto. Algunas mujeres tienen niveles tolerables de dolor, mientras que otras se pueden beneficiar de alguna de las diferentes formas de alivio del dolor. Existen diferentes t\u00e9cnicas no-medicas que le pueden ayudar a manejar el dolor durante el parto, las cuales incluyen t\u00e9cnicas de respiraci\u00f3n y relajaci\u00f3n, duchas tibias, masajes, terapia de soporte por la enfermeras, cambios de posici\u00f3n (de pie, sentada, caminar), y usar un bal\u00f3n para<\/span><br style=\"color: rgb(0, 0, 0); font-family: Tahoma; font-size: medium; font-weight: 400; text-align: -webkit-left;\"><span style=\"color: rgb(0, 0, 0); font-family: Tahoma; font-size: medium; font-weight: 400; text-align: -webkit-left;\">Nombrar algunas. Las personas que promueven el control del dolor durante el parto sin medicaciones dicen que estos m\u00e9todos son efectivos para sobrellevar el dolor, y hacen del parto una experiencia placentera. Para mayor informaci\u00f3n les recomendamos consultar paginas de Internet especificas a estas t\u00e9cnicas o consultar con su medico o enfermera.<\/span><br style=\"color: rgb(0, 0, 0); font-family: Tahoma; font-size: medium; font-weight: 400; text-align: -webkit-left;\"><br style=\"color: rgb(0, 0, 0); font-family: Tahoma; font-size: medium; font-weight: 400; text-align: -webkit-left;\"><span style=\"color: rgb(0, 0, 0); font-family: Tahoma; font-size: medium; font-weight: 400; text-align: -webkit-left;\">De otra manera algunas mujeres buscan alg\u00fan tipo de manejo de dolor usando medicamentos.<\/span><font face=\"Tahoma, arial, verdana\" size=\"3\" style=\"color: rgb(61, 61, 61); font-weight: 400; background-color: rgb(221, 223, 223);\"><span style=\"background-color: #FFFFFF;\"><\/span><\/font><span style=\"color: #3D3D3D; font-weight: 400; font-family: Tahoma, arial, verdana; font-size: medium; background-color: #FFFFFF;\"><\/span><\/p>\n<p style=\"text-align: center;\"><img loading=\"lazy\" decoding=\"async\" width=\"144\" height=\"252\" alt=\"\" class=\"art-lightbox\" src=\"https:\/\/painfreebirthing.com\/spn\/wp-content\/uploads\/2023\/07\/progresspreg.gif\"><span style=\"color: #3D3D3D; font-weight: 400; font-family: Tahoma, arial, verdana; font-size: medium; background-color: #FFFFFF;\"><br \/><\/span><\/p>\n<p><span style=\"color: #3D3D3D; font-weight: 400; font-family: Tahoma, arial, verdana; font-size: medium; background-color: #FFFFFF;\"><br \/><\/span><\/p>\n<p style=\"text-align: center;\"><span style=\"color: #3D3D3D; font-weight: 400; font-family: Tahoma, arial, verdana; font-size: medium; background-color: #FFFFFF;\"><br \/><\/span><\/p>\n<p><span style=\"color: #3D3D3D; font-weight: 400; font-family: Tahoma, arial, verdana; font-size: medium; background-color: #FFFFFF;\"><br \/><\/span><\/p>\n<p style=\"text-align: center;\"><span style=\"font-size: 16px;\"><span style=\"font-family: Tahoma; -webkit-border-horizontal-spacing: 2px; -webkit-border-vertical-spacing: 2px; color: #000000;\">Haga click para ve el siguiente tema<\/span><span lang=\"ES-CO\" style=\"color: #000000; font-family: 'Times New Roman'; font-weight: 400; text-align: start;\"><br \/><\/span><\/span><\/p>\n<p style=\"text-align: center;\"><a href=\"\/metodos-para-el-manejo-del-dolor\/medicacion-sistemica\" target=\"_parent\" rel=\"noopener\">Medicacion Sistemica&nbsp;<\/a><span style=\"font-size: 16px; color: #000000;\"><span lang=\"ES-CO\" style=\"color: #000000; font-family: 'Times New Roman'; font-weight: 400; text-align: start;\"><a target=\"main\" href=\"http:\/\/www.painfreebirthing.com\/spanish\/methods1sp.htm\" rel=\"noopener\"><font face=\"Tahoma\"><span style=\"color: #000000;\"><\/span><\/font><\/a><\/span><\/span><a href=\"\/pain-relief-methods\/systemic-pain-relief\" target=\"_parent\" rel=\"noopener\"><\/a><span style=\"color: #3D3D3D; font-weight: 400; font-family: Tahoma, arial, verdana; font-size: medium; background-color: #FFFFFF;\"><\/span><\/p>\n","protected":false},"excerpt":{"rendered":"<p>Es dif\u00edcil prever que tanto dolor usted va a tener cuando este en trabajo de parto. Algunas mujeres tienen niveles tolerables de dolor, mientras que otras se pueden beneficiar de alguna de las diferentes formas de alivio del dolor. Existen diferentes t\u00e9cnicas no-medicas que le pueden ayudar a manejar el dolor durante el parto, las&#8230;<\/p>\n<p class=\"more-link-wrap\"><a href=\"https:\/\/painfreebirthing.com\/spn\/intesidad-del-dolor-durante-el-parto\/\" class=\"more-link\">Read More<span class=\"screen-reader-text\"> &ldquo;INTENSIDAD DEL DOLOR DURANTE EL PARTO&rdquo;<\/span> &raquo;<\/a><\/p>\n","protected":false},"author":1,"featured_media":0,"parent":0,"menu_order":5,"comment_status":"closed","ping_status":"closed","template":"","meta":{"footnotes":""},"class_list":["post-240","page","type-page","status-publish","hentry"],"_links":{"self":[{"href":"https:\/\/painfreebirthing.com\/spn\/wp-json\/wp\/v2\/pages\/240","targetHints":{"allow":["GET"]}}],"collection":[{"href":"https:\/\/painfreebirthing.com\/spn\/wp-json\/wp\/v2\/pages"}],"about":[{"href":"https:\/\/painfreebirthing.com\/spn\/wp-json\/wp\/v2\/types\/page"}],"author":[{"embeddable":true,"href":"https:\/\/painfreebirthing.com\/spn\/wp-json\/wp\/v2\/users\/1"}],"replies":[{"embeddable":true,"href":"https:\/\/painfreebirthing.com\/spn\/wp-json\/wp\/v2\/comments?post=240"}],"version-history":[{"count":0,"href":"https:\/\/painfreebirthing.com\/spn\/wp-json\/wp\/v2\/pages\/240\/revisions"}],"wp:attachment":[{"href":"https:\/\/painfreebirthing.com\/spn\/wp-json\/wp\/v2\/media?parent=240"}],"curies":[{"name":"wp","href":"https:\/\/api.w.org\/{rel}","templated":true}]}}