{"id":239,"date":"2023-07-08T15:12:04","date_gmt":"2023-07-08T15:12:04","guid":{"rendered":"https:\/\/painfreebirthing.com\/spn\/dolor-durante-el-parto\/"},"modified":"2023-07-08T15:12:04","modified_gmt":"2023-07-08T15:12:04","slug":"dolor-durante-el-parto","status":"publish","type":"page","link":"https:\/\/painfreebirthing.com\/spn\/dolor-durante-el-parto\/","title":{"rendered":"DOLOR DURANTE EL PARTO"},"content":{"rendered":"<p><span style=\"color: rgb(34, 2, 3); font-family: Arial, 'Arial Unicode MS', Helvetica, sans-serif; font-size: 14px;\"><br \/><\/span><\/p>\n<table>\n<tbody>\n<tr>\n<td><font face=\"Tahoma\" size=\"3\" style=\"color: rgb(0, 0, 0); font-size: medium; font-weight: 400; text-align: start; \">Cuando el \u00fatero se contrae, el dolor viaja desde el \u00fatero v\u00eda terminaciones nerviosas en su columna vertebral (figura de abajo) hasta el cerebro, produciendo sensaci\u00f3n de discomfort.<\/font><br style=\"color: rgb(0, 0, 0); font-family: 'Times New Roman'; font-size: medium; font-weight: 400; text-align: start; \"><font face=\"Tahoma, arial, verdana\" size=\"3\" style=\"color: rgb(0, 0, 0); font-size: medium; font-weight: 400; text-align: start; \">.&nbsp;<\/font><font face=\"Tahoma, arial, verdana\" size=\"3\"><span style=\"color: rgb(34, 2, 3); \"><\/span><\/font><\/td>\n<\/tr>\n<tr>\n<td align=\"center\" style=\"text-align: center; \"><img loading=\"lazy\" decoding=\"async\" width=\"360\" height=\"432\" alt=\"\" class=\"art-lightbox\" src=\"https:\/\/painfreebirthing.com\/spn\/wp-content\/uploads\/2023\/07\/paiinpathways.gif\"><\/td>\n<\/tr>\n<tr>\n<td align=\"center\" style=\"text-align: center; \"><\/td>\n<\/tr>\n<tr>\n<td><\/td>\n<\/tr>\n<tr>\n<td align=\"center\" style=\"text-align: center; \">\n<table>\n<tbody>\n<tr>\n<td align=\"center\"><font size=\"3\" face=\"Tahoma\">E<span style=\"color: rgb(0, 0, 0); \">n cada mujer el trabajo de parto es diferente. La cantidad de dolor que usted va a experimentar depende de diversos factores, los cuales incluyen<\/span><\/font><\/td>\n<\/tr>\n<tr>\n<td align=\"center\"><font size=\"3\" face=\"Tahoma\"><span style=\"color: rgb(0, 0, 0); \">El tama\u00f1o del bebe<\/span><\/font><\/td>\n<\/tr>\n<tr>\n<td align=\"center\"><font size=\"3\" face=\"Tahoma\"><span style=\"color: rgb(0, 0, 0); \">La posici\u00f3n del bebe<\/span><\/font><\/td>\n<\/tr>\n<tr>\n<td align=\"center\"><font size=\"3\" face=\"Tahoma\"><span style=\"color: rgb(0, 0, 0); \">Las dimensiones de su pelvis<\/span><\/font><\/td>\n<\/tr>\n<tr>\n<td align=\"center\"><font size=\"3\" face=\"Tahoma\"><span style=\"color: rgb(0, 0, 0); \">La fuerza de las contracciones<\/span><\/font><\/td>\n<\/tr>\n<tr>\n<td align=\"center\"><font size=\"3\" face=\"Tahoma\"><span style=\"color: rgb(0, 0, 0); \">Sus experiencias previas y expectaciones<\/span><\/font><\/td>\n<\/tr>\n<tr>\n<td align=\"center\"><font size=\"3\" face=\"Tahoma\"><span style=\"color: rgb(0, 0, 0); \">Algunos asuntos no entendidos aun.<\/span><\/font><\/td>\n<\/tr>\n<tr>\n<td><font size=\"3\" face=\"Tahoma\"><span style=\"color: rgb(0, 0, 0); \">Por lo tanto, es dif\u00edcil prever que tanto dolor usted va a tener cuando este en trabajo de parto. Algunas mujeres tienen niveles tolerables de dolor, mientras que otras se pueden beneficiar de alguna de las diferentes formas de alivio del dolor. Existen diferentes t\u00e9cnicas no-medicas que le pueden ayudar a manejar el dolor durante el parto, las cuales incluyen t\u00e9cnicas de respiraci\u00f3n y relajaci\u00f3n, duchas tibias, masajes, terapia de soporte por las enfermeras, cambios de posici\u00f3n (de pie, sentada, caminar), y usar un bal\u00f3n para parto por nombrar algunas. Su obstetra o enfermera puede ayudarla para encontrar mas informaci\u00f3n acerca de estas t\u00e9cnicas. Sin embargo, para algunas mujeres, estas terapias no son suficientes.<\/span><\/font><\/p>\n<p>&nbsp;<\/p>\n<\/td>\n<\/tr>\n<tr>\n<td align=\"center\" style=\"text-align: center; \"><font size=\"3\" face=\"Tahoma\"><span style=\"color: rgb(0, 0, 0); \">Haga click&nbsp;<\/span><\/font><\/td>\n<\/tr>\n<\/tbody>\n<\/table>\n<p><font face=\"Tahoma, arial, verdana\" size=\"3\"><span style=\"color: rgb(34, 2, 3); \"><\/span><\/font><\/td>\n<\/tr>\n<tr>\n<td align=\"center\" style=\"text-align: center; \"><font face=\"Tahoma, arial, verdana\" size=\"3\"><\/font><\/td>\n<\/tr>\n<tr>\n<td align=\"center\" style=\"text-align: center; \"><font face=\"Tahoma, arial, verdana\" size=\"3\"><\/font><\/td>\n<\/tr>\n<tr>\n<td align=\"center\" style=\"text-align: center; \"><font face=\"Tahoma, arial, verdana\" size=\"3\"><\/font><\/td>\n<\/tr>\n<tr>\n<td align=\"center\" style=\"text-align: center; \"><font face=\"Tahoma, arial, verdana\" size=\"3\"><\/font><\/td>\n<\/tr>\n<tr>\n<td align=\"center\" style=\"text-align: center; \"><font face=\"Tahoma, arial, verdana\" size=\"3\"><\/font><\/td>\n<\/tr>\n<tr>\n<td align=\"center\" style=\"text-align: center; \"><font face=\"Tahoma, arial, verdana\" size=\"3\"><\/font><\/td>\n<\/tr>\n<tr>\n<td style=\"text-align: center; \"><font face=\"Tahoma, arial, verdana\" size=\"3\"><span style=\"color: rgb(34, 2, 3); \"><\/p>\n<p><a href=\"\/intesidad-del-dolor-durante-el-parto\" target=\"_parent\" rel=\"noopener\">INTENSIDAD DEL DOLOR DURANTE EL PARTO<\/a><span style=\"color: rgb(0, 0, 0); font-family: 'Times New Roman'; font-size: medium; font-weight: 400; text-align: -webkit-center; \"><\/span><a href=\"\/intesidad-del-dolor-durante-el-parto\" target=\"_parent\" rel=\"noopener\"><\/a><\/span><\/font><\/td>\n<\/tr>\n<tr>\n<td align=\"center\" style=\"text-align: center; \"><span style=\"color: rgb(34, 2, 3); font-family: Tahoma, arial, verdana; font-size: medium;\"><br \/><\/span><\/td>\n<\/tr>\n<\/tbody>\n<\/table>\n<p><\/p>\n","protected":false},"excerpt":{"rendered":"<p>Cuando el \u00fatero se contrae, el dolor viaja desde el \u00fatero v\u00eda terminaciones nerviosas en su columna vertebral (figura de abajo) hasta el cerebro, produciendo sensaci\u00f3n de discomfort..&nbsp; En cada mujer el trabajo de parto es diferente. La cantidad de dolor que usted va a experimentar depende de diversos factores, los cuales incluyen El tama\u00f1o&#8230;<\/p>\n<p class=\"more-link-wrap\"><a href=\"https:\/\/painfreebirthing.com\/spn\/dolor-durante-el-parto\/\" class=\"more-link\">Read More<span class=\"screen-reader-text\"> &ldquo;DOLOR DURANTE EL PARTO&rdquo;<\/span> &raquo;<\/a><\/p>\n","protected":false},"author":1,"featured_media":0,"parent":0,"menu_order":4,"comment_status":"closed","ping_status":"closed","template":"","meta":{"footnotes":""},"class_list":["post-239","page","type-page","status-publish","hentry"],"_links":{"self":[{"href":"https:\/\/painfreebirthing.com\/spn\/wp-json\/wp\/v2\/pages\/239","targetHints":{"allow":["GET"]}}],"collection":[{"href":"https:\/\/painfreebirthing.com\/spn\/wp-json\/wp\/v2\/pages"}],"about":[{"href":"https:\/\/painfreebirthing.com\/spn\/wp-json\/wp\/v2\/types\/page"}],"author":[{"embeddable":true,"href":"https:\/\/painfreebirthing.com\/spn\/wp-json\/wp\/v2\/users\/1"}],"replies":[{"embeddable":true,"href":"https:\/\/painfreebirthing.com\/spn\/wp-json\/wp\/v2\/comments?post=239"}],"version-history":[{"count":0,"href":"https:\/\/painfreebirthing.com\/spn\/wp-json\/wp\/v2\/pages\/239\/revisions"}],"wp:attachment":[{"href":"https:\/\/painfreebirthing.com\/spn\/wp-json\/wp\/v2\/media?parent=239"}],"curies":[{"name":"wp","href":"https:\/\/api.w.org\/{rel}","templated":true}]}}