{"id":237,"date":"2023-07-08T15:12:02","date_gmt":"2023-07-08T15:12:02","guid":{"rendered":"https:\/\/painfreebirthing.com\/spn\/introduccion\/"},"modified":"2023-07-08T15:12:02","modified_gmt":"2023-07-08T15:12:02","slug":"introduccion","status":"publish","type":"page","link":"https:\/\/painfreebirthing.com\/spn\/introduccion\/","title":{"rendered":"New Page"},"content":{"rendered":"<p><span style=\"color: rgb(74, 74, 74); \"><font size=\"3\" style=\"color: rgb(64, 64, 64); background-color: rgb(229, 229, 229); \"><span style=\"font-family: Tahoma; background-color: rgb(255, 255, 255); \"><span style=\"background-color: rgb(255, 255, 255); \"><\/p>\n<table border=\"0\">\n<tbody>\n<tr>\n<td>\n<p align=\"left\"><font size=\"3\" face=\"Tahoma\">Usted va a apreciar diferentes animaciones en esta pagina. Esta puede ser la primera de este tipo, creo firmemente que las animaciones facilitan el entendimiento de esta pagina. Los conceptos b\u00e1sicos acerca del dolor durante el parto y el manejo o alivio de este son discutidos con personajes animados para facilitar su entendimiento. Esta pagina esta dividida en diferentes secciones como lo muestra la secci\u00f3n \u201ccontenido\u201d. Usted puede navegar de una secci\u00f3n a la siguiente en orden o simplemente haga doble click en la secci\u00f3n que desee ver. El prop\u00f3sito de esta pagina es el de proveer informaci\u00f3n acerca de los m\u00e9todos para el manejo del dolor que utilizan medicamentos tales como el popularmente llamado \u201cepidural o peridural\u201d. Sin embargo existen algunos m\u00e9todos que no usan medicamentos y facilitan el \u201cparto natural\u201d. Una de las secciones provee \u201clinks\u201d para que obtenga mas informaci\u00f3n acerca de estos m\u00e9todos. Tambi\u00e9n va a encontrar una secci\u00f3n con informaci\u00f3n acerca de la ces\u00e1rea. Algunos cambios se realizaran peri\u00f3dicamente para mejorar la presentaci\u00f3n y actualizar la informaci\u00f3n.<\/p>\n<p><b>Introducci\u00f3n:<\/b><\/p>\n<p>El primer parto sin dolor usando anestesia regional fue reportado en Julio de 1900. Desde entonces, la firme dedicaci\u00f3n y compromiso de los anestesi\u00f3logos y las sociedades profesionales tal como la \u201cSociedad de Anestesia Obstetricia y Perinatologia\u201den el ultimo siglo han llevado a grandes avances en anestesia regional para proveer adecuado y seguro manejo del dolor a madres en trabajo de parto que solicitan este tipo de ayuda. Nuevas t\u00e9cnicas en anestesia regional , nuevos medicamentos y m\u00e9todos de administraci\u00f3n , y equipos de anestesi\u00f3logos o enfermeras anestesistas dedicados al cuidado de pacientes obstetricias han hecho que el manejo y control del dolor durante el trabajo de parto sea una opci\u00f3n segura. Aproximadamente 2 millones de madres usaron analgesia peridural durante el trabajo de parto en el ano 2000. Cerca de 70% de las mujeres embarazadas en nuestra instituci\u00f3n optan por analgesia epidural para el parto. El promedio nacional de analgesia epidural en el ano 1992 fue cerca de 51%.<\/p>\n<p>Afortunadamente en esta era el manejo del dolor es aceptado como una parte del trabajo de parto. El Colegio Americano de Obstetricia y Ginecolog\u00eda, en su comit\u00e9 de opini\u00f3n # 118, resume el manejo del dolor durante el trabajo de parto de esta manera: \u201cEl trabajo de parto produce un dolor severo en muchas mujeres. No hay ning\u00fan otra circunstancia en que sea considerado normal el que una persona experimente dolor, adem\u00e1s de intervenci\u00f3n segura, mientras este bajo la supervisi\u00f3n de un medico. El hecho que la madre solicite es suficiente indicaci\u00f3n para proveer alivio del dolor\u201d. El Colegio Americano de Obstetricia y Ginecolog\u00eda tambi\u00e9n opina que \u201c De los diferentes m\u00e9todos farmacol\u00f3gicos utilizados para el manejo del dolor durante el trabajo de parto, la anestesia peridural es la mas efectiva y menos depresora, permitiendo que la madre este alerta y participe en este proceso\u201d.<\/p>\n<p>Reiteramos que usted debe consultar con la persona a cargo de su embarazo y control prenatal para que sus preguntas sean adecuadamente resueltas y de esta manera pueda tomar la decisi\u00f3n final para su trabajo de parto.<\/p>\n<p><b>Definiciones:<\/b><br \/>Analgesia es alivio parcial o total de la sensaci\u00f3n de dolor<\/p>\n<p>Anestesia es usualmente considerada como un bloqueo mas intenso de todas las sensaciones incluido el movimiento muscular.<\/font><\/p>\n<\/td>\n<\/tr>\n<\/tbody>\n<\/table>\n<p>&nbsp;<br \/><span style=\"font-weight: bold; \">Bhavani Shankar Kodali MD<br \/>Associate Professor, Harvard Medical School<br \/>Brigham and Women&#8217;s Hospial<br \/>Boston, MA 02115<br \/>bskodali@bwh.harvard.edu<\/p>\n<p><font face=\"Tahoma, arial, verdana\" size=\"3\" style=\"color: rgb(0, 0, 0); font-size: medium; font-weight: 400; text-align: -webkit-center; \"><\/p>\n<p align=\"left\">Further reading :<\/p>\n<p align=\"left\">1. Datta S. Childbirth and pain relief. Next Decade, Inc.2001.&nbsp;<\/p>\n<p align=\"left\">References:&nbsp;<\/p>\n<p align=\"left\">1. Hawkins JL et al. Anesthesiology 1997;87:135.<\/p>\n<p align=\"left\">3. Giving birth in U.S. freep\/news\/health.&nbsp;<a href=\"http:\/\/www.freep.com\/news\/health\/nside18_22010918.htm\">http:\/\/www.freep.com\/news\/health\/nside18_22010918.htm<\/a>&nbsp;<\/p>\n<p><\/font><\/p>\n<p align=\"left\" style=\"color: rgb(0, 0, 0); font-family: 'Times New Roman'; font-size: medium; font-weight: 400; \"><font face=\"Tahoma, arial, verdana\" size=\"3\">4.. Gogarten W, Van Aken, H. A century of regional analgesia in obstetrics. Anesthesia and Analgesia 2000;91:773.<\/font><\/p>\n<p><\/span><\/span><\/span><\/font><\/span><\/p>\n<p><\/p>\n","protected":false},"excerpt":{"rendered":"<p>Usted va a apreciar diferentes animaciones en esta pagina. Esta puede ser la primera de este tipo, creo firmemente que las animaciones facilitan el entendimiento de esta pagina. Los conceptos b\u00e1sicos acerca del dolor durante el parto y el manejo o alivio de este son discutidos con personajes animados para facilitar su entendimiento. Esta pagina&#8230;<\/p>\n<p class=\"more-link-wrap\"><a href=\"https:\/\/painfreebirthing.com\/spn\/introduccion\/\" class=\"more-link\">Read More<span class=\"screen-reader-text\"> &ldquo;New Page&rdquo;<\/span> &raquo;<\/a><\/p>\n","protected":false},"author":1,"featured_media":0,"parent":0,"menu_order":2,"comment_status":"closed","ping_status":"closed","template":"","meta":{"footnotes":""},"class_list":["post-237","page","type-page","status-publish","hentry"],"_links":{"self":[{"href":"https:\/\/painfreebirthing.com\/spn\/wp-json\/wp\/v2\/pages\/237","targetHints":{"allow":["GET"]}}],"collection":[{"href":"https:\/\/painfreebirthing.com\/spn\/wp-json\/wp\/v2\/pages"}],"about":[{"href":"https:\/\/painfreebirthing.com\/spn\/wp-json\/wp\/v2\/types\/page"}],"author":[{"embeddable":true,"href":"https:\/\/painfreebirthing.com\/spn\/wp-json\/wp\/v2\/users\/1"}],"replies":[{"embeddable":true,"href":"https:\/\/painfreebirthing.com\/spn\/wp-json\/wp\/v2\/comments?post=237"}],"version-history":[{"count":0,"href":"https:\/\/painfreebirthing.com\/spn\/wp-json\/wp\/v2\/pages\/237\/revisions"}],"wp:attachment":[{"href":"https:\/\/painfreebirthing.com\/spn\/wp-json\/wp\/v2\/media?parent=237"}],"curies":[{"name":"wp","href":"https:\/\/api.w.org\/{rel}","templated":true}]}}