{"id":236,"date":"2023-07-08T15:12:01","date_gmt":"2023-07-08T15:12:01","guid":{"rendered":"https:\/\/painfreebirthing.com\/spn\/home\/"},"modified":"2023-07-08T15:12:01","modified_gmt":"2023-07-08T15:12:01","slug":"home","status":"publish","type":"page","link":"https:\/\/painfreebirthing.com\/spn\/","title":{"rendered":"Home"},"content":{"rendered":"<div class=\"art-content-layout layout-item-0\">\n<div class=\"art-content-layout-row\">\n<div class=\"art-layout-cell layout-item-1\" style=\"width: 100%\" >\n        <font size=\"3\" style=\"color: rgb(64, 64, 64); background-color: rgb(229, 229, 229);\"><span style=\"font-weight: 400; font-family: Tahoma, arial, verdana; color: rgb(255, 255, 255); background-color: rgb(255, 255, 255);\">Site reviewed Jan 2013, Designed, produced and maintainAed by Bhavani Shankar Kodali MD<\/span><\/p>\n<p><span style=\"font-family: Tahoma; background-color: rgb(255, 255, 255);\">S<span style=\"background-color: rgb(255, 255, 255);\">ite reviewed Jan 2018, Designed, produced and maintained by Bhavani Shankar Kodali MD<br \/>Website reviewed in British Journal of Anesthesia (https:\/\/www.sciencedirect.com\/science\/article\/pii\/S0007091217375451)&nbsp;&nbsp;<\/p>\n<p><span style=\"color: rgb(0, 0, 0); font-family: Tahoma, arial, verdana; font-size: medium; font-weight: 400; text-align: start; background-color: rgb(255, 255, 255); \">I gratefully acknowledge the personal efforts of DR Edgar G. Celis MD for providing the Spanish translation of the entire pain-free birthing website. Dr Celis was a Fellow at Harvard Medical School and resident anesthesiologist at Brigham and Women&#8217;s Hospital, Boston, MA, USA.<br \/><\/span><br \/><font face=\"Tahoma, arial, verdana\" size=\"3\" style=\"color: rgb(0, 0, 0); font-size: medium; font-weight: 400; text-align: start; background-color: rgb(255, 255, 255); \">Este es un sitio de educaci\u00f3n e informaci\u00f3n dise\u00f1ado para mujeres en busca de manejo del dolor durante el parto. Buscar m\u00e9todos para manejar el dolor durante el parto es su decisi\u00f3n y no es nuestra intenci\u00f3n entrar en la controversia de \u201cparto sin dolor\u201d versus \u201cparto natural\u201d. No tome ninguna decisi\u00f3n acerca de su parto basada \u00fanicamente en la informaci\u00f3n que le prevemos en esta pagina. Estas decisiones las debe tomar despu\u00e9s de discutir las diferentes opciones con las personas involucradas en su control prenatal, parteras y doctores. Por otra parte, la idea de dise\u00f1ar y producir esta pagina naci\u00f3 de la experiencia obtenida durante varios anos al prestar asistencia a miles de mujeres en busca de manejo de dolor durante el parto en nuestra instituci\u00f3n. Nos dimos cuenta que las mujeres en embarazo ten\u00edan diferentes preguntas a las cuales les hubiese gustado tener una respuesta antes de venir al hospital en trabajo de parto. A menudo, algunas de estas mujeres nos llaman por tel\u00e9fono en busca de informaci\u00f3n acerca de los diferentes m\u00e9todos para el manejo del dolor durante el parto. Adem\u00e1s, nos dimos cuenta que una paciente bien informada es usualmente mucho mas cooperadora y adaptativa durante el parto. Por lo tanto, nosotros creemos que la educaci\u00f3n prenatal acerca del los diferentes m\u00e9todos del manejo del dolor funciona y beneficia tanto a pacientes como a los prestadores de servicios de salud. El visitar esta pagina o el tener una charla con un anestesi\u00f3logo, no significa que usted vaya a requerir \u201canestesia\u201d. Nuestra intenci\u00f3n es brindarle la mejor informaci\u00f3n posible para que usted pueda tomar una decisi\u00f3n informada. Si quiere continuar avistando esta pagina necesitamos que lea y acepte el disclaimer antes de seguir navegando en las otras secciones de esta pagina<\/font><span style=\"color: rgb(0, 0, 0); font-size: medium; font-weight: 400; text-align: start; background-color: rgb(255, 255, 255); font-family: 'MS Gothic'; \">.<\/span><\/p>\n<table border=\"0\">\n<tbody>\n<tr>\n<td align=\"center\"><b><\/b><\/td>\n<\/tr>\n<tr>\n<td align=\"center\"><\/td>\n<\/tr>\n<tr>\n<td>\n<p align=\"left\"><span style=\"font-family: Tahoma; font-size: medium;\"><br \/><\/span><\/p>\n<\/td>\n<\/tr>\n<\/tbody>\n<\/table>\n<p>&nbsp;<br \/><span style=\"font-weight: bold;\">Bhavani Shankar Kodali MD<br \/>Associate Professor, Harvard Medical School<br \/>Brigham and Women&#8217;s Hospital<br \/>Boston, MA 02115<br \/>bskodali@bwh.harvard.edu<\/p>\n<p><font face=\"Tahoma, arial, verdana\" size=\"3\" style=\"color: rgb(0, 0, 0); font-size: medium; font-weight: 400; text-align: -webkit-center; \"><\/p>\n<p align=\"left\"><\/p>\n<p><\/font><\/span><\/span><\/span><span style=\"color: rgb(39, 25, 2); background-color: rgb(255, 255, 255); font-family: Tahoma, arial, verdana;\"><\/span><\/font><font face=\"Tahoma, arial, verdana\" size=\"3\" style=\"color: #404040; font-weight: 400; background-color: #E5E5E5;\"><\/font><\/p>\n<p><font face=\"Tahoma, arial, verdana\" size=\"3\"><b><\/b><\/font><\/p>\n<p style=\"margin-top: 10px; margin-bottom: 10px; color: #404040; font-family: Arial, 'Arial Unicode MS', Helvetica, sans-serif; font-size: 13px; font-weight: 400; background-color: #E5E5E5;\"><font face=\"Tahoma, arial, verdana\" size=\"3\"><b><\/b><\/font><\/p>\n<p style=\"margin-top: 10px; margin-bottom: 10px; color: #404040; font-family: Arial, 'Arial Unicode MS', Helvetica, sans-serif; font-size: 13px; font-weight: 400; background-color: #E5E5E5;\"><font face=\"Tahoma, arial, verdana\" size=\"3\"><b><\/b><\/font><\/p>\n<p align=\"left\" style=\"margin-top: 10px; margin-bottom: 10px; color: #404040; font-family: Arial, 'Arial Unicode MS', Helvetica, sans-serif; font-size: 13px; font-weight: 400; background-color: #E5E5E5;\"><font face=\"Tahoma, arial, verdana\" size=\"3\"><\/font><\/p>\n<p align=\"left\" style=\"margin-top: 10px; margin-bottom: 10px; color: #404040; font-family: Arial, 'Arial Unicode MS', Helvetica, sans-serif; font-size: 13px; font-weight: 400; background-color: #E5E5E5;\"><font face=\"Tahoma, arial, verdana\" size=\"3\"><\/font><\/p>\n<p align=\"left\" style=\"margin-top: 10px; margin-bottom: 10px; color: #404040; font-family: Arial, 'Arial Unicode MS', Helvetica, sans-serif; font-size: 13px; font-weight: 400; background-color: #E5E5E5;\"><font face=\"Tahoma, arial, verdana\" size=\"3\"><b><\/b><\/font><\/p>\n<p align=\"left\" style=\"margin-top: 10px; margin-bottom: 10px; color: #404040; font-family: Arial, 'Arial Unicode MS', Helvetica, sans-serif; font-size: 13px; font-weight: 400; background-color: #E5E5E5;\"><font face=\"Tahoma, arial, verdana\" size=\"3\"><b><\/b><\/font><\/p>\n<p align=\"right\" style=\"margin-top: 10px; margin-bottom: 10px; color: #404040; font-family: Arial, 'Arial Unicode MS', Helvetica, sans-serif; font-size: 13px; font-weight: 400; background-color: #E5E5E5;\"><font face=\"Tahoma, arial, verdana\" size=\"5\"><span style=\"background-color: #FFFFFF;\"><\/span><\/font><\/p>\n<h1 style=\"text-align: left;\"><\/h1>\n<p><a href=\"#\"><\/a><\/p>\n<\/p><\/div>\n<\/p><\/div>\n<\/div>\n","protected":false},"excerpt":{"rendered":"<p>Site reviewed Jan 2013, Designed, produced and maintainAed by Bhavani Shankar Kodali MD Site reviewed Jan 2018, Designed, produced and maintained by Bhavani Shankar Kodali MDWebsite reviewed in British Journal of Anesthesia (https:\/\/www.sciencedirect.com\/science\/article\/pii\/S0007091217375451)&nbsp;&nbsp; I gratefully acknowledge the personal efforts of DR Edgar G. Celis MD for providing the Spanish translation of the entire pain-free birthing&#8230;<\/p>\n<p class=\"more-link-wrap\"><a href=\"https:\/\/painfreebirthing.com\/spn\/\" class=\"more-link\">Read More<span class=\"screen-reader-text\"> &ldquo;Home&rdquo;<\/span> &raquo;<\/a><\/p>\n","protected":false},"author":1,"featured_media":0,"parent":0,"menu_order":1,"comment_status":"closed","ping_status":"closed","template":"","meta":{"footnotes":""},"class_list":["post-236","page","type-page","status-publish","hentry"],"_links":{"self":[{"href":"https:\/\/painfreebirthing.com\/spn\/wp-json\/wp\/v2\/pages\/236","targetHints":{"allow":["GET"]}}],"collection":[{"href":"https:\/\/painfreebirthing.com\/spn\/wp-json\/wp\/v2\/pages"}],"about":[{"href":"https:\/\/painfreebirthing.com\/spn\/wp-json\/wp\/v2\/types\/page"}],"author":[{"embeddable":true,"href":"https:\/\/painfreebirthing.com\/spn\/wp-json\/wp\/v2\/users\/1"}],"replies":[{"embeddable":true,"href":"https:\/\/painfreebirthing.com\/spn\/wp-json\/wp\/v2\/comments?post=236"}],"version-history":[{"count":0,"href":"https:\/\/painfreebirthing.com\/spn\/wp-json\/wp\/v2\/pages\/236\/revisions"}],"wp:attachment":[{"href":"https:\/\/painfreebirthing.com\/spn\/wp-json\/wp\/v2\/media?parent=236"}],"curies":[{"name":"wp","href":"https:\/\/api.w.org\/{rel}","templated":true}]}}