{"id":99,"date":"2023-07-08T15:42:45","date_gmt":"2023-07-08T15:42:45","guid":{"rendered":"https:\/\/painfreebirthing.com\/port\/metodos-alternativos-de-alivio-da-dor-durante-o-parto\/banho\/"},"modified":"2023-07-08T15:42:45","modified_gmt":"2023-07-08T15:42:45","slug":"banho","status":"publish","type":"page","link":"https:\/\/painfreebirthing.com\/port\/metodos-alternativos-de-alivio-da-dor-durante-o-parto\/banho\/","title":{"rendered":"Banho"},"content":{"rendered":"<p align=\"left\" style=\"margin-top: 10px; margin-bottom: 10px; font-weight: 400; background-color: rgba(255, 255, 255, 0.597656); color: rgb(0, 0, 0); font-family: 'Times New Roman'; font-size: medium;\"><font face=\"Tahoma, arial, verdana\" size=\"3\"><br \/><\/font><\/p>\n<p align=\"left\" style=\"background-color: transparent; color: rgb(0, 0, 0); font-family: 'Times New Roman'; font-size: 16px; font-weight: 400; text-align: left;\"><span lang=\"PT-BR\" style=\"font-family: Tahoma, sans-serif;\">Muitas mulheres em trabalho de parto consideram que o banho reduz a<br \/>\n\t\t\tdor do parto. Elas t\u00eam utilizado os banhos por anos em partos fora<br \/>\n\t\t\tdo hospital tanto para o trabalho de parto quanto para o parto<br \/>\n\t\t\tpropriamente. Diversos hospitais oferecem um servi\u00e7o de banho ou<br \/>\n\t\t\tpermitem as fam\u00edlias a trazerem equipamentos para banho.<\/span><\/p>\n<p style=\"background-color: transparent; color: rgb(0, 0, 0); font-family: 'Times New Roman'; font-size: 16px; font-weight: 400; text-align: center;\">\n\t\t\t<b><span lang=\"PT-BR\" style=\"font-family: Tahoma, sans-serif;\">T\u00e9cnica<br \/>\n\t\t\t\u2013<\/span><\/b><\/p>\n<p align=\"left\" style=\"background-color: transparent; color: rgb(0, 0, 0); font-family: 'Times New Roman'; font-size: 16px; font-weight: 400; text-align: left;\">\n\t\t\t<span lang=\"PT-BR\" style=\"font-family: Tahoma, sans-serif;\">Quando a<br \/>\n\t\t\tgestante entra na fase ativa do trabalho de parto (dilata\u00e7\u00e3o<br \/>\n\t\t\tcervical maior que 4 cm) ela \u00e9 colocada em uma banheira com \u00e1gua<br \/>\n\t\t\tquente. A \u00e1gua, pr\u00f3xima \u00e0 temperatura corp\u00f3rea (37- 38<sup>o<\/sup><br \/>\n\t\t\t<\/span><span lang=\"PT-BR\">C),<\/span><br \/>\n\t\t\t<span lang=\"PT-BR\" style=\"font-family: Tahoma, sans-serif;\">n\u00e3o deve<br \/>\n\t\t\tficar acima do n\u00edvel dos mamilos, de maneira que o resfriamento<br \/>\n\t\t\tcorporal adequado possa ocorrer.&nbsp;<\/span><\/p>\n<p align=\"left\" style=\"background-color: transparent; color: rgb(0, 0, 0); font-family: 'Times New Roman'; font-size: 16px; font-weight: 400; text-align: left;\"><b><br \/>\n\t\t\t<span lang=\"PT-BR\" style=\"font-family: Tahoma, sans-serif;\">Dura\u00e7\u00e3o \u2013<br \/>\n\t\t\t<\/span><\/b><\/p>\n<p align=\"left\" style=\"background-color: transparent; color: rgb(0, 0, 0); font-family: 'Times New Roman'; font-size: 16px; font-weight: 400; text-align: left;\">\n\t\t\t<span lang=\"PT-BR\" style=\"font-family: Tahoma, sans-serif;\">Muitas<br \/>\n\t\t\tmulheres consideram o banho calmante e com menos dor do parto quando<br \/>\n\t\t\tutilizado por 1 a 1 hora e meia. Estudos indicam que dura\u00e7\u00f5es<br \/>\n\t\t\tmaiores n\u00e3o melhoram a dor e aumentam o risco de temperaturas<br \/>\n\t\t\televadas sobre o beb\u00ea por tempo prolongado.<\/span><\/p>\n<p align=\"left\" style=\"background-color: transparent; color: rgb(0, 0, 0); font-family: 'Times New Roman'; font-size: 16px; font-weight: 400; text-align: left;\"><b><br \/>\n\t\t\t<span lang=\"PT-BR\" style=\"font-family: Tahoma, sans-serif;\"><br \/>\n\t\t\tLimita\u00e7\u00f5es:<\/span><\/b><\/p>\n<p align=\"left\" style=\"background-color: transparent; color: rgb(0, 0, 0); font-family: 'Times New Roman'; font-size: 16px; font-weight: 400; margin-left: 48px; text-align: left; text-indent: -24px;\">\n\t\t\t<span lang=\"PT-BR\" style=\"font-family: Symbol; font-size: 13.33px;\">\u00b7&nbsp;&nbsp;&nbsp;&nbsp;&nbsp;&nbsp;&nbsp;&nbsp;<br \/>\n\t\t\t<\/span><br \/>\n\t\t\t<span lang=\"PT-BR\" style=\"font-family: Tahoma, sans-serif;\">A<br \/>\n\t\t\ttemperatura corporal fetal \u00e9 aproximadamente um grau Celsius maior<br \/>\n\t\t\tdo que a temperatura materna. Exposi\u00e7\u00e3o prolongada do feto a<br \/>\n\t\t\ttemperaturas elevadas podem aumentar a morbidade fetal, dessa forma<br \/>\n\t\t\trecomenda-se que a temperatura da \u00e1gua n\u00e3o ultrapasse 37 <sup>o<br \/>\n\t\t\t<\/sup>C e que a dura\u00e7\u00e3o seja limitada a menos de duas horas por<br \/>\n\t\t\tper\u00edodo de banho.<\/span><\/p>\n<p align=\"left\" style=\"background-color: transparent; color: rgb(0, 0, 0); font-family: 'Times New Roman'; font-size: 16px; font-weight: 400; margin-left: 48px; text-align: left; text-indent: -24px;\">\n\t\t\t<span lang=\"PT-BR\" style=\"font-family: Symbol; font-size: 13.33px;\">\u00b7&nbsp;&nbsp;&nbsp;&nbsp;&nbsp;&nbsp;&nbsp;&nbsp;<br \/>\n\t\t\t<\/span><br \/>\n\t\t\t<span lang=\"PT-BR\" style=\"font-family: Tahoma, sans-serif;\">Nos casos<br \/>\n\t\t\tonde a bolsa das \u00e1guas (membranas) tenha rompido prematuramente, a<br \/>\n\t\t\tmaioria dos estudos n\u00e3o demonstrou aumento na infec\u00e7\u00e3o ou no uso de<br \/>\n\t\t\tantibi\u00f3ticos com os banhos intraparto. Mais estudos precisam ser<br \/>\n\t\t\trealizados nos casos de ruptura de membranas para que recomenda\u00e7\u00f5es<br \/>\n\t\t\tsejam feitas.&nbsp;<\/span><\/p>\n<p align=\"left\" style=\"background-color: transparent; color: rgb(0, 0, 0); font-family: 'Times New Roman'; font-size: 16px; font-weight: 400; text-align: left;\">\n\t\t\t<span lang=\"PT-BR\" style=\"font-family: Tahoma, sans-serif;\">As<br \/>\n\t\t\tinforma\u00e7\u00f5es acima a respeito de banhos intraparto foram obtidas dos<br \/>\n\t\t\testudos a seguir. Caso queira maiores informa\u00e7\u00f5es a respeito desse<br \/>\n\t\t\tassunto, n\u00f3s indicamos a leitura dos estudos sugeridos, assim como<br \/>\n\t\t\tdo website e a discuss\u00e3o do assunto com seu\/ sua obstetra.<\/span>\n\t\t\t<\/p>\n<p align=\"left\" style=\"background-color: transparent; color: rgb(0, 0, 0); font-family: 'Times New Roman'; font-size: 16px; font-weight: 400; text-align: left;\">&nbsp;<\/p>\n<p align=\"left\" style=\"background-color: transparent; color: rgb(0, 0, 0); font-family: 'Times New Roman'; font-size: 16px; font-weight: 400; text-align: left;\">\n\t\t\t<span lang=\"PT-BR\" style=\"font-family: Tahoma, sans-serif;\">Link:<br \/>\n\t\t\t<\/span><br \/>\n\t\t\t<span lang=\"PT-BR\" style=\"color: rgb(255, 0, 0);\"><br \/>\n\t\t\t<a style=\"color: rgb(0, 0, 255); text-decoration: underline;\" href=\"http:\/\/www.parentsplace.com\/pregnancy\/labor\/articles\/0,,239070_114897,00.html\"><br \/>\n\t\t\t<span lang=\"EN-US\"><br \/>\n\t\t\thttp:\/\/www.parentsplace.com\/pregnancy\/labor\/articles\/0,,239070_114897,00.html<\/span><\/a><\/span><\/p>\n<p align=\"left\" style=\"background-color: transparent; color: rgb(0, 0, 0); font-family: 'Times New Roman'; font-size: 16px; font-weight: 400; text-align: left;\">&nbsp;<\/p>\n<p align=\"left\" style=\"background-color: transparent; color: rgb(0, 0, 0); font-family: 'Times New Roman'; font-size: 16px; font-weight: 400; text-align: left;\">\n\t\t\t<span style=\"font-family: Tahoma, sans-serif;\">Simkin<br \/>\n\t\t\tP.,Nonpharmacologic relief of pain during labor:Systematic reviews<br \/>\n\t\t\tof five methods, Am J Obstet gynecol, 2002 Volume 186, Number 5<br \/>\n\t\t\t,S131-159&nbsp; &nbsp;<\/span><\/p>\n<p align=\"left\" style=\"background-color: transparent; color: rgb(0, 0, 0); font-family: 'Times New Roman'; font-size: 16px; font-weight: 400; text-align: left;\">\n\t\t\t<span style=\"font-family: Tahoma, sans-serif;\">Odent M. Water birth:<br \/>\n\t\t\twhat&#8217;s next. Electronic response to: Perinatal mortality and<br \/>\n\t\t\tmorbidity among babies delivered in water: surveillance study and<br \/>\n\t\t\tpostal survey.<\/span><br \/>\n\t\t\t<span lang=\"PT-BR\" style=\"font-family: Tahoma, sans-serif;\">Dispon\u00edvel<br \/>\n\t\t\tno site:<\/span><br \/>\n\t\t\t<span lang=\"PT-BR\" style=\"color: rgb(255, 0, 0);\"><a style=\"color: rgb(0, 0, 255); text-decoration: underline;\" href=\"http:\/\/www.bmj.com\/\"><br \/>\n\t\t\twww.bmj.com<\/a><\/span>&nbsp;\n\t\t\t<\/p>\n<p align=\"left\" style=\"background-color: transparent; color: rgb(0, 0, 0); font-family: 'Times New Roman'; font-size: 16px; font-weight: 400; text-align: left;\">\n\t\t\t<span style=\"font-family: Tahoma, sans-serif;\"><br \/>\n\t\t\tOdent M Can water immersion stop labor?<\/span><br \/>\n\t\t\t<span lang=\"PT-BR\" style=\"font-family: Tahoma, sans-serif;\"><br \/>\n\t\t\tJ Nurse Midwifery 1997;42: 414-16<\/span><\/p>\n<p align=\"left\" style=\"background-color: transparent; color: rgb(0, 0, 0); font-family: 'Times New Roman'; font-size: 16px; font-weight: 400; text-align: left;\"><span lang=\"PT-BR\" style=\"font-family: Tahoma, sans-serif;\"><br \/><\/span><\/p>\n<p align=\"left\" style=\"background-color: transparent; color: rgb(0, 0, 0); font-family: 'Times New Roman'; font-size: 16px; font-weight: 400; text-align: center;\"><a href=\"\/metodos-alternativos-de-alivio-da-dor-durante-o-parto\/acupuntura\" target=\"_parent\" rel=\"noopener\">Clique abaixo para ler o pr\u00f3ximo \u00edtem<\/a><span style=\"background-color: transparent; color: rgb(0, 0, 255); font-family: Helvetica, sans-serif; font-weight: 400; text-align: center;\"><\/span><span lang=\"PT-BR\" style=\"font-family: Tahoma, sans-serif;\"><br \/><\/span><\/p>\n<p align=\"left\" style=\"margin-top: 10px; margin-bottom: 10px; font-weight: 400; background-color: rgba(255, 255, 255, 0.597656); color: rgb(0, 0, 0); font-family: 'Times New Roman'; font-size: medium;\"><font face=\"Tahoma, arial, verdana\" size=\"3\"><span style=\"color: #000000;\"><\/span><\/font><\/p>\n<p align=\"left\" style=\"font-family: 'Times New Roman'; font-size: medium; font-weight: 400;\"><font face=\"Tahoma, arial, verdana\" size=\"3\"><font face=\"Tahoma, arial, verdana\"><b><\/b><b><\/b><b><\/b><\/font><\/font><\/p>\n<p align=\"center\" style=\"font-family: 'Times New Roman'; font-size: medium; font-weight: 400;\"><a target=\"_parent\" href=\"\/metodi-alternativi-per-la-riduzione-del-dolore-durante-il-travaglio\/agopuntura\" rel=\"noopener\"><\/a><\/p>\n<p><\/p>\n","protected":false},"excerpt":{"rendered":"<p>Muitas mulheres em trabalho de parto consideram que o banho reduz a dor do parto. Elas t\u00eam utilizado os banhos por anos em partos fora do hospital tanto para o trabalho de parto quanto para o parto propriamente. Diversos hospitais oferecem um servi\u00e7o de banho ou permitem as fam\u00edlias a trazerem equipamentos para banho. T\u00e9cnica&#8230;<\/p>\n<p class=\"more-link-wrap\"><a href=\"https:\/\/painfreebirthing.com\/port\/metodos-alternativos-de-alivio-da-dor-durante-o-parto\/banho\/\" class=\"more-link\">Read More<span class=\"screen-reader-text\"> &ldquo;Banho&rdquo;<\/span> &raquo;<\/a><\/p>\n","protected":false},"author":1,"featured_media":0,"parent":95,"menu_order":13,"comment_status":"closed","ping_status":"closed","template":"","meta":{"footnotes":""},"class_list":["post-99","page","type-page","status-publish","hentry"],"_links":{"self":[{"href":"https:\/\/painfreebirthing.com\/port\/wp-json\/wp\/v2\/pages\/99","targetHints":{"allow":["GET"]}}],"collection":[{"href":"https:\/\/painfreebirthing.com\/port\/wp-json\/wp\/v2\/pages"}],"about":[{"href":"https:\/\/painfreebirthing.com\/port\/wp-json\/wp\/v2\/types\/page"}],"author":[{"embeddable":true,"href":"https:\/\/painfreebirthing.com\/port\/wp-json\/wp\/v2\/users\/1"}],"replies":[{"embeddable":true,"href":"https:\/\/painfreebirthing.com\/port\/wp-json\/wp\/v2\/comments?post=99"}],"version-history":[{"count":0,"href":"https:\/\/painfreebirthing.com\/port\/wp-json\/wp\/v2\/pages\/99\/revisions"}],"up":[{"embeddable":true,"href":"https:\/\/painfreebirthing.com\/port\/wp-json\/wp\/v2\/pages\/95"}],"wp:attachment":[{"href":"https:\/\/painfreebirthing.com\/port\/wp-json\/wp\/v2\/media?parent=99"}],"curies":[{"name":"wp","href":"https:\/\/api.w.org\/{rel}","templated":true}]}}