{"id":98,"date":"2023-07-08T15:42:44","date_gmt":"2023-07-08T15:42:44","guid":{"rendered":"https:\/\/painfreebirthing.com\/port\/metodos-alternativos-de-alivio-da-dor-durante-o-parto\/lamaze\/"},"modified":"2023-07-08T15:42:44","modified_gmt":"2023-07-08T15:42:44","slug":"lamaze","status":"publish","type":"page","link":"https:\/\/painfreebirthing.com\/port\/metodos-alternativos-de-alivio-da-dor-durante-o-parto\/lamaze\/","title":{"rendered":"Lamaze"},"content":{"rendered":"<p><font face=\"Tahoma, arial, verdana\" style=\"color: rgb(105, 105, 105); font-weight: 400; background-color: rgba(255, 255, 255, 0.597656);\"><span style=\"font-size: medium; font-weight: bold;\"><\/p>\n<table>\n<tbody>\n<tr>\n<td style=\"text-align: center; \">\n<p class=\"MsoNormal\" style=\"background-color: transparent; color: rgb(0, 0, 0); font-family: 'Times New Roman'; font-size: 16px; font-weight: 400; text-align: justify; \"><b><span lang=\"PT-BR\" style=\"font-family: Tahoma, sans-serif; \">Lamaze<\/span><\/b><span lang=\"PT-BR\" style=\"font-family: Tahoma, sans-serif; \"><br \/>\n\t\t\t\u00e9 outra t\u00e9cnica usada por algumas mulheres. Dr. Grantley Dick Read<br \/>\n\t\t\tencorajava mulheres a dar \u00e0 luz naturalmente atrav\u00e9s da redu\u00e7\u00e3o do<br \/>\n\t\t\tmedo (e dor) do parto atrav\u00e9s do conhecimento e relaxamento. Dr<br \/>\n\t\t\tlamaze avan\u00e7ou numa s\u00e9rie de estrat\u00e9gias simples para facilitar o<br \/>\n\t\t\tparto normal e ajudar a mulher a ter o parto sem medica\u00e7\u00f5es.<br \/>\n\t\t\tPsicoprofilaxia, o m\u00e9todo de Lamaze, consiste no suporte cont\u00ednuo do<br \/>\n\t\t\ttrabalho de parto (atrav\u00e9s de um assistente, como o pai do beb\u00ea) e o<br \/>\n\t\t\tuso de um repert\u00f3rio de t\u00e9cnicas de relaxamento e respira\u00e7\u00e3o. Lamaze<br \/>\n\t\t\tacreditava que exerc\u00edcios adequados e controlados de respira\u00e7\u00e3o eram<br \/>\n\t\t\tefetivos no bloqueio da percep\u00e7\u00e3o da dor das contra\u00e7\u00f5es pelas<br \/>\n\t\t\tmulheres. <\/span><\/p>\n<p class=\"MsoNormal\" style=\"background-color: transparent; color: rgb(0, 0, 0); font-family: 'Times New Roman'; font-size: 16px; font-weight: 400; text-align: justify; \">\n\t\t\t&nbsp;<\/p>\n<p class=\"MsoNormal\" style=\"background-color: transparent; color: rgb(0, 0, 0); font-family: 'Times New Roman'; font-size: 16px; font-weight: 400; text-align: justify; \">\n\t\t\t<span lang=\"PT-BR\" style=\"font-family: Tahoma, sans-serif; \">Para<br \/>\n\t\t\tdetalhes:<\/span><\/p>\n<p class=\"MsoNormal\" style=\"background-color: transparent; color: rgb(0, 0, 0); font-family: 'Times New Roman'; font-size: 16px; font-weight: 400; text-align: justify; \">\n\t\t\t&nbsp;<\/p>\n<p class=\"MsoNormal\" style=\"background-color: transparent; color: rgb(0, 0, 0); font-family: 'Times New Roman'; font-size: 16px; font-weight: 400; text-align: justify; \">\n\t\t\t&nbsp;<span lang=\"PT-BR\"><a style=\"text-decoration: underline; \" href=\"http:\/\/www.lamaze.com\/\" target=\"_blank\" rel=\"noopener\"><font color=\"#000000\">www.lamaze-childbirth.com<\/font><\/a><br \/>\n\t\t\t<\/span><\/p>\n<p class=\"MsoNormal\" style=\"background-color: transparent; color: rgb(0, 0, 0); font-family: 'Times New Roman'; font-size: 16px; font-weight: 400; text-align: justify; \">\n\t\t\t&nbsp;<\/p>\n<p class=\"MsoNormal\" style=\"background-color: transparent; color: rgb(0, 0, 0); font-family: 'Times New Roman'; font-size: 16px; font-weight: 400; text-align: justify; \">\n\t\t\t<span lang=\"PT-BR\"><br \/>\n\t\t\t&nbsp;<a style=\"text-decoration: underline; \" href=\"http:\/\/lamaze-childbirth.com\/2000\/JPEextend.html\" target=\"_blank\" rel=\"noopener\"><font color=\"#000000\" >http:\/\/lamaze-childbirth.com\/2000\/JPEextend.html<\/font><\/a><br \/>\n\t\t\t<\/span><\/p>\n<p class=\"MsoNormal\" style=\"background-color: transparent; color: rgb(0, 0, 0); font-family: 'Times New Roman'; font-size: 16px; font-weight: 400; text-align: justify; \">\n\t\t\t&nbsp;&nbsp;<\/p>\n<p class=\"MsoNormal\" style=\"background-color: transparent; color: rgb(0, 0, 0); font-family: 'Times New Roman'; font-size: 16px; font-weight: 400; text-align: justify; \">\n\t\t\t<span lang=\"PT-BR\"><br \/>\n\t\t\t&nbsp;<a style=\"text-decoration: underline; \" href=\"http:\/\/www.lamaze.com\/\"><font color=\"#000000\" >www.lamaze.com<\/font><\/a><br \/>\n\t\t\t<\/span><\/p>\n<p class=\"MsoNormal\" style=\"background-color: transparent; color: rgb(0, 0, 0); font-family: 'Times New Roman'; font-size: 16px; font-weight: 400; text-align: justify; \">\n<p>\t\t\t&nbsp;<\/p>\n<p>\t\t\t<span lang=\"PT-BR\" style=\"background-color: transparent; color: rgb(0, 0, 0); font-family: Tahoma, sans-serif; font-size: 16px; font-weight: 400; text-align: center; \"><br \/>\n\t\t\t<a href=\"\/metodos-alternativos-de-alivio-da-dor-durante-o-parto\/banho\" target=\"_parent\" rel=\"noopener\">Clique abaixo para o pr\u00f3ximo \u00edtem<\/a><\/span><font face=\"Tahoma, arial, verdana\" size=\"3\"><span style=\"color: #000000; \"><\/span><\/font><\/td>\n<\/tr>\n<tr>\n<td>\n<p align=\"center\"><span style=\"font-family: Tahoma; font-size: 16px; color: #000000; \"><a target=\"_parent\" href=\"\/metodi-alternativi-per-la-riduzione-del-dolore-durante-il-travaglio\/bagni\" rel=\"noopener\"><\/a><\/span><\/p>\n<\/td>\n<\/tr>\n<\/tbody>\n<\/table>\n<p><\/span><\/font><\/p>\n<p style=\"margin-top: 10px; margin-bottom: 10px; color: rgb(105, 105, 105); font-family: Arial, 'Arial Unicode MS', Helvetica, sans-serif; font-weight: 400; background-color: rgba(255, 255, 255, 0.597656); text-align: center;\"><a href=\"http:\/\/www.lamaze.com\/\" target=\"_blank\" style=\"font-family: Arial, 'Arial Unicode MS', Helvetica, sans-serif;\" rel=\"noopener\"><\/a><\/p>\n<p style=\"margin-top: 10px; margin-bottom: 10px; color: rgb(105, 105, 105); font-family: Arial, 'Arial Unicode MS', Helvetica, sans-serif; font-weight: 400; background-color: rgba(255, 255, 255, 0.597656); text-align: center;\"><a href=\"\/alternative-methods\/bathing\" target=\"_parent\" rel=\"noopener\"><\/a><\/p>\n<p style=\"margin-top: 10px; margin-bottom: 10px; color: rgb(105, 105, 105); font-family: Arial, 'Arial Unicode MS', Helvetica, sans-serif; font-weight: 400; background-color: rgba(255, 255, 255, 0.597656);\">&nbsp;<\/p>\n<p><\/p>\n","protected":false},"excerpt":{"rendered":"<p>Lamaze \u00e9 outra t\u00e9cnica usada por algumas mulheres. Dr. Grantley Dick Read encorajava mulheres a dar \u00e0 luz naturalmente atrav\u00e9s da redu\u00e7\u00e3o do medo (e dor) do parto atrav\u00e9s do conhecimento e relaxamento. Dr lamaze avan\u00e7ou numa s\u00e9rie de estrat\u00e9gias simples para facilitar o parto normal e ajudar a mulher a ter o parto sem&#8230;<\/p>\n<p class=\"more-link-wrap\"><a href=\"https:\/\/painfreebirthing.com\/port\/metodos-alternativos-de-alivio-da-dor-durante-o-parto\/lamaze\/\" class=\"more-link\">Read More<span class=\"screen-reader-text\"> &ldquo;Lamaze&rdquo;<\/span> &raquo;<\/a><\/p>\n","protected":false},"author":1,"featured_media":0,"parent":95,"menu_order":12,"comment_status":"closed","ping_status":"closed","template":"","meta":{"footnotes":""},"class_list":["post-98","page","type-page","status-publish","hentry"],"_links":{"self":[{"href":"https:\/\/painfreebirthing.com\/port\/wp-json\/wp\/v2\/pages\/98","targetHints":{"allow":["GET"]}}],"collection":[{"href":"https:\/\/painfreebirthing.com\/port\/wp-json\/wp\/v2\/pages"}],"about":[{"href":"https:\/\/painfreebirthing.com\/port\/wp-json\/wp\/v2\/types\/page"}],"author":[{"embeddable":true,"href":"https:\/\/painfreebirthing.com\/port\/wp-json\/wp\/v2\/users\/1"}],"replies":[{"embeddable":true,"href":"https:\/\/painfreebirthing.com\/port\/wp-json\/wp\/v2\/comments?post=98"}],"version-history":[{"count":0,"href":"https:\/\/painfreebirthing.com\/port\/wp-json\/wp\/v2\/pages\/98\/revisions"}],"up":[{"embeddable":true,"href":"https:\/\/painfreebirthing.com\/port\/wp-json\/wp\/v2\/pages\/95"}],"wp:attachment":[{"href":"https:\/\/painfreebirthing.com\/port\/wp-json\/wp\/v2\/media?parent=98"}],"curies":[{"name":"wp","href":"https:\/\/api.w.org\/{rel}","templated":true}]}}