{"id":97,"date":"2023-07-08T15:42:43","date_gmt":"2023-07-08T15:42:43","guid":{"rendered":"https:\/\/painfreebirthing.com\/port\/metodos-alternativos-de-alivio-da-dor-durante-o-parto\/hipnoterapia\/"},"modified":"2023-07-08T15:42:43","modified_gmt":"2023-07-08T15:42:43","slug":"hipnoterapia","status":"publish","type":"page","link":"https:\/\/painfreebirthing.com\/port\/metodos-alternativos-de-alivio-da-dor-durante-o-parto\/hipnoterapia\/","title":{"rendered":"Hipnoterapia"},"content":{"rendered":"<p align=\"left\" style=\"margin-top: 10px; margin-bottom: 10px; color: rgb(105, 105, 105); font-family: Arial, 'Arial Unicode MS', Helvetica, sans-serif; font-weight: 400; background-color: rgba(255, 255, 255, 0.597656);\"><font face=\"Tahoma, arial, verdana\" size=\"3\" style=\"color: rgb(0, 0, 0); font-size: medium; text-align: -webkit-center;\"><br \/><\/font><\/p>\n<table border=\"0\" width=\"100%\">\n<tbody>\n<tr>\n<td align=\"center\">\n<p align=\"left\" style=\"background-color: transparent; color: rgb(0, 0, 0); font-family: Tahoma, arial, verdana; font-size: 16px; font-weight: 400; text-align: left; \"><span lang=\"PT-BR\" style=\"font-family: Tahoma, sans-serif; color: #000000; \">O hipnoparto foi introduzido no s\u00e9culo XIX utilizando t\u00e9cnicas para<br \/>\n\t\t\to al\u00edvio do medo e relaxamento. \u201cMulheres tentam aliviar toda a<br \/>\n\t\t\tansiedade e alcan\u00e7ar um estado relaxado, livre, mole, como uma<br \/>\n\t\t\tboneca de pano&#8230;ent\u00e3o o corpo pode fazer o que foi designado para<br \/>\n\t\t\tfazer durante o parto, sem constric\u00e7\u00f5es e conseq\u00fcente desconforto.\u201d<br \/>\n\t\t\t<\/span><\/p>\n<p align=\"left\" style=\"background-color: transparent; color: #000000; font-family: Tahoma, arial, verdana; font-size: 16px; font-weight: 400; text-align: left; \"><b><br \/>\n\t\t\t<span lang=\"PT-BR\" style=\"font-family: Tahoma, sans-serif; color: #000000; \"><br \/>\n\t\t\tT\u00e9cnica <\/span><\/b><br \/>\n\t\t\t<span lang=\"PT-BR\" style=\"font-family: Tahoma, sans-serif; color: #000000; \"><br \/>\n\t\t\t\u2013 aulas de hipnoparto geralmente ocorrem uma vez por semana por 2<br \/>\n\t\t\thoras e iniciam-se na 30\u00aa semana de gravidez durante um per\u00edodo de<br \/>\n\t\t\t4-5 semanas. O hipn\u00f3logo n\u00e3o costuma acompanhar a m\u00e3e durante o<br \/>\n\t\t\tparto. Esse m\u00e9todo tenta modificar a percep\u00e7\u00e3o de dor atrav\u00e9s da<br \/>\n\t\t\tauto-hipnose e sugest\u00e3o p\u00f3s-hipn\u00f3tica. Um exemplo \u00e9 a imagem de<br \/>\n\t\t\testar em um local seguro frequentemente simbolizando a dor como algo<br \/>\n\t\t\tque pode ser separado da recogni\u00e7\u00e3o consciente e, desta forma,<br \/>\n\t\t\ttentando sentir menos dor. Alguns objetivos da hipnoterapia incluem:<\/span><\/p>\n<p align=\"left\" style=\"background-color: transparent; color: #000000; font-family: Tahoma, arial, verdana; font-size: 16px; font-weight: 400; margin-left: 48px; text-align: left; text-indent: -24px; \">\n\t\t\t<span lang=\"PT-BR\" style=\"font-family: Symbol; color: #000000; \">\u00b7&nbsp;&nbsp;&nbsp;&nbsp;&nbsp;&nbsp;&nbsp;&nbsp;<br \/>\n\t\t\t<\/span><br \/>\n\t\t\t<span lang=\"PT-BR\" style=\"font-family: Tahoma, sans-serif; color: #000000; \"><br \/>\n\t\t\tMenor necessidade de medica\u00e7\u00f5es para dor<\/span><\/p>\n<p align=\"left\" style=\"background-color: transparent; color: #000000; font-family: Tahoma, arial, verdana; font-size: 16px; font-weight: 400; margin-left: 48px; text-align: left; text-indent: -24px; \">\n\t\t\t<span lang=\"PT-BR\" style=\"font-family: Symbol; color: #000000; \">\u00b7&nbsp;&nbsp;&nbsp;&nbsp;&nbsp;&nbsp;&nbsp;&nbsp;<br \/>\n\t\t\t<\/span><br \/>\n\t\t\t<span lang=\"PT-BR\" style=\"font-family: Tahoma, sans-serif; color: #000000; \"><br \/>\n\t\t\tO parto se torna uma pac\u00edfica celebra\u00e7\u00e3o da vida<\/span><\/p>\n<p align=\"left\" style=\"background-color: transparent; color: #000000; font-family: Tahoma, arial, verdana; font-size: 16px; font-weight: 400; margin-left: 48px; text-align: left; text-indent: -24px; \">\n\t\t\t<span lang=\"PT-BR\" style=\"font-family: Symbol; color: #000000; \">\u00b7&nbsp;&nbsp;&nbsp;&nbsp;&nbsp;&nbsp;&nbsp;&nbsp;<br \/>\n\t\t\t<\/span><br \/>\n\t\t\t<span lang=\"PT-BR\" style=\"font-family: Tahoma, sans-serif; color: #000000; \"><br \/>\n\t\t\tMenor fadiga do parto<\/span><\/p>\n<p align=\"left\" style=\"background-color: transparent; color: #000000; font-family: Tahoma, arial, verdana; font-size: 16px; font-weight: 400; margin-left: 48px; text-align: left; text-indent: -24px; \">\n\t\t\t<span lang=\"PT-BR\" style=\"font-family: Symbol; color: #000000; \">\u00b7&nbsp;&nbsp;&nbsp;&nbsp;&nbsp;&nbsp;&nbsp;&nbsp;<br \/>\n\t\t\t<\/span><br \/>\n\t\t\t<span lang=\"PT-BR\" style=\"font-family: Tahoma, sans-serif; color: #000000; \"><br \/>\n\t\t\tUne m\u00e3e, beb\u00ea e o acompanhante do parto<\/span><\/p>\n<p align=\"left\" style=\"background-color: transparent; color: #000000; font-family: Tahoma, arial, verdana; font-size: 16px; font-weight: 400; margin-left: 48px; text-align: left; text-indent: -24px; \">\n\t\t\t<span lang=\"PT-BR\" style=\"font-family: Symbol; color: #000000; \">\u00b7&nbsp;&nbsp;&nbsp;&nbsp;&nbsp;&nbsp;&nbsp;&nbsp;<br \/>\n\t\t\t<\/span><br \/>\n\t\t\t<span lang=\"PT-BR\" style=\"font-family: Tahoma, sans-serif; color: #000000; \"><br \/>\n\t\t\tMenos hiperventila\u00e7\u00e3o do que o m\u00e9todo de Lamaze<\/span><\/p>\n<p align=\"left\" style=\"background-color: transparent; color: #000000; font-family: Tahoma, arial, verdana; font-size: 16px; font-weight: 400; margin-left: 48px; text-align: left; text-indent: -24px; \">&nbsp;<\/p>\n<p align=\"left\" style=\"background-color: transparent; color: #000000; font-family: Tahoma, arial, verdana; font-size: 16px; font-weight: 400; text-align: left; \">\n\t\t\t<span lang=\"PT-BR\" style=\"font-family: Tahoma, sans-serif; color: #000000; \"><br \/>\n\t\t\tEsse m\u00e9todo tenta fazer com que o processo de nascimento seja menos<br \/>\n\t\t\tcient\u00edfico atrav\u00e9s da substitui\u00e7\u00e3o da terminologia de parto<br \/>\n\t\t\tconvencional e, assim, com menos descritivos cient\u00edficos.<\/span><\/p>\n<p align=\"left\" style=\"background-color: transparent; color: #000000; font-family: Tahoma, arial, verdana; font-size: 16px; font-weight: 400; text-align: left; \"><b><br \/>\n\t\t\t<span lang=\"PT-BR\" style=\"font-family: Tahoma, sans-serif; color: #000000; \"><br \/>\n\t\t\tExemplos<\/span><\/b><\/p>\n<p align=\"left\" style=\"background-color: transparent; color: #000000; font-family: Tahoma, arial, verdana; font-size: 16px; font-weight: 400; margin-left: 48px; text-align: left; text-indent: -24px; \">\n\t\t\t<span lang=\"PT-BR\" style=\"font-family: Symbol; color: #000000; \">\u00b7&nbsp;&nbsp;&nbsp;&nbsp;&nbsp;&nbsp;&nbsp;&nbsp;<br \/>\n\t\t\t<\/span><br \/>\n\t\t\t<span lang=\"PT-BR\" style=\"font-family: Tahoma, sans-serif; color: #000000; \"><br \/>\n\t\t\tPegar o beb\u00ea \u00e9 chamado receber o beb\u00ea<\/span><\/p>\n<p align=\"left\" style=\"background-color: transparent; color: #000000; font-family: Tahoma, arial, verdana; font-size: 16px; font-weight: 400; margin-left: 48px; text-align: left; text-indent: -24px; \">\n\t\t\t<span lang=\"PT-BR\" style=\"font-family: Symbol; color: #000000; \">\u00b7&nbsp;&nbsp;&nbsp;&nbsp;&nbsp;&nbsp;&nbsp;&nbsp;<br \/>\n\t\t\t<\/span><br \/>\n\t\t\t<span lang=\"PT-BR\" style=\"font-family: Tahoma, sans-serif; color: #000000; \"><br \/>\n\t\t\tContra\u00e7\u00e3o uterina \u00e9 referida como onda uterina<\/span><\/p>\n<p align=\"left\" style=\"background-color: transparent; color: #000000; font-family: Tahoma, arial, verdana; font-size: 16px; font-weight: 400; text-align: left; \">\n\t\t\t&nbsp;<\/p>\n<p align=\"left\" style=\"background-color: transparent; color: #000000; font-family: Tahoma, arial, verdana; font-size: 16px; font-weight: 400; text-align: left; \"><b><br \/>\n\t\t\t<span lang=\"PT-BR\" style=\"font-family: Tahoma, sans-serif; color: #000000; \"><br \/>\n\t\t\tLimita\u00e7\u00f5es<\/span><\/b><span lang=\"PT-BR\" style=\"font-family: Tahoma, sans-serif; color: #000000; \">&#8211;<\/span><\/p>\n<p align=\"left\" style=\"background-color: transparent; color: #000000; font-family: Tahoma, arial, verdana; font-size: 16px; font-weight: 400; text-align: left; \">\n\t\t\t<span lang=\"PT-BR\" style=\"font-family: Tahoma, sans-serif; color: #000000; \"><br \/>\n\t\t\tA hipnoterapia n\u00e3o tem fatores de risco reconhecidos para a m\u00e3e ou<br \/>\n\t\t\tpara o feto. Algumas das desvantagens incluem:<\/span><\/p>\n<p align=\"left\" style=\"background-color: transparent; color: #000000; font-family: Tahoma, arial, verdana; font-size: 16px; font-weight: 400; margin-left: 48px; text-align: left; text-indent: -24px; \">\n\t\t\t<span lang=\"PT-BR\" style=\"font-family: Symbol; color: #000000; \">\u00b7&nbsp;&nbsp;&nbsp;&nbsp;&nbsp;&nbsp;&nbsp;&nbsp;<br \/>\n\t\t\t<\/span><br \/>\n\t\t\t<span lang=\"PT-BR\" style=\"font-family: Tahoma, sans-serif; color: #000000; \"><br \/>\n\t\t\tUm estudo randomizado demonstrou ser o tempo m\u00e9dio do parto mais<br \/>\n\t\t\tlongo no grupo da hipnose.<\/span><\/p>\n<p align=\"left\" style=\"background-color: transparent; color: #000000; font-family: Tahoma, arial, verdana; font-size: 16px; font-weight: 400; margin-left: 48px; text-align: left; text-indent: -24px; \">\n\t\t\t<span lang=\"PT-BR\" style=\"font-family: Symbol; color: #000000; \">\u00b7&nbsp;&nbsp;&nbsp;&nbsp;&nbsp;&nbsp;&nbsp;&nbsp;<br \/>\n\t\t\t<\/span><br \/>\n\t\t\t<span lang=\"PT-BR\" style=\"font-family: Tahoma, sans-serif; color: #000000; \"><br \/>\n\t\t\tPopularidade reduzida entre muitos obstetras devido ao grande tempo<br \/>\n\t\t\tnecess\u00e1rio para a prepara\u00e7\u00e3o da hipnose adequada quando comparada<br \/>\n\t\t\taos m\u00e9todos convencionais de alivio da dor.<\/span><\/p>\n<p align=\"left\" style=\"background-color: transparent; color: #000000; font-family: Tahoma, arial, verdana; font-size: 16px; font-weight: 400; margin-left: 48px; text-align: left; text-indent: -24px; \">\n\t\t\t<span lang=\"PT-BR\" style=\"font-family: Symbol; color: #000000; \">\u00b7&nbsp;&nbsp;&nbsp;&nbsp;&nbsp;&nbsp;&nbsp;&nbsp;<br \/>\n\t\t\t<\/span><br \/>\n\t\t\t<span lang=\"PT-BR\" style=\"font-family: Tahoma, sans-serif; color: #000000; \"><br \/>\n\t\t\tO n\u00edvel do estado de hipnose necess\u00e1rio para tolerar a dor do parto<br \/>\n\t\t\tpode obscurecer a mem\u00f3ria do processo de nascimento do beb\u00ea.<\/span><\/p>\n<p align=\"left\" style=\"background-color: transparent; color: #000000; font-family: Tahoma, arial, verdana; font-size: 16px; font-weight: 400; text-align: left; \">\n\t\t\t&nbsp;<\/p>\n<p align=\"left\" style=\"background-color: transparent; color: #000000; font-family: Tahoma, arial, verdana; font-size: 16px; font-weight: 400; text-align: left; \">\n\t\t\t<span lang=\"PT-BR\" style=\"font-family: Tahoma, sans-serif; color: #000000; \"><br \/>\n\t\t\tCaso voc\u00ea queira maiores informa\u00e7\u00f5es a respeito de hipnoterapia n\u00f3s<br \/>\n\t\t\tindicamos a leitura dos textos sugeridos abaixo, o site <\/span><br \/>\n\t\t\t<span lang=\"PT-BR\" style=\"font-family: Tahoma, sans-serif; color: #000000; \"><br \/>\n\t\t\t<a style=\"color: #0000FF; text-decoration: underline; \" href=\"http:\/\/www.hypnobirthing.com\/\" target=\"_blank\" rel=\"noopener\"><br \/>\n\t\t\t<span style=\"color: rgb(0, 0, 0);  \">www.hypnobirthing.com<\/span><\/a><\/span><span lang=\"PT-BR\" style=\"font-family: Tahoma, sans-serif; color: #000000; \"><br \/>\n\t\t\te tamb\u00e9m a conversa com seu obstetra sobre essa op\u00e7\u00e3o.<\/span><\/p>\n<p align=\"left\" style=\"background-color: transparent; color: #000000; font-family: Tahoma, arial, verdana; font-size: 16px; font-weight: 400; text-align: left; \">\n\t\t\t<span lang=\"PT-BR\" style=\"font-family: Tahoma, sans-serif; color: #000000; \">Murray<br \/>\n\t\t\tEnkin, A Guide to Effective Care in Pregnancy and Childbirth, 3rd<br \/>\n\t\t\tEd., Oxford University Press, 2000&nbsp;<\/span><\/p>\n<p align=\"left\" style=\"background-color: transparent; color: #000000; font-family: Tahoma, arial, verdana; font-size: 16px; font-weight: 400; text-align: left; \">\n\t\t\t<span lang=\"PT-BR\" style=\"font-family: Tahoma, sans-serif; color: #000000; \">Eappen S,<br \/>\n\t\t\tRobbins D., Nonpharmacological means of pain relief for labor and<br \/>\n\t\t\tdelivery, Int Anesthesiol Clini. 2002 Fall; 40(4): 103-14, Review&nbsp;<\/span><\/p>\n<p align=\"left\" style=\"background-color: transparent; color: #000000; font-family: Tahoma, arial, verdana; font-size: 16px; font-weight: 400; text-align: left; \">\n\t\t\t<span lang=\"PT-BR\" style=\"font-family: Tahoma, sans-serif; color: #000000; \">Macaulay<br \/>\n\t\t\tA, Randomised trial of self hypnosis for analgesia in labour, Br Med<br \/>\n\t\t\tJ; 292:657, 1986<\/span><\/p>\n<p align=\"left\"><font style=\"font-family: Tahoma; font-size: 16px; \"><span style=\"color: #000000; \"><\/span><\/font><\/p>\n<\/td>\n<\/tr>\n<tr>\n<td>\n<p align=\"center\"><span style=\"font-family: Tahoma; font-size: 16px; color: #000000; \"><a target=\"_parent\" href=\"\/metodi-alternativi-per-la-riduzione-del-dolore-durante-il-travaglio\/lamaze\" rel=\"noopener\"><span style=\"color: #000000; \"><\/span><\/a><\/span><\/p>\n<\/td>\n<\/tr>\n<\/tbody>\n<\/table>\n<p align=\"left\" style=\"margin-top: 10px; margin-bottom: 10px; color: #696969; font-family: Arial, 'Arial Unicode MS', Helvetica, sans-serif; font-weight: 400; background-color: rgba(255, 255, 255, 0.589844); \"><font face=\"Tahoma, arial, verdana\" size=\"3\" style=\"color: #000000; font-size: medium; text-align: -webkit-center; \"><\/font><\/p>\n<ul style=\"color: #696969; font-family: Arial, 'Arial Unicode MS', Helvetica, sans-serif; font-weight: 400; background-color: rgba(255, 255, 255, 0.589844); \"><\/ul>\n<ul style=\"color: #696969; font-family: Arial, 'Arial Unicode MS', Helvetica, sans-serif; font-weight: 400; background-color: rgba(255, 255, 255, 0.589844); \"><\/ul>\n<ul style=\"color: #696969; font-family: Arial, 'Arial Unicode MS', Helvetica, sans-serif; font-weight: 400; background-color: rgba(255, 255, 255, 0.589844); \"><\/ul>\n<p align=\"left\" style=\"margin-top: 10px; margin-bottom: 10px; color: #696969; font-family: Arial, 'Arial Unicode MS', Helvetica, sans-serif; font-weight: 400; background-color: rgba(255, 255, 255, 0.589844); text-align: center; \"><a href=\"\/alternative-methods\/lamaze\" target=\"_parent\" rel=\"noopener\"><\/a><font face=\"Tahoma, arial, verdana\" size=\"3\" style=\"color: #000000; font-size: medium; text-align: -webkit-center; \"><\/font><\/p>\n<p style=\"text-align: center; \"><a href=\"\/metodos-alternativos-de-alivio-da-dor-durante-o-parto\/lamaze\" target=\"_parent\" rel=\"noopener\">Clique abaixo para ler o pr\u00f3ximo \u00edtem<\/a><span style=\"background-color: transparent; color: rgb(0, 0, 255); font-family: Helvetica, sans-serif; font-size: 16px; font-weight: 400; text-align: center; \"><\/span><\/p>\n","protected":false},"excerpt":{"rendered":"<p>O hipnoparto foi introduzido no s\u00e9culo XIX utilizando t\u00e9cnicas para o al\u00edvio do medo e relaxamento. \u201cMulheres tentam aliviar toda a ansiedade e alcan\u00e7ar um estado relaxado, livre, mole, como uma boneca de pano&#8230;ent\u00e3o o corpo pode fazer o que foi designado para fazer durante o parto, sem constric\u00e7\u00f5es e conseq\u00fcente desconforto.\u201d T\u00e9cnica \u2013 aulas&#8230;<\/p>\n<p class=\"more-link-wrap\"><a href=\"https:\/\/painfreebirthing.com\/port\/metodos-alternativos-de-alivio-da-dor-durante-o-parto\/hipnoterapia\/\" class=\"more-link\">Read More<span class=\"screen-reader-text\"> &ldquo;Hipnoterapia&rdquo;<\/span> &raquo;<\/a><\/p>\n","protected":false},"author":1,"featured_media":0,"parent":95,"menu_order":11,"comment_status":"closed","ping_status":"closed","template":"","meta":{"footnotes":""},"class_list":["post-97","page","type-page","status-publish","hentry"],"_links":{"self":[{"href":"https:\/\/painfreebirthing.com\/port\/wp-json\/wp\/v2\/pages\/97","targetHints":{"allow":["GET"]}}],"collection":[{"href":"https:\/\/painfreebirthing.com\/port\/wp-json\/wp\/v2\/pages"}],"about":[{"href":"https:\/\/painfreebirthing.com\/port\/wp-json\/wp\/v2\/types\/page"}],"author":[{"embeddable":true,"href":"https:\/\/painfreebirthing.com\/port\/wp-json\/wp\/v2\/users\/1"}],"replies":[{"embeddable":true,"href":"https:\/\/painfreebirthing.com\/port\/wp-json\/wp\/v2\/comments?post=97"}],"version-history":[{"count":0,"href":"https:\/\/painfreebirthing.com\/port\/wp-json\/wp\/v2\/pages\/97\/revisions"}],"up":[{"embeddable":true,"href":"https:\/\/painfreebirthing.com\/port\/wp-json\/wp\/v2\/pages\/95"}],"wp:attachment":[{"href":"https:\/\/painfreebirthing.com\/port\/wp-json\/wp\/v2\/media?parent=97"}],"curies":[{"name":"wp","href":"https:\/\/api.w.org\/{rel}","templated":true}]}}