{"id":94,"date":"2023-07-08T15:42:40","date_gmt":"2023-07-08T15:42:40","guid":{"rendered":"https:\/\/painfreebirthing.com\/port\/metodos-de-alivio-da-do\/qual-e-a-melhor\/"},"modified":"2023-07-08T15:42:40","modified_gmt":"2023-07-08T15:42:40","slug":"qual-e-a-melhor","status":"publish","type":"page","link":"https:\/\/painfreebirthing.com\/port\/metodos-de-alivio-da-do\/qual-e-a-melhor\/","title":{"rendered":"Analgesia Sist\u00eamica versus Regional: Qual \u00e9 a melhor?"},"content":{"rendered":"<div class=\"art-content-layout-wrapper layout-item-0\">\n<div class=\"art-content-layout layout-item-1\">\n<div class=\"art-content-layout-row\">\n<div class=\"art-layout-cell layout-item-2\" style=\"width: 100%\" >\n<p align=\"left\" style=\"margin-top: 10px; margin-bottom: 10px; font-weight: 400; text-align: left;\"><span style=\"background-color: transparent; font-family: Tahoma, sans-serif; font-size: 16px; font-weight: 400; color: #000000;\">A anestesia regional permite que voc\u00ea esteja acordada e<br \/>\n        \t\t\t\t\t\talerta, e ainda relativamente sem dor. O alivio da dor \u00e9<br \/>\n        \t\t\t\t\t\texcelente e muito pouca medica\u00e7\u00e3o atinge o beb\u00ea.<\/span><span style=\"color: rgb(0, 0, 0); font-family: Tahoma; font-size: medium; font-weight: 400; text-align: -webkit-left;\"><\/span><span style=\"color: rgb(61, 61, 61); font-family: Tahoma, arial, verdana;\"><span style=\"background-color: #FFFFFF; color: #000000;\"><\/span><\/span><\/p>\n<p align=\"left\" style=\"margin-top: 10px; margin-bottom: 10px; font-weight: 400; text-align: left;\"><span style=\"color: rgb(61, 61, 61); font-family: Tahoma, arial, verdana;\"><span style=\"background-color: #FFFFFF; color: #000000;\"><br \/><\/span><\/span><\/p>\n<p align=\"left\" style=\"margin-top: 10px; margin-bottom: 10px; font-weight: 400; text-align: center;\"><img loading=\"lazy\" decoding=\"async\" width=\"300\" height=\"288\" alt=\"\" class=\"art-lightbox\" src=\"https:\/\/painfreebirthing.com\/port\/wp-content\/uploads\/2023\/07\/comparison.gif\"><img loading=\"lazy\" decoding=\"async\" width=\"192\" height=\"192\" alt=\"\" class=\"art-lightbox\" src=\"https:\/\/painfreebirthing.com\/port\/wp-content\/uploads\/2023\/07\/evolution1.gif\"><span style=\"color: rgb(61, 61, 61); font-family: Tahoma, arial, verdana;\"><span style=\"background-color: #FFFFFF; color: #000000;\"><br \/><\/span><\/span><\/p>\n<\/p><\/div>\n<\/p><\/div>\n<\/div>\n<\/div>\n","protected":false},"excerpt":{"rendered":"<p>A anestesia regional permite que voc\u00ea esteja acordada e alerta, e ainda relativamente sem dor. O alivio da dor \u00e9 excelente e muito pouca medica\u00e7\u00e3o atinge o beb\u00ea.<\/p>\n","protected":false},"author":1,"featured_media":0,"parent":90,"menu_order":8,"comment_status":"closed","ping_status":"closed","template":"","meta":{"footnotes":""},"class_list":["post-94","page","type-page","status-publish","hentry"],"_links":{"self":[{"href":"https:\/\/painfreebirthing.com\/port\/wp-json\/wp\/v2\/pages\/94","targetHints":{"allow":["GET"]}}],"collection":[{"href":"https:\/\/painfreebirthing.com\/port\/wp-json\/wp\/v2\/pages"}],"about":[{"href":"https:\/\/painfreebirthing.com\/port\/wp-json\/wp\/v2\/types\/page"}],"author":[{"embeddable":true,"href":"https:\/\/painfreebirthing.com\/port\/wp-json\/wp\/v2\/users\/1"}],"replies":[{"embeddable":true,"href":"https:\/\/painfreebirthing.com\/port\/wp-json\/wp\/v2\/comments?post=94"}],"version-history":[{"count":0,"href":"https:\/\/painfreebirthing.com\/port\/wp-json\/wp\/v2\/pages\/94\/revisions"}],"up":[{"embeddable":true,"href":"https:\/\/painfreebirthing.com\/port\/wp-json\/wp\/v2\/pages\/90"}],"wp:attachment":[{"href":"https:\/\/painfreebirthing.com\/port\/wp-json\/wp\/v2\/media?parent=94"}],"curies":[{"name":"wp","href":"https:\/\/api.w.org\/{rel}","templated":true}]}}