{"id":93,"date":"2023-07-08T15:42:39","date_gmt":"2023-07-08T15:42:39","guid":{"rendered":"https:\/\/painfreebirthing.com\/port\/metodos-de-alivio-da-do\/anestesia-regional\/"},"modified":"2023-07-08T15:42:39","modified_gmt":"2023-07-08T15:42:39","slug":"anestesia-regional","status":"publish","type":"page","link":"https:\/\/painfreebirthing.com\/port\/metodos-de-alivio-da-do\/anestesia-regional\/","title":{"rendered":"Anestesia Regional (impulsos dolorosos s\u00e3o bloqueados ao n\u00edvel da espinha vertebral e, dessa forma, n\u00e3o alcan\u00e7am o c\u00e9rebro)"},"content":{"rendered":"<p><font face=\"Tahoma, arial, verdana\" size=\"3\" style=\"color: rgb(66, 66, 66); font-weight: 400;\"><span style=\"font-weight: bold;\"><span style=\"color: rgb(0, 0, 0); font-family: Tahoma; font-size: medium; font-weight: 400; text-align: -webkit-left;\"><\/span><\/span><\/font><\/p>\n<p style=\"margin-top: 10px; margin-bottom: 10px; color: rgb(66, 66, 66); font-family: Arial, 'Arial Unicode MS', Helvetica, sans-serif; font-size: 13px; font-weight: 400;\"><span style=\"background-color: transparent; color: rgb(0, 0, 0); font-family: Helvetica, sans-serif; font-size: 16px; font-weight: 400;\">A peridural \u00e9 uma t\u00e9cnica na qual o anest\u00e9sico \u00e9 injetado<br \/>\n\t\t\t\tpr\u00f3ximo da espinha lombar e o corpo fica anestesiado abaixo do<br \/>\n\t\t\t\tn\u00edvel da inje\u00e7\u00e3o. Isso permite que a gestante permane\u00e7a alerta e<br \/>\n\t\t\t\tmais comfort\u00e1vel durante as contra\u00e7\u00f5es do trabalho de part<\/span><span style=\"background-color: transparent; color: rgb(0, 0, 255); font-family: Helvetica, sans-serif; font-size: 16px; font-weight: 400;\">o.<\/span><font face=\"Tahoma, arial, verdana\" size=\"3\">&nbsp;<\/font><\/p>\n<p align=\"center\" style=\"margin-top: 10px; margin-bottom: 10px; color: rgb(66, 66, 66); font-family: Arial, 'Arial Unicode MS', Helvetica, sans-serif; font-size: 13px; font-weight: 400;\"><\/p>\n<p align=\"center\" style=\"margin-top: 10px; margin-bottom: 10px; color: rgb(66, 66, 66); font-family: Arial, 'Arial Unicode MS', Helvetica, sans-serif; font-size: 13px; font-weight: 400;\">&nbsp;<img loading=\"lazy\" decoding=\"async\" width=\"360\" height=\"432\" alt=\"\" class=\"art-lightbox\" src=\"https:\/\/painfreebirthing.com\/port\/wp-content\/uploads\/2023\/07\/anat2ppw.gif\"><\/p>\n<p><\/p>\n<p style=\"margin-top: 10px; margin-bottom: 10px; color: rgb(66, 66, 66); font-family: Arial, 'Arial Unicode MS', Helvetica, sans-serif; font-size: 13px; font-weight: 400;\"><span style=\"background-color: transparent; color: rgb(0, 0, 0); font-family: Helvetica, sans-serif; font-size: 16px; font-weight: 400;\">Anestesias peridural e raquidiana (\u201craqui\u201d) s\u00e3o<br \/>\n\t\t\t\t\t\tconhecidas como anestesia regional porque, atrav\u00e9s das<br \/>\n\t\t\t\t\t\tmesmas, uma regi\u00e3o espec\u00edfica do corpo \u00e9 anestesiada.<br \/>\n\t\t\t\t\t\tEssas s\u00e3o t\u00e9cnicas populares para o trabalho de parto<br \/>\n\t\t\t\t\t\tpois o al\u00edvio da dor \u00e9 excelente e muito pouca medica\u00e7\u00e3o<br \/>\n\t\t\t\t\t\tatinge o feto. As medica\u00e7\u00f5es utilizadas incluem os<br \/>\n\t\t\t\t\t\tanest\u00e9sico locais (por exemplo, a lidocaine) e<br \/>\n\t\t\t\t\t\tnarc\u00f3ticos (opioides similares a morfina). &nbsp;Essa drogas<br \/>\n\t\t\t\t\t\tbloqueam os nervos que carream a sensa\u00e7\u00e3o de dor oriunda<br \/>\n\t\t\t\t\t\tdo \u00fatero e cervix para o c\u00e9rebro atrav\u00e9s da coluna<br \/>\n\t\t\t\t\t\tespinhal. Esse m\u00e9todo de analgesia permite que voc\u00ea<br \/>\n\t\t\t\t\t\tfique acordada e alerta e ainda sem dor. Apesar de raros,<br \/>\n\t\t\t\t\t\tefeitos colaterais e complica\u00e7\u00f5es podem ocorrer (veja a<br \/>\n\t\t\t\t\t\tse\u00e7\u00e3o \u201cEfeitos colaterais e complica\u00e7\u00f5es\u201d).<\/span> <\/p>\n<p>\t\t\t\t\t\t&nbsp;<span style=\"font-family: Tahoma, arial, verdana; font-size: medium;\"><span style=\"color: rgb(0, 0, 0); font-family: Tahoma; font-size: medium; font-weight: 400; text-align: start;\"><\/span><\/span><\/p>\n<p style=\"margin-top: 10px; margin-bottom: 10px; color: rgb(66, 66, 66); font-family: Arial, 'Arial Unicode MS', Helvetica, sans-serif; font-size: 13px; font-weight: 400; text-align: center;\"><a href=\"\/metodos-de-alivio-da-do\/qual-e-a-melhor\" target=\"_parent\" rel=\"noopener\">Clique abaixo para ler o pr\u00f3ximo \u00edtem<\/a><span style=\"background-color: transparent; color: rgb(0, 0, 255); font-family: Helvetica, sans-serif; font-size: 16px; font-weight: 400; text-align: center;\"><\/span><\/p>\n<p><\/p>\n","protected":false},"excerpt":{"rendered":"<p>A peridural \u00e9 uma t\u00e9cnica na qual o anest\u00e9sico \u00e9 injetado pr\u00f3ximo da espinha lombar e o corpo fica anestesiado abaixo do n\u00edvel da inje\u00e7\u00e3o. Isso permite que a gestante permane\u00e7a alerta e mais comfort\u00e1vel durante as contra\u00e7\u00f5es do trabalho de parto.&nbsp; &nbsp; Anestesias peridural e raquidiana (\u201craqui\u201d) s\u00e3o conhecidas como anestesia regional porque, atrav\u00e9s&#8230;<\/p>\n<p class=\"more-link-wrap\"><a href=\"https:\/\/painfreebirthing.com\/port\/metodos-de-alivio-da-do\/anestesia-regional\/\" class=\"more-link\">Read More<span class=\"screen-reader-text\"> &ldquo;Anestesia Regional (impulsos dolorosos s\u00e3o bloqueados ao n\u00edvel da espinha vertebral e, dessa forma, n\u00e3o alcan\u00e7am o c\u00e9rebro)&rdquo;<\/span> &raquo;<\/a><\/p>\n","protected":false},"author":1,"featured_media":0,"parent":90,"menu_order":7,"comment_status":"closed","ping_status":"closed","template":"","meta":{"footnotes":""},"class_list":["post-93","page","type-page","status-publish","hentry"],"_links":{"self":[{"href":"https:\/\/painfreebirthing.com\/port\/wp-json\/wp\/v2\/pages\/93","targetHints":{"allow":["GET"]}}],"collection":[{"href":"https:\/\/painfreebirthing.com\/port\/wp-json\/wp\/v2\/pages"}],"about":[{"href":"https:\/\/painfreebirthing.com\/port\/wp-json\/wp\/v2\/types\/page"}],"author":[{"embeddable":true,"href":"https:\/\/painfreebirthing.com\/port\/wp-json\/wp\/v2\/users\/1"}],"replies":[{"embeddable":true,"href":"https:\/\/painfreebirthing.com\/port\/wp-json\/wp\/v2\/comments?post=93"}],"version-history":[{"count":0,"href":"https:\/\/painfreebirthing.com\/port\/wp-json\/wp\/v2\/pages\/93\/revisions"}],"up":[{"embeddable":true,"href":"https:\/\/painfreebirthing.com\/port\/wp-json\/wp\/v2\/pages\/90"}],"wp:attachment":[{"href":"https:\/\/painfreebirthing.com\/port\/wp-json\/wp\/v2\/media?parent=93"}],"curies":[{"name":"wp","href":"https:\/\/api.w.org\/{rel}","templated":true}]}}