{"id":91,"date":"2023-07-08T15:42:37","date_gmt":"2023-07-08T15:42:37","guid":{"rendered":"https:\/\/painfreebirthing.com\/port\/metodos-de-alivio-da-do\/analgesia-sistemica\/"},"modified":"2023-07-08T15:42:37","modified_gmt":"2023-07-08T15:42:37","slug":"analgesia-sistemica","status":"publish","type":"page","link":"https:\/\/painfreebirthing.com\/port\/metodos-de-alivio-da-do\/analgesia-sistemica\/","title":{"rendered":"Medica\u00e7\u00e3o Sist\u00eamica"},"content":{"rendered":"<table border=\"0\" width=\"100%\">\n<tbody>\n<tr>\n<td align=\"center\"><span style=\"background-color: transparent; color: rgb(0, 0, 0); font-family: Tahoma, sans-serif; font-size: 16px; font-weight: 400; text-align: center; \">S\u00e3o medica\u00e7\u00f5es injetadas na corrente sang\u00fc\u00ednea que<br \/>\n\t\t\t\t\t\taliviam, mas n\u00e3o eliminam, a dor durante o parto<\/span><font face=\"Tahoma, arial, verdana\" size=\"3\"><b><span style=\"color: rgb(0, 0, 0); \"><\/span><\/b><\/font><\/p>\n<p style=\"margin-top: 10px; margin-bottom: 10px; \"><span style=\"color: rgb(0, 0, 0); font-family: Tahoma; font-size: medium; font-weight: 400; text-align: -webkit-center; \"><\/span><font face=\"Tahoma, arial, verdana\" size=\"3\"><span style=\"color: rgb(0, 0, 0); \"><\/span><\/font><\/p>\n<\/td>\n<\/tr>\n<tr>\n<td align=\"center\"><\/td>\n<\/tr>\n<tr>\n<td align=\"center\" style=\"text-align: center; \"><img loading=\"lazy\" decoding=\"async\" width=\"360\" height=\"432\" alt=\"\" class=\"art-lightbox\" src=\"https:\/\/painfreebirthing.com\/port\/wp-content\/uploads\/2023\/07\/paiinpathwaysiv.gif\"><\/p>\n<p style=\"margin-top: 10px; margin-bottom: 10px; \"><\/p>\n<\/td>\n<\/tr>\n<tr>\n<td>\n<table border=\"0\" width=\"100%\">\n<tbody>\n<tr>\n<td style=\"text-align: left; \">\n<p class=\"MsoNormal\" style=\"background-color: transparent; color: rgb(0, 0, 0); font-family: 'Times New Roman'; font-size: 16px; font-weight: 400; text-align: left; \"><span lang=\"PT-BR\" style=\"font-family: Tahoma, sans-serif; \">Essas s\u00e3o medica\u00e7\u00f5es administradas tanto por via<br \/>\n\t\t\t\t\t\tintravenosa (IV) quanto intramuscular para reduzir a<br \/>\n\t\t\t\t\t\tintensidade da dor do parto. Essas medica\u00e7\u00f5es s\u00e3o<br \/>\n\t\t\t\t\t\tgeralmente solicitadas pelo obstetra e adminstrada pela<br \/>\n\t\t\t\t\t\tequipe de enfermagem. Os opi\u00f3ides s\u00e3o os medicamentos<br \/>\n\t\t\t\t\t\tmais efetivos no al\u00edvio da dor. Eles t\u00eam uma longa<br \/>\n\t\t\t\t\t\thist\u00f3ria de uso na obstetr\u00edcia para o alivio da dor do<br \/>\n\t\t\t\t\t\ttrabalho de parto e do parto, propriamente. Apesar de,<br \/>\n\t\t\t\t\t\tatualmente, haver um grande n\u00famero de narc\u00f3ticos<br \/>\n\t\t\t\t\t\tdispon\u00edveis, apenas alguns s\u00e3o utilizados comumente no<br \/>\n\t\t\t\t\t\ttrabalho de parto: meperidina (Dolantina), morfina,<br \/>\n\t\t\t\t\t\tfentanil, butorfanol (Stadol) e nalbufina (Nubain).<br \/>\n\t\t\t\t\t\tEssas medica\u00e7\u00f5es entram na corrente sang\u00fc\u00ednea e permitem<br \/>\n\t\t\t\t\t\tque voc\u00ea tolere melhor a dor do trabalho de parto.<br \/>\n\t\t\t\t\t\tNormalmente, elas n\u00e3o geram alivio completo da dor. A<br \/>\n\t\t\t\t\t\tquantidade de analgesia gerada por essas medica\u00e7\u00f5es<br \/>\n\t\t\t\t\t\tvaria, mas elas podem tornar a dor bastante razo\u00e1vel e<br \/>\n\t\t\t\t\t\ttornar o parto mais toler\u00e1vel. A grande maioria das<br \/>\n\t\t\t\t\t\tmulheres que n\u00e3o recebe anestesia regional para o<br \/>\n\t\t\t\t\t\ttrabalho de parto opta por umas dessas medica\u00e7\u00f5es<br \/>\n\t\t\t\t\t\tcitadas a cima. N\u00e3o h\u00e1 problema algum em receber essas<br \/>\n\t\t\t\t\t\tdrogas antes de receber anestesia peridural ou<br \/>\n\t\t\t\t\t\traquianestesia. <\/span><\/p>\n<p>&nbsp;<\/p>\n<p style=\"background-color: transparent; color: rgb(0, 0, 0); font-family: 'Times New Roman'; font-size: 16px; font-weight: 400; text-align: left; \"><span lang=\"PT-BR\" style=\"font-family: Tahoma, sans-serif; \">Caso as<br \/>\n\t\t\t\t\t\tmedica\u00e7\u00f5es solicitadas pelo obstetra n\u00e3o forem o<br \/>\n\t\t\t\t\t\tsuficiente para aliviar a dor, o anestesiologista pode<br \/>\n\t\t\t\t\t\tprovidenciar para que tais medica\u00e7\u00f5es sejam<br \/>\n\t\t\t\t\t\tadministradas atrav\u00e9s de uma bomba de infus\u00e3o<br \/>\n\t\t\t\t\t\tintravenosa. Dessa forma, voc\u00ea receber\u00e1 um bot\u00e3o que<br \/>\n\t\t\t\t\t\tpode ser ativado sempre que desejar o al\u00edvio da dor. A<br \/>\n\t\t\t\t\t\tbomba infusora \u00e9 programada para infundir uma<br \/>\n\t\t\t\t\t\tdeterminada quantidade de de rem\u00e9dio em seu corpo. Esse<br \/>\n\t\t\t\t\t\tm\u00e9todo \u00e9 chamado de \u201cpatient controlled analgesia &#8211; PCA<br \/>\n\t\t\t\t\t\t(que em ingl\u00eas significa \u201canalgesia controlada pelo<br \/>\n\t\t\t\t\t\tpaciente\u201d). Voc\u00ea tem controle sobre quanta medica\u00e7\u00e3o<br \/>\n\t\t\t\t\t\tprecisa dependendo do grau de dor devido \u00e0 contra\u00e7\u00e3o<br \/>\n\t\t\t\t\t\tuterina. O anestesiologista e a equipe de suporte s\u00e3o os<br \/>\n\t\t\t\t\t\trespons\u00e1veis pelo monitoramento da medica\u00e7\u00e3o que \u00e9<br \/>\n\t\t\t\t\t\tadministrada a voc\u00ea. <\/span><\/p>\n<p style=\"background-color: transparent; color: rgb(0, 0, 0); font-family: 'Times New Roman'; font-size: 16px; font-weight: 400; text-align: left; \">\n\t\t\t\t\t\t<span lang=\"PT-BR\" style=\"font-family: Tahoma, sans-serif; \"><br \/>\n\t\t\t\t\t\tUma grande desvantagem das medica\u00e7\u00f5es IV \u00e9 que as mesmas<br \/>\n\t\t\t\t\t\tpodem fazer com que voc\u00ea fique sonolenta. Al\u00e9m disso,<br \/>\n\t\t\t\t\t\tpodem haver outros efeitos colaterais tais como n\u00e1useas,<br \/>\n\t\t\t\t\t\tv\u00f4mitos, redu\u00e7\u00e3o da respira\u00e7\u00e3o, coceira, constipa\u00e7\u00e3o e<br \/>\n\t\t\t\t\t\treten\u00e7\u00e3o urin\u00e1ria. Caso esteja planejando amamentar, os<br \/>\n\t\t\t\t\t\tesfor\u00e7os iniciais podem ser dif\u00edceis.&nbsp; <\/span><\/p>\n<p style=\"background-color: transparent; color: rgb(0, 0, 0); font-family: 'Times New Roman'; font-size: 16px; font-weight: 400; text-align: left; \">&nbsp;<\/p>\n<p style=\"background-color: transparent; color: rgb(0, 0, 0); font-family: 'Times New Roman'; font-size: 16px; font-weight: 400; text-align: left; \"><b><br \/>\n\t\t\t\t\t\t<span lang=\"PT-BR\" style=\"font-family: Tahoma, sans-serif; \"><br \/>\n\t\t\t\t\t\tEfeito sobre o beb\u00ea:<\/span><\/b><\/p>\n<p style=\"background-color: transparent; color: rgb(0, 0, 0); font-family: 'Times New Roman'; font-size: 16px; font-weight: 400; text-align: left; \">\n\t\t\t\t\t\t<span lang=\"PT-BR\" style=\"font-family: Tahoma, sans-serif; \"><br \/>\n\t\t\t\t\t\tOutro efeito colateral dos narc\u00f3ticos \u00e9 que todos eles<br \/>\n\t\t\t\t\t\tcruzam a placenta e entram na circula\u00e7\u00e3o do beb\u00ea. Como<br \/>\n\t\t\t\t\t\tresultado disso, o beb\u00ea pode tamb\u00e9m apresentar alguns<br \/>\n\t\t\t\t\t\tefeitos da medica\u00e7\u00e3o. Dentro do \u00fatero, o ritmo dos<br \/>\n\t\t\t\t\t\tbatimentos do cora\u00e7\u00e3o do beb\u00ea pode mudar ligeiramente.<br \/>\n\t\t\t\t\t\tN\u00e3o h\u00e1 efeito delet\u00e9rio conhecido causado por essa<br \/>\n\t\t\t\t\t\tmudan\u00e7a de ritmo. <\/span><\/p>\n<p>\t\t\t\t\t\t<span lang=\"PT-BR\" style=\"background-color: transparent; color: rgb(0, 0, 0); font-family: Tahoma, sans-serif; font-size: 16px; font-weight: 400; \"><br \/>\n\t\t\t\t\t\tO beb\u00ea tem a habilidade de metabolizar as medica\u00e7\u00f5es,<br \/>\n\t\t\t\t\t\tmas ele faz isso mais lentamente do que a m\u00e3e. <\/span><br \/>\n\t\t\t\t\t\t<span style=\"background-color: transparent; color: rgb(0, 0, 0); font-family: Tahoma, sans-serif; font-size: 16px; font-weight: 400; \"><br \/>\n\t\t\t\t\t\tAp\u00f3s o nascimento, o beb\u00ea pode estar levemente sonolento.&nbsp;<br \/>\n\t\t\t\t\t\t<\/span><br \/>\n\t\t\t\t\t\t<span lang=\"PT-BR\" style=\"background-color: transparent; color: rgb(0, 0, 0); font-family: Tahoma, sans-serif; font-size: 16px; font-weight: 400; \"><br \/>\n\t\t\t\t\t\tNovamente, \u00e9 improv\u00e1vel que o beb\u00ea seja afetado<br \/>\n\t\t\t\t\t\tadversamente devido \u00e0s medica\u00e7\u00f5es da m\u00e3e, mas \u00e9<br \/>\n\t\t\t\t\t\timportante perceber que a medica\u00e7\u00e3o chega a ele. A<br \/>\n\t\t\t\t\t\tchance de percerbermos no beb\u00ea o resultado de uma<br \/>\n\t\t\t\t\t\tmedica\u00e7\u00e3o administrada \u00e0 m\u00e3e est\u00e1 relacionada \u00e0 dose da<br \/>\n\t\t\t\t\t\tmedica\u00e7\u00e3o em rela\u00e7\u00e3o ao tempo do nascimento. Caso o beb\u00ea<br \/>\n\t\t\t\t\t\ttenha tempo suficiente para metabolizar a medica\u00e7\u00e3o,<br \/>\n\t\t\t\t\t\tsomente um pequeno efeito poder\u00e1 ser percebido. A<br \/>\n\t\t\t\t\t\tmaioria dos m\u00e9dicos acha que \u00e9 seguro para o beb\u00ea<br \/>\n\t\t\t\t\t\tadminstrar narc\u00f3ticos \u00e0s m\u00e3es para al\u00edvio das dores do<br \/>\n\t\t\t\t\t\ttrabalho de parto.&nbsp;<\/p>\n<p><a href=\"\/metodos-de-alivio-da-do\/nitrous-oxide\" target=\"_parent\" rel=\"noopener\">Clique abaixo para ler o pr\u00f3ximo \u00edtem<\/a><span style=\"background-color: transparent; color: rgb(0, 0, 255); font-family: Helvetica, sans-serif; font-weight: 400; text-align: center; \"><\/span><br \/><\/span><\/p>\n<p class=\"MsoNormal\" style=\"text-align: left; \"><font face=\"Tahoma\" style=\"font-size: 16px;\"><span style=\"color: #000000; \"><\/span><\/font><\/p>\n<p class=\"MsoNormal\" style=\"text-align: left; \"><font face=\"Tahoma\" style=\"font-size: 16px; \"><\/font><\/p>\n<p class=\"MsoNormal\" style=\"text-align: left; \"><font face=\"Tahoma\" style=\"font-size: 16px; \"><\/font><\/p>\n<p class=\"MsoNormal\" style=\"text-align: left; \"><font face=\"Tahoma\" style=\"font-size: 16px; \"><\/font><\/p>\n<p class=\"MsoNormal\" style=\"text-align: left; \"><span style=\"font-size: 16px; \"><font face=\"Tahoma\"><\/font><font face=\"Tahoma\"><\/font><\/span><\/p>\n<\/td>\n<\/tr>\n<tr>\n<td><\/td>\n<\/tr>\n<\/tbody>\n<\/table>\n<\/td>\n<\/tr>\n<\/tbody>\n<\/table>\n<p><\/p>\n","protected":false},"excerpt":{"rendered":"<p>S\u00e3o medica\u00e7\u00f5es injetadas na corrente sang\u00fc\u00ednea que aliviam, mas n\u00e3o eliminam, a dor durante o parto Essas s\u00e3o medica\u00e7\u00f5es administradas tanto por via intravenosa (IV) quanto intramuscular para reduzir a intensidade da dor do parto. Essas medica\u00e7\u00f5es s\u00e3o geralmente solicitadas pelo obstetra e adminstrada pela equipe de enfermagem. Os opi\u00f3ides s\u00e3o os medicamentos mais efetivos&#8230;<\/p>\n<p class=\"more-link-wrap\"><a href=\"https:\/\/painfreebirthing.com\/port\/metodos-de-alivio-da-do\/analgesia-sistemica\/\" class=\"more-link\">Read More<span class=\"screen-reader-text\"> &ldquo;Medica\u00e7\u00e3o Sist\u00eamica&rdquo;<\/span> &raquo;<\/a><\/p>\n","protected":false},"author":1,"featured_media":0,"parent":90,"menu_order":5,"comment_status":"closed","ping_status":"closed","template":"","meta":{"footnotes":""},"class_list":["post-91","page","type-page","status-publish","hentry"],"_links":{"self":[{"href":"https:\/\/painfreebirthing.com\/port\/wp-json\/wp\/v2\/pages\/91","targetHints":{"allow":["GET"]}}],"collection":[{"href":"https:\/\/painfreebirthing.com\/port\/wp-json\/wp\/v2\/pages"}],"about":[{"href":"https:\/\/painfreebirthing.com\/port\/wp-json\/wp\/v2\/types\/page"}],"author":[{"embeddable":true,"href":"https:\/\/painfreebirthing.com\/port\/wp-json\/wp\/v2\/users\/1"}],"replies":[{"embeddable":true,"href":"https:\/\/painfreebirthing.com\/port\/wp-json\/wp\/v2\/comments?post=91"}],"version-history":[{"count":0,"href":"https:\/\/painfreebirthing.com\/port\/wp-json\/wp\/v2\/pages\/91\/revisions"}],"up":[{"embeddable":true,"href":"https:\/\/painfreebirthing.com\/port\/wp-json\/wp\/v2\/pages\/90"}],"wp:attachment":[{"href":"https:\/\/painfreebirthing.com\/port\/wp-json\/wp\/v2\/media?parent=91"}],"curies":[{"name":"wp","href":"https:\/\/api.w.org\/{rel}","templated":true}]}}