{"id":90,"date":"2023-07-08T15:42:36","date_gmt":"2023-07-08T15:42:36","guid":{"rendered":"https:\/\/painfreebirthing.com\/port\/metodos-de-alivio-da-do\/"},"modified":"2023-07-08T15:42:36","modified_gmt":"2023-07-08T15:42:36","slug":"metodos-de-alivio-da-do","status":"publish","type":"page","link":"https:\/\/painfreebirthing.com\/port\/metodos-de-alivio-da-do\/","title":{"rendered":"New Page"},"content":{"rendered":"<p><span lang=\"PT-BR\" style=\"background-color: transparent; font-size: 16px; font-weight: 700; color: #000000;\">M\u00e9todos de al\u00edvio da do<\/span> <b style=\"color: rgb(0, 0, 0); font-family: 'Times New Roman'; text-align: start;\"><font face=\"Tahoma\"><span style=\"font-size: 16px;\"><\/span><span style=\"font-size: medium;\"><\/span><\/font><\/b><span style=\"color: #000000;\"><\/span><\/p>\n<p><\/p>\n<p><span style=\"font-size: 16px; font-family: Tahoma;\"><a href=\"\/metodos-de-alivio-da-do\/analgesia-sistemica\" style=\"background-color: transparent; color: rgb(0, 102, 204); font-weight: 400; text-decoration: underline;\" target=\"_parent\" rel=\"noopener\"><span lang=\"PT-BR\" style=\"color: rgb(0, 0, 0); \">Analgesia sist\u00eamica<\/span><\/a><a target=\"main\" href=\"http:\/\/www.painfreebirthing.com\/italian\/methods1it.htm\" style=\"font-weight: 400; text-align: start; background-color: #FFFFFF;\" rel=\"noopener\"><\/a><a href=\"\/pain-relief-methods\/systemic-pain-relief\" target=\"_parent\" rel=\"noopener\"><\/a><br \/><\/span><\/p>\n<p><span style=\"font-size: 16px; font-family: Tahoma; color: #000000;\">&nbsp;<a href=\"\/metodos-de-alivio-da-do\/nitrous-oxide\" target=\"_parent\" rel=\"noopener\"><span style=\"color: rgb(0, 0, 0); \">Nitrous Oxide<\/span><\/a><br \/><\/span><\/p>\n<p><span style=\"font-size: 16px; font-family: Tahoma; color: #000000;\">&nbsp;<a href=\"\/metodos-de-alivio-da-do\/anestesia-regional\" style=\"background-color: transparent; color: #0066CC; font-weight: 400; text-decoration: underline;\" target=\"_parent\" rel=\"noopener\"><span style=\"color: rgb(0, 0, 0); \">Anestesia regional&nbsp;<\/span><\/a><a target=\"_parent\" href=\"\/metodi-per-diminuire-l-dolore\/anestesia-regionale\" style=\"font-weight: 400; text-align: start; background-color: #FFFFFF;\" rel=\"noopener\"><\/a><a href=\"\/pain-relief-methods\/regional-pain-relief\" target=\"_parent\" rel=\"noopener\"><\/a><br \/><\/span><\/p>\n<p><span style=\"font-size: 16px; font-family: Tahoma; color: #000000;\">&nbsp;<a href=\"\/metodos-de-alivio-da-do\/qual-e-a-melhor\" style=\"background-color: transparent; color: #0066CC; font-weight: 400; text-decoration: underline;\" target=\"_parent\" rel=\"noopener\"><span style=\"color: rgb(0, 0, 0); \">Qual \u00e9<br \/>\n\ta melhor?<\/span><\/a><\/span><\/p>\n","protected":false},"excerpt":{"rendered":"<p>M\u00e9todos de al\u00edvio da do Analgesia sist\u00eamica &nbsp;Nitrous Oxide &nbsp;Anestesia regional&nbsp; &nbsp;Qual \u00e9 a melhor?<\/p>\n","protected":false},"author":1,"featured_media":0,"parent":0,"menu_order":4,"comment_status":"closed","ping_status":"closed","template":"","meta":{"footnotes":""},"class_list":["post-90","page","type-page","status-publish","hentry"],"_links":{"self":[{"href":"https:\/\/painfreebirthing.com\/port\/wp-json\/wp\/v2\/pages\/90","targetHints":{"allow":["GET"]}}],"collection":[{"href":"https:\/\/painfreebirthing.com\/port\/wp-json\/wp\/v2\/pages"}],"about":[{"href":"https:\/\/painfreebirthing.com\/port\/wp-json\/wp\/v2\/types\/page"}],"author":[{"embeddable":true,"href":"https:\/\/painfreebirthing.com\/port\/wp-json\/wp\/v2\/users\/1"}],"replies":[{"embeddable":true,"href":"https:\/\/painfreebirthing.com\/port\/wp-json\/wp\/v2\/comments?post=90"}],"version-history":[{"count":0,"href":"https:\/\/painfreebirthing.com\/port\/wp-json\/wp\/v2\/pages\/90\/revisions"}],"wp:attachment":[{"href":"https:\/\/painfreebirthing.com\/port\/wp-json\/wp\/v2\/media?parent=90"}],"curies":[{"name":"wp","href":"https:\/\/api.w.org\/{rel}","templated":true}]}}