{"id":89,"date":"2023-07-08T15:42:35","date_gmt":"2023-07-08T15:42:35","guid":{"rendered":"https:\/\/painfreebirthing.com\/port\/intensidade-do-parto\/"},"modified":"2023-07-08T15:42:35","modified_gmt":"2023-07-08T15:42:35","slug":"intensidade-do-parto","status":"publish","type":"page","link":"https:\/\/painfreebirthing.com\/port\/intensidade-do-parto\/","title":{"rendered":"Intensidade da dor durante o trabalho de parto"},"content":{"rendered":"<p><span lang=\"PT-BR\" style=\"background-color: transparent; color: rgb(0, 0, 0); font-family: Tahoma, sans-serif; font-size: 16px;\">\u00c9 dif\u00edcil predizer quanta dor voc\u00ea sentir\u00e1 at\u00e9 que voc\u00ea,<br \/>\n\t\t\t\t\t\tde fato, entre em trabalho de parto. Algumas mulheres<br \/>\n\t\t\t\t\t\tt\u00eam n\u00edveis toler\u00e1veis, control\u00e1veis de dor enquanto<br \/>\n\t\t\t\t\t\toutras podem se beneficiar de alguma forma do al\u00edvio da<br \/>\n\t\t\t\t\t\tmesma. Existem v\u00e1rias t\u00e9cnicas n\u00e3o m\u00e9dicas que podem<br \/>\n\t\t\t\t\t\tajudar na dor durante o parto, tais como t\u00e9cnicas de<br \/>\n\t\t\t\t\t\trespira\u00e7\u00e3o e relaxamento, banhos quentes, massagem,<br \/>\n\t\t\t\t\t\taux\u00edlio de enfermagem, mudan\u00e7as de posi\u00e7\u00e3o (levantar,<br \/>\n\t\t\t\t\t\tsentar, andar, balan\u00e7ar) e a utiliza\u00e7\u00e3o de bolas (\u201clabor<br \/>\n\t\t\t\t\t\tBall\u201d). Os proponentes desses m\u00e9todos afirmam que os<br \/>\n\t\t\t\t\t\tmesmos s\u00e3o efetivos na suplanta\u00e7\u00e3o da dor e que fazem do<br \/>\n\t\t\t\t\t\ttrabalho de parto e o parto uma experi\u00eancia prazerosa.<br \/>\n\t\t\t\t\t\tPara maiores informa\u00e7\u00f5es a respeito desses m\u00e9todos, as<br \/>\n\t\t\t\t\t\tpacientes s\u00e3o incentivadas a visitar os sites na<br \/>\n\t\t\t\t\t\tinternet.<\/span> <\/p>\n<p style=\"background-color: transparent; color: rgb(0, 0, 0); font-family: 'Times New Roman'; font-size: 16px;\">\n\t\t\t\t\t\t<span lang=\"PT-BR\" style=\"font-family: Tahoma, sans-serif;\"><br \/>\n\t\t\t\t\t\tAlgumas mulheres, por outro lado, procuram uma forma<br \/>\n\t\t\t\t\t\tmedicamentosa de al\u00edvio da dor.<span style=\"font-weight: 400;\">&nbsp;<\/span><\/span><\/p>\n<p><font face=\"Tahoma, arial, verdana\" size=\"3\" style=\"color: rgb(61, 61, 61); font-weight: 400; background-color: rgb(221, 223, 223);\"><span style=\"background-color: #FFFFFF;\"><span style=\"color: rgb(0, 0, 0); font-family: Tahoma; font-size: medium; font-weight: 400; text-align: -webkit-left;\"><\/span><\/span><\/font><\/p>\n<p style=\"text-align: center;\"><img loading=\"lazy\" decoding=\"async\" width=\"144\" height=\"252\" alt=\"\" class=\"art-lightbox\" src=\"https:\/\/painfreebirthing.com\/port\/wp-content\/uploads\/2023\/07\/progresspreg.gif\"><span style=\"color: #3D3D3D; font-weight: 400; font-family: Tahoma, arial, verdana; font-size: medium; background-color: #FFFFFF;\"><br \/><\/span><\/p>\n<p><span style=\"color: #3D3D3D; font-weight: 400; font-family: Tahoma, arial, verdana; font-size: medium; background-color: #FFFFFF;\"><br \/><\/span><\/p>\n<p style=\"text-align: center;\"><span style=\"color: #3D3D3D; font-weight: 400; font-family: Tahoma, arial, verdana; font-size: medium; background-color: #FFFFFF;\"><br \/><\/span><\/p>\n<p style=\"text-align: center;\"><a href=\"\/metodos-de-alivio-da-do\" target=\"_parent\" rel=\"noopener\">Clique abaixo para ler o pr\u00f3ximo \u00edtem<\/a><span style=\"background-color: transparent; color: rgb(0, 0, 255); font-family: Helvetica, sans-serif; font-size: 16px; font-weight: 400;\"><\/span><a href=\"\/metodos-de-alivio-da-do\" target=\"_parent\" rel=\"noopener\"><\/a><span style=\"color: #3D3D3D; font-weight: 400; font-family: Tahoma, arial, verdana; font-size: medium; background-color: #FFFFFF;\"><br \/><\/span><\/p>\n<p style=\"text-align: center;\"><a href=\"\/pain-relief-methods\/systemic-pain-relief\" target=\"_parent\" rel=\"noopener\"><\/a><span style=\"color: #3D3D3D; font-weight: 400; font-family: Tahoma, arial, verdana; font-size: medium; background-color: #FFFFFF;\"><\/span><\/p>\n","protected":false},"excerpt":{"rendered":"<p>\u00c9 dif\u00edcil predizer quanta dor voc\u00ea sentir\u00e1 at\u00e9 que voc\u00ea, de fato, entre em trabalho de parto. Algumas mulheres t\u00eam n\u00edveis toler\u00e1veis, control\u00e1veis de dor enquanto outras podem se beneficiar de alguma forma do al\u00edvio da mesma. Existem v\u00e1rias t\u00e9cnicas n\u00e3o m\u00e9dicas que podem ajudar na dor durante o parto, tais como t\u00e9cnicas de respira\u00e7\u00e3o&#8230;<\/p>\n<p class=\"more-link-wrap\"><a href=\"https:\/\/painfreebirthing.com\/port\/intensidade-do-parto\/\" class=\"more-link\">Read More<span class=\"screen-reader-text\"> &ldquo;Intensidade da dor durante o trabalho de parto&rdquo;<\/span> &raquo;<\/a><\/p>\n","protected":false},"author":1,"featured_media":0,"parent":0,"menu_order":3,"comment_status":"closed","ping_status":"closed","template":"","meta":{"footnotes":""},"class_list":["post-89","page","type-page","status-publish","hentry"],"_links":{"self":[{"href":"https:\/\/painfreebirthing.com\/port\/wp-json\/wp\/v2\/pages\/89","targetHints":{"allow":["GET"]}}],"collection":[{"href":"https:\/\/painfreebirthing.com\/port\/wp-json\/wp\/v2\/pages"}],"about":[{"href":"https:\/\/painfreebirthing.com\/port\/wp-json\/wp\/v2\/types\/page"}],"author":[{"embeddable":true,"href":"https:\/\/painfreebirthing.com\/port\/wp-json\/wp\/v2\/users\/1"}],"replies":[{"embeddable":true,"href":"https:\/\/painfreebirthing.com\/port\/wp-json\/wp\/v2\/comments?post=89"}],"version-history":[{"count":0,"href":"https:\/\/painfreebirthing.com\/port\/wp-json\/wp\/v2\/pages\/89\/revisions"}],"wp:attachment":[{"href":"https:\/\/painfreebirthing.com\/port\/wp-json\/wp\/v2\/media?parent=89"}],"curies":[{"name":"wp","href":"https:\/\/api.w.org\/{rel}","templated":true}]}}