{"id":88,"date":"2023-07-08T15:42:34","date_gmt":"2023-07-08T15:42:34","guid":{"rendered":"https:\/\/painfreebirthing.com\/port\/dor-do-parto\/"},"modified":"2023-07-08T15:42:34","modified_gmt":"2023-07-08T15:42:34","slug":"dor-do-parto","status":"publish","type":"page","link":"https:\/\/painfreebirthing.com\/port\/dor-do-parto\/","title":{"rendered":"Dor do parto"},"content":{"rendered":"<p><span style=\"color: rgb(34, 2, 3); font-family: Arial, 'Arial Unicode MS', Helvetica, sans-serif; font-size: 14px;\"><br \/><\/span><\/p>\n<table>\n<tbody>\n<tr>\n<td><span style=\"background-color: transparent; color: rgb(0, 0, 0); font-family: Tahoma, sans-serif; font-size: 16px; font-weight: 400; \">Quando o \u00fatero contrai durante o trabalho de parto, a<br \/>\n\t\t\t\t\t\tdor viaja desde o \u00fatero atrav\u00e9s dos nervos de sua coluna<br \/>\n\t\t\t\t\t\t(ossos da coluna como mostrados na figura abaixo) at\u00e9 o<br \/>\n\t\t\t\t\t\tc\u00e9rebro produzindo disconfortos como mostrado na figura<br \/>\n\t\t\t\t\t\ta baixo.<\/span><span style=\"color: rgb(0, 0, 0); font-family: Tahoma; font-size: medium; font-weight: 400; text-align: start; \">&nbsp;<\/span><font face=\"Tahoma, arial, verdana\" size=\"3\"><span style=\"color: rgb(34, 2, 3); \">&nbsp;<\/span><\/font><\/td>\n<\/tr>\n<tr>\n<td align=\"center\" style=\"text-align: center; \"><img loading=\"lazy\" decoding=\"async\" width=\"360\" height=\"432\" alt=\"\" class=\"art-lightbox\" src=\"https:\/\/painfreebirthing.com\/port\/wp-content\/uploads\/2023\/07\/paiinpathways.gif\"><\/td>\n<\/tr>\n<tr>\n<td align=\"center\" style=\"text-align: center; \">\n<table width=\"100%\">\n<tbody>\n<tr>\n<td colspan=\"2\">\n<table border=\"0\" width=\"100%\">\n<tbody>\n<tr>\n<td align=\"center\">\n<table>\n<tbody>\n<tr>\n<td align=\"center\" style=\"text-align: center; \">\n<table class=\"MsoNormalTable\" border=\"0\" cellpadding=\"0\">\n<tbody style=\"font-size: 14.66px; \">\n<tr style=\"font-size: 14.66px; \">\n<td style=\"padding-bottom: 1px; padding-left: 1px; padding-right: 1px; padding-top: 1px; \">\n<p class=\"MsoNormal\" style=\"font-size: 14.66px; \"><span lang=\"PT-BR\" style=\"font-family: Tahoma, sans-serif; color: #000000; \">Cada trabalho de parto \u00e9 \u00fanico. A quantidade de<br \/>\n\t\t\t\t\t\t\t\tdor que voc\u00ea experimenta \u00e9 dependente de<br \/>\n\t\t\t\t\t\t\t\tdiferentes fatores, que incluem:<\/span><\/p>\n<p align=\"center\" class=\"MsoNormal\" style=\"font-size: 14.66px; \">\n\t\t\t\t\t\t\t\t<span lang=\"PT-BR\" style=\"font-family: Tahoma, sans-serif; color: #000000; \"><br \/>\n\t\t\t\t\t\t\t\tO tamanho do beb\u00ea<\/span><\/p>\n<p align=\"center\" class=\"MsoNormal\" style=\"font-size: 14.66px; \">\n\t\t\t\t\t\t\t\t<span lang=\"PT-BR\" style=\"font-family: Tahoma, sans-serif; color: #000000; \"><br \/>\n\t\t\t\t\t\t\t\tA posi\u00e7\u00e3o do beb\u00ea<\/span><\/p>\n<p align=\"center\" class=\"MsoNormal\" style=\"font-size: 14.66px; \">\n\t\t\t\t\t\t\t\t<span lang=\"PT-BR\" style=\"font-family: Tahoma, sans-serif; color: #000000; \"><br \/>\n\t\t\t\t\t\t\t\tAs dimens\u00f5es da sua pelve<\/span><\/p>\n<p align=\"center\" class=\"MsoNormal\" style=\"font-size: 14.66px; \">\n\t\t\t\t\t\t\t\t<span lang=\"PT-BR\" style=\"font-family: Tahoma, sans-serif; color: #000000; \"><br \/>\n\t\t\t\t\t\t\t\tA for\u00e7a das contra\u00e7\u00f5es<\/span><\/p>\n<p align=\"center\" class=\"MsoNormal\" style=\"font-size: 14.66px; \">\n\t\t\t\t\t\t\t\t<span lang=\"PT-BR\" style=\"font-family: Tahoma, sans-serif; color: #000000; \"><br \/>\n\t\t\t\t\t\t\t\tSuas experi\u00eancias pr\u00e9vias e expectativas<\/span><\/p>\n<p align=\"center\" style=\"font-size: 14.66px; \">\n\t\t\t\t\t\t\t\t<span lang=\"PT-BR\" style=\"font-family: Tahoma, sans-serif; font-size: 16px; color: #000000; \"><br \/>\n\t\t\t\t\t\t\t\tV\u00e1rias quest\u00f5es ainda n\u00e3o entendidas <\/span><\/p>\n<p class=\"MsoNormal\" style=\"font-size: 14.66px; \">&nbsp;<\/p>\n<\/td>\n<\/tr>\n<tr style=\"font-size: 14.66px; \">\n<td style=\"padding-bottom: 1px; padding-left: 1px; padding-right: 1px; padding-top: 1px; \">\n<p class=\"MsoNormal\" style=\"text-align: justify; \">\n\t\t\t\t\t\t\t\t<span lang=\"PT-BR\" style=\"font-family: Tahoma, sans-serif; color: #000000; \"><br \/>\n\t\t\t\t\t\t\t\tDessa forma,<\/span><b><br \/>\n\t\t\t\t\t\t\t\t<\/b><br \/>\n\t\t\t\t\t\t\t\t<span lang=\"PT-BR\" style=\"font-family: Tahoma, sans-serif; \"><span style=\"color: #000000; \"><br \/>\n\t\t\t\t\t\t\t\t\u00e9 dif\u00edcil predizer quanta dor voc\u00ea sentir\u00e1 at\u00e9<br \/>\n\t\t\t\t\t\t\t\tque realmente vivencie o trabalho de parto.<br \/>\n\t\t\t\t\t\t\t\tAlgumas mulheres t\u00eam n\u00edveis de dor toler\u00e1veis,<br \/>\n\t\t\t\t\t\t\t\tcontrol\u00e1veis, enquanto outras podem se<br \/>\n\t\t\t\t\t\t\t\tbeneficiar de alguma forma de al\u00edvio da dor.<br \/>\n\t\t\t\t\t\t\t\tV\u00e1rias t\u00e9cnicas n\u00e3o m\u00e9dicas existem e podem<br \/>\n\t\t\t\t\t\t\t\tajudar no controle da dor durante o trabalho de<br \/>\n\t\t\t\t\t\t\t\tparto, incluindo t\u00e9cnicas de respira\u00e7\u00e3o e<br \/>\n\t\t\t\t\t\t\t\trelaxamento, chuveiradas quentes, massagem,<br \/>\n\t\t\t\t\t\t\t\tcuidados de suporte da enfermagem, mudan\u00e7as de<br \/>\n\t\t\t\t\t\t\t\tposi\u00e7\u00e3o (ficar em p\u00e9, sentar, andar e<br \/>\n\t\t\t\t\t\t\t\t\u201cbalan\u00e7ar\u201d) e utiliza\u00e7\u00e3o de uma bola de aux\u00edlio<br \/>\n\t\t\t\t\t\t\t\tno trabalho de parto. &nbsp;Entretanto, para algumas<br \/>\n\t\t\t\t\t\t\t\tmulheres, essas medidas podem n\u00e3o ser o<br \/>\n\t\t\t\t\t\t\t\tsuficiente.<\/span><\/span><\/p>\n<p class=\"MsoNormal\" style=\"text-align: center; \"><a href=\"\/intensidade-do-parto\" target=\"_parent\" rel=\"noopener\">Clique abaixo para ler o pr\u00f3ximo \u00edtem<\/a><span style=\"background-color: transparent; color: rgb(0, 0, 255); font-family: Helvetica, sans-serif; font-size: 16px; font-weight: 400; \"><\/span><span style=\"color: rgb(0, 0, 0); font-family: Tahoma, sans-serif;\"><br \/><\/span><\/p>\n<\/td>\n<\/tr>\n<\/tbody>\n<\/table>\n<\/td>\n<\/tr>\n<\/tbody>\n<\/table>\n<\/td>\n<\/tr>\n<\/tbody>\n<\/table>\n<\/td>\n<\/tr>\n<\/tbody>\n<\/table>\n<\/td>\n<\/tr>\n<\/tbody>\n<\/table>\n","protected":false},"excerpt":{"rendered":"<p>Quando o \u00fatero contrai durante o trabalho de parto, a dor viaja desde o \u00fatero atrav\u00e9s dos nervos de sua coluna (ossos da coluna como mostrados na figura abaixo) at\u00e9 o c\u00e9rebro produzindo disconfortos como mostrado na figura a baixo.&nbsp;&nbsp; Cada trabalho de parto \u00e9 \u00fanico. A quantidade de dor que voc\u00ea experimenta \u00e9 dependente&#8230;<\/p>\n<p class=\"more-link-wrap\"><a href=\"https:\/\/painfreebirthing.com\/port\/dor-do-parto\/\" class=\"more-link\">Read More<span class=\"screen-reader-text\"> &ldquo;Dor do parto&rdquo;<\/span> &raquo;<\/a><\/p>\n","protected":false},"author":1,"featured_media":0,"parent":0,"menu_order":2,"comment_status":"closed","ping_status":"closed","template":"","meta":{"footnotes":""},"class_list":["post-88","page","type-page","status-publish","hentry"],"_links":{"self":[{"href":"https:\/\/painfreebirthing.com\/port\/wp-json\/wp\/v2\/pages\/88","targetHints":{"allow":["GET"]}}],"collection":[{"href":"https:\/\/painfreebirthing.com\/port\/wp-json\/wp\/v2\/pages"}],"about":[{"href":"https:\/\/painfreebirthing.com\/port\/wp-json\/wp\/v2\/types\/page"}],"author":[{"embeddable":true,"href":"https:\/\/painfreebirthing.com\/port\/wp-json\/wp\/v2\/users\/1"}],"replies":[{"embeddable":true,"href":"https:\/\/painfreebirthing.com\/port\/wp-json\/wp\/v2\/comments?post=88"}],"version-history":[{"count":0,"href":"https:\/\/painfreebirthing.com\/port\/wp-json\/wp\/v2\/pages\/88\/revisions"}],"wp:attachment":[{"href":"https:\/\/painfreebirthing.com\/port\/wp-json\/wp\/v2\/media?parent=88"}],"curies":[{"name":"wp","href":"https:\/\/api.w.org\/{rel}","templated":true}]}}