{"id":136,"date":"2023-07-08T15:43:22","date_gmt":"2023-07-08T15:43:22","guid":{"rendered":"https:\/\/painfreebirthing.com\/port\/parto-cesareo\/alivio-da-dor-pos-operatoria\/"},"modified":"2023-07-08T15:43:22","modified_gmt":"2023-07-08T15:43:22","slug":"alivio-da-dor-pos-operatoria","status":"publish","type":"page","link":"https:\/\/painfreebirthing.com\/port\/parto-cesareo\/alivio-da-dor-pos-operatoria\/","title":{"rendered":"Al\u00edvio da dor p\u00f3s-operat\u00f3ria ap\u00f3s parto ces\u00e1reo"},"content":{"rendered":"<p style=\"margin-top: 10px; margin-bottom: 10px; color: rgb(105, 105, 105); font-family: Arial, 'Arial Unicode MS', Helvetica, sans-serif; background-color: rgba(255, 255, 255, 0.597656); font-weight: bold; text-align: center;\"><b><br \/><\/b><\/p>\n<p style=\"text-align: center;\"><font face=\"Tahoma, arial, verdana\" size=\"3\" style=\"font-weight: 400; background-color: rgba(255, 255, 255, 0.597656); color: rgb(0, 0, 0); font-size: medium; text-align: -webkit-left;\"><span style=\"font-weight: bold;\"><img loading=\"lazy\" decoding=\"async\" width=\"216\" height=\"288\" alt=\"\" class=\"art-lightbox\" src=\"https:\/\/painfreebirthing.com\/port\/wp-content\/uploads\/2023\/07\/postoppain-2.gif\"><font face=\"Tahoma, arial, verdana\" size=\"3\" style=\"font-weight: 400; background-color: rgba(255, 255, 255, 0.597656); color: rgb(0, 0, 0); font-size: medium; text-align: -webkit-left;\"><span style=\"font-weight: bold;\"><br \/><\/span><\/font><\/span><\/font><\/p>\n<p><span style=\"color: rgb(0, 0, 0); font-family: Tahoma, arial, verdana; font-size: medium;\">&nbsp;<b style=\"background-color: transparent; font-family: 'Times New Roman'; font-weight: 700;\"><span lang=\"PT-BR\" style=\"font-family: Tahoma, sans-serif;\">Existe alguma dor<br \/>\n\tap\u00f3s a opera\u00e7\u00e3o?<\/span><\/b><\/span><\/p>\n<p style=\"background-color: transparent; font-family: 'Times New Roman'; font-weight: 400;\">\n\t<span lang=\"PT-BR\" style=\"font-family: Tahoma, sans-serif;\">Dor oriunda de uma<br \/>\n\tincis\u00e3o cir\u00fargica em seu abdome pode limitar sua capacidade de sair da cama<br \/>\n\te participar em atividades relacionadas aos cuidados de seu rec\u00e9m-nascido.<br \/>\n\tPor esta raz\u00e3o, o controle da dor p\u00f3s-operat\u00f3ria \u00e9 necess\u00e1rio para manter<br \/>\n\tseu conforto.<\/span><\/p>\n<p style=\"background-color: transparent; font-family: 'Times New Roman'; font-weight: 400;\"><b><span lang=\"PT-BR\" style=\"font-family: Tahoma, sans-serif;\">Qual \u00e9 a<br \/>\n\tbordagem para o controle da dor?<\/span><\/b><\/p>\n<p style=\"background-color: transparent; font-family: 'Times New Roman'; font-weight: 400;\"><span lang=\"PT-BR\" style=\"font-family: Tahoma, sans-serif;\">Medica\u00e7\u00f5es para<br \/>\n\tdor (analg\u00e9sicos) podem ser dados pela boca, via intravenosa, ou como parte<br \/>\n\tda anestesia regional previamente administrada. J\u00e1 que seu est\u00f4mago n\u00e3o ser\u00e1<br \/>\n\tcapaz de tolerar muito, tomar rem\u00e9dios pela boca n\u00e3o \u00e9 poss\u00edvel at\u00e9 que<br \/>\n\tv\u00e1rias horas tenham se passado ap\u00f3s a cirurgia.<\/span><\/p>\n<p style=\"background-color: transparent; font-family: 'Times New Roman'; font-weight: 400;\"><span lang=\"PT-BR\" style=\"font-family: Tahoma, sans-serif;\">Seu<br \/>\n\tanestesiologista garantir\u00e1 seu conforto ap\u00f3s a cirurgia. O m\u00e9todo de al\u00edvio<br \/>\n\tda dor \u00e9 baseado na anestesia que voc\u00ea tiver recebido para a cesariana. Caso<br \/>\n\tvoc\u00ea tenha uma anestesia regional, analg\u00e9sicos administrados no espa\u00e7o<br \/>\n\tespinhal ou peridural podem durar por at\u00e9 18 horas ap\u00f3s a cirurgia sem gerar<br \/>\n\tseda\u00e7\u00e3o. Caso voc\u00ea tenha recebido anestesia geral, a dor \u00e9 geralmente<br \/>\n\tcontrolada com a auto-administra\u00e7\u00e3o de analg\u00e9sicos intravenosos (analgesia<br \/>\n\tcontrolada pelo paciente). O controle da dor ap\u00f3s o primeiro dia \u00e9,<br \/>\n\tfrequentemente, feito com p\u00edlulas analg\u00e9sicas orais. &nbsp;<\/span>&nbsp;<\/p>\n<p style=\"background-color: transparent; font-family: 'Times New Roman'; font-weight: 400;\"><b><span lang=\"PT-BR\" style=\"font-family: Tahoma, sans-serif;\">Existem<br \/>\n\tefeitos colaterais?<\/span><\/b><\/p>\n<p style=\"background-color: transparent; font-family: 'Times New Roman'; font-weight: 400;\"><span lang=\"PT-BR\" style=\"font-family: Tahoma, sans-serif;\">O rem\u00e9dio para<br \/>\n\tdor \u00e9, geralmente, alguma forma de medica\u00e7\u00e3o narc\u00f3tica. Os efeitos<br \/>\n\tcolaterais associados aos narc\u00f3ticos s\u00e3o sonol\u00eancia, coceira, n\u00e1useas,<br \/>\n\tredu\u00e7\u00e3o da respira\u00e7\u00e3o e constipa\u00e7\u00e3o. No entanto, esses efeitos s\u00e3o<br \/>\n\tnormalmente m\u00ednimos e auto-limitados. Caso gerem algum inc\u00f4modo, existem<br \/>\n\tmedica\u00e7\u00f5es para cont\u00ea-los. N\u00e3o h\u00e1 nenhum ac\u00famulo significativo dessas<br \/>\n\tmedica\u00e7\u00f5es no leite materno. Voc\u00ea n\u00e3o deve se preocupar com o risco de<br \/>\n\ttornar-se viciada nas drogas narc\u00f3ticas. \u00c9 muito mais importante estar<br \/>\n\tconfort\u00e1vel o suficiente para levantar-se e sair da cama ap\u00f3s a cirurgia do<br \/>\n\tque se preocupar com potenciais efeitos colaterias.<\/span><\/p>\n<p><b style=\"background-color: transparent; font-family: Tahoma; font-weight: 700;\"><\/b><\/p>\n<p style=\"margin-top: 10px; margin-bottom: 10px; font-weight: 400; background-color: rgba(255, 255, 255, 0.597656); color: rgb(0, 0, 0); font-family: 'Times New Roman'; font-size: medium; text-align: -webkit-left;\"><font face=\"Tahoma, arial, verdana\" size=\"3\"><br \/><\/font><\/p>\n<p><\/p>\n","protected":false},"excerpt":{"rendered":"<p>&nbsp;Existe alguma dor ap\u00f3s a opera\u00e7\u00e3o? Dor oriunda de uma incis\u00e3o cir\u00fargica em seu abdome pode limitar sua capacidade de sair da cama e participar em atividades relacionadas aos cuidados de seu rec\u00e9m-nascido. Por esta raz\u00e3o, o controle da dor p\u00f3s-operat\u00f3ria \u00e9 necess\u00e1rio para manter seu conforto. Qual \u00e9 a bordagem para o controle da&#8230;<\/p>\n<p class=\"more-link-wrap\"><a href=\"https:\/\/painfreebirthing.com\/port\/parto-cesareo\/alivio-da-dor-pos-operatoria\/\" class=\"more-link\">Read More<span class=\"screen-reader-text\"> &ldquo;Al\u00edvio da dor p\u00f3s-operat\u00f3ria ap\u00f3s parto ces\u00e1reo&rdquo;<\/span> &raquo;<\/a><\/p>\n","protected":false},"author":1,"featured_media":0,"parent":133,"menu_order":50,"comment_status":"closed","ping_status":"closed","template":"","meta":{"footnotes":""},"class_list":["post-136","page","type-page","status-publish","hentry"],"_links":{"self":[{"href":"https:\/\/painfreebirthing.com\/port\/wp-json\/wp\/v2\/pages\/136","targetHints":{"allow":["GET"]}}],"collection":[{"href":"https:\/\/painfreebirthing.com\/port\/wp-json\/wp\/v2\/pages"}],"about":[{"href":"https:\/\/painfreebirthing.com\/port\/wp-json\/wp\/v2\/types\/page"}],"author":[{"embeddable":true,"href":"https:\/\/painfreebirthing.com\/port\/wp-json\/wp\/v2\/users\/1"}],"replies":[{"embeddable":true,"href":"https:\/\/painfreebirthing.com\/port\/wp-json\/wp\/v2\/comments?post=136"}],"version-history":[{"count":0,"href":"https:\/\/painfreebirthing.com\/port\/wp-json\/wp\/v2\/pages\/136\/revisions"}],"up":[{"embeddable":true,"href":"https:\/\/painfreebirthing.com\/port\/wp-json\/wp\/v2\/pages\/133"}],"wp:attachment":[{"href":"https:\/\/painfreebirthing.com\/port\/wp-json\/wp\/v2\/media?parent=136"}],"curies":[{"name":"wp","href":"https:\/\/api.w.org\/{rel}","templated":true}]}}