{"id":135,"date":"2023-07-08T15:43:21","date_gmt":"2023-07-08T15:43:21","guid":{"rendered":"https:\/\/painfreebirthing.com\/port\/parto-cesareo\/anestesia-geral\/"},"modified":"2023-07-08T15:43:21","modified_gmt":"2023-07-08T15:43:21","slug":"anestesia-geral","status":"publish","type":"page","link":"https:\/\/painfreebirthing.com\/port\/parto-cesareo\/anestesia-geral\/","title":{"rendered":"Anestesia geral para cesariana"},"content":{"rendered":"<table border=\"0\" width=\"100%\" height=\"200\">\n<tbody>\n<tr>\n<td>\n<table width=\"100%\" height=\"200\" border=\"0\">\n<tbody>\n<tr>\n<td><b><span lang=\"PT-BR\" style=\"color: rgb(0, 0, 0); font-family: Tahoma; font-size: 16px;\">Quando a<br \/>\n\tanestesia geral \u00e9 utilizada?<\/span><\/b><\/p>\n<p>\n\t<span lang=\"PT-BR\" style=\"color: rgb(0, 0, 0); font-family: Tahoma; font-size: 16px;\"><br \/>\n\tAnestesia geral \u00e9 utilizada quando um bloqueio regional n\u00e3o \u00e9 a melhor<br \/>\n\tescolha por raz\u00f5es m\u00e9dicas ou outras raz\u00f5es. Por exemplo, quando uma<br \/>\n\tcesariana urgente \u00e9 necess\u00e1ria, pode n\u00e3o haver tempo suficiente para<br \/>\n\testabelecer uma anestesia regional. Algumas situa\u00e7\u00f5es de sangramento podem<br \/>\n\ttamb\u00e9m contra-indicar o uso do bloqueio regional. Al\u00e9m disso, a anestesia<br \/>\n\tgeral \u00e9 utilizada quando a anestesia regional falha em promover a quantidade<br \/>\n\tde anestesia necess\u00e1ria para manter voc\u00ea confort\u00e1vel para a cirurgia.&nbsp;&nbsp;<br \/>\n\t<\/span><\/p>\n<p><b><span lang=\"PT-BR\" style=\"color: rgb(0, 0, 0); font-family: Tahoma; font-size: 16px;\">A anestesia<br \/>\n\tgeral \u00e9 segura para o beb\u00ea?<\/span><\/b><\/p>\n<p>\t<span lang=\"PT-BR\" style=\"color: rgb(0, 0, 0); font-family: Tahoma; font-size: 16px;\"><br \/>\n\tAs medica\u00e7\u00f5es usadas para induzir e manter um estado de inconsci\u00eancia n\u00e3o<br \/>\n\ts\u00e3o danosas para o beb\u00ea. Na verdade, elas t\u00eam efeitos m\u00ednimos ou nenhum<br \/>\n\tsobre o beb\u00ea. Isto porque a quantidade e tipo de medicamentos usados para<br \/>\n\tinduzir o \u201csono\u201d (inconsci\u00eancia) na m\u00e3e n\u00e3o alcan\u00e7am, necessariamente, o<br \/>\n\tc\u00e9rebro do beb\u00ea em quantidades suficientes para faz\u00ea-lo dormir. Assim,<br \/>\n\tembora as m\u00e3es estejam anestesiadas e dormindo, os beb\u00eas geralmente est\u00e3o<br \/>\n\tativos e chorando no momento do nascimento.&nbsp; Os seus sinais vitais<br \/>\n\t(respira\u00e7\u00e3o, press\u00e3o sanguinea, freq\u00fc\u00eancia card\u00edaca) podem mudar com a<br \/>\n\tadministra\u00e7\u00e3o da anestesia, por isso o seu anestesiologista segue<br \/>\n\tcuidadosamente seus sinais vitais para garantir que os mesmo fiquem dentro<br \/>\n\tdos limites necess\u00e1rios para o bem-estar fetal. Portanto, anestesia geral<br \/>\n\tn\u00e3o faz mal ao beb\u00ea. No entanto, as raz\u00f5es pelas quais a paciente recebe<br \/>\n\tanestesia geral (complica\u00e7\u00f5es m\u00e9dicas ou obst\u00e9tricas) ao inv\u00e9s de regional<br \/>\n\tpodem, por vezes, ter efeitos sobre o beb\u00ea. &nbsp;<\/span><\/td>\n<\/tr>\n<tr>\n<td align=\"center\">\n<p class=\"MsoNormal\" style=\"text-align: center; \"><b><span style=\"font-family: Tahoma; font-size: 16px;\"><br \/>\n\t<\/span><span lang=\"PT-BR\"><span style=\"color: rgb(0, 0, 0); font-family: Tahoma; font-size: 16px;\"><br \/>\n\tProcedimento de anestesia geral.<\/span> <\/span><\/b><\/p>\n<\/td>\n<\/tr>\n<\/tbody>\n<\/table>\n<p><b style=\"background-color: transparent; color: rgb(0, 0, 0); font-family: 'Times New Roman'; font-size: 16px; font-weight: 700; \"><\/b><font face=\"Tahoma\" style=\"background-color: transparent; color: rgb(0, 0, 0); font-size: 16px; font-weight: 400; \"><\/font><font face=\"Tahoma, arial, verdana\" size=\"3\"><\/font><\/p>\n<p style=\"margin-top: 10px; margin-bottom: 10px; \"><font face=\"Tahoma, arial, verdana\" size=\"3\"><span style=\"color: rgb(20, 20, 20); \"><\/span><\/font><\/p>\n<\/td>\n<\/tr>\n<tr>\n<td align=\"center\"><b>&nbsp;<\/b><\/td>\n<\/tr>\n<tr>\n<td align=\"center\"><\/td>\n<\/tr>\n<tr>\n<td align=\"center\" style=\"text-align: center; \"><img loading=\"lazy\" decoding=\"async\" width=\"432\" height=\"288\" alt=\"\" class=\"art-lightbox\" src=\"https:\/\/painfreebirthing.com\/port\/wp-content\/uploads\/2023\/07\/csga.gif\"><\/td>\n<\/tr>\n<tr>\n<td align=\"left\"><b style=\"background-color: transparent; color: rgb(0, 0, 0); font-family: Tahoma, arial, verdana; font-size: 16px; font-weight: 700; \"><span lang=\"PT-BR\" style=\"font-family: Tahoma, sans-serif; \">O que \u00e9<br \/>\n\t\tanestesia geral e como ela \u00e9 administrada?<\/span><\/b><\/p>\n<p style=\"background-color: transparent; color: rgb(0, 0, 0); font-family: Tahoma, arial, verdana; font-size: 16px; font-weight: 400; \">\n\t\t<span lang=\"PT-BR\" style=\"font-family: Tahoma, sans-serif; \">Anestesia<br \/>\n\t\tgeral envolve a administra\u00e7\u00e3o de medica\u00e7\u00f5es intravenosas. O resultado \u00e9<br \/>\n\t\ta r\u00e1pida perda da consci\u00eancia.<\/span><\/p>\n<p style=\"background-color: transparent; color: rgb(0, 0, 0); font-family: Tahoma, arial, verdana; font-size: 16px; font-weight: 400; \"><span lang=\"PT-BR\" style=\"font-family: Tahoma, sans-serif; \">Voc\u00ea ser\u00e1,<br \/>\n\t\tprimeiramente, levada \u00e0 sala de opera\u00e7\u00f5es, onde os monitores de<br \/>\n\t\tseguran\u00e7a s\u00e3o aplicados. Os mesmos incluem um manguito de press\u00e3o<br \/>\n\t\tarterial, um monitor da oxigena\u00e7\u00e3o do sangue (um aparelho preso ao dedo)<br \/>\n\t\te um monitor do cora\u00e7\u00e3o (adesivos aplicados \u00e0 \u00e1rea do peito). Voc\u00ea<br \/>\n\t\tficar\u00e1 deitada de costas com o corpo levemente inclinado. Ent\u00e3o, o<br \/>\n\t\tanestesiologista solicitar\u00e1 que voc\u00ea respire oxig\u00eanio atrav\u00e9s de uma<br \/>\n\t\tm\u00e1scara, a qual \u00e9 colocada sobre sua boca e nariz.&nbsp; Logo depois disso,<br \/>\n\t\tmedica\u00e7\u00f5es ser\u00e3o injetadas em sua veia atrav\u00e9s do soro e um sono r\u00e1pido<br \/>\n\t\tocorrer\u00e1 em seguida. &nbsp;&nbsp;&nbsp;<\/span><\/p>\n<p style=\"background-color: transparent; color: rgb(0, 0, 0); font-family: Tahoma, arial, verdana; font-size: 16px; font-weight: 400; \"><span lang=\"PT-BR\" style=\"font-family: Tahoma, sans-serif; \"><br \/>\n\t\tConsiderando que sua capacidade de respirar ser\u00e1 alterada, ser\u00e1<br \/>\n\t\tnecess\u00e1rio inserir um tubo para ventila\u00e7\u00e3o em sua boca logo ap\u00f3s voc\u00ea<br \/>\n\t\tperder a consci\u00eancia. Esse tubo vai at\u00e9 os pulm\u00f5es e permite que o<br \/>\n\t\tanestesista assista voc\u00ea na respira\u00e7\u00e3o e garanta que voc\u00ea e o beb\u00ea est\u00e3o<br \/>\n\t\trecebendo oxig\u00eanio suficiente. O tubo tamb\u00e9m protege os pulm\u00f5es de uma<br \/>\n\t\tposs\u00edvel inj\u00faria causada por regurgita\u00e7\u00e3o de conte\u00fado do est\u00f4mago para<br \/>\n\t\tos pulm\u00f5es, a qual pode ocorrer enquanto voc\u00ea dorme. Uma vez que o tubo<br \/>\n\t\testeja no local adequado, medica\u00e7\u00f5es podem ser inaladas para manter o<br \/>\n\t\testado de inconsci\u00eancia. Analg\u00e9sicos s\u00e3o administrados por via<br \/>\n\t\tintravenosa para garantir seu conforto ao despertar da anestesia.&nbsp;&nbsp;<br \/>\n\t\t<\/span><\/p>\n<p style=\"background-color: transparent; color: rgb(0, 0, 0); font-family: Tahoma, arial, verdana; font-size: 16px; font-weight: 400; \"><span lang=\"PT-BR\" style=\"font-family: Tahoma, sans-serif; \">Quando a<br \/>\n\t\tcirurgia termina, o estado de inconsci\u00eancia diminui conforme as<br \/>\n\t\tmedica\u00e7\u00f5es s\u00e3o revertidas. Sua capacidade de respirar por conta pr\u00f3pria<br \/>\n\t\ttamb\u00e9m \u00e9 restaurada e quando voc\u00ea desperta o tubo em sua boca \u00e9 removido<br \/>\n\t\te uma leve m\u00e1scara pl\u00e1stica de oxig\u00eanio \u00e9 colocada em sua face. <\/span>\n\t\t<\/p>\n<p style=\"background-color: transparent; color: rgb(0, 0, 0); font-family: Tahoma, arial, verdana; font-size: 16px; font-weight: 400; \"><b><span lang=\"PT-BR\" style=\"font-family: Tahoma, sans-serif; \">Qual a<br \/>\n\t\tprincipal preocupa\u00e7\u00e3o quanto \u00e0 anestesia geral?<\/span><\/b><\/p>\n<p class=\"MsoNormal\" style=\"background-color: transparent; color: rgb(0, 0, 0); font-family: Tahoma, arial, verdana; font-size: 16px; font-weight: 400; \">\n\t\t<span lang=\"PT-BR\" style=\"font-family: Tahoma, sans-serif; \">Uma das<br \/>\n\t\tprincipais preocupa\u00e7\u00f5es durante a anestesia geral \u00e9 se h\u00e1 comida ou<br \/>\n\t\tl\u00edquido no est\u00f4mago da m\u00e3e. Durante a inconsci\u00eancia, pode ocorrer a<br \/>\n\t\taspira\u00e7\u00e3o, significando que algum conte\u00fado estomacal pode voltar \u00e0 boca<br \/>\n\t\te, ent\u00e3o, ir para dentro dos pulm\u00f5es. Caso isso aconte\u00e7a, pode-se<br \/>\n\t\tdesenvolver pneumonia e problemas respirat\u00f3rios (veja a anima\u00e7\u00e3o na<br \/>\n\t\tse\u00e7\u00e3o: \u201cEu posso comer ou beber durante o trabalho de parto?\u201d). O seu<br \/>\n\t\tanestesiologista, portanto, toma precau\u00e7\u00f5es extras para proteger seus<br \/>\n\t\tpulm\u00f5es, incluindo: oferta de um anti-\u00e1cido para neutralizar a acidez de<br \/>\n\t\tseu est\u00f4mago e coloca\u00e7\u00e3o do tubo de respira\u00e7\u00e3o em sua boca at\u00e9 alcan\u00e7ar<br \/>\n\t\tos pulm\u00f5es ap\u00f3s voc\u00ea ter sido anestesiada e estar inconsciente. Conforme<br \/>\n\t\tvoc\u00ea come\u00e7a a dormir com a indu\u00e7\u00e3o da anestesia, pode ser que perceba a<br \/>\n\t\tpress\u00e3o dos dedos de um assistente logo abaixo do pomo de ad\u00e3o em seu<br \/>\n\t\tpesco\u00e7o. Essa manobra \u00e9 feita para minimizar as chances de qualquer<br \/>\n\t\tregurgita\u00e7\u00e3o alcan\u00e7ar os pulm\u00f5es antes que o tubo traqueal seja<br \/>\n\t\tposicionado.<\/span>&nbsp;<\/p>\n<p style=\"background-color: transparent; color: rgb(0, 0, 0); font-family: Tahoma, arial, verdana; font-size: 16px; font-weight: 400; \"><b><span lang=\"PT-BR\" style=\"font-family: Tahoma, sans-serif; \">\u00c9<br \/>\n\t\tposs\u00edvel lembrar de alguma coisa se estiver dormindo durante a opera\u00e7\u00e3o?<\/span><\/b><\/p>\n<p style=\"background-color: transparent; color: rgb(0, 0, 0); font-family: Tahoma, arial, verdana; font-size: 16px; font-weight: 400; \"><span lang=\"PT-BR\" style=\"font-family: Tahoma, sans-serif; \">Voc\u00ea n\u00e3o<br \/>\n\t\tdeve ter lembran\u00e7a de nenhum evento que ocorrer durante seu estado de<br \/>\n\t\tinconsci\u00eancia. A recorda\u00e7\u00e3o de eventos (consci\u00eancia) \u00e9, portanto, rara.<br \/>\n\t\tMesmo levando em conta que algum grau de alerta deve ser restaurado<br \/>\n\t\tantes da retirada do tubo traqueal, a maioria dos pacientes n\u00e3o se<br \/>\n\t\trecorda disso.<\/span><\/p>\n<p style=\"background-color: transparent; color: rgb(0, 0, 0); font-family: Tahoma, arial, verdana; font-size: 16px; font-weight: 400; \"><span lang=\"PT-BR\" style=\"font-family: Tahoma, sans-serif; \"><br \/><\/span><\/p>\n<p style=\"background-color: transparent; color: rgb(0, 0, 0); font-family: Tahoma, arial, verdana; font-size: 16px; font-weight: 400; text-align: center; \"><a href=\"\/parto-cesareo\/alivio-da-dor-pos-operatoria\" target=\"_parent\" rel=\"noopener\">Clique abaixo para ler o pr\u00f3ximo \u00edtem<\/a><span style=\"background-color: transparent; color: rgb(0, 0, 255); font-family: Helvetica, sans-serif; font-weight: 400; text-align: center; \"><\/span><span lang=\"PT-BR\" style=\"font-family: Tahoma, sans-serif; \"><br \/><\/span><\/p>\n<p style=\"background-color: transparent; color: rgb(0, 0, 0); font-family: Tahoma, arial, verdana; font-size: 16px; \"><span style=\"font-weight: bold;\"><\/span><\/p>\n<p align=\"center\" style=\"background-color: transparent; color: rgb(0, 0, 0); font-family: Tahoma, arial, verdana; font-size: 16px; font-weight: 400; text-align: center; \"><a href=\"\/parto-cesareo\/controllo-del-dolore-post-operatorio-dopo-parto-cesareo\" target=\"_parent\" rel=\"noopener\"><\/a><\/p>\n<p style=\"margin-top: 10px; margin-bottom: 10px; \"><font face=\"Tahoma, arial, verdana\" size=\"3\"><\/font><\/p>\n<\/td>\n<\/tr>\n<\/tbody>\n<\/table>\n<p><\/p>\n","protected":false},"excerpt":{"rendered":"<p>Quando a anestesia geral \u00e9 utilizada? Anestesia geral \u00e9 utilizada quando um bloqueio regional n\u00e3o \u00e9 a melhor escolha por raz\u00f5es m\u00e9dicas ou outras raz\u00f5es. Por exemplo, quando uma cesariana urgente \u00e9 necess\u00e1ria, pode n\u00e3o haver tempo suficiente para estabelecer uma anestesia regional. Algumas situa\u00e7\u00f5es de sangramento podem tamb\u00e9m contra-indicar o uso do bloqueio regional&#8230;.<\/p>\n<p class=\"more-link-wrap\"><a href=\"https:\/\/painfreebirthing.com\/port\/parto-cesareo\/anestesia-geral\/\" class=\"more-link\">Read More<span class=\"screen-reader-text\"> &ldquo;Anestesia geral para cesariana&rdquo;<\/span> &raquo;<\/a><\/p>\n","protected":false},"author":1,"featured_media":0,"parent":133,"menu_order":49,"comment_status":"closed","ping_status":"closed","template":"","meta":{"footnotes":""},"class_list":["post-135","page","type-page","status-publish","hentry"],"_links":{"self":[{"href":"https:\/\/painfreebirthing.com\/port\/wp-json\/wp\/v2\/pages\/135","targetHints":{"allow":["GET"]}}],"collection":[{"href":"https:\/\/painfreebirthing.com\/port\/wp-json\/wp\/v2\/pages"}],"about":[{"href":"https:\/\/painfreebirthing.com\/port\/wp-json\/wp\/v2\/types\/page"}],"author":[{"embeddable":true,"href":"https:\/\/painfreebirthing.com\/port\/wp-json\/wp\/v2\/users\/1"}],"replies":[{"embeddable":true,"href":"https:\/\/painfreebirthing.com\/port\/wp-json\/wp\/v2\/comments?post=135"}],"version-history":[{"count":0,"href":"https:\/\/painfreebirthing.com\/port\/wp-json\/wp\/v2\/pages\/135\/revisions"}],"up":[{"embeddable":true,"href":"https:\/\/painfreebirthing.com\/port\/wp-json\/wp\/v2\/pages\/133"}],"wp:attachment":[{"href":"https:\/\/painfreebirthing.com\/port\/wp-json\/wp\/v2\/media?parent=135"}],"curies":[{"name":"wp","href":"https:\/\/api.w.org\/{rel}","templated":true}]}}