{"id":134,"date":"2023-07-08T15:43:20","date_gmt":"2023-07-08T15:43:20","guid":{"rendered":"https:\/\/painfreebirthing.com\/port\/parto-cesareo\/raquianestesia-peridural-combinada-raqui-peridural\/"},"modified":"2023-07-08T15:43:20","modified_gmt":"2023-07-08T15:43:20","slug":"raquianestesia-peridural-combinada-raqui-peridural","status":"publish","type":"page","link":"https:\/\/painfreebirthing.com\/port\/parto-cesareo\/raquianestesia-peridural-combinada-raqui-peridural\/","title":{"rendered":"Anestesia para cesariana"},"content":{"rendered":"<table border=\"0\" width=\"100%\" height=\"200\">\n<tbody>\n<tr>\n<td width=\"100%\"><font face=\"Tahoma, arial, verdana\" size=\"3\"><span style=\"color: #141414; \"><span style=\"font-family: Tahoma;\"><br \/><\/span><\/p>\n<table width=\"100%\" height=\"200\" border=\"0\">\n<tbody>\n<tr>\n<td width=\"100%\">\n<p class=\"MsoNormal\" style=\"background-color: transparent; color: rgb(0, 0, 0); font-weight: 400; \"><span style=\"font-family: Tahoma; font-size: 16px;\"><span lang=\"PT-BR\" style=\"color: rgb(0, 0, 0); \">O parto ces\u00e1ro<br \/>\n\t(cesariana) nos Estados Unidos \u00e9 realizado em, aproximadamente, 1 a cada 5<br \/>\n\tnascimentos. O parto pode ser planejado (isto \u00e9, cesariana eletiva) ou em<br \/>\n\tcar\u00e1ter de emerg\u00eancia (o bem estar da m\u00e3e ou do feto est\u00e1 em risco).<br \/>\n\tAnestesia \u00e9 necess\u00e1ria para a realiza\u00e7\u00e3o da cesariana e, para tanto,<br \/>\n\tanestesia regional ou geral podem ser administradas. A escolha da anestesia<br \/>\n\t\u00e9 determinada pela situa\u00e7\u00e3o cl\u00ednica e por sua condi\u00e7\u00e3o m\u00e9dica naquele<br \/>\n\tmomento. O papel de seu anestesista \u00e9 garantir seu conforto e seguran\u00e7a.&nbsp;&nbsp;<br \/>\n\t<\/span>&nbsp;&nbsp; &nbsp;<br \/>\n      <\/span><\/p>\n<table width=\"100%\" class=\"MsoNormalTable\" border=\"0\" cellpadding=\"0\">\n<tbody style=\"font-size: 13.33px; \">\n<tr style=\"font-size: 13.33px; \">\n<td width=\"99%\" style=\"padding-bottom: 1px; padding-left: 1px; padding-right: 1px; padding-top: 1px; width: 928.67px; \"><b style=\"font-family: Tahoma; font-size: 16px;\"><br \/>\n\t\t\t<span lang=\"PT-BR\" style=\"color: rgb(0, 0, 0); \">A<br \/>\n\t\t\tanestesia \u00e9 segura para o beb\u00ea?<\/span><\/b><\/p>\n<p>\n\t\t\t<span style=\"font-family: Tahoma; font-size: 16px;\"><span lang=\"PT-BR\" style=\"color: rgb(0, 0, 0); \">Ambas as<br \/>\n\t\t\tanestesias, geral e regional, s\u00e3o seguras e n\u00e3o tem efeitos<br \/>\n\t\t\tsignificativos sobre o beb\u00ea<\/span><span lang=\"PT-BR\" style=\"color: rgb(0, 0, 0); \">. <\/span><br \/>\n\t\t\t<span lang=\"PT-BR\" style=\"color: rgb(0, 0, 0); \">Os<br \/>\n\t\t\tanestesistas obst\u00e9tricos preferem administrar anestesia regional<br \/>\n\t\t\tsempre que poss\u00edvel j\u00e1 que essa t\u00e9cnica minimiza complica\u00e7\u00f5es<br \/>\n\t\t\trelacionadas \u00e0s vias a\u00e9reas (respira\u00e7\u00e3o). A anestesia regional \u00e9<br \/>\n\t\t\tsegura, efetiva e permite que voc\u00ea esteja acordada e livre de dor<br \/>\n\t\t\tdurante a oper\u00e7\u00e3o. Durante as anestesias regional e geral, monitores<br \/>\n\t\t\ts\u00e3o aplicados para garantir que seus sinais vitais sejam<br \/>\n\t\t\tmonitorizados e estejam dentro dos limites necess\u00e1rios para garantir<br \/>\n\t\t\to bem-estar do beb\u00ea.&nbsp; <\/span><br \/>\n\t\t\t&nbsp;<\/span><\/p>\n<p><b><span lang=\"PT-BR\" style=\"color: rgb(0, 0, 0); font-family: Tahoma; font-size: 16px;\">\u00c9<br \/>\n\t\t\tnecess\u00e1rio fazer jejum antes da cesariana?<\/span><\/b><\/p>\n<p><span lang=\"PT-BR\" style=\"color: rgb(0, 0, 0); font-family: Tahoma; font-size: 16px;\">Antes<br \/>\n\t\t\tde todas as cirurgias eletivas, independentemente do tipo de<br \/>\n\t\t\tanestesia que ser\u00e1 administrada, \u00e9 necess\u00e1rio o jejum (veja \u201cEu<br \/>\n\t\t\tposso comer ou beber durante o parto?\u201d).&nbsp; Antes da administra\u00e7\u00e3o<br \/>\n\t\t\ttanto da anestesia regional quanto da geral, ser\u00e1 dado a voc\u00ea um<br \/>\n\t\t\tanti-\u00e1cido para beber. Este \u00e9 necess\u00e1rio para neutralizar a acidez<br \/>\n\t\t\tdo est\u00f4mago. Essa precau\u00e7\u00e3o pode reduzir a chance de problemas<br \/>\n\t\t\tpulmonares caso ocorra regurgita\u00e7\u00e3o do conte\u00fado do est\u00f4mago para<br \/>\n\t\t\tdentro dos pulm\u00f5es. Voc\u00ea pode tamb\u00e9m receber medica\u00e7\u00f5es anti-n\u00e2useas<br \/>\n\t\t\tatrav\u00e9s do soro (intravenoso). &nbsp;<\/span><\/p>\n<p><b><span lang=\"PT-BR\" style=\"color: rgb(0, 0, 0); font-family: Tahoma; font-size: 16px;\">O<br \/>\n\t\t\tque acontece caso eu tenha acabado de comer?<\/span><\/b><\/p>\n<p><span style=\"font-family: Tahoma; font-size: 16px;\"><span lang=\"PT-BR\" style=\"color: rgb(0, 0, 0); \">Em<br \/>\n\t\t\tsitua\u00e7\u00f5es eletivas, um per\u00edodo de jejum de aproximadamente 8 horas \u00e9<br \/>\n\t\t\tnecess\u00e1rio. <\/span><span style=\"color: rgb(0, 0, 0); \">E<br \/>\n\t\t\tportanto, o procedimento cir\u00fargico ser\u00e1 atrasado. <\/span><br \/>\n\t\t\t<span lang=\"PT-BR\" style=\"color: rgb(0, 0, 0); \">Em<br \/>\n\t\t\tsitua\u00e7\u00f5es de emerg\u00eancia, precau\u00e7\u00f5es s\u00e3o tomadas para minimizar o<br \/>\n\t\t\trisco de aspira\u00e7\u00e3o (regurgita\u00e7\u00e3o do conte\u00fado do est\u00f4mago para dentro<br \/>\n\t\t\tdos pulm\u00f5es).<\/span><\/span><\/p>\n<p style=\"font-size: 13.33px; text-align: center; \">&nbsp;<span style=\"background-color: transparent; color: rgb(0, 0, 0); font-family: Tahoma, sans-serif; font-size: 16px; font-weight: 700; text-align: center; \">Procedimento de<br \/>\n\tanestesia espinhal (raquianestesia)<\/span><\/p>\n<\/td>\n<\/tr>\n<\/tbody>\n<\/table>\n<p><font face=\"Tahoma\" style=\"font-size: 16px;\"><\/font><\/p>\n<p><font face=\"Tahoma\" style=\"font-size: 16px;\"><\/font><\/p>\n<p><font face=\"Tahoma\" style=\"font-size: 16px;\"><\/font><\/p>\n<\/td>\n<\/tr>\n<tr>\n<td align=\"center\" style=\"text-align: center; \"><font face=\"Tahoma, arial, verdana\" size=\"3\"><b> <\/b><\/font><\/td>\n<\/tr>\n<\/tbody>\n<\/table>\n<p><\/span><\/font><\/p>\n<p style=\"margin-top: 10px; margin-bottom: 10px; \"><font face=\"Tahoma, arial, verdana\" size=\"3\"><b><\/b><\/font><\/p>\n<p style=\"margin-top: 10px; margin-bottom: 10px; \"><font face=\"Tahoma, arial, verdana\" size=\"3\"><\/font><\/p>\n<p style=\"margin-top: 10px; margin-bottom: 10px; \"><font face=\"Tahoma, arial, verdana\" size=\"3\"><b><\/b><\/font><\/p>\n<p style=\"margin-top: 10px; margin-bottom: 10px; \"><font face=\"Tahoma, arial, verdana\" size=\"3\"><\/font><\/p>\n<p style=\"margin-top: 10px; margin-bottom: 10px; \"><font face=\"Tahoma, arial, verdana\" size=\"3\"><b><\/b><\/font><\/p>\n<p style=\"margin-top: 10px; margin-bottom: 10px; \"><font face=\"Tahoma, arial, verdana\" size=\"3\"><span style=\"color: rgb(20, 20, 20); \"><\/span><\/font><\/p>\n<\/td>\n<\/tr>\n<tr>\n<td align=\"center\"><span style=\"color: rgb(20, 20, 20); font-family: Tahoma, arial, verdana; font-weight: bold; font-size: medium;\"><br \/><\/span><\/td>\n<\/tr>\n<tr>\n<td align=\"center\"><\/td>\n<\/tr>\n<tr>\n<td align=\"center\" style=\"text-align: center; \"><img loading=\"lazy\" decoding=\"async\" width=\"288\" height=\"432\" alt=\"\" class=\"art-lightbox\" src=\"https:\/\/painfreebirthing.com\/port\/wp-content\/uploads\/2023\/07\/spinalproc.gif\"><\/td>\n<\/tr>\n<tr>\n<td style=\"text-align: center; \"><b style=\"background-color: transparent; color: rgb(0, 0, 0); font-weight: 700; \"><span lang=\"PT-BR\" style=\"font-family: Tahoma; font-size: 16px; color: #000000; \">O que<br \/>\n\t\u00e9 anestesia regional?<\/span><\/b><\/p>\n<p style=\"background-color: transparent; color: #000000; font-weight: 400; \">\n\t<span style=\"font-family: Tahoma; font-size: 16px; color: #000000; \"><span lang=\"PT-BR\" style=\"color: #000000; \"><br \/>\n\tRaquianestesias, peridurais e anestesias combinadas raqui-peridurais s\u00e3o<br \/>\n\tanestesias regionais. Uma se\u00e7\u00e3o ou regi\u00e3o do corpo \u00e9 anestesiada pelo<br \/>\n\tmedicamento que \u00e9 injetado no espa\u00e7o desejado. As pernas, o abdome e parte<br \/>\n\tdo t\u00f3rax (peitoral) s\u00e3o as \u00e1reas que se tornam anestesiadas.&nbsp;&nbsp;<\/span>&nbsp;<\/span><\/p>\n<p style=\"background-color: transparent; color: #000000; font-weight: 400; \"><b><span lang=\"PT-BR\" style=\"font-family: Tahoma; font-size: 16px; color: #000000; \"><br \/>\n\tQual a diferen\u00e7a entre a raquianestesia, a peridural e a combinada<br \/>\n\traqui-peridural?<\/span><\/b><\/p>\n<p style=\"background-color: transparent; color: #000000; font-weight: 400; \"><span lang=\"PT-BR\" style=\"font-family: Tahoma; font-size: 16px; color: #000000; \">A<br \/>\n\tmedula espinhal e os nervos est\u00e3o contidos em um saco de fluido<br \/>\n\tc\u00e9rebro-espinhal (chamado de l\u00edquor). O espa\u00e7o em volta desse saco \u00e9 o<br \/>\n\tespa\u00e7o peridural (veja a se\u00e7\u00e3o \u201canestesia regional\u201d). A anestesia espinhal<br \/>\n\tenvolve a inje\u00e7\u00e3o de uma medica\u00e7\u00e3o anest\u00e9sica diretamente dentro do saco com<br \/>\n\tl\u00edquor.&nbsp; Peridural envolve a inje\u00e7\u00e3o do anest\u00e9sico fora do saco contendo o<br \/>\n\tl\u00edquor (chamdo espa\u00e7o peridural). A raquianestesia e a peridural t\u00eam o mesmo<br \/>\n\tefeito (isto \u00e9, anestesiar uma grande regi\u00e3o do corpo) porque ambas envolvem<br \/>\n\ta anestesia dos nervos conforme estes se ramificam e saem da medula<br \/>\n\tespinhal.&nbsp; Uma vez que na raquianestesia a inje\u00e7\u00e3o do anest\u00e9sico \u00e9 mais<br \/>\n\t\u201cdireta\u201d, o efeito \u00e9 imediato. Essa t\u00e9cnica, geralmente, \u00e9 a primeira<br \/>\n\tescolha para mulheres que n\u00e3o est\u00e3o em trabalho de parto, mas precisam de<br \/>\n\tuma cesariana.&nbsp; A anestesia peridural requer um pouco mais de tempo para que<br \/>\n\tse estabele\u00e7a o efeito desejado. Porque um pequeno tubo male\u00e1vel (cateter)<br \/>\n\tpode ser facilmente colocado dentro do espa\u00e7o peridural, repetidas doses de<br \/>\n\tanest\u00e9sico podem ser dadas para manter a anestesia pelo tempo que for<br \/>\n\tnecess\u00e1rio. A peridural \u00e9 a principal forma para aliviar a dor de mulheres<br \/>\n\tque requerem analgesia para o trabalho de parto. &nbsp;A anestesia combinada<br \/>\n\traqui-peridural envolve uma inje\u00e7\u00e3o espinhal (raquianestesia) seguida pela<br \/>\n\tinser\u00e7\u00e3o de um cateter peridural. Um r\u00e1pido in\u00edcio pode ser conseguido com a<br \/>\n\tparte da raquianestesia, enquanto a continua\u00e7\u00e3o da anestesia acontece<br \/>\n\tatrav\u00e9s do cateter peridural.&nbsp; &nbsp;&nbsp;&nbsp;<\/span><\/p>\n<p style=\"background-color: transparent; color: #000000; font-weight: 400; \"><b><span lang=\"PT-BR\" style=\"font-family: Tahoma; font-size: 16px; color: #000000; \"><br \/>\n\tComo o anest\u00e9sico espinhal \u00e9 administrado?<\/span><\/b><\/p>\n<p style=\"background-color: transparent; color: #000000; font-weight: 400; \"><span lang=\"PT-BR\" style=\"font-family: Tahoma; font-size: 16px; color: #000000; \">O<br \/>\n\tprocedimento para anestesia espinhal (raquianestesia) \u00e9 similar \u00e0 anestesia<br \/>\n\tperidural para trabalho de parto ou cesariana (veja a figura). A diferen\u00e7a \u00e9<br \/>\n\tque a medica\u00e7\u00e3o anest\u00e9sica \u00e9 injetada diretamente no saco espinhal. Uma<br \/>\n\tagulha fina \u00e9 utilizada para reduzir as chances de dor de cabe\u00e7a relacionada<br \/>\n\t\u00e0 raquianestesia.<\/span><\/p>\n<p style=\"background-color: transparent; color: #000000; font-weight: 400; \"><b><span lang=\"PT-BR\" style=\"font-family: Tahoma; font-size: 16px; color: #000000; \"><br \/>\n\tComo eu saberei se a raquianestesia est\u00e1 funcionando?<\/span><\/b><\/p>\n<p>\t<span lang=\"PT-BR\" style=\"background-color: transparent; font-weight: 400; font-family: Tahoma; font-size: 16px; color: #000000; \"><br \/>\n\tMuitas mulheres descrevem uma sensa\u00e7\u00e3o imediata de calor e formigamento nos<br \/>\n\tp\u00e9s que se extende para as pernas e abdome conforme o anest\u00e9sico espinhal<br \/>\n\tage. Suas pernas ficar\u00e3o, ent\u00e3o, insens\u00edveis e pesadas.&nbsp; Embora sua<br \/>\n\tcapacidade de respirar n\u00e3o seja alterada, a raquianestesia tamb\u00e9m anestesia<br \/>\n\ta regi\u00e3o do t\u00f3rax e a sensa\u00e7\u00e3o da respira\u00e7\u00e3o pode se tornar alterada com uma<br \/>\n\tsensa\u00e7\u00e3o subjetiva de estar com \u201cfalta de ar\u201d. Apesar de voc\u00ea estar<br \/>\n\trespirando adequadamente, seu c\u00e9rebro n\u00e3o percebe os movimentos do seu t\u00f3rax<br \/>\n\tdevido \u00e0 insensibilidade dessa regi\u00e3o. Uma vez que suas m\u00e3os n\u00e3o estejam<br \/>\n\tfracas e voc\u00ea \u00e9 capaz de falar, esteja certa de que voc\u00ea est\u00e1 respirando<br \/>\n\tbem.&nbsp; Al\u00e9m disso, voc\u00ea pode perceber a condensa\u00e7\u00e3o na m\u00e1scara de oxig\u00eanio<br \/>\n\tdurante cada respira\u00e7\u00e3o. Ademais, voc\u00ea deve sempre lembrar que o<br \/>\n\tanestesiologista est\u00e1 monitorando e olhando sua respira\u00e7\u00e3o, n\u00edveis de<br \/>\n\toxig\u00eanio, press\u00e3o arterial, batimentos card\u00edacos e outros sinais vitais.<br \/>\n\tAp\u00f3s a aplica\u00e7\u00e3o da raquianestesia, o anestesiologista checar\u00e1 o n\u00edvel da<br \/>\n\tanestesia avaliando a extens\u00e3o da insensibilidade na pele. \u00c9 normal que o<br \/>\n\tcorpo fique anestesiado desde a parte de baixo do t\u00f3rax at\u00e9 os p\u00e9s. Esta \u00e9<br \/>\n\tconsiderada a quantidade correta de anestesia para te manter confort\u00e1vel<br \/>\n\tpara a opera\u00e7\u00e3o. &nbsp;&nbsp;<\/span><\/p>\n<p style=\"background-color: transparent; color: #000000; font-weight: 400; \"><b style=\"font-family: Tahoma; font-size: 16px; \"><br \/>\n\t<span lang=\"PT-BR\" style=\"color: #000000; \">Uma<br \/>\n\tperidural para o trabalho de parto pode ser utilizada para uma cesariana?<\/span><\/b><\/p>\n<p style=\"background-color: transparent; color: #000000; font-weight: 400; \"><span style=\"font-family: Tahoma; font-size: 16px; color: #000000; \"><span lang=\"PT-BR\" style=\"color: #000000; \"><br \/>\n\tAlgumas mulheres que entram em trabalho de parto podem, eventualmente,<br \/>\n\tnecessitar de um parto ces\u00e1reo. Isto pode ser devido a fatores n\u00e3o urgentes<br \/>\n\t(parada de progress\u00e3o do beb\u00ea) ou a fatores urgentes (a condi\u00e7\u00e3o do beb\u00ea ou<br \/>\n\tda m\u00e3e est\u00e1 em risco). Caso o cateter peridural esteja no local adequado e<br \/>\n\tfuncionando bem, na maioria das vezes o anestesiologista pode administrar<br \/>\n\tmedicamentos adicionais atrav\u00e9s do cateter de maneira que a anestesia fique<br \/>\n\tadequada para a cirurgia. Assim como na raquianestesia, \u00e9 normal que o corpo<br \/>\n\tfique anestesiado desde a parte inferior do t\u00f3rax at\u00e9 os p\u00e9s. Novamente,<br \/>\n\tessa \u00e9 a quantidade de anest\u00e9sico considerada correta para te manter<br \/>\n\tconfort\u00e1vel para a opera\u00e7\u00e3o. Caso o cateter peridural n\u00e3o esteja<br \/>\n\tfuncionando, este pode ser reposionado ou a raquianestesia ou anestesia<br \/>\n\tgeral podem ser usadas. <\/span><br \/>\n\t<span style=\"color: #000000; \">A escolha depende<br \/>\n\tda urg\u00eancia do caso. No entanto, isto \u00e9 incomum. &nbsp;&nbsp;<\/span><br \/>\n        &nbsp;<\/span><\/p>\n<p>      <font style=\"background-color: transparent; color: #000000; font-weight: 400; font-family: Tahoma; font-size: 16px; \"> <\/p>\n<p><b><br \/>\n\t\t<span lang=\"PT-BR\" style=\"color: #000000; \">Eu<br \/>\n\t\tsentirei algo caso esteja acordada durante a opera\u00e7\u00e3o?<\/span><\/b><\/p>\n<p>\t<span lang=\"PT-BR\" style=\"color: #000000; \"><br \/>\n\tCom uma anestesia peridural ou espinhal (raquianestesia) voc\u00ea n\u00e3o dever\u00e1<br \/>\n\tsentir nenhuma dor durante a opera\u00e7\u00e3o. Devido ao fato de estar acordada,<br \/>\n\tvoc\u00ea poder\u00e1 perceber movimentos na parte inferior do seu corpo.<br \/>\n\tEspecificamente, voc\u00ea pode ter a sensa\u00e7\u00e3o de pux\u00f5es e movimentos conforme<br \/>\n\to\/a obstetra mexe em seus m\u00fasculos e tecidos abdominais. Al\u00e9m disso, no<br \/>\n\tmomento do nascimento, o cirurgi\u00e3o pode empurrar seu adbome para facilitar a<br \/>\n\tsa\u00edda do beb\u00ea e isto pode gerar uma sensa\u00e7\u00e3o de press\u00e3o no peito. &nbsp;&nbsp;<\/p>\n<p><a href=\"\/parto-cesareo\/anestesia-geral\" target=\"_parent\" rel=\"noopener\">Clique abaixo para ler o pr\u00f3ximo \u00edtem<\/a><span style=\"background-color: transparent; color: rgb(0, 0, 255); font-family: Helvetica, sans-serif; font-weight: 400; text-align: center; \"><\/span><br \/><\/span><\/font><\/p>\n<p align=\"left\" style=\"background-color: transparent; color: #000000; font-weight: 400; text-align: left; \"><span style=\"font-family: Tahoma; font-size: 16px; \"><b><\/b><\/span><\/p>\n<p><span style=\"font-family: Tahoma; font-size: 16px; \"><\/span><\/td>\n<\/tr>\n<\/tbody>\n<\/table>\n<p><span style=\"color: #000000; \"><br \/><\/span><\/p>\n","protected":false},"excerpt":{"rendered":"<p>O parto ces\u00e1ro (cesariana) nos Estados Unidos \u00e9 realizado em, aproximadamente, 1 a cada 5 nascimentos. O parto pode ser planejado (isto \u00e9, cesariana eletiva) ou em car\u00e1ter de emerg\u00eancia (o bem estar da m\u00e3e ou do feto est\u00e1 em risco). Anestesia \u00e9 necess\u00e1ria para a realiza\u00e7\u00e3o da cesariana e, para tanto, anestesia regional ou&#8230;<\/p>\n<p class=\"more-link-wrap\"><a href=\"https:\/\/painfreebirthing.com\/port\/parto-cesareo\/raquianestesia-peridural-combinada-raqui-peridural\/\" class=\"more-link\">Read More<span class=\"screen-reader-text\"> &ldquo;Anestesia para cesariana&rdquo;<\/span> &raquo;<\/a><\/p>\n","protected":false},"author":1,"featured_media":0,"parent":133,"menu_order":48,"comment_status":"closed","ping_status":"closed","template":"","meta":{"footnotes":""},"class_list":["post-134","page","type-page","status-publish","hentry"],"_links":{"self":[{"href":"https:\/\/painfreebirthing.com\/port\/wp-json\/wp\/v2\/pages\/134","targetHints":{"allow":["GET"]}}],"collection":[{"href":"https:\/\/painfreebirthing.com\/port\/wp-json\/wp\/v2\/pages"}],"about":[{"href":"https:\/\/painfreebirthing.com\/port\/wp-json\/wp\/v2\/types\/page"}],"author":[{"embeddable":true,"href":"https:\/\/painfreebirthing.com\/port\/wp-json\/wp\/v2\/users\/1"}],"replies":[{"embeddable":true,"href":"https:\/\/painfreebirthing.com\/port\/wp-json\/wp\/v2\/comments?post=134"}],"version-history":[{"count":0,"href":"https:\/\/painfreebirthing.com\/port\/wp-json\/wp\/v2\/pages\/134\/revisions"}],"up":[{"embeddable":true,"href":"https:\/\/painfreebirthing.com\/port\/wp-json\/wp\/v2\/pages\/133"}],"wp:attachment":[{"href":"https:\/\/painfreebirthing.com\/port\/wp-json\/wp\/v2\/media?parent=134"}],"curies":[{"name":"wp","href":"https:\/\/api.w.org\/{rel}","templated":true}]}}