{"id":133,"date":"2023-07-08T15:43:19","date_gmt":"2023-07-08T15:43:19","guid":{"rendered":"https:\/\/painfreebirthing.com\/port\/parto-cesareo\/"},"modified":"2023-07-08T15:43:19","modified_gmt":"2023-07-08T15:43:19","slug":"parto-cesareo","status":"publish","type":"page","link":"https:\/\/painfreebirthing.com\/port\/parto-cesareo\/","title":{"rendered":"Parto ces\u00e1reo"},"content":{"rendered":"<p style=\"text-align: left;\"><a href=\"\/cesarean-delivery\/regional-anesthesia-for-cesarean-delivery\" target=\"_parent\" rel=\"noopener\"><br \/><\/a><span lang=\"PT-BR\" style=\"background-color: transparent; font-weight: 400; color: rgb(255, 0, 0); font-size: 16px; font-family: Tahoma;\"><a href=\"\/parto-cesareo\/raquianestesia-peridural-combinada-raqui-peridural\" style=\"background-color: transparent; color: rgb(0, 102, 204); font-weight: 400;\" target=\"_parent\" rel=\"noopener\"><span style=\"color: rgb(0, 0, 0); \">Raquianestesia\/<br \/>\nperidural\/ combinada raqui-peridural<\/span><\/a><\/span><\/p>\n<p><a href=\"\/cesarean-delivery\/regional-anesthesia-for-cesarean-delivery\" target=\"_parent\" style=\"font-size: 16px; font-family: Tahoma;\" rel=\"noopener\"><span style=\"color: #FF0000; text-decoration: underline;\"><br \/><\/span><span lang=\"PT-BR\" style=\"background-color: transparent; color: #FF0000; font-weight: 400;\"><\/span><\/a><a href=\"\/parto-cesareo\/anestesia-geral\" target=\"_parent\" rel=\"noopener\"><span style=\"color: rgb(0, 0, 0); \">Anestesia geral<\/span><\/a><\/p>\n<p><a href=\"\/cesarean-delivery\/regional-anesthesia-for-cesarean-delivery\" target=\"_parent\" rel=\"noopener\"><span style=\"font-size: 16px; font-family: Tahoma;\"><span style=\"color: #FF0000; text-decoration: underline;\"><br \/><\/span><span lang=\"PT-BR\" style=\"background-color: transparent; color: #FF0000; font-weight: 400;\"><\/span><\/span><\/a><a href=\"\/parto-cesareo\/alivio-da-dor-pos-operatoria\" target=\"_parent\" rel=\"noopener\"><span style=\"color: rgb(0, 0, 0); \">Al\u00edvio<br \/>\n\t\tda dor p\u00f3s-operat\u00f3ria<\/span><\/a><span style=\"background-color: transparent;\"><font face=\"Tahoma\" style=\"background-color: transparent; color: rgb(0, 0, 0); font-weight: 400; text-align: left;\"><\/font><\/span><span style=\"font-family: Tahoma; font-size: 16px;\"><a href=\"\/parto-cesareo\/spinaleepiduralecombinazione-delle-due\" target=\"_parent\" rel=\"noopener\"><font style=\"background-color: transparent; color: rgb(0, 0, 0); font-weight: 400; text-align: left;\"><span style=\"color: #000000;\"><\/span><\/font><\/a><\/span><\/p>\n<p><span style=\"font-family: Tahoma; font-size: 16px; color: #000000;\"><a href=\"\/parto-cesareo\/anestesia-generale-per-il-parto-cesareo\" target=\"_parent\" rel=\"noopener\"><\/a><\/span><\/p>\n<p><a href=\"\/parto-cesareo\/controllo-del-dolore-post-operatorio-dopo-parto-cesareo\" target=\"_parent\" style=\"background-color: transparent; color: #0066CC; font-weight: 400; font-family: Tahoma; font-size: 16px;\" rel=\"noopener\"><\/a><\/p>\n<p style=\"text-align: center;\"><span style=\"border-collapse: collapse; -webkit-border-horizontal-spacing: 2px; -webkit-border-vertical-spacing: 2px;\"><br \/><\/span><\/p>\n","protected":false},"excerpt":{"rendered":"<p>Raquianestesia\/ peridural\/ combinada raqui-peridural Anestesia geral Al\u00edvio da dor p\u00f3s-operat\u00f3ria<\/p>\n","protected":false},"author":1,"featured_media":0,"parent":0,"menu_order":47,"comment_status":"closed","ping_status":"closed","template":"","meta":{"footnotes":""},"class_list":["post-133","page","type-page","status-publish","hentry"],"_links":{"self":[{"href":"https:\/\/painfreebirthing.com\/port\/wp-json\/wp\/v2\/pages\/133","targetHints":{"allow":["GET"]}}],"collection":[{"href":"https:\/\/painfreebirthing.com\/port\/wp-json\/wp\/v2\/pages"}],"about":[{"href":"https:\/\/painfreebirthing.com\/port\/wp-json\/wp\/v2\/types\/page"}],"author":[{"embeddable":true,"href":"https:\/\/painfreebirthing.com\/port\/wp-json\/wp\/v2\/users\/1"}],"replies":[{"embeddable":true,"href":"https:\/\/painfreebirthing.com\/port\/wp-json\/wp\/v2\/comments?post=133"}],"version-history":[{"count":0,"href":"https:\/\/painfreebirthing.com\/port\/wp-json\/wp\/v2\/pages\/133\/revisions"}],"wp:attachment":[{"href":"https:\/\/painfreebirthing.com\/port\/wp-json\/wp\/v2\/media?parent=133"}],"curies":[{"name":"wp","href":"https:\/\/api.w.org\/{rel}","templated":true}]}}