{"id":132,"date":"2023-07-08T15:43:18","date_gmt":"2023-07-08T15:43:18","guid":{"rendered":"https:\/\/painfreebirthing.com\/port\/perguntas-mais-frequentes\/"},"modified":"2023-07-08T15:43:18","modified_gmt":"2023-07-08T15:43:18","slug":"perguntas-mais-frequentes","status":"publish","type":"page","link":"https:\/\/painfreebirthing.com\/port\/perguntas-mais-frequentes\/","title":{"rendered":"Perguntas freq\u00fcentes  (FAQ&#8217;s)"},"content":{"rendered":"<p align=\"left\" style=\"margin-top: 10px; margin-bottom: 10px; color: #696969; font-family: Arial, 'Arial Unicode MS', Helvetica, sans-serif; font-weight: 400; background-color: rgba(255, 255, 255, 0.589844); text-align: center; \"><font face=\"Tahoma, arial, verdana\" size=\"3\"><span style=\"color: #141414; \"><br \/><\/span><\/font><\/p>\n<table width=\"100%\" class=\"MsoNormalTable\" border=\"0\" cellpadding=\"0\">\n<tbody style=\"font-size: 14.66px; \">\n<tr style=\"height: 89px; \">\n<td style=\"height: 857.1px; padding-bottom: 1px; padding-left: 1px; padding-right: 1px; padding-top: 1px; \"><span style=\"font-size: 16px; font-family: Tahoma; color: #000000; \"><span lang=\"PT-BR\" style=\"color: #000000; \">A maioria de suas d\u00favidas deve ter sido<br \/>\n\t\t\t\t\t\t\t\trespondida nas sess\u00f5es anteriores. O conte\u00fado a<br \/>\n\t\t\t\t\t\t\t\tseguir \u00e9 composto de outras quest\u00f5es \u00e0s quais<br \/>\n\t\t\t\t\t\t\t\tvoc\u00ea pode querer informa\u00e7\u00f5es adicionais. <\/span><br \/>\n\t\t\t\t\t\t\t\t<\/span><\/p>\n<p><b style=\"font-size: 16px; font-family: Tahoma; \"><br \/>\n\t\t\t\t\t\t\t\t<span lang=\"PT-BR\" style=\"color: #000000; \"><br \/>\n\t\t\t\t\t\t\t\tEu tenho que ficar acamada ap\u00f3s a anestesia<br \/>\n\t\t\t\t\t\t\t\tregional?<\/span><\/b><\/p>\n<p>\n\t\t\t\t\t\t\t\t<span lang=\"PT-BR\" style=\"font-size: 16px; font-family: Tahoma; color: #000000; \"><br \/>\n\t\t\t\t\t\t\t\tN\u00e3o necessariamente. Mas isso pode variar de<br \/>\n\t\t\t\t\t\t\t\tacordo com a pr\u00e1tica do hospital e de sua equipe<br \/>\n\t\t\t\t\t\t\t\tm\u00e9dica. Em alguns hospitais, prefere-se que voc\u00ea<br \/>\n\t\t\t\t\t\t\t\tfique na cama ap\u00f3s a anestesia regional por<br \/>\n\t\t\t\t\t\t\t\tquest\u00f5es relacionadas \u00e0 m\u00e3o-de-obra, seguran\u00e7a e<br \/>\n\t\t\t\t\t\t\t\tmonitoramento, apesar de voc\u00ea ser capaz de<br \/>\n\t\t\t\t\t\t\t\tsentar e andar. Enquanto em outros hospitais \u00e9<br \/>\n\t\t\t\t\t\t\t\tpermitido andar e sentar.<\/span><\/p>\n<p><b style=\"font-size: 16px; font-family: Tahoma; \"><br \/>\n\t\t\t\t\t\t\t\t<span lang=\"PT-BR\" style=\"color: #000000; \"><br \/>\n\t\t\t\t\t\t\t\tEu serei capaz de fazer for\u00e7a durante o parto,<br \/>\n\t\t\t\t\t\t\t\tcaso receba anestesia regional?<\/span><\/b><\/p>\n<p>\n\t\t\t\t\t\t\t\t<span lang=\"PT-BR\" style=\"font-size: 16px; font-family: Tahoma; color: #000000; \"><br \/>\n\t\t\t\t\t\t\t\tSim. A anestesia regional moderna dos dias de<br \/>\n\t\t\t\t\t\t\t\thoje permite que voc\u00ea descanse confortavelmente<br \/>\n\t\t\t\t\t\t\t\tenquanto seu c\u00e9rvix (colo do \u00fatero) dilata.<br \/>\n\t\t\t\t\t\t\t\tQuando a dilata\u00e7\u00e3o \u00e9 total e \u00e9 o momento de<br \/>\n\t\t\t\t\t\t\t\tfazer for\u00e7a, voc\u00ea ter\u00e1 energia reservada para<br \/>\n\t\t\t\t\t\t\t\ttal. A anestesia regional n\u00e3o deve alterar sua<br \/>\n\t\t\t\t\t\t\t\tcapacidade de fazer for\u00e7a, mas tornar essa a\u00e7\u00e3o<br \/>\n\t\t\t\t\t\t\t\tmais confort\u00e1vel para voc\u00ea.<\/span><\/p>\n<p><b style=\"font-size: 16px; font-family: Tahoma; \"><br \/>\n\t\t\t\t\t\t\t\t<span lang=\"PT-BR\" style=\"color: #000000; \"><br \/>\n\t\t\t\t\t\t\t\tO que eu sentirei ap\u00f3s o efeito inicial do<br \/>\n\t\t\t\t\t\t\t\tbloqueio?<\/span><\/b><\/p>\n<p>\n\t\t\t\t\t\t\t\t<span lang=\"PT-BR\" style=\"font-size: 16px; font-family: Tahoma; color: #000000; \"><br \/>\n\t\t\t\t\t\t\t\tApesar de um alivio significativo da dor<br \/>\n\t\t\t\t\t\t\t\tocorrer, voc\u00ea pode ainda perceber sensa\u00e7\u00f5es de<br \/>\n\t\t\t\t\t\t\t\tpress\u00e3o ou das contra\u00e7\u00f5es. Voc\u00ea pode tamb\u00e9m<br \/>\n\t\t\t\t\t\t\t\tsentir os exames de seu (sua) obstetra durante a<br \/>\n\t\t\t\t\t\t\t\tprogress\u00e3o do parto. Dependendo da sua condi\u00e7\u00e3o<br \/>\n\t\t\t\t\t\t\t\te de seu beb\u00ea, o anestesiologista pode ajustar o<br \/>\n\t\t\t\t\t\t\t\tgrau de anestesia para seu conforto e para<br \/>\n\t\t\t\t\t\t\t\tauxiliar na evolu\u00e7\u00e3o do trabalho de parto e<br \/>\n\t\t\t\t\t\t\t\tnascimento. Voc\u00ea pode perceber, temporariamente,<br \/>\n\t\t\t\t\t\t\t\talgum grau de formigamento, sensa\u00e7\u00e3o de peso ou<br \/>\n\t\t\t\t\t\t\t\tfraqueza em suas pernas. <\/span><\/p>\n<p><b style=\"font-size: 16px; font-family: Tahoma; \"><br \/>\n\t\t\t\t\t\t\t\t<span lang=\"PT-BR\" style=\"color: #000000; \"><br \/>\n\t\t\t\t\t\t\t\tQuanto tempo dura a anestesia?<\/span><\/b><\/p>\n<p>\n\t\t\t\t\t\t\t\t<span lang=\"PT-BR\" style=\"font-size: 16px; font-family: Tahoma; color: #000000; \"><br \/>\n\t\t\t\t\t\t\t\tA dura\u00e7\u00e3o da analgesia peridural pode ser<br \/>\n\t\t\t\t\t\t\t\textendida, geralmente, pelo tempo que for<br \/>\n\t\t\t\t\t\t\t\tnecess\u00e1rio. Depois que o cateter peridural \u00e9<br \/>\n\t\t\t\t\t\t\t\tposicionado, medica\u00e7\u00f5es adicionais podem ser<br \/>\n\t\t\t\t\t\t\t\tadministradas conforme a necessidade. Durante<br \/>\n\t\t\t\t\t\t\t\ttodo seu trabalho de parto, tanto seu conforto<br \/>\n\t\t\t\t\t\t\t\tquanto o progresso do parto ser\u00e3o monitorados<br \/>\n\t\t\t\t\t\t\t\tfreq\u00fcentemente e as medica\u00e7\u00f5es ajustadas de<br \/>\n\t\t\t\t\t\t\t\tacordo com essas informa\u00e7\u00f5es. Pode ser que uma<br \/>\n\t\t\t\t\t\t\t\tenfermeira ajude seu anestesiologista nesse<br \/>\n\t\t\t\t\t\t\t\tmonitoramento. Ap\u00f3s o parto, o cateter peridural<br \/>\n\t\t\t\t\t\t\t\tser\u00e1 removido e, dentro de algumas horas, as<br \/>\n\t\t\t\t\t\t\t\tsensa\u00e7\u00f5es retornar\u00e3o ao normal.&nbsp; <\/span><\/p>\n<p><b style=\"font-size: 16px; font-family: Tahoma; \"><br \/>\n\t\t\t\t\t\t\t\t<span lang=\"PT-BR\" style=\"color: #000000; \"><br \/>\n\t\t\t\t\t\t\t\tSe eu optar por parto natural, posso ter ajuda<br \/>\n\t\t\t\t\t\t\t\tdepois?<\/span><\/b><\/p>\n<p>\n\t\t\t\t\t\t\t\t<span lang=\"PT-BR\" style=\"font-size: 16px; font-family: Tahoma; color: #000000; \"><br \/>\n\t\t\t\t\t\t\t\tEm qualquer momento durante o trabalho de parto,<br \/>\n\t\t\t\t\t\t\t\tcaso voc\u00ea ache que \u00e9 demais suportar a dor e<br \/>\n\t\t\t\t\t\t\t\tmude de id\u00e9ia, um anestesiologista ficar\u00e1 feliz<br \/>\n\t\t\t\t\t\t\t\tem ajud\u00e1-la desde que seu parto n\u00e3o esteja muito<br \/>\n\t\t\t\t\t\t\t\tavan\u00e7ado a ponto de o nascimento ser iminente.<br \/>\n\t\t\t\t\t\t\t\tMudar de id\u00e9ia e requer o alivio da dor n\u00e3o deve<br \/>\n\t\t\t\t\t\t\t\tser considerado uma falha.<\/span><\/p>\n<p><b style=\"font-size: 16px; font-family: Tahoma; \"><br \/>\n\t\t\t\t\t\t\t\t<span lang=\"PT-BR\" style=\"color: #000000; \"><br \/>\n\t\t\t\t\t\t\t\tExistem situa\u00e7\u00f5es nas quais a analgesia<br \/>\n\t\t\t\t\t\t\t\tperidural pode ter vantagens quando comparada ao<br \/>\n\t\t\t\t\t\t\t\tparto natural?<\/span><\/b><\/p>\n<p>\n\t\t\t\t\t\t\t\t<span lang=\"PT-BR\" style=\"font-size: 16px; font-family: Tahoma; color: #000000; \"><br \/>\n\t\t\t\t\t\t\t\tAnalgesia peridural pode ser \u00fatil se voc\u00ea tiver<br \/>\n\t\t\t\t\t\t\t\tcertas condi\u00e7\u00f5es como problemas do cora\u00e7\u00e3o ou<br \/>\n\t\t\t\t\t\t\t\tpulm\u00e3o.&nbsp; Ocasionalmente, analgesia peridural<br \/>\n\t\t\t\t\t\t\t\tpode ser ben\u00e9fica caso voc\u00ea apresente<br \/>\n\t\t\t\t\t\t\t\tpr\u00e9-ecl\u00e2mpsia (press\u00e3o alta e p\u00e9s inchados).<br \/>\n\t\t\t\t\t\t\t\tVoc\u00ea deve discutir esse assunto com seu obstetra<br \/>\n\t\t\t\t\t\t\t\te seu anestesiologista. <\/span><\/p>\n<p><b style=\"font-size: 16px; font-family: Tahoma; \"><br \/>\n\t\t\t\t\t\t\t\t<span lang=\"PT-BR\" style=\"color: #000000; \"><br \/>\n\t\t\t\t\t\t\t\tEu terei dor nas costas ap\u00f3s a analgesia<br \/>\n\t\t\t\t\t\t\t\tperidural?<\/span><\/b><\/p>\n<p>\n\t\t\t\t\t\t\t\t<span lang=\"PT-BR\" style=\"font-size: 16px; font-family: Tahoma; color: #000000; \"><br \/>\n\t\t\t\t\t\t\t\tVoc\u00ea pode ter dor nas costas localizada na<br \/>\n\t\t\t\t\t\t\t\tregi\u00e3o da inser\u00e7\u00e3o da agulha, a qual se resolve<br \/>\n\t\t\t\t\t\t\t\tespontanemante dentro um a poucos dias. Por<br \/>\n\t\t\t\t\t\t\t\toutro lado, voc\u00ea pode apresentar dor nas costas<br \/>\n\t\t\t\t\t\t\t\tgeneralizada, a qual n\u00e3o est\u00e1 necessariamente<br \/>\n\t\t\t\t\t\t\t\trelacionada \u00e0 peridural. Estudos t\u00eam demonstrado<br \/>\n\t\t\t\t\t\t\t\tque m\u00e3es submetidas a parto natural (sem<br \/>\n\t\t\t\t\t\t\t\tanestesia) t\u00eam a mesma chance de ter dor nas<br \/>\n\t\t\t\t\t\t\t\tcostas que as m\u00e3es que receberam a peridural.<br \/>\n\t\t\t\t\t\t\t\tAparentemente a gravidez, por si s\u00f3, pode<br \/>\n\t\t\t\t\t\t\t\taumentar a incid\u00eancia de dor nas costas devido<br \/>\n\t\t\t\t\t\t\t\tao amolecimento dos ligamentos que leva ao<br \/>\n\t\t\t\t\t\t\t\testiramento das costas. <\/span><\/p>\n<p>\n\t\t\t\t\t\t\t\t<span style=\"font-size: 16px; font-family: Tahoma; color: #000000; \"><br \/>\n\t\t\t\t\t\t\t\t&nbsp;<\/span><\/p>\n<\/td>\n<\/tr>\n<\/tbody>\n<\/table>\n<p class=\"MsoNormal\" style=\"background-color: transparent; color: #000000; font-weight: 400; text-align: justify; \"><b style=\"font-size: 16px; font-family: Tahoma; \"><br \/>\n\t\t\t\t\t\t<span lang=\"PT-BR\" style=\"color: #000000; \"><br \/>\n\t\t\t\t\t\tEu serei capaz de urinar caso receba uma anestesia<br \/>\n\t\t\t\t\t\tperidural?<\/span><\/b><\/p>\n<p class=\"MsoNormal\" style=\"background-color: transparent; color: #000000; font-weight: 400; text-align: justify; \"><b style=\"font-size: 16px; font-family: Tahoma; \"><\/p>\n<p>\t\t\t\t\t\t&nbsp;<\/b><\/p>\n<p class=\"MsoNormal\" style=\"background-color: transparent; color: #000000; font-weight: 400; text-align: justify; \">\n\t\t\t\t\t\t<span lang=\"PT-BR\" style=\"font-size: 16px; font-family: Tahoma; color: #000000; \"><br \/>\n\t\t\t\t\t\tAnestesia peridural pode reduzir a sensa\u00e7\u00e3o de bexiga<br \/>\n\t\t\t\t\t\tcheia e, por isso, seu obstetra ou enfermeira pode<br \/>\n\t\t\t\t\t\tcolocar um cateter vesical tempor\u00e1rio para que a urina<br \/>\n\t\t\t\t\t\tsaia.<\/span><\/p>\n<p align=\"left\" style=\"background-color: transparent; color: #000000; font-family: 'Times New Roman'; font-weight: 400; text-align: left; \"><font face=\"Tahoma, arial, verdana\" size=\"3\"><font face=\"Tahoma\"><\/p>\n<p><\/font><\/font><\/p>\n<p style=\"text-align: center; \"><a href=\"\/parto-cesareo\" target=\"_parent\" rel=\"noopener\">Clique abaixo para ler o pr\u00f3ximo \u00edtem<\/a><span style=\"background-color: transparent; color: rgb(0, 0, 255); font-family: Helvetica, sans-serif; font-size: 16px; font-weight: 400; \"><\/span><span style=\"color: #000000; font-family: Tahoma; font-size: medium; \"><br \/><\/span><\/p>\n<p align=\"left\" style=\"margin-top: 10px; margin-bottom: 10px; color: #696969; font-family: Arial, 'Arial Unicode MS', Helvetica, sans-serif; font-weight: 400; background-color: rgba(255, 255, 255, 0.59375); \"><font face=\"Tahoma, arial, verdana\" size=\"3\"><b><\/b><\/font><\/p>\n<p align=\"left\" style=\"margin-top: 10px; margin-bottom: 10px; color: #696969; font-family: Arial, 'Arial Unicode MS', Helvetica, sans-serif; font-weight: 400; background-color: rgba(255, 255, 255, 0.59375); \"><font face=\"Tahoma, arial, verdana\" size=\"3\"><\/font><\/p>\n<p align=\"left\" style=\"margin-top: 10px; margin-bottom: 10px; color: #696969; font-family: Arial, 'Arial Unicode MS', Helvetica, sans-serif; font-weight: 400; background-color: rgba(255, 255, 255, 0.59375); \"><font face=\"Tahoma, arial, verdana\" size=\"3\"><b><\/b><\/font><\/p>\n<p align=\"left\" style=\"margin-top: 10px; margin-bottom: 10px; color: #696969; font-family: Arial, 'Arial Unicode MS', Helvetica, sans-serif; font-weight: 400; background-color: rgba(255, 255, 255, 0.59375); \"><font face=\"Tahoma, arial, verdana\" size=\"3\"><\/font><\/p>\n<p align=\"left\" style=\"margin-top: 10px; margin-bottom: 10px; color: #696969; font-family: Arial, 'Arial Unicode MS', Helvetica, sans-serif; font-weight: 400; background-color: rgba(255, 255, 255, 0.59375); \"><font face=\"Tahoma, arial, verdana\" size=\"3\"><b><\/b><\/font><\/p>\n<p align=\"left\" style=\"margin-top: 10px; margin-bottom: 10px; color: #696969; font-family: Arial, 'Arial Unicode MS', Helvetica, sans-serif; font-weight: 400; background-color: rgba(255, 255, 255, 0.59375); \"><font face=\"Tahoma, arial, verdana\" size=\"3\"><\/font><\/p>\n<p align=\"left\" style=\"margin-top: 10px; margin-bottom: 10px; color: #696969; font-family: Arial, 'Arial Unicode MS', Helvetica, sans-serif; font-weight: 400; background-color: rgba(255, 255, 255, 0.59375); \"><font face=\"Tahoma, arial, verdana\" size=\"3\"><b><\/b><\/font><\/p>\n<p align=\"left\" style=\"margin-top: 10px; margin-bottom: 10px; color: #696969; font-family: Arial, 'Arial Unicode MS', Helvetica, sans-serif; font-weight: 400; background-color: rgba(255, 255, 255, 0.59375); \"><font face=\"Tahoma, arial, verdana\" size=\"3\"><\/font><\/p>\n<p align=\"left\" style=\"margin-top: 10px; margin-bottom: 10px; color: #696969; font-family: Arial, 'Arial Unicode MS', Helvetica, sans-serif; font-weight: 400; background-color: rgba(255, 255, 255, 0.59375); \"><font face=\"Tahoma, arial, verdana\" size=\"3\"><b><\/b><\/font><\/p>\n<p align=\"left\" style=\"margin-top: 10px; margin-bottom: 10px; color: #696969; font-family: Arial, 'Arial Unicode MS', Helvetica, sans-serif; font-weight: 400; background-color: rgba(255, 255, 255, 0.59375); \"><font face=\"Tahoma, arial, verdana\" size=\"3\"><\/font><\/p>\n<p align=\"left\" style=\"margin-top: 10px; margin-bottom: 10px; color: #696969; font-family: Arial, 'Arial Unicode MS', Helvetica, sans-serif; font-weight: 400; background-color: rgba(255, 255, 255, 0.59375); \"><font face=\"Tahoma, arial, verdana\" size=\"3\"><b><\/b><\/font><\/p>\n<p align=\"left\" style=\"margin-top: 10px; margin-bottom: 10px; color: #696969; font-family: Arial, 'Arial Unicode MS', Helvetica, sans-serif; font-weight: 400; background-color: rgba(255, 255, 255, 0.59375); \"><font face=\"Tahoma, arial, verdana\" size=\"3\"><\/font><\/p>\n<p align=\"left\" style=\"margin-top: 10px; margin-bottom: 10px; color: #696969; font-family: Arial, 'Arial Unicode MS', Helvetica, sans-serif; font-weight: 400; background-color: rgba(255, 255, 255, 0.59375); \"><font face=\"Tahoma, arial, verdana\" size=\"3\"><b><\/b><\/font><\/p>\n<p align=\"left\" style=\"margin-top: 10px; margin-bottom: 10px; color: #696969; font-family: Arial, 'Arial Unicode MS', Helvetica, sans-serif; font-weight: 400; background-color: rgba(255, 255, 255, 0.59375); \"><font face=\"Tahoma, arial, verdana\" size=\"3\"><\/font><\/p>\n<p align=\"left\" style=\"margin-top: 10px; margin-bottom: 10px; color: #696969; font-family: Arial, 'Arial Unicode MS', Helvetica, sans-serif; font-weight: 400; background-color: rgba(255, 255, 255, 0.59375); \"><font face=\"Tahoma, arial, verdana\" size=\"3\"><b><\/b><\/font><\/p>\n<p align=\"left\" style=\"margin-top: 10px; margin-bottom: 10px; color: #696969; font-family: Arial, 'Arial Unicode MS', Helvetica, sans-serif; font-weight: 400; background-color: rgba(255, 255, 255, 0.59375); \"><font face=\"Tahoma, arial, verdana\" size=\"3\"><\/font><\/p>\n<p align=\"left\" style=\"margin-top: 10px; margin-bottom: 10px; color: #696969; font-family: Arial, 'Arial Unicode MS', Helvetica, sans-serif; font-weight: 400; background-color: rgba(255, 255, 255, 0.59375); \"><font face=\"Tahoma, arial, verdana\" size=\"3\"><\/font><\/p>\n<p><\/p>\n","protected":false},"excerpt":{"rendered":"<p>A maioria de suas d\u00favidas deve ter sido respondida nas sess\u00f5es anteriores. O conte\u00fado a seguir \u00e9 composto de outras quest\u00f5es \u00e0s quais voc\u00ea pode querer informa\u00e7\u00f5es adicionais. Eu tenho que ficar acamada ap\u00f3s a anestesia regional? N\u00e3o necessariamente. Mas isso pode variar de acordo com a pr\u00e1tica do hospital e de sua equipe m\u00e9dica&#8230;.<\/p>\n<p class=\"more-link-wrap\"><a href=\"https:\/\/painfreebirthing.com\/port\/perguntas-mais-frequentes\/\" class=\"more-link\">Read More<span class=\"screen-reader-text\"> &ldquo;Perguntas freq\u00fcentes  (FAQ&#8217;s)&rdquo;<\/span> &raquo;<\/a><\/p>\n","protected":false},"author":1,"featured_media":0,"parent":0,"menu_order":46,"comment_status":"closed","ping_status":"closed","template":"","meta":{"footnotes":""},"class_list":["post-132","page","type-page","status-publish","hentry"],"_links":{"self":[{"href":"https:\/\/painfreebirthing.com\/port\/wp-json\/wp\/v2\/pages\/132","targetHints":{"allow":["GET"]}}],"collection":[{"href":"https:\/\/painfreebirthing.com\/port\/wp-json\/wp\/v2\/pages"}],"about":[{"href":"https:\/\/painfreebirthing.com\/port\/wp-json\/wp\/v2\/types\/page"}],"author":[{"embeddable":true,"href":"https:\/\/painfreebirthing.com\/port\/wp-json\/wp\/v2\/users\/1"}],"replies":[{"embeddable":true,"href":"https:\/\/painfreebirthing.com\/port\/wp-json\/wp\/v2\/comments?post=132"}],"version-history":[{"count":0,"href":"https:\/\/painfreebirthing.com\/port\/wp-json\/wp\/v2\/pages\/132\/revisions"}],"wp:attachment":[{"href":"https:\/\/painfreebirthing.com\/port\/wp-json\/wp\/v2\/media?parent=132"}],"curies":[{"name":"wp","href":"https:\/\/api.w.org\/{rel}","templated":true}]}}