{"id":131,"date":"2023-07-08T15:43:17","date_gmt":"2023-07-08T15:43:17","guid":{"rendered":"https:\/\/painfreebirthing.com\/port\/efeitos-colaterais-e-complicacoes\/"},"modified":"2023-07-08T15:43:17","modified_gmt":"2023-07-08T15:43:17","slug":"efeitos-colaterais-e-complicacoes","status":"publish","type":"page","link":"https:\/\/painfreebirthing.com\/port\/efeitos-colaterais-e-complicacoes\/","title":{"rendered":"Efeitos Colaterais e Complica\u00e7\u00f5es da Anestesia Regional"},"content":{"rendered":"<p align=\"left\" style=\"background-color: transparent; color: rgb(0, 0, 0); font-family: 'Times New Roman'; font-size: 16px; font-weight: 400; text-align: left;\"><span lang=\"PT-BR\" style=\"font-family: Tahoma, sans-serif;\">O anestesiologista toma precau\u00e7\u00f5es especiais para<br \/>\n\t\t\t\t\t\tprevenir complica\u00e7\u00f5es. Embora os efeitos colaterais<br \/>\n\t\t\t\t\t\tsejam raros, eles ocasionalmente incluem os enumerados<br \/>\n\t\t\t\t\t\tabaixo.<\/span><br \/>\n\t\t\t\t\t\t<span style=\"font-family: Tahoma, sans-serif;\">Alguns<br \/>\n\t\t\t\t\t\tdesses podem ser espec\u00edficos das circunst\u00e2ncias de sua<br \/>\n\t\t\t\t\t\tapresenta\u00e7\u00e3o. Portanto, voc\u00ea deveria discut\u00ed-los com seu<br \/>\n\t\t\t\t\t\tanestesiologista. &nbsp;<\/span><\/p>\n<p style=\"background-color: transparent; color: rgb(0, 0, 0); font-family: 'Times New Roman'; font-size: 16px; font-weight: 400;\"><b><br \/>\n\t\t\t\t\t\t<span lang=\"PT-BR\" style=\"font-family: Tahoma, sans-serif;\"><br \/>\n\t\t\t\t\t\tTremores:<\/span><\/b> <span lang=\"PT-BR\" style=\"font-family: Tahoma, sans-serif;\"><br \/>\n\t\t\t\t\t\tOs tremores podem ocorrer e s\u00e3o uma rea\u00e7\u00e3o comum. \u00c0s<br \/>\n\t\t\t\t\t\tvezes, isso acontece durante o trabalho de parto e o<br \/>\n\t\t\t\t\t\tparto, mesmo que voc\u00ea n\u00e3o tenha recebido medica\u00e7\u00f5es<br \/>\n\t\t\t\t\t\tanest\u00e9sicas. Manter voc\u00ea aquecida, frequentemente, ajuda<br \/>\n\t\t\t\t\t\tna regress\u00e3o dos tremores.<\/span><\/p>\n<p style=\"background-color: transparent; color: rgb(0, 0, 0); font-family: 'Times New Roman'; font-size: 16px; font-weight: 400;\"><b><br \/>\n\t\t\t\t\t\t<span lang=\"PT-BR\" style=\"font-family: Tahoma, sans-serif;\"><br \/>\n\t\t\t\t\t\tPress\u00e3o Arterial Baixa:<\/span><\/b> <span lang=\"PT-BR\" style=\"font-family: Tahoma, sans-serif;\"><br \/>\n\t\t\t\t\t\tVoc\u00ea receber\u00e1 fluidos intrevenosos e sua press\u00e3o<br \/>\n\t\t\t\t\t\tsanguinea ser\u00e1 cuidadosamente monitorada e tratada.<br \/>\n\t\t\t\t\t\tQuedas na press\u00e3o arterial s\u00e3o rapidamente corrigidas.<br \/>\n\t\t\t\t\t\t<\/span><\/p>\n<p style=\"background-color: transparent; color: rgb(0, 0, 0); font-family: 'Times New Roman'; font-size: 16px; font-weight: 400;\"><b><br \/>\n\t\t\t\t\t\t<span lang=\"PT-BR\" style=\"font-family: Tahoma, sans-serif;\"><br \/>\n\t\t\t\t\t\tCoceira leve durante o trabalho de parto:<\/span><\/b><br \/>\n\t\t\t\t\t\t<span lang=\"PT-BR\" style=\"font-family: Tahoma, sans-serif;\"><br \/>\n\t\t\t\t\t\tIsso \u00e9 o resultado de narc\u00f3ticos usados como<br \/>\n\t\t\t\t\t\tmedicamentos peridurais ou espinhais. Caso a coceira se<br \/>\n\t\t\t\t\t\ttorne um inc\u00f4modo, seu anestesiologista pode trat\u00e1-la<br \/>\n\t\t\t\t\t\tcom medica\u00e7\u00f5es. A maioria das mulheres considera a<br \/>\n\t\t\t\t\t\tcoceira leve.<\/span><\/p>\n<p style=\"background-color: transparent; color: rgb(0, 0, 0); font-family: 'Times New Roman'; font-size: 16px; font-weight: 400;\"><b><br \/>\n\t\t\t\t\t\t<span lang=\"PT-BR\" style=\"font-family: Tahoma, sans-serif;\"><br \/>\n\t\t\t\t\t\tRea\u00e7\u00f5es ao anest\u00e9sico local:<\/span><\/b><br \/>\n\t\t\t\t\t\t<span lang=\"PT-BR\" style=\"font-family: Tahoma, sans-serif;\"><br \/>\n\t\t\t\t\t\tApesar das rea\u00e7\u00f5es aos anest\u00e9sicos serem raras, estas<br \/>\n\t\t\t\t\t\tpodem ser s\u00e9rias. N\u00e3o se esque\u00e7a de avisar ao seu<br \/>\n\t\t\t\t\t\tanestesiologista caso voc\u00ea tenha tido qualquer tipo de<br \/>\n\t\t\t\t\t\trea\u00e7\u00e3o \u00e0s medica\u00e7\u00f5es anest\u00e9sicas locais.<\/span><\/p>\n<p style=\"background-color: transparent; color: rgb(0, 0, 0); font-family: 'Times New Roman'; font-size: 16px; font-weight: 400;\"><b><br \/>\n\t\t\t\t\t\t<span lang=\"PT-BR\" style=\"font-family: Tahoma, sans-serif;\"><br \/>\n\t\t\t\t\t\tProblemas de respira\u00e7\u00e3o:<\/span><\/b><br \/>\n\t\t\t\t\t\t<span lang=\"PT-BR\" style=\"font-family: Tahoma, sans-serif;\"><br \/>\n\t\t\t\t\t\tEm raras ocasi\u00f5es, a medica\u00e7\u00e3o anest\u00e9sica pode afetar os<br \/>\n\t\t\t\t\t\tm\u00fasculos do t\u00f3rax e fazer com que seja dif\u00edcil respirar.<br \/>\n\t\t\t\t\t\tOxig\u00eanio pode ser dado para liviar esse desconforto e<br \/>\n\t\t\t\t\t\tajudar na respira\u00e7\u00e3o.<\/span><\/p>\n<p style=\"background-color: transparent; color: rgb(0, 0, 0); font-family: 'Times New Roman'; font-size: 16px; font-weight: 400;\"><b><br \/>\n\t\t\t\t\t\t<span lang=\"PT-BR\" style=\"font-family: Tahoma, sans-serif;\"><br \/>\n\t\t\t\t\t\tInje\u00e7\u00f5es nas veias:<\/span><\/b><br \/>\n\t\t\t\t\t\t<span lang=\"PT-BR\" style=\"font-family: Tahoma, sans-serif;\"><br \/>\n\t\t\t\t\t\tAs veias localizadas no espa\u00e7o peridural tornam-se<br \/>\n\t\t\t\t\t\tinchadas durante a gravidez. Existe um risco da<br \/>\n\t\t\t\t\t\tmedica\u00e7\u00e3o anest\u00e9sica ser injetada em uma dessas veias.<br \/>\n\t\t\t\t\t\tPara ajudar a evitar rea\u00e7\u00f5es raras resultantes disso, o<br \/>\n\t\t\t\t\t\tseu anestesiologista, primeiramente, administrar\u00e1 uma<br \/>\n\t\t\t\t\t\tdose teste de medica\u00e7\u00e3o e voc\u00ea pode ser perguntada<br \/>\n\t\t\t\t\t\tquanto a sensa\u00e7\u00f5es como tonteira, gosto diferente em sua<br \/>\n\t\t\t\t\t\tboca, formigamento das orelhas ou palpita\u00e7\u00f5es (sentir o<br \/>\n\t\t\t\t\t\tcora\u00e7\u00e3o bater r\u00e1pido).&nbsp;<\/span><\/p>\n<p style=\"background-color: transparent; color: rgb(0, 0, 0); font-family: 'Times New Roman'; font-size: 16px; font-weight: 400;\"><b><br \/>\n\t\t\t\t\t\t<span lang=\"PT-BR\" style=\"font-family: Tahoma, sans-serif;\"><br \/>\n\t\t\t\t\t\tPersist\u00eancia de dor em algumas \u00e1reas\/ Aus\u00eancia de al\u00edvio<br \/>\n\t\t\t\t\t\tda dor:<\/span><\/b><br \/>\n\t\t\t\t\t\t<span lang=\"PT-BR\" style=\"font-family: Tahoma, sans-serif;\"><br \/>\n\t\t\t\t\t\tAlgumas vezes, o anest\u00e9sico n\u00e3o atinge uma determinada<br \/>\n\t\t\t\t\t\t\u00e1rea deixando uma regi\u00e3o que ainda \u00e9 dolorosa. O seu<br \/>\n\t\t\t\t\t\tanestesiologista pode mudar sua posi\u00e7\u00e3o na cama ou<br \/>\n\t\t\t\t\t\treposicionar o cateter peridural para aliviar a dor.<br \/>\n\t\t\t\t\t\tOcasionalmente, o cateter peridural pode ser retirado e<br \/>\n\t\t\t\t\t\treinserido caso voc\u00ea n\u00e3o tenha alivio adequado da dor.<br \/>\n\t\t\t\t\t\tSeu anestesiologista trabalhar\u00e1 com voc\u00ea para te fazer<br \/>\n\t\t\t\t\t\tconfort\u00e1vel.<\/span><\/p>\n<p style=\"background-color: transparent; color: rgb(0, 0, 0); font-family: 'Times New Roman'; font-size: 16px; font-weight: 400;\"><b><br \/>\n\t\t\t\t\t\t<span lang=\"PT-BR\" style=\"font-family: Tahoma, sans-serif;\"><br \/>\n\t\t\t\t\t\tParestesias (sensa\u00e7\u00e3o de \u201cchoque\u201d no trajeto do nervo):<\/span><\/b> <span lang=\"PT-BR\" style=\"font-family: Tahoma, sans-serif;\"><br \/>\n\t\t\t\t\t\tA<b> <\/b>sensa\u00e7\u00e3o transit\u00f3ria de choque no trajeto de um<br \/>\n\t\t\t\t\t\tnervo pode ocorrer durante a inser\u00e7\u00e3o do cateter<br \/>\n\t\t\t\t\t\tperidural conforme o mesmo encosta nos nervos no espa\u00e7o<br \/>\n\t\t\t\t\t\tperidural. Embora essa sensa\u00e7\u00e3o seja comum durante<br \/>\n\t\t\t\t\t\tinje\u00e7\u00f5es no espa\u00e7o peridural, les\u00f5es permanentes nos<br \/>\n\t\t\t\t\t\tnervos s\u00e3o extremamente raras.<\/span><\/p>\n<p style=\"background-color: transparent; color: rgb(0, 0, 0); font-family: 'Times New Roman'; font-size: 16px; font-weight: 400;\"><b><br \/>\n\t\t\t\t\t\t<span lang=\"PT-BR\" style=\"font-family: Tahoma, sans-serif;\"><br \/>\n\t\t\t\t\t\tDor nas costas:<\/span><\/b><br \/>\n\t\t\t\t\t\t<span lang=\"PT-BR\" style=\"font-family: Tahoma, sans-serif;\"><br \/>\n\t\t\t\t\t\tVoc\u00ea pode ter dor lombar localizada devido \u00e0 inser\u00e7\u00e3o da<br \/>\n\t\t\t\t\t\tagulha, a qual dura em torno de 1 ou mais dias. Por<br \/>\n\t\t\t\t\t\toutro lado, pode ocorrer tamb\u00e9m dor generalizada nas<br \/>\n\t\t\t\t\t\tcostas, a qual n\u00e3o \u00e9 obrigatoriamente atribu\u00edda \u00e0<br \/>\n\t\t\t\t\t\tperidural. Estudos t\u00eam demonstrado que m\u00e3es que tiveram<br \/>\n\t\t\t\t\t\tpartos naturais est\u00e3o t\u00e3o prop\u00edcias quanto aquelas que<br \/>\n\t\t\t\t\t\tforam submetidas \u00e0 peridural a ter dores nas costas com<br \/>\n\t\t\t\t\t\tdura\u00e7\u00e3o de alguns dias. Aparentemente, a gravidez por si<br \/>\n\t\t\t\t\t\ts\u00f3 pode aumentar a incid\u00eancia de dor lombar devido ao<br \/>\n\t\t\t\t\t\tamolecimento dos ligamentos resultando em tens\u00e3o nas<br \/>\n\t\t\t\t\t\tcostas.&nbsp;&nbsp; &nbsp;&nbsp;<\/span><\/p>\n<p style=\"background-color: transparent; color: rgb(0, 0, 0); font-family: 'Times New Roman'; font-size: 16px; font-weight: 400;\"><b><br \/>\n\t\t\t\t\t\t<span lang=\"PT-BR\" style=\"font-family: Tahoma, sans-serif;\"><br \/>\n\t\t\t\t\t\tDor de cabe\u00e7a:<\/span><\/b><br \/>\n\t\t\t\t\t\t<span lang=\"PT-BR\" style=\"font-family: Tahoma, sans-serif;\"><br \/>\n\t\t\t\t\t\tExistem diversas raz\u00f5es que expliquem dores de cabe\u00e7a<br \/>\n\t\t\t\t\t\tap\u00f3s o trabalho de parto que n\u00e3o est\u00e3o relacionadas com<br \/>\n\t\t\t\t\t\ta anestesia peridural. Entretanto, embora rara, uma dor<br \/>\n\t\t\t\t\t\tde cabe\u00e7a pode se desenvolver ap\u00f3s o bloqueio peridural<br \/>\n\t\t\t\t\t\t(&lt;1%). Isto ocorre como resultado do orif\u00edcio deixado<br \/>\n\t\t\t\t\t\tpela agulha no saco contendo o l\u00edquor (l\u00edquido<br \/>\n\t\t\t\t\t\tc\u00e9falo-raquidiano) durante o procedimento da peridural.<br \/>\n\t\t\t\t\t\tO vazamento do l\u00edquor para dentro do espa\u00e7o peridural<br \/>\n\t\t\t\t\t\tpode resultar em dor de cabe\u00e7a. Mantendo-se im\u00f3vel o<br \/>\n\t\t\t\t\t\tm\u00e1ximo poss\u00edvel durante a realiza\u00e7\u00e3o da anestesia<br \/>\n\t\t\t\t\t\tperidural, voc\u00ea ajuda a reduzir a chance de ocorrer a<br \/>\n\t\t\t\t\t\tdor de cabe\u00e7a. Geralmente, a dor de cabe\u00e7a ocorre nas<br \/>\n\t\t\t\t\t\tprimeiras 24 horas ap\u00f3s o bloqueio peridural.<br \/>\n\t\t\t\t\t\tTipicamente, esta acontece enquanto voc\u00ea se senta ou<br \/>\n\t\t\t\t\t\tlevanta e \u00e9 aliviada assumindo-se a posi\u00e7\u00e3o deitada. O<br \/>\n\t\t\t\t\t\tdisconforto na cabe\u00e7a e pesco\u00e7o, por vezes, dura alguns<br \/>\n\t\t\t\t\t\tdias e pode ser reduzido ou eliminado atrav\u00e9s de medidas<br \/>\n\t\t\t\t\t\tsimples como deitar-se com a cabeceira a zero grau,<br \/>\n\t\t\t\t\t\tbeber muito l\u00edquido e tomar rem\u00e9dios para dor.<br \/>\n\t\t\t\t\t\tOcasionalmente, a paciente pode precisar tratamento<br \/>\n\t\t\t\t\t\tadicional caso a dor persista ou esteja associada com<br \/>\n\t\t\t\t\t\toutras caracter\u00edsticas como n\u00e1useas, desconforto visual<br \/>\n\t\t\t\t\t\tcausado pela luz ou altera\u00e7\u00f5es na audi\u00e7\u00e3o. &nbsp;&nbsp;&nbsp;&nbsp;<b>&nbsp;<\/b><\/span><\/p>\n<p style=\"background-color: transparent; color: rgb(0, 0, 0); font-family: 'Times New Roman'; font-size: 16px; font-weight: 400;\">\n\t\t\t\t\t\t<span lang=\"PT-BR\" style=\"font-family: Tahoma, sans-serif;\"><br \/>\n\t\t\t\t\t\tComplica\u00e7\u00f5es mais graves como les\u00e3o de algum nervo,<br \/>\n\t\t\t\t\t\tsangramento dentro do espa\u00e7o peridural ou espinhal,<br \/>\n\t\t\t\t\t\tparalisias e infec\u00e7\u00f5es s\u00e3o eventos extremamente raros.<\/span><\/p>\n<p>\t\t\t\t\t\t<b style=\"background-color: transparent; color: rgb(0, 0, 0); font-family: 'Times New Roman'; font-size: 16px; font-weight: 700;\"><br \/>\n\t\t\t\t\t\t<span lang=\"PT-BR\" style=\"font-family: Tahoma, sans-serif;\"><br \/>\n\t\t\t\t\t\tUma vez que a anestesia peridural envolve o<br \/>\n\t\t\t\t\t\tposicionamento de uma agulha nas costas, h\u00e1 uma<br \/>\n\t\t\t\t\t\ttend\u00eancia natural em se assumir que qualquer problema<br \/>\n\t\t\t\t\t\trelacionado aos nervos que ocorra ap\u00f3s o parto \u00e9 causado<br \/>\n\t\t\t\t\t\tpela anestesia peridural. Entretanto, a maioria dos<br \/>\n\t\t\t\t\t\tproblemas dos nervos que se segue ao parto \u00e9 comumente<br \/>\n\t\t\t\t\t\tdevido ao pin\u00e7amento de nervos devido aos movimentos do<br \/>\n\t\t\t\t\t\tbeb\u00ea ao longo do canal de parto e, raramente, devido \u00e0<br \/>\n\t\t\t\t\t\tanestesia regional. Caso voc\u00ea sofra de qualquer tipo de<br \/>\n\t\t\t\t\t\tfraqueza nas pernas ou outro problema relacionado aos<br \/>\n\t\t\t\t\t\tnervos, o seu anestesiologista ir\u00e1 ajud\u00e1-la na avalia\u00e7\u00e3o<br \/>\n\t\t\t\t\t\tdo problema e garantir que voc\u00ea tenha o acompanhamento<br \/>\n\t\t\t\t\t\tadequado.<\/span><\/b><\/p>\n<p align=\"left\" style=\"margin-top: 10px; margin-bottom: 10px; color: rgb(105, 105, 105); font-family: Arial, 'Arial Unicode MS', Helvetica, sans-serif; font-weight: 400; background-color: rgba(255, 255, 255, 0.597656);\"><font face=\"Tahoma, arial, verdana\" size=\"3\"><\/font><\/p>\n<p align=\"center\" style=\"background-color: transparent; font-weight: 400; text-align: center;\"><font face=\"Tahoma\" style=\"font-size: 16px;\"><\/font><\/p>\n<p style=\"text-align: center;\"><a href=\"\/perguntas-mais-frequentes\" target=\"_parent\" rel=\"noopener\">Clique abaixo para ler o pr\u00f3ximo \u00edtem<\/a><span style=\"background-color: transparent; color: rgb(0, 0, 255); font-family: Helvetica, sans-serif; font-size: 16px; font-weight: 400;\"><\/span><a href=\"\/perguntas-mais-frequentes\" target=\"_parent\" style=\"font-size: 16px;\" rel=\"noopener\"><\/a><\/p>\n","protected":false},"excerpt":{"rendered":"<p>O anestesiologista toma precau\u00e7\u00f5es especiais para prevenir complica\u00e7\u00f5es. Embora os efeitos colaterais sejam raros, eles ocasionalmente incluem os enumerados abaixo. Alguns desses podem ser espec\u00edficos das circunst\u00e2ncias de sua apresenta\u00e7\u00e3o. Portanto, voc\u00ea deveria discut\u00ed-los com seu anestesiologista. &nbsp; Tremores: Os tremores podem ocorrer e s\u00e3o uma rea\u00e7\u00e3o comum. \u00c0s vezes, isso acontece durante o trabalho&#8230;<\/p>\n<p class=\"more-link-wrap\"><a href=\"https:\/\/painfreebirthing.com\/port\/efeitos-colaterais-e-complicacoes\/\" class=\"more-link\">Read More<span class=\"screen-reader-text\"> &ldquo;Efeitos Colaterais e Complica\u00e7\u00f5es da Anestesia Regional&rdquo;<\/span> &raquo;<\/a><\/p>\n","protected":false},"author":1,"featured_media":0,"parent":0,"menu_order":45,"comment_status":"closed","ping_status":"closed","template":"","meta":{"footnotes":""},"class_list":["post-131","page","type-page","status-publish","hentry"],"_links":{"self":[{"href":"https:\/\/painfreebirthing.com\/port\/wp-json\/wp\/v2\/pages\/131","targetHints":{"allow":["GET"]}}],"collection":[{"href":"https:\/\/painfreebirthing.com\/port\/wp-json\/wp\/v2\/pages"}],"about":[{"href":"https:\/\/painfreebirthing.com\/port\/wp-json\/wp\/v2\/types\/page"}],"author":[{"embeddable":true,"href":"https:\/\/painfreebirthing.com\/port\/wp-json\/wp\/v2\/users\/1"}],"replies":[{"embeddable":true,"href":"https:\/\/painfreebirthing.com\/port\/wp-json\/wp\/v2\/comments?post=131"}],"version-history":[{"count":0,"href":"https:\/\/painfreebirthing.com\/port\/wp-json\/wp\/v2\/pages\/131\/revisions"}],"wp:attachment":[{"href":"https:\/\/painfreebirthing.com\/port\/wp-json\/wp\/v2\/media?parent=131"}],"curies":[{"name":"wp","href":"https:\/\/api.w.org\/{rel}","templated":true}]}}