{"id":130,"date":"2023-07-08T15:43:16","date_gmt":"2023-07-08T15:43:16","guid":{"rendered":"https:\/\/painfreebirthing.com\/port\/preocupacoes-comuns\/voce-tem-medo-de-nao-conseguir-ficar-imovel-durante-o-procedimento\/"},"modified":"2023-07-08T15:43:16","modified_gmt":"2023-07-08T15:43:16","slug":"voce-tem-medo-de-nao-conseguir-ficar-imovel-durante-o-procedimento","status":"publish","type":"page","link":"https:\/\/painfreebirthing.com\/port\/preocupacoes-comuns\/voce-tem-medo-de-nao-conseguir-ficar-imovel-durante-o-procedimento\/","title":{"rendered":"Voc\u00ea est\u00e1 preocupada que pode n\u00e3o conseguir permanecer im\u00f3vel durante a realiza\u00e7\u00e3o da peridural?"},"content":{"rendered":"<table border=\"0\" width=\"100%\">\n<tbody>\n<tr>\n<td align=\"center\" style=\"text-align: center; \">\n<table width=\"100%\" border=\"0\">\n<tbody>\n<tr>\n<td align=\"center\" style=\"text-align: center; \">\n<table width=\"100%\" border=\"0\" cellpadding=\"0\">\n<tbody>\n<tr>\n<td style=\"padding-bottom: 1px; padding-left: 1px; padding-right: 1px; padding-top: 1px; \">\n<table width=\"100%\" border=\"0\">\n<tbody>\n<tr>\n<td align=\"center\"><span lang=\"PT-BR\" style=\"font-size: 16px; font-family: Tahoma; color: #000000; \">N\u00e3o se<br \/>\n\t\t\tpreocupe&#8230;.<\/span><\/td>\n<\/tr>\n<tr >\n<td align=\"center\" >\n<p align=\"left\" >\n\t\t\t<span lang=\"PT-BR\" style=\"font-size: 16px; font-family: Tahoma; \"><span style=\"color: #000000; \">A equipe<br \/>\n\t\t\tenvolvida no parto te ajudar\u00e1 a passar por isso. Trata-se de uma<br \/>\n\t\t\tequipe acostumada com isso e que te ajudar\u00e1 a achar uma posi\u00e7\u00e3o<br \/>\n\t\t\tadequada e a permanecer na mesma, mesmo com as dores do trabalho do<br \/>\n\t\t\tparto. O anestesiologista trabalhar\u00e1 junto com voc\u00ea para que tude<br \/>\n\t\t\tseja feito da melhor maneira poss\u00edvel. Voc\u00ea ficar\u00e1 surpresa em<br \/>\n\t\t\tperceber como \u00e9 capaz de fazer isso.<\/span> <\/span><\/p>\n<\/td>\n<\/tr>\n<\/tbody>\n<\/table>\n<p align=\"center\" class=\"MsoNormal\" style=\"font-size: 16px; margin-bottom: 0px; margin-top: 0px; text-align: center; \"><span style=\"background-color: transparent; color: rgb(0, 0, 0); font-family: Tahoma, sans-serif; font-weight: 700; \"><\/span><span style=\"font-family: Tahoma; color: #000000; \"><\/span><\/p>\n<\/td>\n<\/tr>\n<tr>\n<td style=\"padding-bottom: 1px; padding-left: 1px; padding-right: 1px; padding-top: 1px; \">\n<p align=\"center\" style=\"font-size: 16px; text-align: left; \"><span style=\"font-family: Tahoma; color: #000000; \"><\/span><\/p>\n<\/td>\n<\/tr>\n<\/tbody>\n<\/table>\n<p><font style=\"font-size: 16px; font-family: Tahoma;\"><span style=\"color: rgb(0, 0, 0); \"><\/span><\/font><\/td>\n<\/tr>\n<tr>\n<td align=\"center\">\n<p align=\"left\"><font><span style=\"color: rgb(0, 0, 0); font-size: 16px; font-family: Tahoma;\">.<\/span><\/font><\/p>\n<\/td>\n<\/tr>\n<\/tbody>\n<\/table>\n<p><font face=\"Tahoma, arial, verdana\" size=\"3\"><span style=\"color: rgb(226, 52, 29); \"><\/span><\/font><\/td>\n<\/tr>\n<tr>\n<td align=\"center\" style=\"text-align: center; \"><font face=\"Tahoma, arial, verdana\" size=\"3\"><span style=\"color: rgb(20, 20, 20); \"><\/span><br \/><img loading=\"lazy\" decoding=\"async\" width=\"288\" height=\"432\" alt=\"\" class=\"art-lightbox\" src=\"https:\/\/painfreebirthing.com\/port\/wp-content\/uploads\/2023\/07\/motion.gif\" ><\/p>\n<p><\/p>\n<p style=\"text-align: left;\"><span style=\"color: rgb(0, 0, 0);\"><br \/><\/span><\/p>\n<p><\/font><\/td>\n<\/tr>\n<\/tbody>\n<\/table>\n<p><\/p>\n","protected":false},"excerpt":{"rendered":"<p>N\u00e3o se preocupe&#8230;. A equipe envolvida no parto te ajudar\u00e1 a passar por isso. Trata-se de uma equipe acostumada com isso e que te ajudar\u00e1 a achar uma posi\u00e7\u00e3o adequada e a permanecer na mesma, mesmo com as dores do trabalho do parto. O anestesiologista trabalhar\u00e1 junto com voc\u00ea para que tude seja feito da&#8230;<\/p>\n<p class=\"more-link-wrap\"><a href=\"https:\/\/painfreebirthing.com\/port\/preocupacoes-comuns\/voce-tem-medo-de-nao-conseguir-ficar-imovel-durante-o-procedimento\/\" class=\"more-link\">Read More<span class=\"screen-reader-text\"> &ldquo;Voc\u00ea est\u00e1 preocupada que pode n\u00e3o conseguir permanecer im\u00f3vel durante a realiza\u00e7\u00e3o da peridural?&rdquo;<\/span> &raquo;<\/a><\/p>\n","protected":false},"author":1,"featured_media":0,"parent":128,"menu_order":44,"comment_status":"closed","ping_status":"closed","template":"","meta":{"footnotes":""},"class_list":["post-130","page","type-page","status-publish","hentry"],"_links":{"self":[{"href":"https:\/\/painfreebirthing.com\/port\/wp-json\/wp\/v2\/pages\/130","targetHints":{"allow":["GET"]}}],"collection":[{"href":"https:\/\/painfreebirthing.com\/port\/wp-json\/wp\/v2\/pages"}],"about":[{"href":"https:\/\/painfreebirthing.com\/port\/wp-json\/wp\/v2\/types\/page"}],"author":[{"embeddable":true,"href":"https:\/\/painfreebirthing.com\/port\/wp-json\/wp\/v2\/users\/1"}],"replies":[{"embeddable":true,"href":"https:\/\/painfreebirthing.com\/port\/wp-json\/wp\/v2\/comments?post=130"}],"version-history":[{"count":0,"href":"https:\/\/painfreebirthing.com\/port\/wp-json\/wp\/v2\/pages\/130\/revisions"}],"up":[{"embeddable":true,"href":"https:\/\/painfreebirthing.com\/port\/wp-json\/wp\/v2\/pages\/128"}],"wp:attachment":[{"href":"https:\/\/painfreebirthing.com\/port\/wp-json\/wp\/v2\/media?parent=130"}],"curies":[{"name":"wp","href":"https:\/\/api.w.org\/{rel}","templated":true}]}}