{"id":129,"date":"2023-07-08T15:43:15","date_gmt":"2023-07-08T15:43:15","guid":{"rendered":"https:\/\/painfreebirthing.com\/port\/preocupacoes-comuns\/voce-tem-medo-de-agulhas\/"},"modified":"2023-07-08T15:43:15","modified_gmt":"2023-07-08T15:43:15","slug":"voce-tem-medo-de-agulhas","status":"publish","type":"page","link":"https:\/\/painfreebirthing.com\/port\/preocupacoes-comuns\/voce-tem-medo-de-agulhas\/","title":{"rendered":"Voc\u00ea tem medo de agulhas?"},"content":{"rendered":"<table border=\"0\" width=\"100%\">\n<tbody>\n<tr>\n<td align=\"center\" style=\"text-align: center; \">\n<table width=\"100%\" border=\"0\">\n<tbody>\n<tr>\n<td align=\"center\">\n<table width=\"100%\" border=\"0\">\n<tbody>\n<tr>\n<td align=\"center\"><span style=\"font-size: 16px; font-family: Tahoma; color: rgb(0, 0, 0); \"><span lang=\"PT-BR\" style=\"color: #000000; \">N\u00e3o se<br \/>\n\t\t\tpreocupe&#8230;<\/span>.. <\/span><\/td>\n<\/tr>\n<tr>\n<td align=\"center\">\n<p align=\"left\">\n\t\t\t<span lang=\"PT-BR\" style=\"font-size: 16px; font-family: Tahoma; color: #000000; \">Os<br \/>\n\t\t\tanestesiologistas estar\u00e3o do seu lado, te ajudando para que a<br \/>\n\t\t\tperidural seja realizada. O anestesiologista injeta medica\u00e7\u00e3o<br \/>\n\t\t\tanest\u00e9sica suficiente atrav\u00e9s de uma agulha pequena e fina antes de<br \/>\n\t\t\tinserir a agulha para realiza\u00e7\u00e3o da peridural. A inje\u00e7\u00e3o inicial da<br \/>\n\t\t\tmedica\u00e7\u00e3o anest\u00e9sica n\u00e3o ser\u00e1 mais dolorosa do que as dores causadas<br \/>\n\t\t\tpelo parto. Uma vez que tiver surgido o efeito local da anestesia,<br \/>\n\t\t\tvoc\u00ea sentir\u00e1 somente press\u00e3o enquanto o espa\u00e7o peridural \u00e9<br \/>\n\t\t\tlocalizado.<\/span><\/p>\n<\/td>\n<\/tr>\n<\/tbody>\n<\/table>\n<p align=\"left\"><font face=\"Tahoma, arial, verdana\" size=\"3\"><\/font><\/p>\n<table width=\"100%\" border=\"0\" cellpadding=\"0\">\n<tbody>\n<tr>\n<td style=\"padding-bottom: 1px; padding-left: 1px; padding-right: 1px; padding-top: 1px; \"><\/td>\n<\/tr>\n<tr>\n<td style=\"padding-bottom: 1px; padding-left: 1px; padding-right: 1px; padding-top: 1px; \">\n<p align=\"center\" style=\"font-size: 16px; text-align: left; \"><span style=\"font-family: Tahoma; color: #000000; \"><\/span><\/p>\n<\/td>\n<\/tr>\n<\/tbody>\n<\/table>\n<p><font face=\"Tahoma, arial, verdana\" size=\"3\">. <br \/>\n            .<\/font><\/p>\n<p><span style=\"font-family: Tahoma;\"><br \/><\/span><\/p>\n<\/td>\n<\/tr>\n<\/tbody>\n<\/table>\n<p><font face=\"Tahoma, arial, verdana\" size=\"3\"><span style=\"color: rgb(226, 52, 29); \"><\/span><\/font><\/td>\n<\/tr>\n<tr>\n<td align=\"center\">\n<p align=\"left\" style=\"margin-top: 10px; margin-bottom: 10px; \"><font face=\"Tahoma, arial, verdana\" size=\"3\"><span style=\"color: rgb(64, 64, 64); \"><\/span><\/font><\/p>\n<p align=\"left\" style=\"margin-top: 10px; margin-bottom: 10px; \"><font face=\"Tahoma, arial, verdana\" size=\"3\"><span style=\"color: rgb(64, 64, 64); \"><br \/><\/span><\/font><\/p>\n<p align=\"left\" style=\"margin-top: 10px; margin-bottom: 10px; text-align: center; \"><img loading=\"lazy\" decoding=\"async\" width=\"325\" height=\"288\" alt=\"\" class=\"art-lightbox\" src=\"https:\/\/painfreebirthing.com\/port\/wp-content\/uploads\/2023\/07\/running.gif\"><font face=\"Tahoma, arial, verdana\" size=\"3\"><span style=\"color: rgb(64, 64, 64); \"><br \/><\/span><\/font><\/p>\n<p align=\"left\" style=\"margin-top: 10px; margin-bottom: 10px; text-align: center; \"><\/p>\n<p align=\"left\" style=\"margin-top: 10px; margin-bottom: 10px; text-align: center; \"><\/p>\n<p align=\"left\" style=\"margin-top: 10px; margin-bottom: 10px; text-align: center; \"><\/p>\n<p style=\"text-align: center; \"><a href=\"\/preocupacoes-comuns\/voce-tem-medo-de-nao-conseguir-ficar-imovel-durante-o-procedimento\" target=\"_parent\" rel=\"noopener\">Clique abaixo para ler o pr\u00f3ximo \u00edtem<\/a><span style=\"background-color: transparent; color: rgb(0, 0, 255); font-family: Helvetica, sans-serif; font-size: 16px; font-weight: 400; \"><\/span><font face=\"Tahoma\"><span style=\"color: #000000; \"><\/span><\/font><\/p>\n<p align=\"left\" style=\"margin-top: 10px; margin-bottom: 10px; text-align: center; \"><a href=\"\/preocupaciones-comunes\/avete-paura-di-non-star-ferme-durante-posizionamento-della\" target=\"_parent\" rel=\"noopener\"><\/a><\/p>\n<\/td>\n<\/tr>\n<\/tbody>\n<\/table>\n<p style=\"text-align: center; \"><\/p>\n","protected":false},"excerpt":{"rendered":"<p>N\u00e3o se preocupe&#8230;.. Os anestesiologistas estar\u00e3o do seu lado, te ajudando para que a peridural seja realizada. O anestesiologista injeta medica\u00e7\u00e3o anest\u00e9sica suficiente atrav\u00e9s de uma agulha pequena e fina antes de inserir a agulha para realiza\u00e7\u00e3o da peridural. A inje\u00e7\u00e3o inicial da medica\u00e7\u00e3o anest\u00e9sica n\u00e3o ser\u00e1 mais dolorosa do que as dores causadas pelo&#8230;<\/p>\n<p class=\"more-link-wrap\"><a href=\"https:\/\/painfreebirthing.com\/port\/preocupacoes-comuns\/voce-tem-medo-de-agulhas\/\" class=\"more-link\">Read More<span class=\"screen-reader-text\"> &ldquo;Voc\u00ea tem medo de agulhas?&rdquo;<\/span> &raquo;<\/a><\/p>\n","protected":false},"author":1,"featured_media":0,"parent":128,"menu_order":43,"comment_status":"closed","ping_status":"closed","template":"","meta":{"footnotes":""},"class_list":["post-129","page","type-page","status-publish","hentry"],"_links":{"self":[{"href":"https:\/\/painfreebirthing.com\/port\/wp-json\/wp\/v2\/pages\/129","targetHints":{"allow":["GET"]}}],"collection":[{"href":"https:\/\/painfreebirthing.com\/port\/wp-json\/wp\/v2\/pages"}],"about":[{"href":"https:\/\/painfreebirthing.com\/port\/wp-json\/wp\/v2\/types\/page"}],"author":[{"embeddable":true,"href":"https:\/\/painfreebirthing.com\/port\/wp-json\/wp\/v2\/users\/1"}],"replies":[{"embeddable":true,"href":"https:\/\/painfreebirthing.com\/port\/wp-json\/wp\/v2\/comments?post=129"}],"version-history":[{"count":0,"href":"https:\/\/painfreebirthing.com\/port\/wp-json\/wp\/v2\/pages\/129\/revisions"}],"up":[{"embeddable":true,"href":"https:\/\/painfreebirthing.com\/port\/wp-json\/wp\/v2\/pages\/128"}],"wp:attachment":[{"href":"https:\/\/painfreebirthing.com\/port\/wp-json\/wp\/v2\/media?parent=129"}],"curies":[{"name":"wp","href":"https:\/\/api.w.org\/{rel}","templated":true}]}}