{"id":126,"date":"2023-07-08T15:43:12","date_gmt":"2023-07-08T15:43:12","guid":{"rendered":"https:\/\/painfreebirthing.com\/port\/o-que-querias-saber-epidurals\/a-peridural-causa-aumento-da-temperatura\/"},"modified":"2023-07-08T15:43:12","modified_gmt":"2023-07-08T15:43:12","slug":"a-peridural-causa-aumento-da-temperatura","status":"publish","type":"page","link":"https:\/\/painfreebirthing.com\/port\/o-que-querias-saber-epidurals\/a-peridural-causa-aumento-da-temperatura\/","title":{"rendered":"A anestesia peridural pode causar febre?"},"content":{"rendered":"<p align=\"left\" style=\"margin-top: 10px; margin-bottom: 10px; color: rgb(105, 105, 105); font-family: Arial, 'Arial Unicode MS', Helvetica, sans-serif; font-weight: 400; background-color: rgba(255, 255, 255, 0.59375); text-align: center;\"><font face=\"Tahoma\"><br \/><\/font><\/p>\n<p align=\"left\" class=\"MsoNormal\" style=\"background-color: transparent; color: rgb(0, 0, 0); font-weight: 400; text-align: left;\"><span style=\"color: rgb(0, 0, 0); font-size: 16px; font-family: Tahoma;\">Um pequeno<br \/>\npercentual das gestantes desenvolve temperature corporal elevada durante o parto.<br \/>\nIsso \u00e9 um pouco mais comum nas mulheres parindo o primeiro filho e tamb\u00e9m em<br \/>\ntrabalhos de parto prolongados na presen\u00e7a de anestesia peridural. Diversas<br \/>\npesquisas t\u00eam demonstrado que \u00e9 muito pouco prov\u00e1vel que o aumento na<br \/>\ntemperatura represente, de fato, infec\u00e7\u00e3o na m\u00e3e ou no beb\u00ea. No entanto, em<br \/>\nalguns casos, os pediatras podem realizar exames de sangue no rec\u00e9m-nascido para<br \/>\ndescartar a possibilidade de infec\u00e7\u00e3o. Cabe ressaltar que a maioria das<br \/>\nparturientes n\u00e3o desenvolve febre durante o trabalho de parto com ou sem<br \/>\nanestesia peridural. Caso ocorra, \u00e9 mais comum nas mulheres que recebem<br \/>\nanalgesia peridural. Os dados mais recentes mostram que a eleva\u00e7\u00e3o na<br \/>\ntemperatura&nbsp; ocorre em 24% das mulheres tendo o primeiro beb\u00ea sob analgesia<br \/>\nperidural comparado com 5% naquelas sem peridural. N\u00e3o h\u00e1 diferen\u00e7a nas<br \/>\nincid\u00eancias de febre nos partos subsequentes ao primeiro filho.&nbsp;<\/span><\/p>\n<p align=\"left\" class=\"MsoNormal\" style=\"background-color: transparent; color: rgb(0, 0, 0); font-weight: 400; text-align: left;\">\n<span style=\"font-size: 16px; font-family: Tahoma;\">&nbsp;<\/span><\/p>\n<p align=\"left\" class=\"MsoNormal\" style=\"background-color: transparent; color: rgb(0, 0, 0); font-weight: 400; text-align: left;\">\n<span style=\"color: rgb(0, 0, 0); font-size: 16px; font-family: Tahoma;\">O mecanismo<br \/>\nrespons\u00e1vel pelo aumento da temperature materna \u00e9 desconhecido. O mesmo pode ser<br \/>\nrelacionado com a maneira como o calor corporal \u00e9 gerado e distribuido ao longo<br \/>\ndo trabalho de parto. Durante o parto doloroso, as gestantes tendem a respirar<br \/>\nrapidamente e isso pode permitir que o calor se dissipe do corpo. Uma vez que o<br \/>\nal\u00edvio da dor seja alcan\u00e7ado atrav\u00e9s da anestesia, o ritmo da respira\u00e7\u00e3o tende a<br \/>\ndiminuir e isso pode, eventualmente, gerar eleva\u00e7\u00e3o da temperature devido \u00e0<br \/>\nreten\u00e7\u00e3o de calor.&nbsp;<\/span><\/p>\n<p align=\"left\" class=\"MsoNormal\" style=\"background-color: transparent; color: rgb(0, 0, 0); font-weight: 400; text-align: left;\">\n<span style=\"font-size: 16px; font-family: Tahoma;\">&nbsp;<\/span><\/p>\n<p align=\"left\" class=\"MsoNormal\" style=\"background-color: transparent; color: rgb(0, 0, 0); font-weight: 400; text-align: left;\">\n<span style=\"color: rgb(0, 0, 0); font-size: 16px; font-family: Tahoma;\">Refer\u00eancias:<\/span><\/p>\n<p align=\"left\" class=\"MsoNormal\" style=\"background-color: transparent; color: rgb(0, 0, 0); font-weight: 400; text-align: left;\">\n<span style=\"font-size: 16px; font-family: Tahoma;\">&nbsp;<\/span><\/p>\n<p align=\"left\" class=\"MsoNormal\" style=\"background-color: transparent; color: rgb(0, 0, 0); font-weight: 400; text-align: left;\">\n<span style=\"color: rgb(0, 0, 0); font-size: 16px; font-family: Tahoma;\">ACOG (American<br \/>\nCollege Of Obstetricians and Gynecologists) Practice Bulletin on Obstetric<br \/>\nAnalgesia and Anesthesia. July 2002;36:177-191.&nbsp;<\/span><\/p>\n<p align=\"left\" class=\"MsoNormal\" style=\"background-color: transparent; color: rgb(0, 0, 0); font-weight: 400; text-align: left;\">\n<span style=\"color: rgb(0, 0, 0); font-size: 16px; font-family: Tahoma;\">Philip J, Alaxander<br \/>\nJM, Sharma K, Leveno KJ, McIntire DD, Wiley J. Epidural analgesia during labor<br \/>\nand maternal fever. Anesthesiology<\/span><\/p>\n<p align=\"left\" class=\"MsoNormal\" style=\"background-color: transparent; color: rgb(0, 0, 0); font-weight: 400; text-align: left;\">\n<span style=\"color: rgb(0, 0, 0); font-size: 16px; font-family: Tahoma;\">1999;90:1271-5.<\/span><\/p>\n<p align=\"left\" class=\"MsoNormal\" style=\"background-color: transparent; color: rgb(0, 0, 0); font-weight: 400; text-align: left;\"><span style=\"color: rgb(0, 0, 0); font-size: 16px; font-family: Tahoma;\"><br \/><\/span><\/p>\n<p align=\"left\" class=\"MsoNormal\" style=\"background-color: transparent; color: rgb(0, 0, 0); font-weight: 400; text-align: center;\"><a href=\"\/o-que-querias-saber-epidurals\/peridural-e-tatuagens\" target=\"_parent\" rel=\"noopener\">Clique abaixo para ler o pr\u00f3ximo \u00edtem<\/a><span style=\"background-color: transparent; color: rgb(0, 0, 255); font-family: Helvetica, sans-serif; font-size: 16px; font-weight: 400; text-align: center;\"><\/span><span style=\"color: rgb(0, 0, 0); font-size: 16px; font-family: Tahoma;\"><br \/><\/span><\/p>\n<p align=\"left\" style=\"background-color: transparent; color: rgb(0, 0, 0); font-weight: 400; text-align: left;\"><span style=\"font-size: 16px;\"><font face=\"Tahoma\"><\/font><\/span><\/p>\n<p align=\"left\" style=\"background-color: transparent; color: rgb(0, 0, 0); font-weight: 400; text-align: center;\"><span style=\"font-size: 16px;\"><font face=\"Tahoma\"><\/font><\/span><\/p>\n<p align=\"left\" style=\"margin-top: 10px; margin-bottom: 10px; color: rgb(105, 105, 105); font-weight: 400; background-color: rgba(255, 255, 255, 0.589844); text-align: center;\"><span style=\"font-size: 16px; font-family: Tahoma;\"><br \/><\/span><\/p>\n<p><\/p>\n","protected":false},"excerpt":{"rendered":"<p>Um pequeno percentual das gestantes desenvolve temperature corporal elevada durante o parto. Isso \u00e9 um pouco mais comum nas mulheres parindo o primeiro filho e tamb\u00e9m em trabalhos de parto prolongados na presen\u00e7a de anestesia peridural. Diversas pesquisas t\u00eam demonstrado que \u00e9 muito pouco prov\u00e1vel que o aumento na temperatura represente, de fato, infec\u00e7\u00e3o na&#8230;<\/p>\n<p class=\"more-link-wrap\"><a href=\"https:\/\/painfreebirthing.com\/port\/o-que-querias-saber-epidurals\/a-peridural-causa-aumento-da-temperatura\/\" class=\"more-link\">Read More<span class=\"screen-reader-text\"> &ldquo;A anestesia peridural pode causar febre?&rdquo;<\/span> &raquo;<\/a><\/p>\n","protected":false},"author":1,"featured_media":0,"parent":116,"menu_order":40,"comment_status":"closed","ping_status":"closed","template":"","meta":{"footnotes":""},"class_list":["post-126","page","type-page","status-publish","hentry"],"_links":{"self":[{"href":"https:\/\/painfreebirthing.com\/port\/wp-json\/wp\/v2\/pages\/126","targetHints":{"allow":["GET"]}}],"collection":[{"href":"https:\/\/painfreebirthing.com\/port\/wp-json\/wp\/v2\/pages"}],"about":[{"href":"https:\/\/painfreebirthing.com\/port\/wp-json\/wp\/v2\/types\/page"}],"author":[{"embeddable":true,"href":"https:\/\/painfreebirthing.com\/port\/wp-json\/wp\/v2\/users\/1"}],"replies":[{"embeddable":true,"href":"https:\/\/painfreebirthing.com\/port\/wp-json\/wp\/v2\/comments?post=126"}],"version-history":[{"count":0,"href":"https:\/\/painfreebirthing.com\/port\/wp-json\/wp\/v2\/pages\/126\/revisions"}],"up":[{"embeddable":true,"href":"https:\/\/painfreebirthing.com\/port\/wp-json\/wp\/v2\/pages\/116"}],"wp:attachment":[{"href":"https:\/\/painfreebirthing.com\/port\/wp-json\/wp\/v2\/media?parent=126"}],"curies":[{"name":"wp","href":"https:\/\/api.w.org\/{rel}","templated":true}]}}