{"id":125,"date":"2023-07-08T15:43:11","date_gmt":"2023-07-08T15:43:11","guid":{"rendered":"https:\/\/painfreebirthing.com\/port\/o-que-querias-saber-epidurals\/a-peridural-afeta-a-amamentacao\/"},"modified":"2023-07-08T15:43:11","modified_gmt":"2023-07-08T15:43:11","slug":"a-peridural-afeta-a-amamentacao","status":"publish","type":"page","link":"https:\/\/painfreebirthing.com\/port\/o-que-querias-saber-epidurals\/a-peridural-afeta-a-amamentacao\/","title":{"rendered":"A anestesia peridural afeta a amamenta\u00e7\u00e3o?"},"content":{"rendered":"<p align=\"left\" style=\"margin-top: 10px; margin-bottom: 10px; color: #696969; font-family: Arial, 'Arial Unicode MS', Helvetica, sans-serif; font-weight: 400; background-color: rgba(255, 255, 255, 0.59375); \"><font face=\"Tahoma\"><br \/><\/font><\/p>\n<table width=\"100%\" border=\"0\">\n<tbody>\n<tr>\n<td align=\"center\">\n<table width=\"100%\" border=\"0\">\n<tbody>\n<tr>\n<td align=\"center\">\n<p align=\"left\"><span lang=\"PT-BR\" style=\"font-family: Tahoma; font-size: 16px; color: #000000; \">A<br \/>\nanestesia peridural moderna atual para trabalho de parto utiliza doses de<br \/>\nmedicamentos extremamente baixas. Exames com alta sensibilidade s\u00e3o capazes de<br \/>\ndetectar a presen\u00e7a desses medicamentos no beb\u00ea, embora os valores absolutos<br \/>\nsejam extremamente baixos, mesmo ap\u00f3s infus\u00f5es peridurais prolongadas durante o<br \/>\nparto vaginal ou cesariana. Algumas mulheres podem apresentar dificuldades com o<br \/>\naleitamento por uma ampla variedade de raz\u00f5es, independentemente do m\u00e9todo de<br \/>\nanestesia aplicado durante o parto.&nbsp; Uma especialista em lacta\u00e7\u00e3o pode estar<br \/>\ndispon\u00edvel em seu hospital e pode ajud\u00e1-la a alcan\u00e7ar o sucesso na amamenta\u00e7\u00e3o.<br \/>\nO aleitamento materno oferece \u00f3tima nutri\u00e7\u00e3o para seu filho, quando n\u00e3o houver<br \/>\ncontra-indica\u00e7\u00f5es m\u00e9dicas.&nbsp; &nbsp;&nbsp;&nbsp;<\/span><\/p>\n<p align=\"left\"><span style=\"font-family: Tahoma; font-size: 16px; color: #000000; \">&nbsp;<\/span><\/p>\n<p align=\"left\"><font face=\"Tahoma\" style=\"font-size: 16px; \"><span style=\"color: #000000; \">ACOG (American College Of Obstetricians and<br \/>\nGynecologists) Practice Bulletin on Obstetric Analgesia and Anesthesia. July<br \/>\n2002;36:177-191.<\/span><\/font><\/p>\n<p align=\"left\"><font face=\"Tahoma\" style=\"font-size: 16px; \"><span style=\"color: #000000; \">Bader AM, Fragneto R, Terui K, Arthur GR, Loferski B,<br \/>\nDatta S. Maternal and neonatal fentanyl and bupivacaine concentrations after<br \/>\nepidural infusion during labor. Anesth Analg 1995;81:829-31.<\/span><\/font><\/p>\n<p align=\"left\"><font face=\"Tahoma\" style=\"font-size: 16px; \"><span style=\"color: #000000; \">Halpern SH, Levine T, Wilson DB, MacDonell J, Katsiris<br \/>\nSE, Leighton BL.&nbsp; Effect of labor analgesia on breastfeeding success. Birth<br \/>\n1999;26:83-88.<\/span> <\/font><\/p>\n<p align=\"left\"><font face=\"Tahoma\" style=\"font-size: 16px; \"><span style=\"color: #000000; \"><br \/><\/span><\/font><\/p>\n<p align=\"left\" style=\"text-align: center; \"><a href=\"\/o-que-querias-saber-epidurals\/a-peridural-causa-aumento-da-temperatura\" target=\"_parent\" rel=\"noopener\">Clique abaixo para ler o pr\u00f3ximo \u00edtem<\/a><span style=\"background-color: transparent; color: rgb(0, 0, 255); font-family: Helvetica, sans-serif; font-size: 16px; font-weight: 400; \"><\/span><font face=\"Tahoma\" style=\"font-size: 16px; \"><span style=\"color: #000000; \"><br \/><\/span><\/font><\/p>\n<p>&nbsp; <\/td>\n<\/tr>\n<tr>\n<td align=\"left\">\n    <\/td>\n<\/tr>\n<\/tbody>\n<\/table>\n<p align=\"left\"><font face=\"Tahoma\" style=\"font-size: 16px;\"><span style=\"color: #000000; \"><\/span><\/font><\/p>\n<\/td>\n<\/tr>\n<tr>\n<td align=\"left\">\n<p align=\"center\"><span style=\"font-size: 16px; color: #000000; \"><\/span><span style=\"font-size: 16px; font-family: Tahoma; color: #000000; \"><br \/><\/span><\/p>\n<\/td>\n<\/tr>\n<\/tbody>\n<\/table>\n<p style=\"text-align: center;\"><a href=\"\/what-you-wanted-to-know\/does-epidural-cause-elevated-temperatures\" target=\"_parent\" rel=\"noopener\"><\/a><\/p>\n","protected":false},"excerpt":{"rendered":"<p>A anestesia peridural moderna atual para trabalho de parto utiliza doses de medicamentos extremamente baixas. Exames com alta sensibilidade s\u00e3o capazes de detectar a presen\u00e7a desses medicamentos no beb\u00ea, embora os valores absolutos sejam extremamente baixos, mesmo ap\u00f3s infus\u00f5es peridurais prolongadas durante o parto vaginal ou cesariana. Algumas mulheres podem apresentar dificuldades com o aleitamento&#8230;<\/p>\n<p class=\"more-link-wrap\"><a href=\"https:\/\/painfreebirthing.com\/port\/o-que-querias-saber-epidurals\/a-peridural-afeta-a-amamentacao\/\" class=\"more-link\">Read More<span class=\"screen-reader-text\"> &ldquo;A anestesia peridural afeta a amamenta\u00e7\u00e3o?&rdquo;<\/span> &raquo;<\/a><\/p>\n","protected":false},"author":1,"featured_media":0,"parent":116,"menu_order":39,"comment_status":"closed","ping_status":"closed","template":"","meta":{"footnotes":""},"class_list":["post-125","page","type-page","status-publish","hentry"],"_links":{"self":[{"href":"https:\/\/painfreebirthing.com\/port\/wp-json\/wp\/v2\/pages\/125","targetHints":{"allow":["GET"]}}],"collection":[{"href":"https:\/\/painfreebirthing.com\/port\/wp-json\/wp\/v2\/pages"}],"about":[{"href":"https:\/\/painfreebirthing.com\/port\/wp-json\/wp\/v2\/types\/page"}],"author":[{"embeddable":true,"href":"https:\/\/painfreebirthing.com\/port\/wp-json\/wp\/v2\/users\/1"}],"replies":[{"embeddable":true,"href":"https:\/\/painfreebirthing.com\/port\/wp-json\/wp\/v2\/comments?post=125"}],"version-history":[{"count":0,"href":"https:\/\/painfreebirthing.com\/port\/wp-json\/wp\/v2\/pages\/125\/revisions"}],"up":[{"embeddable":true,"href":"https:\/\/painfreebirthing.com\/port\/wp-json\/wp\/v2\/pages\/116"}],"wp:attachment":[{"href":"https:\/\/painfreebirthing.com\/port\/wp-json\/wp\/v2\/media?parent=125"}],"curies":[{"name":"wp","href":"https:\/\/api.w.org\/{rel}","templated":true}]}}