{"id":122,"date":"2023-07-08T15:43:08","date_gmt":"2023-07-08T15:43:08","guid":{"rendered":"https:\/\/painfreebirthing.com\/port\/o-que-querias-saber-epidurals\/como-o-alivio-da-dor-afeta-o-trabalho-de-parto\/"},"modified":"2023-07-08T15:43:08","modified_gmt":"2023-07-08T15:43:08","slug":"como-o-alivio-da-dor-afeta-o-trabalho-de-parto","status":"publish","type":"page","link":"https:\/\/painfreebirthing.com\/port\/o-que-querias-saber-epidurals\/como-o-alivio-da-dor-afeta-o-trabalho-de-parto\/","title":{"rendered":"Efeito do al\u00edvio da dor na progress\u00e3o do parto"},"content":{"rendered":"<p class=\"MsoNormal\" style=\"background-color: transparent; color: rgb(0, 0, 0); font-family: Tahoma, arial, verdana; font-size: 16px; font-weight: 400; text-align: center;\"><span lang=\"PT-BR\" style=\"font-family: Tahoma, sans-serif;\">A analgesia peridural prolonga minimamente o parto e n\u00e3o<br \/>\n\t\t\t\t\t\taumenta o risco de cesariana.<\/span><\/p>\n<p class=\"MsoNormal\" style=\"background-color: transparent; color: rgb(0, 0, 0); font-family: Tahoma, arial, verdana; font-size: 16px; font-weight: 400; text-align: justify;\">\n<p>\t\t\t\t\t\t&nbsp;<\/p>\n<ul type=\"disc\" style=\"background-color: transparent; color: rgb(0, 0, 0); font-family: Tahoma, arial, verdana; font-size: 16px; font-weight: 400; text-align: center;\">\n<li class=\"MsoNormal\" style=\"color: rgb(255, 0, 0); text-align: justify;\">\n\t\t\t\t\t\t\t<font color=\"#000000\"><br \/>\n\t\t\t\t\t\t\t<span lang=\"PT-BR\" style=\"font-family: Tahoma, sans-serif;\"><br \/>\n\t\t\t\t\t\t\tPacientes recebendo analgesia peridural t\u00eam<br \/>\n\t\t\t\t\t\t\ttrabalhos de parto mais longos quando comparadas com<br \/>\n\t\t\t\t\t\t\tmulheres recebendo m\u00e9todo intravenoso de al\u00edvio da<br \/>\n\t\t\t\t\t\t\tdor. Diversos estudos t\u00eam demonstrado que a<br \/>\n\t\t\t\t\t\t\tdiferen\u00e7a \u00e9 de aproximadamente uma hora, em m\u00e9dia.<br \/>\n\t\t\t\t\t\t\tEntretanto, isto pode ser muito vari\u00e1vel dependendo<br \/>\n\t\t\t\t\t\t\tdo padr\u00e3o do trabalho de parto.<\/span><\/font><\/li>\n<li class=\"MsoNormal\" style=\"color: rgb(255, 0, 0); text-align: justify;\">\n\t\t\t\t\t\t\t<font color=\"#000000\"><br \/>\n\t\t\t\t\t\t\t<span lang=\"PT-BR\" style=\"font-family: Tahoma, sans-serif;\"><br \/>\n\t\t\t\t\t\t\tAnalgesia peridural n\u00e3o aumenta o risco de parto<br \/>\n\t\t\t\t\t\t\tatrav\u00e9s de cesariana. Estudos cl\u00ednicos randomizados<br \/>\n\t\t\t\t\t\t\tapresentam evid\u00eancia significativa de que n\u00e3o h\u00e1<br \/>\n\t\t\t\t\t\t\trisco adicional de cesariana relacionado \u00e0 analgesia<br \/>\n\t\t\t\t\t\t\tperidural.<\/span><\/font><\/li>\n<li class=\"MsoNormal\" style=\"color: rgb(255, 0, 0); text-align: justify;\">\n\t\t\t\t\t\t\t<font color=\"#000000\"><br \/>\n\t\t\t\t\t\t\t<span lang=\"PT-BR\" style=\"font-family: Tahoma, sans-serif;\"><br \/>\n\t\t\t\t\t\t\tA rela\u00e7\u00e3o entre analgesia peridural e partos com<br \/>\n\t\t\t\t\t\t\tf\u00f3rceps \u00e9 complexa. Alguns estudos demonstram maior<br \/>\n\t\t\t\t\t\t\tn\u00famero de partos com f\u00f3rceps em pacientes com<br \/>\n\t\t\t\t\t\t\tperidural enquanto outros n\u00e3o compromovam a mesma<br \/>\n\t\t\t\t\t\t\tcoisa.<\/span><\/font><\/li>\n<li class=\"MsoNormal\" style=\"color: rgb(255, 0, 0); text-align: justify;\">\n\t\t\t\t\t\t\t<font color=\"#000000\"><br \/>\n\t\t\t\t\t\t\t<span lang=\"PT-BR\" style=\"font-family: Tahoma, sans-serif;\"><br \/>\n\t\t\t\t\t\t\tA satisfa\u00e7\u00e3o da paciente e o desfecho neonatal s\u00e3o<br \/>\n\t\t\t\t\t\t\tmelhores ap\u00f3s a peridural do que o m\u00e9todo<br \/>\n\t\t\t\t\t\t\tintravenoso de al\u00edvio da dor.<\/span><\/font><\/li>\n<\/ul>\n<p class=\"MsoNormal\" style=\"background-color: transparent; color: rgb(0, 0, 0); font-family: Tahoma, arial, verdana; font-size: 16px; font-weight: 400; margin-left: 24px; text-align: justify;\">\n<p>\t\t\t\t\t\t&nbsp;<\/p>\n<p align=\"center\" class=\"MsoNormal\" style=\"background-color: transparent; color: rgb(0, 0, 0); font-family: Tahoma, arial, verdana; font-size: 16px; font-weight: 400; margin-left: 24px; text-align: center;\">\n\t\t\t\t\t\t<span lang=\"PT-BR\" style=\"font-family: Tahoma, sans-serif;\"><br \/>\n\t\t\t\t\t\t<a href=\"\/o-que-querias-saber-epidurals\/como-o-alivio-da-dor-afeta-o-trabalho-de-parto\/caso-queira-saber-maiores-detalhes\" target=\"_parent\" rel=\"noopener\">Caso queira saber maiores detalhes, clique abaixo<\/a><\/span><\/p>\n<p align=\"left\" style=\"background-color: transparent; color: rgb(0, 0, 0); font-family: 'Times New Roman'; font-size: 16px; font-weight: 400; text-align: left;\"><font face=\"Tahoma\"><\/font><\/p>\n<p align=\"center\"><a href=\"\/o-que-querias-saber-epidurals\/effetti-della-riduzione-del-dolore-sul-progredire-del-travaglio\/dettagli-effetti-della-riduzione-del-dolore-sul-progredire-del-travaglio\" target=\"_parent\" rel=\"noopener\"><\/a><\/p>\n<p><font face=\"Tahoma, arial, verdana\" size=\"3\" style=\"color: rgb(105, 105, 105); font-weight: 400; background-color: rgba(255, 255, 255, 0.597656);\"><span style=\"color: rgb(0, 0, 0);\"><\/span><\/font><\/p>\n<div style=\"background-color: rgba(255, 255, 255, 0.597656); color: rgb(105, 105, 105); font-family: Arial, 'Arial Unicode MS', Helvetica, sans-serif; font-weight: 400; margin-left: 2em\"><\/div>\n<p align=\"center\" style=\"margin-top: 10px; margin-bottom: 10px; font-weight: 400; background-color: rgba(255, 255, 255, 0.59375);\"><span style=\"color: rgb(0, 0, 0); font-family: Tahoma, arial, verdana; font-size: medium;\"><\/span><\/p>\n<p><\/p>\n","protected":false},"excerpt":{"rendered":"<p>A analgesia peridural prolonga minimamente o parto e n\u00e3o aumenta o risco de cesariana. &nbsp; Pacientes recebendo analgesia peridural t\u00eam trabalhos de parto mais longos quando comparadas com mulheres recebendo m\u00e9todo intravenoso de al\u00edvio da dor. Diversos estudos t\u00eam demonstrado que a diferen\u00e7a \u00e9 de aproximadamente uma hora, em m\u00e9dia. Entretanto, isto pode ser muito&#8230;<\/p>\n<p class=\"more-link-wrap\"><a href=\"https:\/\/painfreebirthing.com\/port\/o-que-querias-saber-epidurals\/como-o-alivio-da-dor-afeta-o-trabalho-de-parto\/\" class=\"more-link\">Read More<span class=\"screen-reader-text\"> &ldquo;Efeito do al\u00edvio da dor na progress\u00e3o do parto&rdquo;<\/span> &raquo;<\/a><\/p>\n","protected":false},"author":1,"featured_media":0,"parent":116,"menu_order":36,"comment_status":"closed","ping_status":"closed","template":"","meta":{"footnotes":""},"class_list":["post-122","page","type-page","status-publish","hentry"],"_links":{"self":[{"href":"https:\/\/painfreebirthing.com\/port\/wp-json\/wp\/v2\/pages\/122","targetHints":{"allow":["GET"]}}],"collection":[{"href":"https:\/\/painfreebirthing.com\/port\/wp-json\/wp\/v2\/pages"}],"about":[{"href":"https:\/\/painfreebirthing.com\/port\/wp-json\/wp\/v2\/types\/page"}],"author":[{"embeddable":true,"href":"https:\/\/painfreebirthing.com\/port\/wp-json\/wp\/v2\/users\/1"}],"replies":[{"embeddable":true,"href":"https:\/\/painfreebirthing.com\/port\/wp-json\/wp\/v2\/comments?post=122"}],"version-history":[{"count":0,"href":"https:\/\/painfreebirthing.com\/port\/wp-json\/wp\/v2\/pages\/122\/revisions"}],"up":[{"embeddable":true,"href":"https:\/\/painfreebirthing.com\/port\/wp-json\/wp\/v2\/pages\/116"}],"wp:attachment":[{"href":"https:\/\/painfreebirthing.com\/port\/wp-json\/wp\/v2\/media?parent=122"}],"curies":[{"name":"wp","href":"https:\/\/api.w.org\/{rel}","templated":true}]}}