{"id":121,"date":"2023-07-08T15:43:07","date_gmt":"2023-07-08T15:43:07","guid":{"rendered":"https:\/\/painfreebirthing.com\/port\/o-que-querias-saber-epidurals\/como-o-alivio-da-dor-afeta-meu-bebe\/"},"modified":"2023-07-08T15:43:07","modified_gmt":"2023-07-08T15:43:07","slug":"como-o-alivio-da-dor-afeta-meu-bebe","status":"publish","type":"page","link":"https:\/\/painfreebirthing.com\/port\/o-que-querias-saber-epidurals\/como-o-alivio-da-dor-afeta-meu-bebe\/","title":{"rendered":"O que afeta menos o beb\u00ea: peridural ou o m\u00e9todo Intravenoso (IV)?"},"content":{"rendered":"<table border=\"0\" width=\"100%\">\n<tbody>\n<tr>\n<td align=\"center\">\n<table width=\"100%\" border=\"0\">\n<tbody>\n<tr>\n<td align=\"center\">\n<p align=\"center\"><span style=\"font-family: Tahoma;\"><span style=\"color: rgb(135, 135, 135); line-height: 31px; text-align: left; font-size: 16px; \">O que afeta menos o beb\u00ea: peridural ou o m\u00e9tod<\/span><span style=\"font-size: 16px;\"><span style=\"color: rgb(135, 135, 135); line-height: 31px; text-align: left; \">o <\/span><span style=\"color: rgb(135, 135, 135); line-height: 31px; text-align: left; \">Intravenoso (IV)?<\/span><\/span><\/span><font face=\"Tahoma, arial, verdana\" size=\"3\"><b><\/b><\/font><\/p>\n<\/td>\n<\/tr>\n<tr>\n<td>\n<p align=\"center\">&nbsp;<b><img loading=\"lazy\" decoding=\"async\" width=\"150\" height=\"30\" src=\"https:\/\/painfreebirthing.com\/port\/wp-content\/uploads\/2023\/07\/babyepid.gif\" class=\"\"><\/p>\n<p>\n                        <font face=\"Tahoma\">Epidurale<\/font><\/b><\/p>\n<\/td>\n<\/tr>\n<\/tbody>\n<\/table>\n<p align=\"center\" style=\"margin-top: 10px; margin-bottom: 10px; \"><font face=\"Tahoma, arial, verdana\" size=\"3\"><b><\/b><\/font><\/p>\n<\/td>\n<\/tr>\n<tr>\n<td>\n<p align=\"center\" style=\"margin-top: 10px; margin-bottom: 10px; \"><span style=\"font-size: 20px; font-weight: bold; color: rgb(226, 52, 29); \"><\/span><\/p>\n<\/td>\n<\/tr>\n<tr>\n<td align=\"center\">\n<p align=\"center\" style=\"margin-top: 10px; margin-bottom: 10px; \">&nbsp;<img loading=\"lazy\" decoding=\"async\" width=\"192\" height=\"192\" alt=\"\" class=\"art-lightbox\" src=\"https:\/\/painfreebirthing.com\/port\/wp-content\/uploads\/2023\/07\/baby1.gif\"><\/p>\n<\/td>\n<\/tr>\n<tr>\n<td>\n<p align=\"center\" style=\"margin-top: 10px; margin-bottom: 10px; \"><span style=\"color: rgb(39, 2, 4); font-family: Tahoma, arial, verdana; font-weight: bold; font-size: medium;\"><br \/><\/span><\/p>\n<table width=\"100%\" border=\"0\">\n<tbody>\n<tr>\n<td>\n<p align=\"center\"><span style=\"font-size: 16px; font-family: Tahoma; color: rgb(0, 0, 0); \"><b><span lang=\"PT-BR\" style=\"color: #000000; \">Efeito da anestesia peridural sobre os beb\u00eas<\/span><\/b><\/p>\n<p>                        <\/span><\/p>\n<p>\n\t\t\t\t\t\t<span lang=\"PT-BR\" style=\"font-size: 16px; font-family: Tahoma; color: #000000; \"><br \/>\n\t\t\t\t\t\tNormalmente, dois tipos de medica\u00e7\u00f5es s\u00e3o utilizadas<br \/>\n\t\t\t\t\t\tpara produzir analgesia peridural efetiva: anest\u00e9sicos<br \/>\n\t\t\t\t\t\tlocais e opi\u00f3ides (narc\u00f3ticos). Anest\u00e9sicos locais<br \/>\n\t\t\t\t\t\tadministrados dentro do espa\u00e7o peridural podem alcan\u00e7ar<br \/>\n\t\t\t\t\t\to beb\u00ea atrav\u00e9s da circula\u00e7\u00e3o sang\u00fc\u00ednea materna.<br \/>\n\t\t\t\t\t\tEntretanto, a quantidade que atinge o beb\u00ea \u00e9 muito<br \/>\n\t\t\t\t\t\tpequena para gerar efeito sobre a freq\u00fc\u00eancia card\u00edaca<br \/>\n\t\t\t\t\t\tdele, ou mesmo no acompanhamento do beb\u00ea ap\u00f3s o<br \/>\n\t\t\t\t\t\tnascimento. De maneira similar, os opi\u00f3ides usados nas<br \/>\n\t\t\t\t\t\tinje\u00e7\u00f5es peridurais podem tamb\u00e9m atingir o beb\u00ea. Por\u00e9m,<br \/>\n\t\t\t\t\t\tmais uma vez, essa quantidade \u00e9 muito menor do que as<br \/>\n\t\t\t\t\t\tque chegam ao beb\u00ea quando a m\u00e3e est\u00e1 recebendo<br \/>\n\t\t\t\t\t\tmedica\u00e7\u00f5es opi\u00f3ides intravenosas (IV). Isto porque<br \/>\n\t\t\t\t\t\tsomente uma pequena parcela da quantidade de opi\u00f3ide<br \/>\n\t\t\t\t\t\tusada m\u00e9todo IV \u00e9 utilizada na inje\u00e7\u00e3o peridural.&nbsp;<br \/>\n\t\t\t\t\t\t<\/span><\/p>\n<p><span style=\"font-size: 16px; font-family: Tahoma; color: #000000; \"><br \/>\n                        &nbsp;<\/span><\/p>\n<p>\n\t\t\t\t\t\t<span lang=\"PT-BR\" style=\"font-size: 16px; font-family: Tahoma; color: #000000; \"><br \/>\n\t\t\t\t\t\tOcasionalmente, dentro de 10 a 15 minutos ap\u00f3s a inje\u00e7\u00e3o<br \/>\n\t\t\t\t\t\tperidural de anest\u00e9sico local ou opi\u00f3ide, a freq\u00fc\u00eancia<br \/>\n\t\t\t\t\t\tcard\u00edaca fetal (do beb\u00ea) pode apresentar algumas<br \/>\n\t\t\t\t\t\tmudan\u00e7as como redu\u00e7\u00e3o com ou sem altera\u00e7\u00f5es no padr\u00e3o da<br \/>\n\t\t\t\t\t\tfreq\u00fc\u00eancia card\u00edaca (variabilidade de<br \/>\n\t\t\t\t\t\tbatimento-para-batimento reduzida). Isto pode ocorrer em<br \/>\n\t\t\t\t\t\taproximadamente 30% das gr\u00e1vidas (1,2). Isto pode ser,<br \/>\n\t\t\t\t\t\tparticularmente, visto naquelas pacientes sofrendo<br \/>\n\t\t\t\t\t\tgrande dor e disconforto antes do alivio dos mesmos. No<br \/>\n\t\t\t\t\t\tentanto, essas mudan\u00e7as na freq\u00fc\u00eancia card\u00edaca do beb\u00ea<br \/>\n\t\t\t\t\t\ts\u00e3o transit\u00f3rias e duram apenas 3 a 4 minutos. Uma vez<br \/>\n\t\t\t\t\t\tque a freq\u00fc\u00eancia card\u00edaca fetal \u00e9 monitorizada<br \/>\n\t\t\t\t\t\tcontinuamente (como na pr\u00e1tica geral) e medidas<br \/>\n\t\t\t\t\t\tcorretivas s\u00e3o tomadas, essa varia\u00e7\u00f5es transit\u00f3rias n\u00e3o<br \/>\n\t\t\t\t\t\tdevem gerar grande preocupa\u00e7\u00e3o. <\/span><\/p>\n<p>\n\t\t\t\t\t\t<span lang=\"PT-BR\" style=\"font-size: 16px; font-family: Tahoma; color: #000000; \"><br \/>\n\t\t\t\t\t\tUm efeito colateral do alivio da dor atrav\u00e9s da<br \/>\n\t\t\t\t\t\tperidural, que ocorre \u00e0s vezes, \u00e9 uma queda da press\u00e3o<br \/>\n\t\t\t\t\t\tarterial materna. Caso a queda seja excessiva e n\u00e3o<br \/>\n\t\t\t\t\t\ttratada, pode afetar o beb\u00ea. No entanto, isto n\u00e3o \u00e9 uma<br \/>\n\t\t\t\t\t\tpreocupa\u00e7\u00e3o significativa j\u00e1 que a press\u00e3o arterial \u00e9<br \/>\n\t\t\t\t\t\tsempre medida ap\u00f3s o in\u00edcio da peridural e as medidas<br \/>\n\t\t\t\t\t\tcorretivas tomadas, caso necess\u00e1rio.<\/span><\/p>\n<p>\n\t\t\t\t\t\t<span lang=\"PT-BR\" style=\"font-size: 16px; font-family: Tahoma; color: #000000; \"><br \/>\n\t\t\t\t\t\tTestes do neurocomportamento neonatal (testes realizados<br \/>\n\t\t\t\t\t\tpara avaliar a atividade do rec\u00e9m-nascido) ap\u00f3s<br \/>\n\t\t\t\t\t\texposi\u00e7\u00e3o a v\u00e1rios m\u00e9todos de parto sem dor t\u00eam<br \/>\n\t\t\t\t\t\tproduzido resultados conflitantes. Recentemente, no<br \/>\n\t\t\t\t\t\tentanto, as doses dos anest\u00e9sicos locais e opi\u00f3ides<br \/>\n\t\t\t\t\t\tusados no al\u00edvio da dor do parto atrav\u00e9s da analgesia<br \/>\n\t\t\t\t\t\tperidural t\u00eam sido reduzidas gradualmente. Agora, h\u00e1<br \/>\n\t\t\t\t\t\tconsenso geral de que com a varia\u00e7\u00e3o de dose em voga, e<br \/>\n\t\t\t\t\t\tsob circunst\u00e2ncias normais, os efeitos dos anest\u00e9sicos<br \/>\n\t\t\t\t\t\tlocais sobre o rec\u00e9m-nascido n\u00e3o t\u00eam nehuma<br \/>\n\t\t\t\t\t\tsignific\u00e2ncia ou essa \u00e9 m\u00ednima.&nbsp;&nbsp;&nbsp; &nbsp;<\/span><\/p>\n<p>\n\t\t\t\t\t\t<span lang=\"PT-BR\" style=\"font-size: 16px; font-family: Tahoma; color: #000000; \"><br \/>\n\t\t\t\t\t\tSob algumas circust\u00e2ncias, o alivio da dor atrav\u00e9s da<br \/>\n\t\t\t\t\t\tperidural pode ser ben\u00e9fico para o beb\u00ea, como \u2013 por<br \/>\n\t\t\t\t\t\texemplo- na gr\u00e1vida com pr\u00e9-ecl\u00e2mpsia (press\u00e3o arterial<br \/>\n\t\t\t\t\t\talta, edema nos p\u00e9s, etc..). A analgesia peridural pode<br \/>\n\t\t\t\t\t\tmelhorar o fluxo sang\u00fc\u00edneo para o beb\u00ea durante o<br \/>\n\t\t\t\t\t\ttrabalho de parto e o parto, propriamente dito (3).<\/span><\/p>\n<p><span style=\"font-size: 16px; font-family: Tahoma; color: #000000; \">&nbsp;<\/span><\/p>\n<\/td>\n<\/tr>\n<tr>\n<td align=\"center\">\n\t\t\t\t\t\t<span style=\"font-size: 16px; font-family: Tahoma; color: #000000; \"><b><span style=\"color: #000000; \">Effect of medications used in<br \/>\n                        &#8216;I.V method&#8217; of child birth pain relief&#8217; on babies<\/span><\/b><\/p>\n<p>\t\t\t\t\t<\/span><\/td>\n<\/tr>\n<tr>\n<td>\n                        <span style=\"font-size: 16px; font-family: Tahoma; color: #000000; \"><span lang=\"PT-BR\" style=\"color: #000000; \"><br \/>\n\t\t\t\t\t\tTodas as medica\u00e7\u00f5es administradas pela via intravenosa<br \/>\n\t\t\t\t\t\t(IV) para a m\u00e3e cruza a placenta e entra na circula\u00e7\u00e3o<br \/>\n\t\t\t\t\t\tfetal (do beb\u00ea). Como resultado disso, o beb\u00ea pode<br \/>\n\t\t\t\t\t\tapresentar alguns efeitos. No \u00fatero, a freq\u00fc\u00eancia<br \/>\n\t\t\t\t\t\tcard\u00edaca fetal pode mudar levemente em seu padr\u00e3o. N\u00e3o<br \/>\n\t\t\t\t\t\th\u00e1 efeito delet\u00e9rio conhecido relacionado a essa<br \/>\n\t\t\t\t\t\taltera\u00e7\u00e3o no padr\u00e3o da freq\u00fc\u00eancia card\u00edaca fetal. <\/span><br \/>\n                    <\/span><\/p>\n<p>\n\t\t\t\t\t<span lang=\"PT-BR\" style=\"font-size: 16px; font-family: Tahoma; color: #000000; \"><br \/>\n\t\t\t\t\tUma grande preocupa\u00e7\u00e3o a respeito das medica\u00e7\u00f5es IV durante<br \/>\n\t\t\t\t\to nascimento do beb\u00ea \u00e9 o efeito depressor sobre o<br \/>\n\t\t\t\t\trec\u00e9m-nascido. Esse efeito \u00e9 dependente do tipo e da dose da<br \/>\n\t\t\t\t\tmedica\u00e7\u00e3o, assim como do tempo de administracao antes do<br \/>\n\t\t\t\t\tparto. &nbsp;Se o beb\u00ea tiver tempo suficiente para metabolizar a<br \/>\n\t\t\t\t\tmedica\u00e7\u00e3o antes do nascimento, somente um efeito m\u00ednimo<br \/>\n\t\t\t\t\tpoder\u00e1 ser visto. O beb\u00ea pode estar normal ou um pouco<br \/>\n\t\t\t\t\tsonolento. Pode haver uma mudan\u00e7a transit\u00f3ria nas pontua\u00e7\u00f5es<br \/>\n\t\t\t\t\tdadas ao beb\u00ea, a partir dos testes para avaliar a atividade<br \/>\n\t\t\t\t\tdo mesmo, por v\u00e1rios dias ap\u00f3s a administra\u00e7\u00e3o de medica\u00e7\u00f5es<br \/>\n\t\t\t\t\topi\u00f3ides IV (4). Por outro lado, a presen\u00e7a de grandes<br \/>\n\t\t\t\t\tquantidades de medica\u00e7\u00e3o no rec\u00e9m-nascido pode resultar em<br \/>\n\t\t\t\t\tdepress\u00e3o tempor\u00e1ria da respira\u00e7\u00e3o e conseq\u00fcente interven\u00e7\u00e3o<br \/>\n\t\t\t\t\tde um pediatra. O momento e a dose das medica\u00e7\u00f5es s\u00e3o,<br \/>\n\t\t\t\t\tgeralmente, ajustados para reduzir os efeitos sobre o<br \/>\n\t\t\t\t\trec\u00e9m-nascido. &nbsp;&nbsp;<\/span><\/p>\n<p><span style=\"font-size: 16px; font-family: Tahoma; color: #000000; \">&nbsp;<br \/>\n\t\t\t\t\t<span lang=\"PT-BR\" style=\"color: #000000; \"><br \/>\n\t\t\t\t\tRefer\u00eancias<\/span><\/span><\/p>\n<\/td>\n<\/tr>\n<tr>\n<td>\n                        <span style=\"font-size: 16px; font-family: Tahoma; color: #000000; \">1. Cohen<br \/>\n\t\t\t\t\t\tSE, Tan S, Albright GA, et al. Epidural fentanyl\/bupivacaine<br \/>\n\t\t\t\t\t\tmixtures for obstetric analgesia. Anesthesiology<br \/>\n\t\t\t\t\t\t1987;67:403.<\/span><\/p>\n<p>\n\t\t\t\t\t\t<span style=\"font-size: 16px; font-family: Tahoma; color: #000000; \">2. Viscomi<br \/>\n\t\t\t\t\t\tCM, Hood DD, Melone PJ, et al. Fetal heart rate<br \/>\n\t\t\t\t\t\tvariability after epidural fentanyl during labor.<br \/>\n\t\t\t\t\t\tAesthesia and Analgesia 1987;71:679.<\/span><\/p>\n<p><span style=\"font-size: 16px; font-family: Tahoma; color: #000000; \">3.<br \/>\n\t\t\t\t\t\tJouppila P, Jouppila R, Hollman A, Koivula A. Lumbar<br \/>\n\t\t\t\t\t\tepidural analgesia to improve intervillous blood flow<br \/>\n\t\t\t\t\t\tduring labor in severe preclampsia. Obstetrics and<br \/>\n\t\t\t\t\t\tGynecology 1982;59:158.<\/span><\/p>\n<p><span style=\"font-size: 16px; font-family: Tahoma; color: #000000; \">4.<br \/>\n\t\t\t\t\t\tHodgkinson R, Bhatt M, Wang CN. Double blind comparison<br \/>\n\t\t\t\t\t\tof the neurobehavior of neonate following the<br \/>\n\t\t\t\t\t\tadministration of different doses of meperidine to the<br \/>\n\t\t\t\t\t\tmother.<br \/>\n\t\t\t\t\t\t<span lang=\"PT-BR\" style=\"color: #000000; \"><br \/>\n\t\t\t\t\t\tCan Anaesth Soc J 1978;25;405.<\/span><\/span><\/p>\n<p><span style=\"font-size: 16px; font-family: Tahoma; color: #000000; \"><span lang=\"PT-BR\" style=\"color: #000000; \"><br \/><\/span><\/span><\/p>\n<p style=\"text-align: center; \"><a href=\"\/o-que-querias-saber-epidurals\/como-o-alivio-da-dor-afeta-o-trabalho-de-parto\" target=\"_parent\" rel=\"noopener\">Clique abaixo para ler o pr\u00f3ximo \u00edtem<\/a><span style=\"background-color: transparent; color: rgb(0, 0, 255); font-family: Helvetica, sans-serif; font-size: 16px; font-weight: 400; text-align: center; \"><\/span><span style=\"font-size: 16px; font-family: Tahoma; color: #000000; \"><span lang=\"PT-BR\" style=\"color: #000000; \"><br \/><\/span><\/span><\/p>\n<\/td>\n<\/tr>\n<\/tbody>\n<\/table>\n<p style=\"margin-top: 10px; margin-bottom: 10px; \"><span style=\"background-color: transparent; color: rgb(0, 0, 0); font-family: Tahoma; font-size: 16px; font-weight: 400; \"><\/span><\/p>\n<\/td>\n<\/tr>\n<tr>\n<td align=\"center\" style=\"text-align: center; \"><\/td>\n<\/tr>\n<tr>\n<td>\n<p style=\"margin-top: 10px; margin-bottom: 10px; \"><font face=\"Tahoma, arial, verdana\" size=\"3\"><\/font><\/p>\n<p style=\"margin-top: 10px; margin-bottom: 10px; \"><font face=\"Tahoma, arial, verdana\" size=\"3\"><\/font><\/p>\n<\/td>\n<\/tr>\n<\/tbody>\n<\/table>\n<p><\/p>\n","protected":false},"excerpt":{"rendered":"<p>O que afeta menos o beb\u00ea: peridural ou o m\u00e9todo Intravenoso (IV)? &nbsp; Epidurale &nbsp; Efeito da anestesia peridural sobre os beb\u00eas Normalmente, dois tipos de medica\u00e7\u00f5es s\u00e3o utilizadas para produzir analgesia peridural efetiva: anest\u00e9sicos locais e opi\u00f3ides (narc\u00f3ticos). Anest\u00e9sicos locais administrados dentro do espa\u00e7o peridural podem alcan\u00e7ar o beb\u00ea atrav\u00e9s da circula\u00e7\u00e3o sang\u00fc\u00ednea materna&#8230;.<\/p>\n<p class=\"more-link-wrap\"><a href=\"https:\/\/painfreebirthing.com\/port\/o-que-querias-saber-epidurals\/como-o-alivio-da-dor-afeta-meu-bebe\/\" class=\"more-link\">Read More<span class=\"screen-reader-text\"> &ldquo;O que afeta menos o beb\u00ea: peridural ou o m\u00e9todo Intravenoso (IV)?&rdquo;<\/span> &raquo;<\/a><\/p>\n","protected":false},"author":1,"featured_media":0,"parent":116,"menu_order":35,"comment_status":"closed","ping_status":"closed","template":"","meta":{"footnotes":""},"class_list":["post-121","page","type-page","status-publish","hentry"],"_links":{"self":[{"href":"https:\/\/painfreebirthing.com\/port\/wp-json\/wp\/v2\/pages\/121","targetHints":{"allow":["GET"]}}],"collection":[{"href":"https:\/\/painfreebirthing.com\/port\/wp-json\/wp\/v2\/pages"}],"about":[{"href":"https:\/\/painfreebirthing.com\/port\/wp-json\/wp\/v2\/types\/page"}],"author":[{"embeddable":true,"href":"https:\/\/painfreebirthing.com\/port\/wp-json\/wp\/v2\/users\/1"}],"replies":[{"embeddable":true,"href":"https:\/\/painfreebirthing.com\/port\/wp-json\/wp\/v2\/comments?post=121"}],"version-history":[{"count":0,"href":"https:\/\/painfreebirthing.com\/port\/wp-json\/wp\/v2\/pages\/121\/revisions"}],"up":[{"embeddable":true,"href":"https:\/\/painfreebirthing.com\/port\/wp-json\/wp\/v2\/pages\/116"}],"wp:attachment":[{"href":"https:\/\/painfreebirthing.com\/port\/wp-json\/wp\/v2\/media?parent=121"}],"curies":[{"name":"wp","href":"https:\/\/api.w.org\/{rel}","templated":true}]}}