{"id":120,"date":"2023-07-08T15:43:06","date_gmt":"2023-07-08T15:43:06","guid":{"rendered":"https:\/\/painfreebirthing.com\/port\/o-que-querias-saber-epidurals\/quando-eu-posso-ter-alivio-da-dor\/"},"modified":"2023-07-08T15:43:06","modified_gmt":"2023-07-08T15:43:06","slug":"quando-eu-posso-ter-alivio-da-dor","status":"publish","type":"page","link":"https:\/\/painfreebirthing.com\/port\/o-que-querias-saber-epidurals\/quando-eu-posso-ter-alivio-da-dor\/","title":{"rendered":"Quando eu posso receber uma peridural?"},"content":{"rendered":"<table border=\"0\" width=\"100%\">\n<tbody>\n<tr>\n<td>\n<table width=\"100%\" border=\"0\">\n<tbody>\n<tr>\n<td><span style=\"font-size: 16px; font-family: Tahoma; color: rgb(0, 0, 0); \"><\/p>\n<p class=\"MsoNormal\"><span lang=\"PT-BR\" style=\"color: #000000; \">A decis\u00e3o de receber uma solu\u00e7\u00e3o anest\u00e9sica peridural est\u00e1 entre<br \/>\n\t\t\t\t\t\tvoc\u00ea, seu obstetra e seu anestesiologista. Analgesia<br \/>\n\t\t\t\t\t\tperidural \u00e9 geralmente dada quando voc\u00ea j\u00e1 iniciou o<br \/>\n\t\t\t\t\t\ttrabalho de parto ativo com conta\u00e7\u00f5es uterinas regulares<br \/>\n\t\t\t\t\t\te dolorosas. N\u00f3s recomendamos que se voc\u00ea est\u00e1<br \/>\n\t\t\t\t\t\tminimamente interessada em receber analgesia peridural,<br \/>\n\t\t\t\t\t\tsolicite que encontre o anestesiologista previamente.<br \/>\n\t\t\t\t\t\tIsso permitir\u00e1 que o anestesiologista obtenha sua<br \/>\n\t\t\t\t\t\thist\u00f3ria m\u00e9dica completa e realize um exame f\u00edsico. Mais<br \/>\n\t\t\t\t\t\timportante ainda, voc\u00ea pode discutir as op\u00e7\u00f5es de<br \/>\n\t\t\t\t\t\tanalgesia (al\u00edvio da dor) antes de estar, de fato, com<br \/>\n\t\t\t\t\t\tdor intensa. Avisando ao anestesiologista sua<br \/>\n\t\t\t\t\t\tprefer\u00eancia ou assinando um documento com consetimento<br \/>\n\t\t\t\t\t\trelativo \u00e0 anestesia N\u00c3O a obriga a receber anestesia<br \/>\n\t\t\t\t\t\tperidural. Voc\u00ea pode posteriormente optar por ter um<br \/>\n\t\t\t\t\t\tparto natural ou outro m\u00e9todo de al\u00edvio da dor.<\/span>\n\t\t\t\t\t<\/p>\n<p>                        <span lang=\"PT-BR\" style=\"color: #000000; \"><br \/>\n\t\t\t\t\t\tDiversos fatores determinam quando voc\u00ea receber a<br \/>\n\t\t\t\t\t\tperidural, incluindo a posi\u00e7\u00e3o do beb\u00ea no canal de parto<br \/>\n\t\t\t\t\t\tou se esse \u00e9 seu primeiro beb\u00ea ou n\u00e3o. Alguns obstetras<br \/>\n\t\t\t\t\t\tpodem preferir que voc\u00ea esteja com, pelo menos, 4<br \/>\n\t\t\t\t\t\tcent\u00edmetros de dilata\u00e7\u00e3o antes de receber a analgesia<br \/>\n\t\t\t\t\t\tperidural. Esses obstetras acreditam que uma peridural<br \/>\n\t\t\t\t\t\tprecoce possa desacelerar o parto, mas as informa\u00e7\u00f5es<br \/>\n\t\t\t\t\t\tdispon\u00edveis sobre esse assunto s\u00e3o controversas. Certas<br \/>\n\t\t\t\t\t\tcondi\u00e7\u00f5es m\u00e9dicas, entretanto, podem favorecer a<br \/>\n\t\t\t\t\t\timplemanta\u00e7\u00e3o precoce da analgesia peridural. Uma vez<br \/>\n\t\t\t\t\t\tque o\/ a obstetra d\u00ea a permiss\u00e3o para que voc\u00ea receba a<br \/>\n\t\t\t\t\t\tanestesia peridural, o anestesiologista realizar\u00e1 a<br \/>\n\t\t\t\t\t\tmesma. Caso voc\u00ea n\u00e3o tenha visto o anestesiologista<br \/>\n\t\t\t\t\t\tpreviamente, uma breve<\/span><\/p>\n<p>\t\t\t\t\t\t<span lang=\"PT-BR\" style=\"color: #000000; \"><br \/>\n\t\t\t\t\t\thist\u00f3ria e exame f\u00edsico, e consentimento informado para<br \/>\n\t\t\t\t\t\to procedimento ser\u00e3o obtidos.<\/span><\/p>\n<p>\n\t\t\t\t\t<span lang=\"PT-BR\" style=\"color: #000000; \"><br \/>\n\t\t\t\t\tRaramente \u00e9 tarde o bastante para n\u00e3o receber uma peridural,<br \/>\n\t\t\t\t\ta menos que a cabe\u00e7a do beb\u00ea seja vis\u00edvel (coroando). Mesmo<br \/>\n\t\t\t\t\tque voc\u00ea inicialmente tenha tentado parto natural e nunca<br \/>\n\t\t\t\t\ttenha visto um anestesiologista, voc\u00ea pode mudar de id\u00e9ia<br \/>\n\t\t\t\t\tcaso ache o trabalho de parto extremante doloroso. N\u00f3s<br \/>\n\t\t\t\t\trecomendamos que voc\u00ea freq\u00fcente aulas educacionais a<br \/>\n\t\t\t\t\trespeito do parto e de poss\u00edveis formas de al\u00edvio da dor. \u00c9<br \/>\n\t\t\t\t\timportante que se mantenha com uma mente aberta e seja<br \/>\n\t\t\t\t\tflex\u00edvel ao longo do per\u00edodo prenatal e do parto<br \/>\n\t\t\t\t\tpropriamente. Pessoas diferentes vivenciam o parto<br \/>\n\t\t\t\t\tdiferentemente e ser flex\u00edvel proporciona benef\u00edcio m\u00e1ximo<br \/>\n\t\t\t\t\tpara voc\u00ea e seu beb\u00ea.<\/span><\/p>\n<p>\t\t\t\t\t<\/span><\/p>\n<p><span style=\"font-size: 16px; font-family: Tahoma; color: #000000; \"><br \/>\n                        &nbsp;<br \/>\n\t\t\t\t\t\t<\/span><\/p>\n<\/td>\n<\/tr>\n<tr>\n<td>\n<p>\t\t\t\t\t\t<span style=\"font-size: 16px; font-family: Tahoma; color: #000000; \"><br \/>\n\t\t\t\t\t\t<\/span><\/p>\n<table width=\"100%\" class=\"MsoNormalTable\" border=\"0\" cellpadding=\"0\">\n<tbody>\n<tr>\n<td style=\"padding-bottom: 1px; padding-left: 1px; padding-right: 1px; padding-top: 1px; \">\n<p class=\"MsoNormal\"><b style=\"font-size: 16px; font-family: Tahoma; \"><br \/>\n\t\t\t\t\t\t\t\t<span lang=\"PT-BR\" style=\"color: #000000; \"><br \/>\n\t\t\t\t\t\t\t\tOpini\u00e3o recente do Col\u00e9gio<br \/>\n\t\t\t\t\t\t\t\tAmericano de Obstetras e Ginecologistas:<\/span><\/b><\/p>\n<p class=\"MsoNormal\"><b style=\"font-size: 16px; font-family: Tahoma; \"><br \/>\n\t\t\t\t\t\t\t\t<span lang=\"PT-BR\" style=\"color: #000000; \"><br \/>\n\t\t\t\t\t\t\t\tData de publica\u00e7\u00e3o, Fevereiro<br \/>\n\t\t\t\t\t\t\t\t2002:<\/span><\/b><\/p>\n<p>\n\t\t\t\t\t\t\t\t<span lang=\"PT-BR\" style=\"font-size: 16px; font-family: Tahoma; color: #000000; \"><br \/>\n\t\t\t\t\t\t\t\tV\u00e1rios estudos reportam dados<br \/>\n\t\t\t\t\t\t\t\tconflitantes a respeito do n\u00edvel de risco de<br \/>\n\t\t\t\t\t\t\t\tcesariana em mulheres nul\u00edparas (gestante na<br \/>\n\t\t\t\t\t\t\t\tprimeira gravidez) que tenham recebido analgesia<br \/>\n\t\t\t\t\t\t\t\tperidural antes de 5 cent\u00edmetros de dilata\u00e7\u00e3o<br \/>\n\t\t\t\t\t\t\t\tcervical. Como resultado, algumas institui\u00e7\u00f5es<br \/>\n\t\t\t\t\t\t\t\texigem que mulheres em trabalho de parto atinjam<br \/>\n\t\t\t\t\t\t\t\t4-5 cm de dilata\u00e7\u00e3o antes de receberem analgesia<br \/>\n\t\t\t\t\t\t\t\tperidural. \u00c9 obscuro se essas institui\u00e7\u00f5es t\u00eam<br \/>\n\t\t\t\t\t\t\t\tdesenvolvido protocolos internos que sejam<br \/>\n\t\t\t\t\t\t\t\tsens\u00edveis \u00e0s necessidades das pacientes. O parto<br \/>\n\t\t\t\t\t\t\t\tresulta em dor intensa para muitas mulheres e<br \/>\n\t\t\t\t\t\t\t\tn\u00e3o h\u00e1 nenhuma outra circunst\u00e2ncia onde seja<br \/>\n\t\t\t\t\t\t\t\tconsiderado aceit\u00e1vel uma pessoa experimentar<br \/>\n\t\t\t\t\t\t\t\tdor intensa n\u00e3o tratada e que \u00e9 pass\u00edvel de<br \/>\n\t\t\t\t\t\t\t\tinterven\u00e7\u00e3o segura. Portanto, <u><span style=\"color: #000000; \">o Col\u00e9gio<br \/>\n\t\t\t\t\t\t\t\tAmericano de Obstetras e Ginecologistas deseja<br \/>\n\t\t\t\t\t\t\t\treafirmar a opini\u00e3o publicada juntamente com a<br \/>\n\t\t\t\t\t\t\t\tSociedade Americana de Anestesiologistas de que<br \/>\n\t\t\t\t\t\t\t\tenquanto sob os cuidados de um m\u00e9dico, na<br \/>\n\t\t\t\t\t\t\t\taus\u00eancia de contra-indica\u00e7\u00f5es m\u00e9dicas, a<br \/>\n\t\t\t\t\t\t\t\tsolicita\u00e7\u00e3o materna \u00e9 indica\u00e7\u00e3o m\u00e9dica<br \/>\n\t\t\t\t\t\t\t\tsuficiente para a analgesia durante o parto.<\/span><\/u><br \/>\n\t\t\t\t\t\t\t\tDecis\u00f5es relativas \u00e0 analgesia devem ser<br \/>\n\t\t\t\t\t\t\t\tcoordenadas entre os obstetras, o<br \/>\n\t\t\t\t\t\t\t\tanestesiologista, a paciente e equipe de apoio.<\/span><\/p>\n<p>\n\t\t\t\t\t\t\t\t<span style=\"font-size: 16px; font-family: Tahoma; color: #000000; \"><br \/>\n\t\t\t\t\t\t\t\t&nbsp; <\/span><\/p>\n<\/td>\n<\/tr>\n<tr>\n<td style=\"padding-bottom: 1px; padding-left: 1px; padding-right: 1px; padding-top: 1px; \">\n<p class=\"MsoNormal\">\n\t\t\t\t\t\t\t\t<span style=\"font-size: 16px; font-family: Tahoma; color: #000000; \">&nbsp;<\/span><\/p>\n<\/td>\n<\/tr>\n<\/tbody>\n<\/table>\n<p class=\"MsoNormal\">\n\t\t\t\t\t\t<span lang=\"PT-BR\" style=\"color: #FF0000; font-size: 16px; font-family: Tahoma; \"><span style=\"color: #000000; \">Refer\u00eancia: Practice guidelines of obstetric anesthesia.<br \/>\n\t\t\t\t\t\tAnesthesiology 1999;90:600.&nbsp;<\/span> <\/span><\/p>\n<p class=\"MsoNormal\"><span lang=\"PT-BR\" style=\"color: #FF0000; font-size: 16px; font-family: Tahoma; \"><span style=\"color: #000000; \"><br \/><\/span><\/span><\/p>\n<p class=\"MsoNormal\" style=\"text-align: center; \"><a href=\"\/o-que-querias-saber-epidurals\/como-o-alivio-da-dor-afeta-meu-bebe\" target=\"_parent\" rel=\"noopener\">Clique abaixo para ler o pr\u00f3ximo \u00edtem<\/a><span style=\"background-color: transparent; color: rgb(0, 0, 255); font-family: Helvetica, sans-serif; font-size: 16px; font-weight: 400; text-align: center; \"><\/span><span lang=\"PT-BR\" style=\"color: #FF0000; font-size: 16px; font-family: Tahoma; \"><span style=\"color: #000000; \"><br \/><\/span><\/span><\/p>\n<p style=\"font-family: Tahoma, arial, verdana; font-size: medium; \">\n                        &nbsp;<\/p>\n<p align=\"center\" style=\"font-family: Tahoma, arial, verdana; font-size: medium; \"><span style=\"font-weight: bold;\"><br \/><\/span><\/p>\n<\/td>\n<\/tr>\n<\/tbody>\n<\/table>\n<p><font face=\"Tahoma\" size=\"3\" style=\"background-color: transparent; color: rgb(0, 0, 0); font-weight: 400; \"><\/font><\/p>\n<p style=\"background-color: transparent; color: rgb(0, 0, 0); font-family: 'Times New Roman'; font-size: 16px; font-weight: 400; \"><font face=\"Tahoma\" size=\"3\"><\/font><\/p>\n<p><font face=\"Tahoma, arial, verdana\" size=\"3\"><span style=\"color: rgb(20, 20, 20); \"><\/span><\/font><\/p>\n<p style=\"margin-top: 10px; margin-bottom: 10px; \"><font face=\"Tahoma, arial, verdana\" size=\"3\"><\/font><\/p>\n<p style=\"margin-top: 10px; margin-bottom: 10px; \"><font face=\"Tahoma, arial, verdana\" size=\"3\"><\/font><\/p>\n<\/td>\n<\/tr>\n<tr>\n<td><span style=\"color: rgb(20, 20, 20); font-family: Tahoma, arial, verdana; font-size: medium;\"><b><\/b><\/span><\/p>\n<p style=\"margin-top: 10px; margin-bottom: 10px; \"><font face=\"Tahoma, arial, verdana\" size=\"3\"><span style=\"color: rgb(20, 20, 20); \"><\/span><\/font><\/p>\n<p style=\"margin-top: 10px; margin-bottom: 10px; \"><span style=\"color: rgb(20, 20, 20); font-family: Tahoma, arial, verdana; font-size: medium;\"><br \/><\/span><\/p>\n<\/td>\n<\/tr>\n<\/tbody>\n<\/table>\n<p><\/p>\n","protected":false},"excerpt":{"rendered":"<p>A decis\u00e3o de receber uma solu\u00e7\u00e3o anest\u00e9sica peridural est\u00e1 entre voc\u00ea, seu obstetra e seu anestesiologista. Analgesia peridural \u00e9 geralmente dada quando voc\u00ea j\u00e1 iniciou o trabalho de parto ativo com conta\u00e7\u00f5es uterinas regulares e dolorosas. N\u00f3s recomendamos que se voc\u00ea est\u00e1 minimamente interessada em receber analgesia peridural, solicite que encontre o anestesiologista previamente. Isso&#8230;<\/p>\n<p class=\"more-link-wrap\"><a href=\"https:\/\/painfreebirthing.com\/port\/o-que-querias-saber-epidurals\/quando-eu-posso-ter-alivio-da-dor\/\" class=\"more-link\">Read More<span class=\"screen-reader-text\"> &ldquo;Quando eu posso receber uma peridural?&rdquo;<\/span> &raquo;<\/a><\/p>\n","protected":false},"author":1,"featured_media":0,"parent":116,"menu_order":34,"comment_status":"closed","ping_status":"closed","template":"","meta":{"footnotes":""},"class_list":["post-120","page","type-page","status-publish","hentry"],"_links":{"self":[{"href":"https:\/\/painfreebirthing.com\/port\/wp-json\/wp\/v2\/pages\/120","targetHints":{"allow":["GET"]}}],"collection":[{"href":"https:\/\/painfreebirthing.com\/port\/wp-json\/wp\/v2\/pages"}],"about":[{"href":"https:\/\/painfreebirthing.com\/port\/wp-json\/wp\/v2\/types\/page"}],"author":[{"embeddable":true,"href":"https:\/\/painfreebirthing.com\/port\/wp-json\/wp\/v2\/users\/1"}],"replies":[{"embeddable":true,"href":"https:\/\/painfreebirthing.com\/port\/wp-json\/wp\/v2\/comments?post=120"}],"version-history":[{"count":0,"href":"https:\/\/painfreebirthing.com\/port\/wp-json\/wp\/v2\/pages\/120\/revisions"}],"up":[{"embeddable":true,"href":"https:\/\/painfreebirthing.com\/port\/wp-json\/wp\/v2\/pages\/116"}],"wp:attachment":[{"href":"https:\/\/painfreebirthing.com\/port\/wp-json\/wp\/v2\/media?parent=120"}],"curies":[{"name":"wp","href":"https:\/\/api.w.org\/{rel}","templated":true}]}}