{"id":119,"date":"2023-07-08T15:43:05","date_gmt":"2023-07-08T15:43:05","guid":{"rendered":"https:\/\/painfreebirthing.com\/port\/o-que-querias-saber-epidurals\/o-que-e-walking-peridural\/"},"modified":"2023-07-08T15:43:05","modified_gmt":"2023-07-08T15:43:05","slug":"o-que-e-walking-peridural","status":"publish","type":"page","link":"https:\/\/painfreebirthing.com\/port\/o-que-querias-saber-epidurals\/o-que-e-walking-peridural\/","title":{"rendered":"\u201cWalking\u201d peridural"},"content":{"rendered":"<p><span style=\"background-color: transparent; color: rgb(0, 0, 0); font-family: Tahoma, sans-serif; font-size: 16px; font-weight: 400;\">A \u201cwalking\u201d peridural significa peridural durante a qual a<br \/>\n\t\t\t\t\tpaciente pode deambular (<\/span><i style=\"background-color: transparent; color: rgb(0, 0, 0); font-family: Tahoma, sans-serif; font-size: 16px; font-weight: 400;\">walking<\/i><span style=\"background-color: transparent; color: rgb(0, 0, 0); font-family: Tahoma, sans-serif; font-size: 16px; font-weight: 400;\">). Esta t\u00e9cnica<br \/>\n\t\t\t\t\tcombina as anestesias peridural e espinhal conforme descrito<br \/>\n\t\t\t\t\tna se\u00e7\u00e3o \u201cAnestesia Combinada Raqui-Peridural\u201d (<\/span><i style=\"background-color: transparent; color: rgb(0, 0, 0); font-family: Tahoma, sans-serif; font-size: 16px; font-weight: 400;\">CSE,<\/i> <span style=\"background-color: transparent; color: rgb(0, 0, 0); font-family: Tahoma, sans-serif; font-size: 16px; font-weight: 400;\"><br \/>\n\t\t\t\t\tem<\/span> <i style=\"background-color: transparent; color: rgb(0, 0, 0); font-family: Tahoma, sans-serif; font-size: 16px; font-weight: 400;\">ingl\u00eas)<\/i><span style=\"background-color: transparent; color: rgb(0, 0, 0); font-family: Tahoma, sans-serif; font-size: 16px; font-weight: 400;\">.<\/span> <i style=\"background-color: transparent; color: rgb(0, 0, 0); font-family: Tahoma, sans-serif; font-size: 16px; font-weight: 400;\">A<\/i> <span style=\"background-color: transparent; color: rgb(0, 0, 0); font-family: Tahoma, sans-serif; font-size: 16px; font-weight: 400;\">por\u00e7\u00e3o espinhal da t\u00e9cnica<br \/>\n\t\t\t\t\tproporciona um r\u00e1pido al\u00edvio da dor sem gerar fraqueza nas<br \/>\n\t\t\t\t\tpernas. A parte relativa \u00e0 peridural promove flexibilidade<br \/>\n\t\t\t\t\tcom uma analgesia cont\u00ednua. A t\u00e9cnica pode ser adaptada de<br \/>\n\t\t\t\t\tforma a permitir que a paciente deambule sem sentir dor.<br \/>\n\t\t\t\t\tEmbora ainda incerto se caminhar durante o trabalho de parto<br \/>\n\t\t\t\t\treduz a dura\u00e7\u00e3o do mesmo, tem sido sugerido que a demanda<br \/>\n\t\t\t\t\tanalg\u00e9sica \u00e9 menor quando a paciente caminha e que as<br \/>\n\t\t\t\t\tmulheres apreciam a oportunidade de caminhar mesmo que por<br \/>\n\t\t\t\t\tcurtos per\u00edodos durante o parto. Muitos anestesistas<br \/>\n\t\t\t\t\tutilizam a t\u00e9cnica<\/span> <i style=\"background-color: transparent; color: rgb(0, 0, 0); font-family: Tahoma, sans-serif; font-size: 16px; font-weight: 400;\">CSE<\/i> <span style=\"background-color: transparent; color: rgb(0, 0, 0); font-family: Tahoma, sans-serif; font-size: 16px; font-weight: 400;\">para promover analgesia de<br \/>\n\t\t\t\t\tparto, mas grande parte provavelmente n\u00e3o permitir\u00e1 que voc\u00ea<br \/>\n\t\t\t\t\tcaminhe depois que a anestesia for iniciada.<\/span><span style=\"background-color: transparent; color: rgb(0, 0, 0); font-family: Tahoma; font-size: 16px; font-weight: 400;\"><\/span><span style=\"color: rgb(0, 0, 0); font-family: Tahoma, arial, verdana; font-size: medium; font-weight: 400; text-align: -webkit-left; background-color: rgba(255, 255, 255, 0.597656);\">&nbsp;<\/span><\/p>\n<p style=\"text-align: center;\"><img loading=\"lazy\" decoding=\"async\" width=\"384\" height=\"288\" alt=\"\" class=\"art-lightbox art-preview-selected\" src=\"https:\/\/painfreebirthing.com\/port\/wp-content\/uploads\/2023\/07\/walkingpic.gif\"><span style=\"color: rgb(0, 0, 0); font-family: Tahoma, arial, verdana; font-size: medium; font-weight: 400; text-align: -webkit-left; background-color: rgba(255, 255, 255, 0.597656);\"><br \/><\/span><\/p>\n<p style=\"text-align: center;\"><\/p>\n<p style=\"text-align: center;\"><\/p>\n<p style=\"text-align: center;\"><a href=\"\/o-que-querias-saber-epidurals\/quando-eu-posso-ter-alivio-da-dor\" target=\"_parent\" rel=\"noopener\">Clique abaixo para ler o pr\u00f3ximo \u00edtem<\/a><span style=\"background-color: transparent; color: rgb(0, 0, 255); font-family: Helvetica, sans-serif; font-size: 16px; font-weight: 400;\"><\/span><\/p>\n<p style=\"text-align: center;\"><\/p>\n<p style=\"text-align: center;\"><\/p>\n<p style=\"text-align: center;\"><span style=\"color: rgb(0, 0, 0); font-family: Tahoma, arial, verdana; font-size: 16px;\"><br \/><\/span><\/p>\n<p><span style=\"color: rgb(0, 0, 0); font-family: Tahoma, arial, verdana; font-size: medium; font-weight: 400; text-align: -webkit-left; background-color: rgba(255, 255, 255, 0.597656);\"><br \/><\/span><\/p>\n<p><span style=\"color: rgb(0, 0, 0); font-family: Tahoma, arial, verdana; font-size: medium; font-weight: 400; text-align: -webkit-left; background-color: rgba(255, 255, 255, 0.597656);\"><br \/><\/span><\/p>\n","protected":false},"excerpt":{"rendered":"<p>A \u201cwalking\u201d peridural significa peridural durante a qual a paciente pode deambular (walking). Esta t\u00e9cnica combina as anestesias peridural e espinhal conforme descrito na se\u00e7\u00e3o \u201cAnestesia Combinada Raqui-Peridural\u201d (CSE, em ingl\u00eas). A por\u00e7\u00e3o espinhal da t\u00e9cnica proporciona um r\u00e1pido al\u00edvio da dor sem gerar fraqueza nas pernas. A parte relativa \u00e0 peridural promove flexibilidade com&#8230;<\/p>\n<p class=\"more-link-wrap\"><a href=\"https:\/\/painfreebirthing.com\/port\/o-que-querias-saber-epidurals\/o-que-e-walking-peridural\/\" class=\"more-link\">Read More<span class=\"screen-reader-text\"> &ldquo;\u201cWalking\u201d peridural&rdquo;<\/span> &raquo;<\/a><\/p>\n","protected":false},"author":1,"featured_media":0,"parent":116,"menu_order":33,"comment_status":"closed","ping_status":"closed","template":"","meta":{"footnotes":""},"class_list":["post-119","page","type-page","status-publish","hentry"],"_links":{"self":[{"href":"https:\/\/painfreebirthing.com\/port\/wp-json\/wp\/v2\/pages\/119","targetHints":{"allow":["GET"]}}],"collection":[{"href":"https:\/\/painfreebirthing.com\/port\/wp-json\/wp\/v2\/pages"}],"about":[{"href":"https:\/\/painfreebirthing.com\/port\/wp-json\/wp\/v2\/types\/page"}],"author":[{"embeddable":true,"href":"https:\/\/painfreebirthing.com\/port\/wp-json\/wp\/v2\/users\/1"}],"replies":[{"embeddable":true,"href":"https:\/\/painfreebirthing.com\/port\/wp-json\/wp\/v2\/comments?post=119"}],"version-history":[{"count":0,"href":"https:\/\/painfreebirthing.com\/port\/wp-json\/wp\/v2\/pages\/119\/revisions"}],"up":[{"embeddable":true,"href":"https:\/\/painfreebirthing.com\/port\/wp-json\/wp\/v2\/pages\/116"}],"wp:attachment":[{"href":"https:\/\/painfreebirthing.com\/port\/wp-json\/wp\/v2\/media?parent=119"}],"curies":[{"name":"wp","href":"https:\/\/api.w.org\/{rel}","templated":true}]}}