{"id":118,"date":"2023-07-08T15:43:04","date_gmt":"2023-07-08T15:43:04","guid":{"rendered":"https:\/\/painfreebirthing.com\/port\/o-que-querias-saber-epidurals\/analgesia-peridural-controlada-pelo-paciente\/"},"modified":"2023-07-08T15:43:04","modified_gmt":"2023-07-08T15:43:04","slug":"analgesia-peridural-controlada-pelo-paciente","status":"publish","type":"page","link":"https:\/\/painfreebirthing.com\/port\/o-que-querias-saber-epidurals\/analgesia-peridural-controlada-pelo-paciente\/","title":{"rendered":"Analgesia peridural controlada pelo paciente"},"content":{"rendered":"<p><span style=\"background-color: transparent; font-family: Tahoma, sans-serif; font-size: 16px; font-weight: 400; text-align: justify; color: #000000;\">Analgesia peridural controlada pelo paciente (PCEA \u2013<br \/>\n\t\t\t\t\t\u201cpatient controlled epidural analgesia\u201d) permite que voc\u00ea<br \/>\n\t\t\t\t\tadministre medica\u00e7\u00e3o analg\u00e9sica adicional na peridural<br \/>\n\t\t\t\t\tquando sentir dor ou desconforto. O anestesiologista inicia<br \/>\n\t\t\t\t\ta peridural para promover um n\u00edvel b\u00e1sico de alivio da dor<br \/>\n\t\t\t\t\tque seja constante. Al\u00e9m disso, ele fornece um controle,<br \/>\n\t\t\t\t\tconectado \u00e0 bomba infusora de medicamentos, que permite a<br \/>\n\t\t\t\t\tvoc\u00ea administrar a si mesma doses adicionais conforme sua<br \/>\n\t\t\t\t\tnecessidade. O anestesiologista programa limites na bomba<br \/>\n\t\t\t\t\tinfusora que previnem o uso excessivo de medica\u00e7\u00e3o. O PCEA \u00e9<br \/>\n\t\t\t\t\tsomente uma extens\u00e3o da analgesia peridural cont\u00ednua que n\u00f3s<br \/>\n\t\t\t\t\tutilizamos freq\u00fcentemente, assim como a t\u00e9cnica combinada de<br \/>\n\t\t\t\t\traqui-peridural \u00e9 tamb\u00e9m uma extens\u00e3o da peridural. N\u00e3o h\u00e1<br \/>\n\t\t\t\t\tefeitos colaterais ou complica\u00e7\u00f5es adicionais resultante da<br \/>\n\t\t\t\t\tt\u00e9cnica de PCEA. Por outro lado, PCEA gera alivio da dor<br \/>\n\t\t\t\t\tsimilar \u00e0 infus\u00e3o cont\u00ednua convencional, mas com dosagem de<br \/>\n\t\t\t\t\tanest\u00e9sico menor e com menos efeitos anest\u00e9sicos<br \/>\n\t\t\t\t\t(\u201cformigamento\u201d, parestesia) nas pernas e p\u00e9s da paciente. A<br \/>\n\t\t\t\t\tPCEA tem ganhado popularidade nos \u00faltimos anos, pois \u00e9 f\u00e1cil<br \/>\n\t\t\t\t\tde ser usada, reduz a necessidade de interven\u00e7\u00e3o m\u00e9dica e as<br \/>\n\t\t\t\t\tm\u00e3es ficam muito satisfeitas. Al\u00e9m disso, essa t\u00e9cnica<br \/>\n\t\t\t\t\tpromove sensa\u00e7\u00e3o de controle sobre a extens\u00e3o do bloqueio<br \/>\n\t\t\t\t\tque voc\u00ea deseja para al\u00edvio da sua dor.<\/span> <span style=\"background-color: transparent; color: rgb(0, 0, 0); font-family: Tahoma, arial, verdana; font-size: 16px; font-weight: 400;\"><\/span><span style=\"font-family: Tahoma, arial, verdana; font-size: medium; font-weight: 400; background-color: rgba(255, 255, 255, 0.597656); color: rgb(0, 0, 0);\"><\/span><\/p>\n<p><span style=\"font-family: Tahoma, arial, verdana; font-size: medium; font-weight: 400; background-color: rgba(255, 255, 255, 0.597656); color: rgb(0, 0, 0);\"><br \/><\/span><\/p>\n<p style=\"background-color: transparent; color: rgb(0, 0, 0); font-weight: 400; text-align: center;\"><a href=\"\/o-que-querias-saber-epidurals\/o-que-e-walking-peridural\" target=\"_parent\" rel=\"noopener\">Clique abaixo para ler o pr\u00f3ximo \u00edtem<\/a><span style=\"background-color: transparent; color: rgb(0, 0, 255); font-family: Helvetica, sans-serif; font-size: 16px; font-weight: 400;\"><\/span><span style=\"font-family: Tahoma, arial, verdana; font-size: medium;\"><br \/><\/span><\/p>\n<p style=\"text-align: center;\"><a href=\"\/what-you-wanted-to-know\/what-is-walking-epidural\" target=\"_parent\" rel=\"noopener\"><\/a><span style=\"font-family: Tahoma, arial, verdana; font-size: medium; font-weight: 400; background-color: rgba(255, 255, 255, 0.597656); color: rgb(0, 0, 0);\"><\/span><\/p>\n","protected":false},"excerpt":{"rendered":"<p>Analgesia peridural controlada pelo paciente (PCEA \u2013 \u201cpatient controlled epidural analgesia\u201d) permite que voc\u00ea administre medica\u00e7\u00e3o analg\u00e9sica adicional na peridural quando sentir dor ou desconforto. O anestesiologista inicia a peridural para promover um n\u00edvel b\u00e1sico de alivio da dor que seja constante. Al\u00e9m disso, ele fornece um controle, conectado \u00e0 bomba infusora de medicamentos, que&#8230;<\/p>\n<p class=\"more-link-wrap\"><a href=\"https:\/\/painfreebirthing.com\/port\/o-que-querias-saber-epidurals\/analgesia-peridural-controlada-pelo-paciente\/\" class=\"more-link\">Read More<span class=\"screen-reader-text\"> &ldquo;Analgesia peridural controlada pelo paciente&rdquo;<\/span> &raquo;<\/a><\/p>\n","protected":false},"author":1,"featured_media":0,"parent":116,"menu_order":32,"comment_status":"closed","ping_status":"closed","template":"","meta":{"footnotes":""},"class_list":["post-118","page","type-page","status-publish","hentry"],"_links":{"self":[{"href":"https:\/\/painfreebirthing.com\/port\/wp-json\/wp\/v2\/pages\/118","targetHints":{"allow":["GET"]}}],"collection":[{"href":"https:\/\/painfreebirthing.com\/port\/wp-json\/wp\/v2\/pages"}],"about":[{"href":"https:\/\/painfreebirthing.com\/port\/wp-json\/wp\/v2\/types\/page"}],"author":[{"embeddable":true,"href":"https:\/\/painfreebirthing.com\/port\/wp-json\/wp\/v2\/users\/1"}],"replies":[{"embeddable":true,"href":"https:\/\/painfreebirthing.com\/port\/wp-json\/wp\/v2\/comments?post=118"}],"version-history":[{"count":0,"href":"https:\/\/painfreebirthing.com\/port\/wp-json\/wp\/v2\/pages\/118\/revisions"}],"up":[{"embeddable":true,"href":"https:\/\/painfreebirthing.com\/port\/wp-json\/wp\/v2\/pages\/116"}],"wp:attachment":[{"href":"https:\/\/painfreebirthing.com\/port\/wp-json\/wp\/v2\/media?parent=118"}],"curies":[{"name":"wp","href":"https:\/\/api.w.org\/{rel}","templated":true}]}}