{"id":117,"date":"2023-07-08T15:43:03","date_gmt":"2023-07-08T15:43:03","guid":{"rendered":"https:\/\/painfreebirthing.com\/port\/o-que-querias-saber-epidurals\/o-que-e-anestesia-combinada-raqui-peridural\/"},"modified":"2023-07-08T15:43:03","modified_gmt":"2023-07-08T15:43:03","slug":"o-que-e-anestesia-combinada-raqui-peridural","status":"publish","type":"page","link":"https:\/\/painfreebirthing.com\/port\/o-que-querias-saber-epidurals\/o-que-e-anestesia-combinada-raqui-peridural\/","title":{"rendered":"Anestesia combinada raqui-peridural"},"content":{"rendered":"<table border=\"0\" width=\"100%\" height=\"563\">\n<tbody>\n<tr>\n<td align=\"center\">\n<table width=\"100%\" height=\"563\" border=\"0\">\n<tbody>\n<tr>\n<td align=\"center\">\n<p align=\"left\"><span lang=\"PT-BR\" style=\"font-size: 16px; color: rgb(0, 0, 0); font-family: Tahoma;\">A anestesia combinada raqui-peridural (chamada de CSE do<br \/>\n\t\t\t\t\t\tingl\u00eas \u201cCombined spinal epidural\u201d) consegue combinar as<br \/>\n\t\t\t\t\t\tvantagens de cada t\u00e9cnica. Vantagens adicionais da CSE<br \/>\n\t\t\t\t\t\tsobre a peridural s\u00e3o:<\/span><\/p>\n<p>\n\t\t\t\t\t\t<span lang=\"PT-BR\" style=\"font-size: 16px; color: rgb(0, 0, 0); font-family: Tahoma;\"><br \/>\n\t\t\t\t\t\tIn\u00edcio r\u00e1pido<\/span><\/p>\n<p>\n\t\t\t\t\t\t<span lang=\"PT-BR\" style=\"font-size: 16px; color: rgb(0, 0, 0); font-family: Tahoma;\"><br \/>\n\t\t\t\t\t\tProfunda supress\u00e3o da dor<\/span><\/p>\n<p>\n\t\t\t\t\t\t<span lang=\"PT-BR\" style=\"font-size: 16px; color: rgb(0, 0, 0); font-family: Tahoma;\"><br \/>\n\t\t\t\t\t\tRedu\u00e7\u00e3o m\u00ednima da capacidade de mover as pernas<\/span><\/p>\n<p>\n\t\t\t\t\t\t<span lang=\"PT-BR\" style=\"font-size: 16px; color: rgb(0, 0, 0); font-family: Tahoma;\"><br \/>\n\t\t\t\t\t\tQuantidades m\u00ednimas de medica\u00e7\u00f5es indo para outros<br \/>\n\t\t\t\t\t\tsistemas\/ \u00f3rg\u00e3os do corpo, incluindo o beb\u00ea<\/span><\/p>\n<p>\n\t\t\t\t\t\t<span lang=\"PT-BR\" style=\"font-size: 16px; color: rgb(0, 0, 0); font-family: Tahoma;\"><br \/>\n\t\t\t\t\t\tAlta taxa de satisfa\u00e7\u00e3o materna<\/span><\/p>\n<p style=\"text-align: center; \"><span lang=\"PT-BR\" style=\"background-color: transparent; color: rgb(0, 0, 0); font-family: Tahoma, sans-serif; font-size: 24px; font-weight: 400; text-align: center; \">Procedimento da Anestesia Combinada Raqui-peridural<\/span><br \/>\n<span lang=\"PT-BR\" style=\"font-family: Tahoma, sans-serif; \"><br \/><\/span><\/p>\n<p><span lang=\"PT-BR\" style=\"font-family: Tahoma, sans-serif; \"><br \/><\/span><\/p>\n<p style=\"text-align: center; \"><img loading=\"lazy\" decoding=\"async\" width=\"288\" height=\"432\" alt=\"\" class=\"art-lightbox\" src=\"https:\/\/painfreebirthing.com\/port\/wp-content\/uploads\/2023\/07\/cseporc.gif\" ><span lang=\"PT-BR\" style=\"font-family: Tahoma, sans-serif; \"><br \/><\/span><\/p>\n<p><span lang=\"PT-BR\" style=\"background-color: transparent; color: rgb(0, 0, 0); font-family: Tahoma, sans-serif; font-size: 16px; font-weight: 400; \">Na anestesia combinada raqui-peridural o espa\u00e7o<br \/>\n\t\t\t\t\t\tperidural \u00e9 localizado como descrito na se\u00e7\u00e3o \u201canestesia<br \/>\n\t\t\t\t\t\tperidural\u201d. Ap\u00f3s a localiza\u00e7\u00e3o do espa\u00e7o peridural, uma<br \/>\n\t\t\t\t\t\tagulha fina \u00e9 introduzida atrav\u00e9s da agulha peridural<br \/>\n\t\t\t\t\t\tat\u00e9 alcan\u00e7ar o l\u00edquido cefaloraquidiano (l\u00edquor), onde \u00e9<br \/>\n\t\t\t\t\t\tinjetada uma pequena quantidade de medica\u00e7\u00e3o<br \/>\n\t\t\t\t\t\t(raquianestesia). Isto resulta em alivio instant\u00e2neo da<br \/>\n\t\t\t\t\t\tdor gerada pelo trabalho de parto e voc\u00ea comecar\u00e1 a<br \/>\n\t\t\t\t\t\tsentir-se confort\u00e1vel. A agulha fina de raquianestesia \u00e9<br \/>\n\t\t\t\t\t\tretirada e um cateter peridural \u00e9 inserido no espa\u00e7o<br \/>\n\t\t\t\t\t\tperidural seguido pela remo\u00e7\u00e3o da agulha peridural. O<br \/>\n\t\t\t\t\t\tcateter \u00e9 fixado na pele das costas da paciente de forma<br \/>\n\t\t\t\t\t\tconvencional (fitas adesivas m\u00e9dicas).<\/span><\/p>\n<p style=\"background-color: transparent; color: rgb(0, 0, 0); font-family: 'Times New Roman'; font-size: 16px; font-weight: 400; \">\n\t\t\t\t\t\t<span lang=\"PT-BR\" style=\"font-family: Tahoma, sans-serif; \"><br \/>\n\t\t\t\t\t\tUma bomba infusora injeta gradualmente medicamentos no<br \/>\n\t\t\t\t\t\tespa\u00e7o peridural atrav\u00e9s do cateter peridural, conforme<br \/>\n\t\t\t\t\t\tdescrito na se\u00e7\u00e3o \u201canestesia peridural\u201d. A parte da<br \/>\n\t\t\t\t\t\traquianestesia que comp\u00f5e a anestesia raqui-peridural<br \/>\n\t\t\t\t\t\tnormalmente dura em torno de 90 minutos. Conforme o<br \/>\n\t\t\t\t\t\tefeito da raquianestesia acaba, a peridural \u00e9 iniciada<br \/>\n\t\t\t\t\t\tde maneira que voc\u00ea ter\u00e1 conforto e al\u00edvio da dor. As<br \/>\n\t\t\t\t\t\tmedica\u00e7\u00f5es peridurais s\u00e3o ajustadas para promover um<br \/>\n\t\t\t\t\t\t\u00f3timo al\u00edvio da dor at\u00e9 que seu beb\u00ea nas\u00e7a.<\/span><\/p>\n<\/td>\n<\/tr>\n<\/tbody>\n<\/table>\n<\/td>\n<\/tr>\n<tr>\n<td style=\"text-align: center; \"><a href=\"\/o-que-querias-saber-epidurals\/analgesia-peridural-controlada-pelo-paciente\" target=\"_parent\" rel=\"noopener\">Clique abaixo para ler o pr\u00f3ximo \u00edtem<\/a><span style=\"background-color: transparent; color: rgb(0, 0, 255); font-family: Helvetica, sans-serif; font-size: 16px; font-weight: 400; text-align: center; \"><\/span><\/td>\n<\/tr>\n<\/tbody>\n<\/table>\n<p><\/p>\n","protected":false},"excerpt":{"rendered":"<p>A anestesia combinada raqui-peridural (chamada de CSE do ingl\u00eas \u201cCombined spinal epidural\u201d) consegue combinar as vantagens de cada t\u00e9cnica. Vantagens adicionais da CSE sobre a peridural s\u00e3o: In\u00edcio r\u00e1pido Profunda supress\u00e3o da dor Redu\u00e7\u00e3o m\u00ednima da capacidade de mover as pernas Quantidades m\u00ednimas de medica\u00e7\u00f5es indo para outros sistemas\/ \u00f3rg\u00e3os do corpo, incluindo o beb\u00ea&#8230;<\/p>\n<p class=\"more-link-wrap\"><a href=\"https:\/\/painfreebirthing.com\/port\/o-que-querias-saber-epidurals\/o-que-e-anestesia-combinada-raqui-peridural\/\" class=\"more-link\">Read More<span class=\"screen-reader-text\"> &ldquo;Anestesia combinada raqui-peridural&rdquo;<\/span> &raquo;<\/a><\/p>\n","protected":false},"author":1,"featured_media":0,"parent":116,"menu_order":31,"comment_status":"closed","ping_status":"closed","template":"","meta":{"footnotes":""},"class_list":["post-117","page","type-page","status-publish","hentry"],"_links":{"self":[{"href":"https:\/\/painfreebirthing.com\/port\/wp-json\/wp\/v2\/pages\/117","targetHints":{"allow":["GET"]}}],"collection":[{"href":"https:\/\/painfreebirthing.com\/port\/wp-json\/wp\/v2\/pages"}],"about":[{"href":"https:\/\/painfreebirthing.com\/port\/wp-json\/wp\/v2\/types\/page"}],"author":[{"embeddable":true,"href":"https:\/\/painfreebirthing.com\/port\/wp-json\/wp\/v2\/users\/1"}],"replies":[{"embeddable":true,"href":"https:\/\/painfreebirthing.com\/port\/wp-json\/wp\/v2\/comments?post=117"}],"version-history":[{"count":0,"href":"https:\/\/painfreebirthing.com\/port\/wp-json\/wp\/v2\/pages\/117\/revisions"}],"up":[{"embeddable":true,"href":"https:\/\/painfreebirthing.com\/port\/wp-json\/wp\/v2\/pages\/116"}],"wp:attachment":[{"href":"https:\/\/painfreebirthing.com\/port\/wp-json\/wp\/v2\/media?parent=117"}],"curies":[{"name":"wp","href":"https:\/\/api.w.org\/{rel}","templated":true}]}}