{"id":116,"date":"2023-07-08T15:43:02","date_gmt":"2023-07-08T15:43:02","guid":{"rendered":"https:\/\/painfreebirthing.com\/port\/o-que-querias-saber-epidurals\/"},"modified":"2023-07-08T15:43:02","modified_gmt":"2023-07-08T15:43:02","slug":"o-que-querias-saber-epidurals","status":"publish","type":"page","link":"https:\/\/painfreebirthing.com\/port\/o-que-querias-saber-epidurals\/","title":{"rendered":"O que voc\u00ea gostaria de saber?"},"content":{"rendered":"<p style=\"margin-top: 10px; margin-bottom: 10px; color: rgb(105, 105, 105); font-family: Arial, 'Arial Unicode MS', Helvetica, sans-serif; font-weight: 400; background-color: rgba(255, 255, 255, 0.597656);\"><a href=\"\/what-you-wanted-to-know\/what-is-combined-spinal-epidural-pain-relief\" style=\"font-family: Arial, 'Arial Unicode MS', Helvetica, sans-serif;\" target=\"_parent\" rel=\"noopener\"><span style=\"color: rgb(0, 0, 0);\"><\/span><\/a><\/p>\n<p style=\"margin-top: 10px; margin-bottom: 10px; color: rgb(105, 105, 105); font-weight: 400; background-color: rgba(255, 255, 255, 0.59375);\"><span style=\"background-color: transparent;\"><img loading=\"lazy\" decoding=\"async\" width=\"5\" height=\"9\" src=\"https:\/\/painfreebirthing.com\/port\/wp-content\/uploads\/2023\/07\/bluearrow_4.gif\" border=\"0\" style=\"background-color: transparent; color: rgb(0, 0, 0); font-family: 'Times New Roman'; font-size: 16px; font-weight: 400;\"><\/span><span style=\"font-family: Arial, 'Arial Unicode MS', Helvetica, sans-serif;\">&nbsp;<\/span><span style=\"background-color: transparent;\"><a href=\"\/Me\/JDmain\/Obgweb\/italian\/cseit.htm\" target=\"main\" style=\"background-color: transparent; color: rgb(0, 102, 204); font-weight: 400;\" rel=\"noopener\"><\/a><\/span><span style=\"color: rgb(0, 0, 0); font-family: Tahoma; font-size: 16px;\"><span lang=\"PT-BR\" style=\"background-color: transparent; color: rgb(255, 0, 0); font-weight: 400;\"><a href=\"\/o-que-querias-saber-epidurals\/o-que-e-anestesia-combinada-raqui-peridural\" target=\"_parent\" rel=\"noopener\"><font color=\"#000000\"><span style=\"color: rgb(0, 0, 0);\">O que \u00e9 anestesia combinada raqui-peridural?<\/span><\/font><\/a><\/span><br style=\"background-color: transparent; color: #000000; font-weight: 400;\"><br \/>\n\t<span style=\"background-color: transparent;\"><img loading=\"lazy\" decoding=\"async\" width=\"5\" height=\"9\" src=\"https:\/\/painfreebirthing.com\/port\/wp-content\/uploads\/2023\/07\/bluearrow_4.gif\" border=\"0\" style=\"background-color: transparent; font-weight: 400;\"><\/span>&nbsp;<span lang=\"PT-BR\" style=\"background-color: transparent; color: rgb(255, 0, 0); font-weight: 400;\"><a href=\"\/o-que-querias-saber-epidurals\/analgesia-peridural-controlada-pelo-paciente\" target=\"_parent\" rel=\"noopener\"><font color=\"#000000\"><span style=\"color: #000000;\">Analgesia peridural controlada pelo paciente?<\/span><\/font><\/a><\/span><br style=\"background-color: transparent; font-weight: 400;\"><span style=\"background-color: transparent;\"><img loading=\"lazy\" decoding=\"async\" width=\"5\" height=\"9\" src=\"https:\/\/painfreebirthing.com\/port\/wp-content\/uploads\/2023\/07\/bluearrow_5.gif\" border=\"0\" style=\"background-color: transparent; font-weight: 400;\"><\/span>&nbsp;<a href=\"file:\/\/\/E:\/Me\/JDmain\/Obgweb\/Brazil\/walkingb.htm\"><br \/>\n\t<\/a><a href=\"\/o-que-querias-saber-epidurals\/o-que-e-walking-peridural\" style=\"background-color: transparent; color: rgb(0, 102, 204); font-weight: 400;\" target=\"_parent\" rel=\"noopener\"><span lang=\"PT-BR\" style=\"color: rgb(0, 0, 0); \">O que \u00e9 \u201cwalking\u201d peridural?<\/span><\/a><br style=\"background-color: transparent; font-weight: 400;\"><span style=\"background-color: transparent;\"><img loading=\"lazy\" decoding=\"async\" width=\"5\" height=\"9\" src=\"https:\/\/painfreebirthing.com\/port\/wp-content\/uploads\/2023\/07\/bluearrow_6.gif\" border=\"0\" style=\"background-color: transparent; font-weight: 400;\"><\/span>&nbsp; <\/p>\n<p>\t<span lang=\"PT-BR\" style=\"background-color: transparent; font-weight: 400; color: rgb(0, 0, 0);\"><br \/>\n\t<a href=\"\/o-que-querias-saber-epidurals\/quando-eu-posso-ter-alivio-da-dor\" target=\"_parent\" rel=\"noopener\"><font color=\"#000000\"><span style=\"color: #000000;\">Quando eu posso ter al\u00edvio<br \/>\nda dor?<\/span><\/font><\/a><\/span><br style=\"background-color: transparent; font-weight: 400;\"><span style=\"background-color: transparent;\"><img loading=\"lazy\" decoding=\"async\" width=\"5\" height=\"9\" src=\"https:\/\/painfreebirthing.com\/port\/wp-content\/uploads\/2023\/07\/bluearrow_7.gif\" border=\"0\" style=\"background-color: transparent; font-weight: 400;\"><\/span>&nbsp;<a href=\"file:\/\/\/E:\/Me\/JDmain\/Obgweb\/english\/baby.htm\"><br \/>\n\t<\/a><br \/>\n\t<a href=\"\/o-que-querias-saber-epidurals\/como-o-alivio-da-dor-afeta-meu-bebe\" style=\"background-color: transparent; color: rgb(0, 102, 204); font-weight: 400;\" target=\"_parent\" rel=\"noopener\"><span lang=\"PT-BR\" style=\"color: rgb(0, 0, 0); \">Como o<br \/>\n\tal\u00edvio da dor afeta meu beb\u00ea?<\/span><\/a><br style=\"background-color: transparent; font-weight: 400;\"><span style=\"background-color: transparent;\"><img loading=\"lazy\" decoding=\"async\" width=\"5\" height=\"9\" src=\"https:\/\/painfreebirthing.com\/port\/wp-content\/uploads\/2023\/07\/bluearrow_8.gif\" border=\"0\" style=\"background-color: transparent; font-weight: 400;\"><\/span>&nbsp;<a href=\"\/o-que-querias-saber-epidurals\/como-o-alivio-da-dor-afeta-o-trabalho-de-parto\" target=\"_parent\" rel=\"noopener\"><span style=\"color: rgb(0, 0, 0); \">Como o<br \/>\nal\u00edvio da dor afeta o trabalho de parto?<\/span><\/a><a href=\"file:\/\/\/E:\/Me\/JDmain\/Obgweb\/Brazil\/laborb.htm\" style=\"background-color: transparent; color: rgb(0, 102, 204); font-weight: 400;\"><span lang=\"PT-BR\"><font color=\"#000000\"><\/font><\/span><\/a><br style=\"background-color: transparent; font-weight: 400;\"><span style=\"background-color: transparent;\"><img loading=\"lazy\" decoding=\"async\" width=\"5\" height=\"9\" src=\"https:\/\/painfreebirthing.com\/port\/wp-content\/uploads\/2023\/07\/bluearrow_9.gif\" border=\"0\" style=\"background-color: transparent; font-weight: 400;\"><\/span>&nbsp;<br \/>\n\t<span lang=\"PT-BR\" style=\"background-color: transparent; font-weight: 400;\"><a href=\"\/o-que-querias-saber-epidurals\/eu-posso-comer-ou-beber-durante-o-trabalho-de-parto\" target=\"_parent\" rel=\"noopener\"><font color=\"#000000\"><span style=\"color: #000000;\">Eu<br \/>\nposso comer ou beber durante o trabalho de parto?<\/span><\/font><\/a><\/span><br style=\"background-color: transparent; font-weight: 400;\"><span style=\"background-color: transparent;\"><img loading=\"lazy\" decoding=\"async\" width=\"5\" height=\"9\" src=\"https:\/\/painfreebirthing.com\/port\/wp-content\/uploads\/2023\/07\/bluearrow_10.gif\" border=\"0\" style=\"background-color: transparent; font-weight: 400;\"><\/span><a href=\"\/o-que-querias-saber-epidurals\/a-peridural-afeta-a-amamentacao\" style=\"background-color: transparent; color: rgb(0, 102, 204); font-weight: 400;\" target=\"_parent\" rel=\"noopener\"><span style=\"color: rgb(0, 0, 0); \">A peridural afeta a<br \/>\n\tamamenta\u00e7\u00e3o?<\/span><\/a><br style=\"background-color: transparent; font-weight: 400;\"><span style=\"background-color: transparent;\"><img loading=\"lazy\" decoding=\"async\" width=\"5\" height=\"9\" src=\"https:\/\/painfreebirthing.com\/port\/wp-content\/uploads\/2023\/07\/bluearrow_11.gif\" border=\"0\" style=\"background-color: transparent; font-weight: 400;\"><\/span>&nbsp;<br \/>\n\t<span lang=\"PT-BR\" style=\"background-color: transparent; color: rgb(255, 0, 0); font-weight: 400;\"><a href=\"\/o-que-querias-saber-epidurals\/a-peridural-causa-aumento-da-temperatura\" target=\"_parent\" rel=\"noopener\"><span style=\"color: rgb(0, 0, 0); \"><br \/>\n\tA peridural causa aumento da temperatura?<\/span><\/a><\/span><a href=\"\/o-que-querias-saber-epidurals\/anestesia-combinada-espinal-epidural\" target=\"_parent\" rel=\"noopener\"><\/a><\/span><\/p>\n<p style=\"margin-top: 10px; margin-bottom: 10px; color: #696969; font-weight: 400; background-color: rgba(255, 255, 255, 0.589844);\"><span style=\"color: rgb(0, 0, 0); font-family: Tahoma; font-size: 16px;\"><a href=\"\/what-you-wanted-to-know\/does-epidural-cause-elevated-temperatures\" target=\"_parent\" rel=\"noopener\"><\/a><\/span><\/p>\n<p style=\"margin-top: 10px; margin-bottom: 10px; color: #696969; font-weight: 400; background-color: rgba(255, 255, 255, 0.589844);\"><span style=\"color: rgb(0, 0, 0); font-family: Tahoma; font-size: 16px;\"><span style=\"background-color: transparent;\"><img loading=\"lazy\" decoding=\"async\" width=\"5\" height=\"9\" src=\"https:\/\/painfreebirthing.com\/port\/wp-content\/uploads\/2023\/07\/bluearrow_11.gif\" border=\"0\" style=\"background-color: transparent; color: #000000; font-weight: 400;\"><\/span>&nbsp;&nbsp;<a href=\"\/o-que-querias-saber-epidurals\/peridural-e-tatuagens\" style=\"background-color: transparent; color: rgb(0, 102, 204); font-weight: 400;\" target=\"_parent\" rel=\"noopener\"><span lang=\"PT-BR\" style=\"color: rgb(0, 0, 0);\">Peridural<br \/>\n\te tatuagens<\/span><\/a><\/span><span style=\"font-family: Arial, 'Arial Unicode MS', Helvetica, sans-serif;\"><a href=\"\/o-que-querias-saber-epidurals\/domande\" target=\"_parent\" rel=\"noopener\"><\/a><\/span><\/p>\n<p><\/p>\n","protected":false},"excerpt":{"rendered":"<p>&nbsp;O que \u00e9 anestesia combinada raqui-peridural? &nbsp;Analgesia peridural controlada pelo paciente?&nbsp; O que \u00e9 \u201cwalking\u201d peridural?&nbsp; Quando eu posso ter al\u00edvio da dor?&nbsp; Como o al\u00edvio da dor afeta meu beb\u00ea?&nbsp;Como o al\u00edvio da dor afeta o trabalho de parto?&nbsp; Eu posso comer ou beber durante o trabalho de parto?A peridural afeta a amamenta\u00e7\u00e3o?&nbsp; A&#8230;<\/p>\n<p class=\"more-link-wrap\"><a href=\"https:\/\/painfreebirthing.com\/port\/o-que-querias-saber-epidurals\/\" class=\"more-link\">Read More<span class=\"screen-reader-text\"> &ldquo;O que voc\u00ea gostaria de saber?&rdquo;<\/span> &raquo;<\/a><\/p>\n","protected":false},"author":1,"featured_media":0,"parent":0,"menu_order":30,"comment_status":"closed","ping_status":"closed","template":"","meta":{"footnotes":""},"class_list":["post-116","page","type-page","status-publish","hentry"],"_links":{"self":[{"href":"https:\/\/painfreebirthing.com\/port\/wp-json\/wp\/v2\/pages\/116","targetHints":{"allow":["GET"]}}],"collection":[{"href":"https:\/\/painfreebirthing.com\/port\/wp-json\/wp\/v2\/pages"}],"about":[{"href":"https:\/\/painfreebirthing.com\/port\/wp-json\/wp\/v2\/types\/page"}],"author":[{"embeddable":true,"href":"https:\/\/painfreebirthing.com\/port\/wp-json\/wp\/v2\/users\/1"}],"replies":[{"embeddable":true,"href":"https:\/\/painfreebirthing.com\/port\/wp-json\/wp\/v2\/comments?post=116"}],"version-history":[{"count":0,"href":"https:\/\/painfreebirthing.com\/port\/wp-json\/wp\/v2\/pages\/116\/revisions"}],"wp:attachment":[{"href":"https:\/\/painfreebirthing.com\/port\/wp-json\/wp\/v2\/media?parent=116"}],"curies":[{"name":"wp","href":"https:\/\/api.w.org\/{rel}","templated":true}]}}