{"id":115,"date":"2023-07-08T15:43:01","date_gmt":"2023-07-08T15:43:01","guid":{"rendered":"https:\/\/painfreebirthing.com\/port\/o-que-acontece-apos-a-realizacao-da-peridural\/monitoramento-do-alivio-da-dor\/"},"modified":"2023-07-08T15:43:01","modified_gmt":"2023-07-08T15:43:01","slug":"monitoramento-do-alivio-da-dor","status":"publish","type":"page","link":"https:\/\/painfreebirthing.com\/port\/o-que-acontece-apos-a-realizacao-da-peridural\/monitoramento-do-alivio-da-dor\/","title":{"rendered":"Vigil\u00e2ncia durante a analgesia peridural"},"content":{"rendered":"<table border=\"0\" width=\"100%\">\n<tbody>\n<tr>\n<td align=\"center\"><font face=\"Tahoma, arial, verdana\" size=\"3\"><b><span style=\"color: rgb(0, 0, 0); \"><\/p>\n<table border=\"0\" width=\"100%\">\n<tbody>\n<tr>\n<td align=\"center\">\n<table width=\"100%\" border=\"0\">\n<tbody>\n<tr>\n<td align=\"center\">\n<p class=\"MsoNormal\"><b><span lang=\"PT-BR\" style=\"font-family: Tahoma; font-size: 16px;\">Monitoriza\u00e7\u00e3o do al\u00edvio da dor do parto durante a<br \/>\n\t\t\t\t\t\tanestesia peridural<\/span><\/b><\/p>\n<p class=\"MsoNormal\">\n\t\t\t\t\t\t<span lang=\"PT-BR\" style=\"font-family: Tahoma; font-size: 16px;\"><br \/>\n\t\t\t\t\t\tComo descrito anteriormente, ap\u00f3s gerar conforto para<br \/>\n\t\t\t\t\t\tvoc\u00ea atrav\u00e9s de uma inje\u00e7\u00e3o inicial peridural de<br \/>\n\t\t\t\t\t\tanest\u00e9sico local, uma bomba infusora peridural \u00e9<br \/>\n\t\t\t\t\t\tgeralmente programada para infundir uma determinada<br \/>\n\t\t\t\t\t\tquantidade de medicamento periodicamente. A bomba<br \/>\n\t\t\t\t\t\tperidural injeta medica\u00e7\u00f5es peridurais automaticamente<br \/>\n\t\t\t\t\t\tat\u00e9 que o beb\u00ea nas\u00e7a. Isso garantir\u00e1 que voc\u00ea esteja<br \/>\n\t\t\t\t\t\tconfort\u00e1vel durante todo o processo de trabalho de<br \/>\n\t\t\t\t\t\tparto. 0casionalmente, no entanto, a quantidade de<br \/>\n\t\t\t\t\t\tanest\u00e9sico programada para ser infundida pela bomba pode<br \/>\n\t\t\t\t\t\tn\u00e3o ser o suficiente e voc\u00ea pode sentir contra\u00e7\u00f5es<br \/>\n\t\t\t\t\t\tdesconfort\u00e1veis durante o trabalho de parto. O<br \/>\n\t\t\t\t\t\tanestesiologista pode torn\u00e1-la confort\u00e1vel e atingir<br \/>\n\t\t\t\t\t\tal\u00edvio m\u00e1ximo da dor com medica\u00e7\u00f5es peridurais<br \/>\n\t\t\t\t\t\tadicionais. Para isso, o seu anestesiologista<br \/>\n\t\t\t\t\t\tacompanhar\u00e1 o al\u00edvio de sua dor durante todo o trabalho<br \/>\n\t\t\t\t\t\tde parto.<\/span><\/p>\n<\/td>\n<\/tr>\n<\/tbody>\n<\/table>\n<\/td>\n<\/tr>\n<tr>\n<td><\/td>\n<\/tr>\n<\/tbody>\n<\/table>\n<p><\/span><\/b><\/font><\/td>\n<\/tr>\n<tr>\n<td align=\"center\">\n<\/td>\n<\/tr>\n<tr>\n<td align=\"center\" style=\"text-align: center; \"><img loading=\"lazy\" decoding=\"async\" width=\"432\" height=\"432\" alt=\"\" class=\"art-lightbox art-preview-selected\" src=\"https:\/\/painfreebirthing.com\/port\/wp-content\/uploads\/2023\/07\/paincontraction.gif\" ><\/p>\n<p><\/td>\n<\/tr>\n<tr>\n<td>\n<p style=\"text-align: center;\"><\/p>\n<p><\/td>\n<\/tr>\n<\/tbody>\n<\/table>\n<p><\/p>\n","protected":false},"excerpt":{"rendered":"<p>Monitoriza\u00e7\u00e3o do al\u00edvio da dor do parto durante a anestesia peridural Como descrito anteriormente, ap\u00f3s gerar conforto para voc\u00ea atrav\u00e9s de uma inje\u00e7\u00e3o inicial peridural de anest\u00e9sico local, uma bomba infusora peridural \u00e9 geralmente programada para infundir uma determinada quantidade de medicamento periodicamente. A bomba peridural injeta medica\u00e7\u00f5es peridurais automaticamente at\u00e9 que o beb\u00ea nas\u00e7a&#8230;.<\/p>\n<p class=\"more-link-wrap\"><a href=\"https:\/\/painfreebirthing.com\/port\/o-que-acontece-apos-a-realizacao-da-peridural\/monitoramento-do-alivio-da-dor\/\" class=\"more-link\">Read More<span class=\"screen-reader-text\"> &ldquo;Vigil\u00e2ncia durante a analgesia peridural&rdquo;<\/span> &raquo;<\/a><\/p>\n","protected":false},"author":1,"featured_media":0,"parent":111,"menu_order":29,"comment_status":"closed","ping_status":"closed","template":"","meta":{"footnotes":""},"class_list":["post-115","page","type-page","status-publish","hentry"],"_links":{"self":[{"href":"https:\/\/painfreebirthing.com\/port\/wp-json\/wp\/v2\/pages\/115","targetHints":{"allow":["GET"]}}],"collection":[{"href":"https:\/\/painfreebirthing.com\/port\/wp-json\/wp\/v2\/pages"}],"about":[{"href":"https:\/\/painfreebirthing.com\/port\/wp-json\/wp\/v2\/types\/page"}],"author":[{"embeddable":true,"href":"https:\/\/painfreebirthing.com\/port\/wp-json\/wp\/v2\/users\/1"}],"replies":[{"embeddable":true,"href":"https:\/\/painfreebirthing.com\/port\/wp-json\/wp\/v2\/comments?post=115"}],"version-history":[{"count":0,"href":"https:\/\/painfreebirthing.com\/port\/wp-json\/wp\/v2\/pages\/115\/revisions"}],"up":[{"embeddable":true,"href":"https:\/\/painfreebirthing.com\/port\/wp-json\/wp\/v2\/pages\/111"}],"wp:attachment":[{"href":"https:\/\/painfreebirthing.com\/port\/wp-json\/wp\/v2\/media?parent=115"}],"curies":[{"name":"wp","href":"https:\/\/api.w.org\/{rel}","templated":true}]}}