{"id":114,"date":"2023-07-08T15:43:00","date_gmt":"2023-07-08T15:43:00","guid":{"rendered":"https:\/\/painfreebirthing.com\/port\/o-que-acontece-apos-a-realizacao-da-peridural\/objetivo-da-analgesia-peridural\/"},"modified":"2023-07-08T15:43:00","modified_gmt":"2023-07-08T15:43:00","slug":"objetivo-da-analgesia-peridural","status":"publish","type":"page","link":"https:\/\/painfreebirthing.com\/port\/o-que-acontece-apos-a-realizacao-da-peridural\/objetivo-da-analgesia-peridural\/","title":{"rendered":"Analgesia peridural ideal para o parto"},"content":{"rendered":"<table border=\"0\" width=\"100%\">\n<tbody>\n<tr>\n<td align=\"center\">\n<p align=\"center\" style=\"background-color: transparent; color: rgb(0, 0, 0); font-family: 'Times New Roman'; font-size: 16px; font-weight: 400; text-align: center; \"><b><span lang=\"PT-BR\" style=\"font-family: Tahoma, sans-serif; \">O que \u00e9 uma anestesia peridural ideal?<\/span><\/b><\/p>\n<p style=\"background-color: transparent; color: rgb(0, 0, 0); font-family: 'Times New Roman'; font-size: 16px; font-weight: 400; \">\n\t\t\t\t\t\t<span lang=\"PT-BR\" style=\"font-family: Tahoma, sans-serif; \"><br \/>\n\t\t\t\t\t\tOs anestesiologistas t\u00eam como objetivo fornecer bom<br \/>\n\t\t\t\t\t\tal\u00edvio da dor sem interferir na sua capacidade de mover<br \/>\n\t\t\t\t\t\tas pernas ou fazer contra\u00e7\u00f5es abdominais durante o<br \/>\n\t\t\t\t\t\tper\u00edodo expuls\u00f3rio do parto. Ou seja, voc\u00ea estar\u00e1 sem<br \/>\n\t\t\t\t\t\tdor, mas ser\u00e1 capaz de mover as pernas durante a<br \/>\n\t\t\t\t\t\tanalgesia peridural. Uma novidade \u00e9 a \u201cwalking<br \/>\n\t\t\t\t\t\tperidural\u201d, que significa andar durante a peridural<br \/>\n\t\t\t\t\t\t(veja a sess\u00e3o \u201cwalking peridural\u201d). Essa t\u00e9cnica<br \/>\n\t\t\t\t\t\tpermite que a paciente se levante e ande durante o<br \/>\n\t\t\t\t\t\ttrabalho de parto. Embora voc\u00ea possa se sentir forte o<br \/>\n\t\t\t\t\t\tsuficiente para levantar-se e andar, alguns hospitais<br \/>\n\t\t\t\t\t\tpodem n\u00e3o permitir que isso seja feito quando for<br \/>\n\t\t\t\t\t\trealizada a peridural. <\/span><\/p>\n<p style=\"background-color: transparent; color: rgb(0, 0, 0); font-family: 'Times New Roman'; font-size: 16px; font-weight: 400; \">\n\t\t\t\t\t\t<span lang=\"PT-BR\" style=\"font-family: Tahoma, sans-serif; \"><br \/>\n\t\t\t\t\t\tDependendo da demanda de anest\u00e9sico local administrado<br \/>\n\t\t\t\t\t\tatrav\u00e9s da peridural a paciente pode, ocasionalmente,<br \/>\n\t\t\t\t\t\tter fraqueza transit\u00f3ria das pernas que pode interferir<br \/>\n\t\t\t\t\t\tna capacidade de mov\u00ea-las. No entanto, isso resolve com<br \/>\n\t\t\t\t\t\to passar do tempo. O anestesiologista e a equipe de<br \/>\n\t\t\t\t\t\tenfermagem ir\u00e3o monitorar as necessidades de medica\u00e7\u00f5es<br \/>\n\t\t\t\t\t\tanest\u00e9sicas peridurais. <\/span><\/p>\n<p style=\"background-color: transparent; color: rgb(0, 0, 0); font-family: 'Times New Roman'; font-size: 16px; font-weight: 400; \">&nbsp;<\/p>\n<p><font face=\"Tahoma, arial, verdana\" size=\"3\"><b><span style=\"color: rgb(0, 0, 0); \"><font face=\"Tahoma, arial, verdana\" size=\"3\" style=\"font-size: medium; font-weight: 400; text-align: start; \"><\/font><\/p>\n<p style=\"font-family: 'Times New Roman'; font-size: medium; font-weight: 400; text-align: start; \"><font face=\"Tahoma, arial, verdana\" size=\"3\"><\/font><\/p>\n<p><\/span><\/b><\/font><\/td>\n<\/tr>\n<tr>\n<td><font face=\"Tahoma, arial, verdana\" size=\"3\"><\/font><\/p>\n<p style=\"margin-top: 10px; margin-bottom: 10px; \"><font face=\"Tahoma, arial, verdana\" size=\"3\"><span style=\"color: rgb(0, 0, 0); \"><\/span><\/font><\/p>\n<p style=\"margin-top: 10px; margin-bottom: 10px; text-align: center; \">&nbsp;<img loading=\"lazy\" decoding=\"async\" width=\"500\" height=\"288\" alt=\"\" class=\"art-lightbox\" src=\"https:\/\/painfreebirthing.com\/port\/wp-content\/uploads\/2023\/07\/idealrelief.gif\" ><\/p>\n<p style=\"margin-top: 10px; margin-bottom: 10px; text-align: center; \"><\/p>\n<p style=\"margin-top: 10px; margin-bottom: 10px; text-align: center; \"><a href=\"\/o-que-acontece-apos-a-realizacao-da-peridural\/monitoramento-do-alivio-da-dor\" target=\"_parent\" rel=\"noopener\">Clique abaixo para ler o pr\u00f3ximo \u00edtem<\/a><span style=\"background-color: transparent; color: rgb(0, 0, 255); font-family: Helvetica, sans-serif; font-size: 16px; font-weight: 400; \"><\/span><\/p>\n<\/td>\n<\/tr>\n<tr>\n<td align=\"center\" style=\"text-align: center; \"><\/td>\n<\/tr>\n<tr>\n<td>\n<p align=\"center\" style=\"margin-top: 10px; margin-bottom: 10px; \"><span style=\"color: rgb(0, 0, 0); font-family: Tahoma; font-size: medium;\"><br \/><\/span><\/p>\n<\/td>\n<\/tr>\n<tr>\n<td><\/td>\n<\/tr>\n<\/tbody>\n<\/table>\n<p><\/p>\n","protected":false},"excerpt":{"rendered":"<p>O que \u00e9 uma anestesia peridural ideal? Os anestesiologistas t\u00eam como objetivo fornecer bom al\u00edvio da dor sem interferir na sua capacidade de mover as pernas ou fazer contra\u00e7\u00f5es abdominais durante o per\u00edodo expuls\u00f3rio do parto. Ou seja, voc\u00ea estar\u00e1 sem dor, mas ser\u00e1 capaz de mover as pernas durante a analgesia peridural. Uma novidade&#8230;<\/p>\n<p class=\"more-link-wrap\"><a href=\"https:\/\/painfreebirthing.com\/port\/o-que-acontece-apos-a-realizacao-da-peridural\/objetivo-da-analgesia-peridural\/\" class=\"more-link\">Read More<span class=\"screen-reader-text\"> &ldquo;Analgesia peridural ideal para o parto&rdquo;<\/span> &raquo;<\/a><\/p>\n","protected":false},"author":1,"featured_media":0,"parent":111,"menu_order":28,"comment_status":"closed","ping_status":"closed","template":"","meta":{"footnotes":""},"class_list":["post-114","page","type-page","status-publish","hentry"],"_links":{"self":[{"href":"https:\/\/painfreebirthing.com\/port\/wp-json\/wp\/v2\/pages\/114","targetHints":{"allow":["GET"]}}],"collection":[{"href":"https:\/\/painfreebirthing.com\/port\/wp-json\/wp\/v2\/pages"}],"about":[{"href":"https:\/\/painfreebirthing.com\/port\/wp-json\/wp\/v2\/types\/page"}],"author":[{"embeddable":true,"href":"https:\/\/painfreebirthing.com\/port\/wp-json\/wp\/v2\/users\/1"}],"replies":[{"embeddable":true,"href":"https:\/\/painfreebirthing.com\/port\/wp-json\/wp\/v2\/comments?post=114"}],"version-history":[{"count":0,"href":"https:\/\/painfreebirthing.com\/port\/wp-json\/wp\/v2\/pages\/114\/revisions"}],"up":[{"embeddable":true,"href":"https:\/\/painfreebirthing.com\/port\/wp-json\/wp\/v2\/pages\/111"}],"wp:attachment":[{"href":"https:\/\/painfreebirthing.com\/port\/wp-json\/wp\/v2\/media?parent=114"}],"curies":[{"name":"wp","href":"https:\/\/api.w.org\/{rel}","templated":true}]}}