{"id":113,"date":"2023-07-08T15:42:59","date_gmt":"2023-07-08T15:42:59","guid":{"rendered":"https:\/\/painfreebirthing.com\/port\/o-que-acontece-apos-a-realizacao-da-peridural\/a-peridural-afeta-minha-pressao-arterial\/"},"modified":"2023-07-08T15:42:59","modified_gmt":"2023-07-08T15:42:59","slug":"a-peridural-afeta-minha-pressao-arterial","status":"publish","type":"page","link":"https:\/\/painfreebirthing.com\/port\/o-que-acontece-apos-a-realizacao-da-peridural\/a-peridural-afeta-minha-pressao-arterial\/","title":{"rendered":"Vigil\u00e2ncia durante a analgesia peridural"},"content":{"rendered":"<table border=\"0\" width=\"100%\">\n<tbody>\n<tr>\n<td align=\"center\">\n<table width=\"100%\" border=\"0\">\n<tbody>\n<tr>\n<td align=\"center\"><span style=\"font-size: 16px; font-family: Tahoma; color: #000000; \"><b><span lang=\"PT-BR\" style=\"color: #000000; \">Mudan\u00e7as na press\u00e3o arterial durante a anestesia<br \/>\n\t\t\t\t\t\tperidural<\/span><\/b><br \/>\n\t\t\t\t\t<\/span><\/td>\n<\/tr>\n<tr>\n<td>\n<p class=\"MsoNormal\">\n\t\t\t\t\t\t<span lang=\"PT-BR\" style=\"font-size: 16px; font-family: Tahoma; color: #000000; \"><br \/>\n\t\t\t\t\t\tO anestesioogista e a equipe de enfermagem monitorizar\u00e3o<br \/>\n\t\t\t\t\t\tsua press\u00e3o arterial (PA) durante todo o per\u00edodo da<br \/>\n\t\t\t\t\t\tanestesia peridural. Ocasionalmente, a PA pode reduzir<br \/>\n\t\t\t\t\t\tdurante a anestesia e essa ser\u00e1 corrigida prontamente<br \/>\n\t\t\t\t\t\tpelo anestesiologista com medica\u00e7\u00f5es venosas. Essas<br \/>\n\t\t\t\t\t\tvaria\u00e7\u00f5es transit\u00f3rias da PA n\u00e3o devem gerar problemas<br \/>\n\t\t\t\t\t\tpara o beb\u00ea, uma vez que o mesmo est\u00e1 sob constante<br \/>\n\t\t\t\t\t\tvigil\u00e2ncia atrav\u00e9s da monitoriza\u00e7\u00e3o do batimento<br \/>\n\t\t\t\t\t\tcard\u00edaco fetal.<\/span><\/p>\n<\/td>\n<\/tr>\n<\/tbody>\n<\/table>\n<p><b><span style=\"color: #000000; \"><span style=\"font-weight: 400; text-align: start; font-size: 16px; font-family: Tahoma; \"><\/span><\/span><\/b><\/p>\n<\/td>\n<\/tr>\n<tr>\n<td><span style=\"color: #000000; font-size: 16px; font-family: Tahoma; \"><\/span><\/p>\n<p style=\"margin-top: 10px; margin-bottom: 10px; \">&nbsp;<\/p>\n<\/td>\n<\/tr>\n<tr>\n<td align=\"center\" style=\"text-align: center; \"><img loading=\"lazy\" decoding=\"async\" width=\"432\" height=\"432\" alt=\"\" class=\"art-lightbox\" src=\"https:\/\/painfreebirthing.com\/port\/wp-content\/uploads\/2023\/07\/hypotension.gif\" ><\/p>\n<p><a href=\"\/o-que-acontece-apos-a-realizacao-da-peridural\/objetivo-da-analgesia-peridural\" target=\"_parent\" rel=\"noopener\">Clique abaixo para ler o pr\u00f3ximo \u00edtem<\/a><span style=\"background-color: transparent; color: rgb(0, 0, 255); font-family: Helvetica, sans-serif; font-size: 16px; font-weight: 400; \"><\/span><\/td>\n<\/tr>\n<tr>\n<td align=\"center\" style=\"text-align: center; \">\n<p><span style=\"color: rgb(0, 0, 0); font-family: Tahoma; font-size: medium;\"><br \/><\/span><a href=\"\/after-epidural-placement\/aim-of-epidural-labor-analgesia\" target=\"_parent\" rel=\"noopener\"><\/a><\/td>\n<\/tr>\n<\/tbody>\n<\/table>\n<p><\/p>\n","protected":false},"excerpt":{"rendered":"<p>Mudan\u00e7as na press\u00e3o arterial durante a anestesia peridural O anestesioogista e a equipe de enfermagem monitorizar\u00e3o sua press\u00e3o arterial (PA) durante todo o per\u00edodo da anestesia peridural. Ocasionalmente, a PA pode reduzir durante a anestesia e essa ser\u00e1 corrigida prontamente pelo anestesiologista com medica\u00e7\u00f5es venosas. Essas varia\u00e7\u00f5es transit\u00f3rias da PA n\u00e3o devem gerar problemas para&#8230;<\/p>\n<p class=\"more-link-wrap\"><a href=\"https:\/\/painfreebirthing.com\/port\/o-que-acontece-apos-a-realizacao-da-peridural\/a-peridural-afeta-minha-pressao-arterial\/\" class=\"more-link\">Read More<span class=\"screen-reader-text\"> &ldquo;Vigil\u00e2ncia durante a analgesia peridural&rdquo;<\/span> &raquo;<\/a><\/p>\n","protected":false},"author":1,"featured_media":0,"parent":111,"menu_order":27,"comment_status":"closed","ping_status":"closed","template":"","meta":{"footnotes":""},"class_list":["post-113","page","type-page","status-publish","hentry"],"_links":{"self":[{"href":"https:\/\/painfreebirthing.com\/port\/wp-json\/wp\/v2\/pages\/113","targetHints":{"allow":["GET"]}}],"collection":[{"href":"https:\/\/painfreebirthing.com\/port\/wp-json\/wp\/v2\/pages"}],"about":[{"href":"https:\/\/painfreebirthing.com\/port\/wp-json\/wp\/v2\/types\/page"}],"author":[{"embeddable":true,"href":"https:\/\/painfreebirthing.com\/port\/wp-json\/wp\/v2\/users\/1"}],"replies":[{"embeddable":true,"href":"https:\/\/painfreebirthing.com\/port\/wp-json\/wp\/v2\/comments?post=113"}],"version-history":[{"count":0,"href":"https:\/\/painfreebirthing.com\/port\/wp-json\/wp\/v2\/pages\/113\/revisions"}],"up":[{"embeddable":true,"href":"https:\/\/painfreebirthing.com\/port\/wp-json\/wp\/v2\/pages\/111"}],"wp:attachment":[{"href":"https:\/\/painfreebirthing.com\/port\/wp-json\/wp\/v2\/media?parent=113"}],"curies":[{"name":"wp","href":"https:\/\/api.w.org\/{rel}","templated":true}]}}