{"id":112,"date":"2023-07-08T15:42:58","date_gmt":"2023-07-08T15:42:58","guid":{"rendered":"https:\/\/painfreebirthing.com\/port\/o-que-acontece-apos-a-realizacao-da-peridural\/vigilancia-continua\/"},"modified":"2023-07-08T15:42:58","modified_gmt":"2023-07-08T15:42:58","slug":"vigilancia-continua","status":"publish","type":"page","link":"https:\/\/painfreebirthing.com\/port\/o-que-acontece-apos-a-realizacao-da-peridural\/vigilancia-continua\/","title":{"rendered":"Vigil\u00e2ncia durante a analgesia peridural"},"content":{"rendered":"<table border=\"0\" width=\"100%\">\n<tbody>\n<tr>\n<td align=\"center\"><font face=\"Tahoma, arial, verdana\" size=\"3\"><b><span style=\"color: rgb(20, 20, 20); \"><\/p>\n<table border=\"0\" width=\"100%\">\n<tbody>\n<tr>\n<td align=\"center\">\n<p class=\"MsoNormal\" style=\"background-color: transparent; color: rgb(0, 0, 0); font-family: 'Times New Roman'; font-size: 16px; font-weight: 400; text-align: center; \"><b><span lang=\"PT-BR\" style=\"font-family: Tahoma, sans-serif; \">Monitoramento durante analgesia de parto<\/span><\/b><\/p>\n<p class=\"MsoNormal\" style=\"background-color: transparent; color: rgb(0, 0, 0); font-family: 'Times New Roman'; font-size: 16px; font-weight: 400; text-align: justify; \">\n\t\t\t\t\t\t<span lang=\"PT-BR\" style=\"font-family: Tahoma, sans-serif; \"><br \/>\n\t\t\t\t\t\tAp\u00f3s a coloca\u00e7\u00e3o do cateter peridural, voc\u00ea ficar\u00e1 sob<br \/>\n\t\t\t\t\t\tos atentos cuidados da equipe de enfermagem e de seu<br \/>\n\t\t\t\t\t\tanestesiologista. A freq\u00fc\u00eancia card\u00edaca do seu beb\u00ea ser\u00e1<br \/>\n\t\t\t\t\t\tmonitorada continuamente, assim como seus sinais vitais<br \/>\n\t\t\t\t\t\te contra\u00e7\u00f5es uterinas ser\u00e3o anotados frequentemente.<br \/>\n\t\t\t\t\t\tEmbora voc\u00ea esteja descansando, ou at\u00e9 mesmo dormindo,<br \/>\n\t\t\t\t\t\tenquanto seu parto progride, o monitoramento e<br \/>\n\t\t\t\t\t\tvigil\u00e2ncia continuam.<\/span><\/p>\n<p><font face=\"Tahoma, arial, verdana\" size=\"3\"><b><\/b><\/font><\/td>\n<\/tr>\n<tr>\n<td><font face=\"Tahoma, arial, verdana\" size=\"3\"><br \/><\/font><\/td>\n<\/tr>\n<tr><\/tr>\n<\/tbody>\n<\/table>\n<p><\/span><\/b><\/font><\/td>\n<\/tr>\n<tr>\n<td><font face=\"Tahoma, arial, verdana\" size=\"3\"><span style=\"color: rgb(20, 20, 20); \">.<\/span><\/font><\/td>\n<\/tr>\n<tr>\n<td align=\"center\" style=\"text-align: center; \"><img loading=\"lazy\" decoding=\"async\" width=\"288\" height=\"432\" alt=\"\" class=\"art-lightbox\" src=\"https:\/\/painfreebirthing.com\/port\/wp-content\/uploads\/2023\/07\/monitors.gif\" ><\/p>\n<p><a href=\"\/o-que-acontece-apos-a-realizacao-da-peridural\/a-peridural-afeta-minha-pressao-arterial\" target=\"_parent\" rel=\"noopener\">Clique abaixo para ler o pr\u00f3ximo \u00edtem<\/a><span style=\"background-color: transparent; color: rgb(0, 0, 255); font-family: Helvetica, sans-serif; font-size: 16px; font-weight: 400; \"><\/span><\/p>\n<p><a href=\"\/after-epidural-placement\/does-epidural-affect-my-blood-pressue\" target=\"_parent\" rel=\"noopener\"><\/a><\/td>\n<\/tr>\n<\/tbody>\n<\/table>\n<p><span style=\"color: rgb(0, 0, 0);\"><br \/><\/span><\/p>\n","protected":false},"excerpt":{"rendered":"<p>Monitoramento durante analgesia de parto Ap\u00f3s a coloca\u00e7\u00e3o do cateter peridural, voc\u00ea ficar\u00e1 sob os atentos cuidados da equipe de enfermagem e de seu anestesiologista. A freq\u00fc\u00eancia card\u00edaca do seu beb\u00ea ser\u00e1 monitorada continuamente, assim como seus sinais vitais e contra\u00e7\u00f5es uterinas ser\u00e3o anotados frequentemente. Embora voc\u00ea esteja descansando, ou at\u00e9 mesmo dormindo, enquanto seu&#8230;<\/p>\n<p class=\"more-link-wrap\"><a href=\"https:\/\/painfreebirthing.com\/port\/o-que-acontece-apos-a-realizacao-da-peridural\/vigilancia-continua\/\" class=\"more-link\">Read More<span class=\"screen-reader-text\"> &ldquo;Vigil\u00e2ncia durante a analgesia peridural&rdquo;<\/span> &raquo;<\/a><\/p>\n","protected":false},"author":1,"featured_media":0,"parent":111,"menu_order":26,"comment_status":"closed","ping_status":"closed","template":"","meta":{"footnotes":""},"class_list":["post-112","page","type-page","status-publish","hentry"],"_links":{"self":[{"href":"https:\/\/painfreebirthing.com\/port\/wp-json\/wp\/v2\/pages\/112","targetHints":{"allow":["GET"]}}],"collection":[{"href":"https:\/\/painfreebirthing.com\/port\/wp-json\/wp\/v2\/pages"}],"about":[{"href":"https:\/\/painfreebirthing.com\/port\/wp-json\/wp\/v2\/types\/page"}],"author":[{"embeddable":true,"href":"https:\/\/painfreebirthing.com\/port\/wp-json\/wp\/v2\/users\/1"}],"replies":[{"embeddable":true,"href":"https:\/\/painfreebirthing.com\/port\/wp-json\/wp\/v2\/comments?post=112"}],"version-history":[{"count":0,"href":"https:\/\/painfreebirthing.com\/port\/wp-json\/wp\/v2\/pages\/112\/revisions"}],"up":[{"embeddable":true,"href":"https:\/\/painfreebirthing.com\/port\/wp-json\/wp\/v2\/pages\/111"}],"wp:attachment":[{"href":"https:\/\/painfreebirthing.com\/port\/wp-json\/wp\/v2\/media?parent=112"}],"curies":[{"name":"wp","href":"https:\/\/api.w.org\/{rel}","templated":true}]}}