{"id":111,"date":"2023-07-08T15:42:57","date_gmt":"2023-07-08T15:42:57","guid":{"rendered":"https:\/\/painfreebirthing.com\/port\/o-que-acontece-apos-a-realizacao-da-peridural\/"},"modified":"2023-07-08T15:42:57","modified_gmt":"2023-07-08T15:42:57","slug":"o-que-acontece-apos-a-realizacao-da-peridural","status":"publish","type":"page","link":"https:\/\/painfreebirthing.com\/port\/o-que-acontece-apos-a-realizacao-da-peridural\/","title":{"rendered":"O qu\u00ea acontece ap\u00f3s a realiza\u00e7\u00e3o da peridural?"},"content":{"rendered":"<ul>\n<li><img loading=\"lazy\" decoding=\"async\" width=\"5\" height=\"9\" src=\"https:\/\/painfreebirthing.com\/port\/wp-content\/uploads\/2023\/07\/bluearrow.gif\" border=\"0\" style=\"background-color: transparent; color: rgb(0, 0, 0); font-family: 'Times New Roman'; font-size: 16px; font-weight: 400;\"><span style=\"font-family: Tahoma; font-size: 16px;\"><span style=\"color: #000000;\">&nbsp;<br \/>\n\t<\/span><a href=\"\/o-que-acontece-apos-a-realizacao-da-peridural\/vigilancia-continua\" style=\"background-color: transparent; color: rgb(0, 102, 204); font-weight: 400;\" target=\"_parent\" rel=\"noopener\"><span lang=\"PT-BR\" style=\"color: rgb(0, 0, 0); \">Vigil\u00e2ncia cont\u00ednua<\/span><\/a><\/span><\/li>\n<li><span style=\"font-family: Tahoma; font-size: 16px;\"><a href=\"\/o-que-acontece-apos-a-realizacao-da-peridural\/vigilancia-continua\" style=\"background-color: transparent; color: rgb(0, 102, 204); font-weight: 400; text-decoration: underline;\" target=\"_parent\" rel=\"noopener\"><span lang=\"PT-BR\" style=\"color: rgb(0, 0, 0);\"><\/span><\/a><a href=\"\/Me\/JDmain\/Obgweb\/italian\/vigilanceit.htm\" target=\"main\" style=\"background-color: transparent; color: rgb(0, 102, 204); font-weight: 400; text-decoration: underline;\" rel=\"noopener\"><br \/><\/a> <img loading=\"lazy\" decoding=\"async\" width=\"5\" height=\"9\" src=\"https:\/\/painfreebirthing.com\/port\/wp-content\/uploads\/2023\/07\/bluearrow_1.gif\" border=\"0\" style=\"background-color: transparent; color: rgb(0, 0, 0); font-weight: 400;\">&nbsp;<span lang=\"PT-BR\" style=\"background-color: transparent; color: rgb(255, 0, 0); font-weight: 400;\"><a href=\"\/o-que-acontece-apos-a-realizacao-da-peridural\/a-peridural-afeta-minha-pressao-arterial\" target=\"_parent\" rel=\"noopener\"><span style=\"color: rgb(0, 0, 0); \">A<br \/>\n\tperidural afeta minha press\u00e3o arterial?<\/span><\/a><\/span><\/span><\/li>\n<li><span style=\"font-family: Tahoma; font-size: 16px;\"><span lang=\"PT-BR\" style=\"background-color: transparent; color: rgb(255, 0, 0); font-weight: 400;\"><a href=\"\/o-que-acontece-apos-a-realizacao-da-peridural\/a-peridural-afeta-minha-pressao-arterial\" target=\"_parent\" rel=\"noopener\"><span style=\"color: rgb(0, 0, 0); \"><\/span><\/a><\/span><br style=\"background-color: transparent; color: rgb(0, 0, 0); font-weight: 400;\"><img loading=\"lazy\" decoding=\"async\" width=\"5\" height=\"9\" src=\"https:\/\/painfreebirthing.com\/port\/wp-content\/uploads\/2023\/07\/bluearrow_2.gif\" border=\"0\" style=\"background-color: transparent; color: rgb(0, 0, 0); font-weight: 400;\"><a href=\"\/o-que-acontece-apos-a-realizacao-da-peridural\/objetivo-da-analgesia-peridural\" target=\"_parent\" rel=\"noopener\"><span style=\"color: rgb(0, 0, 0); \">Objetivo da analgesia peridural<\/span><\/a><\/span><\/li>\n<li><span style=\"font-family: Tahoma; font-size: 16px;\"><a href=\"\/o-que-acontece-apos-a-realizacao-da-peridural\/objetivo-da-analgesia-peridural\" target=\"_parent\" rel=\"noopener\"><span style=\"color: rgb(0, 0, 0); \"><\/span><\/a><a href=\"file:\/\/\/E:\/Me\/JDmain\/Obgweb\/Brazil\/vigilance3b.htm\" style=\"background-color: transparent; color: rgb(0, 102, 204); font-weight: 400; text-decoration: underline;\"><span lang=\"PT-BR\"><\/span><\/a><br style=\"background-color: transparent; color: rgb(0, 0, 0); font-weight: 400;\"><img loading=\"lazy\" decoding=\"async\" width=\"5\" height=\"9\" src=\"https:\/\/painfreebirthing.com\/port\/wp-content\/uploads\/2023\/07\/bluearrow_3.gif\" border=\"0\" style=\"background-color: transparent; color: rgb(0, 0, 0); font-weight: 400;\">&nbsp;<a href=\"file:\/\/\/E:\/Me\/JDmain\/Obgweb\/Brazil\/anatomy2b.htm\"><br \/>\n\t<\/a><span lang=\"PT-BR\" style=\"background-color: transparent; color: rgb(0, 102, 204); font-weight: 400;\"><a href=\"\/o-que-acontece-apos-a-realizacao-da-peridural\/monitoramento-do-alivio-da-dor\" style=\"background-color: transparent; color: rgb(0, 102, 204); font-weight: 400; \" target=\"_parent\" rel=\"noopener\"><span style=\"color: rgb(0, 0, 0); \">Monitoramento do<br \/>\n\tal\u00edvio da dor<\/span><\/a><\/span><\/span><\/li>\n<\/ul>\n<p><span style=\"color: #141414;\"><br \/><\/span><\/p>\n<p><span style=\"color: #141414;\"><br \/><\/span><\/p><\/p>\n","protected":false},"excerpt":{"rendered":"<p>&nbsp; Vigil\u00e2ncia cont\u00ednua &nbsp;A peridural afeta minha press\u00e3o arterial? Objetivo da analgesia peridural &nbsp; Monitoramento do al\u00edvio da dor<\/p>\n","protected":false},"author":1,"featured_media":0,"parent":0,"menu_order":25,"comment_status":"closed","ping_status":"closed","template":"","meta":{"footnotes":""},"class_list":["post-111","page","type-page","status-publish","hentry"],"_links":{"self":[{"href":"https:\/\/painfreebirthing.com\/port\/wp-json\/wp\/v2\/pages\/111","targetHints":{"allow":["GET"]}}],"collection":[{"href":"https:\/\/painfreebirthing.com\/port\/wp-json\/wp\/v2\/pages"}],"about":[{"href":"https:\/\/painfreebirthing.com\/port\/wp-json\/wp\/v2\/types\/page"}],"author":[{"embeddable":true,"href":"https:\/\/painfreebirthing.com\/port\/wp-json\/wp\/v2\/users\/1"}],"replies":[{"embeddable":true,"href":"https:\/\/painfreebirthing.com\/port\/wp-json\/wp\/v2\/comments?post=111"}],"version-history":[{"count":0,"href":"https:\/\/painfreebirthing.com\/port\/wp-json\/wp\/v2\/pages\/111\/revisions"}],"wp:attachment":[{"href":"https:\/\/painfreebirthing.com\/port\/wp-json\/wp\/v2\/media?parent=111"}],"curies":[{"name":"wp","href":"https:\/\/api.w.org\/{rel}","templated":true}]}}