{"id":110,"date":"2023-07-08T15:42:56","date_gmt":"2023-07-08T15:42:56","guid":{"rendered":"https:\/\/painfreebirthing.com\/port\/anestesia-regional\/procedimento-atual\/"},"modified":"2023-07-08T15:42:56","modified_gmt":"2023-07-08T15:42:56","slug":"procedimento-atual","status":"publish","type":"page","link":"https:\/\/painfreebirthing.com\/port\/anestesia-regional\/procedimento-atual\/","title":{"rendered":"Procedimento peridural para o parto"},"content":{"rendered":"<p><span style=\"background-color: transparent; font-family: Tahoma, sans-serif; font-size: 16px; font-weight: 700; text-align: center; color: #000000;\">Procedimento de posicionamento do cateter peridural para<br \/>\n\t\t\t\t\t\to parto sem dor<\/span><br \/>\n<font style=\"color: rgb(105, 105, 105); font-weight: 400; background-color: rgba(255, 255, 255, 0.597656);\"><b style=\"font-family: Tahoma; font-size: 16px;\"><\/b><\/font><\/p>\n<p align=\"center\" style=\"margin-top: 10px; margin-bottom: 10px; color: rgb(105, 105, 105); font-weight: 400; background-color: rgba(255, 255, 255, 0.59375);\"><img loading=\"lazy\" decoding=\"async\" width=\"432\" height=\"288\" alt=\"\" class=\"art-lightbox\" src=\"https:\/\/painfreebirthing.com\/port\/wp-content\/uploads\/2023\/07\/procepid.gif\"><span style=\"font-family: Tahoma; font-size: 13px;\"><br \/><\/span><\/p>\n<p align=\"left\" style=\"background-color: transparent; color: rgb(0, 0, 0); font-weight: 400; text-align: left;\"><span style=\"font-family: Tahoma; font-size: 16px; color: rgb(0, 0, 0);\"><span lang=\"PT-BR\" style=\"color: #000000;\">Ser\u00e1 solicitada a voc\u00ea que se deite de lado ou se sente e<br \/>\n\t\t\t\t\tcurve suas costas o m\u00e1ximo que puder, como mostrado nas<br \/>\n\t\t\t\t\timagens precedentes na se\u00e7\u00e3o \u201cComo eu me posiciono para a<br \/>\n\t\t\t\t\tperidural\u201d. O anestesiologista sentir\u00e1, atrav\u00e9s da palpa\u00e7\u00e3o,<br \/>\n\t\t\t\t\tpontos de refer\u00eancias \u00f3sseos na sua coluna lombar (parte<br \/>\n\t\t\t\t\tinferior da coluna) e limpar\u00e1 a pele de suas costas com uma<br \/>\n\t\t\t\t\tsolu\u00e7\u00e3o antiss\u00e9ptica antes de fazer a anestesia peridural.<br \/>\n\t\t\t\t\tUma pequena quantidade de anest\u00e9sico local ser\u00e1 injetada<br \/>\n\t\t\t\t\tpara anestesiar sua pele antes da inser\u00e7\u00e3o da agulha oca de<br \/>\n\t\t\t\t\tperidural. Ap\u00f3s a agulha ser avan\u00e7ada at\u00e9 o espa\u00e7o<br \/>\n\t\t\t\t\tperidural, um fino cateter (tubo pl\u00e1stico) \u00e9 inserido<br \/>\n\t\t\t\t\tatrav\u00e9s da mesma at\u00e9 o espa\u00e7o peridural. Ocasionalmente,<br \/>\n\t\t\t\t\talgumas mulheres podem queixar-se de sensa\u00e7\u00e3o, muito<br \/>\n\t\t\t\t\ttransit\u00f3ria, de formigamento (parestesia) das pernas quando<br \/>\n\t\t\t\t\to cateter encosta nos nervos no espa\u00e7o peridural durante sua<br \/>\n\t\t\t\t\tpassagem.<\/span><br \/>\n\t\t\t\t\t<span style=\"color: #000000;\"><br \/>\n\t\t\t\t\tEntretanto, essa sensa\u00e7\u00e3o \u00e9 muito transit\u00f3ria e some<br \/>\n\t\t\t\t\trapidamente.<\/span><br \/>\n\t\t\t\t\t<span lang=\"PT-BR\" style=\"color: #000000;\"><br \/>\n\t\t\t\t\tUma vez que o cateter esteja no local adequado, a agulha \u00e9<br \/>\n\t\t\t\t\tremovida e o cateter \u00e9 fixado com curativo adesivo em suas<br \/>\n\t\t\t\t\tcostas.<\/span><br \/>\n\t\t\t\t\t<span style=\"color: #000000;\"><br \/>\n\t\t\t\t\tA medica\u00e7\u00e3o inicial \u00e9 injetada atrav\u00e9s do cateter.<\/span><br \/>\n\t\t\t\t\t<span lang=\"PT-BR\" style=\"color: #000000;\"><br \/>\n\t\t\t\t\tAlgumas pacientes relatam \u201cuma sensa\u00e7\u00e3o de l\u00edquido gelado<br \/>\n\t\t\t\t\tnas costas\u201d enquanto a medica\u00e7\u00e3o \u00e9 injetada. Depois disso, o<br \/>\n\t\t\t\t\tmedicamento \u00e9 administrado atrav\u00e9s de uma bomba infusora<br \/>\n\t\t\t\t\tautomatizada at\u00e9 que seu beb\u00ea nas\u00e7a. Considerando que os<br \/>\n\t\t\t\t\tnervos do \u00fatero e cervix uterino passam atrav\u00e9s do espa\u00e7o<br \/>\n\t\t\t\t\tperidural, conforme explicado anteriormente, as medica\u00e7\u00f5es<br \/>\n\t\t\t\t\tbanham esses nervos e bloqueiam a sensa\u00e7\u00e3o de dor.<\/span><\/span><\/p>\n<p class=\"MsoNormal\" style=\"background-color: transparent; color: #000000; font-weight: 400; text-align: justify;\">\n\t\t\t\t\t<span lang=\"PT-BR\" style=\"font-family: Tahoma; font-size: 16px; color: #000000;\"><br \/>\n\t\t\t\t\tA anestesia peridural pode levar de 15 a 20 minutos para ser<br \/>\n\t\t\t\t\trealizada e a medica\u00e7\u00e3o funciona gradativamente no espa\u00e7o<br \/>\n\t\t\t\t\tperidural dentro dos 15 a 20 minutos que se seguem.<br \/>\n\t\t\t\t\tInicialmente, muitas pacientes percebem que as dores durante<br \/>\n\t\t\t\t\tas contra\u00e7\u00f5es s\u00e3o menos intensas e com dura\u00e7\u00e3o menor, at\u00e9<br \/>\n\t\t\t\t\tque, eventualmente, tudo que se sente \u00e9 uma sensa\u00e7\u00e3o de<br \/>\n\t\t\t\t\taperto (leve press\u00e3o) da contra\u00e7\u00e3o. Voc\u00ea pode, at\u00e9 mesmo,<br \/>\n\t\t\t\t\tn\u00e3o sentir contra\u00e7\u00e3o nenhuma, mas isso difere para cada<br \/>\n\t\t\t\t\tpaciente.&nbsp;<\/span><\/p>\n<p align=\"left\" style=\"font-weight: 400; display: inline;\"><span style=\"font-family: Tahoma; font-size: 16px;\"><font style=\"color: #696969; font-weight: 400; background-color: rgba(255, 255, 255, 0.589844);\"><span style=\"color: #000000;\"><font><\/font><\/span><\/font><\/span><\/p>\n<p><font style=\"color: #696969; font-weight: 400; background-color: rgba(255, 255, 255, 0.589844);\"><\/font><\/p>\n<p align=\"left\" style=\"font-weight: 400;\"><font style=\"color: #696969; font-weight: 400; background-color: rgba(255, 255, 255, 0.59375);\"><span style=\"color: #000000; font-size: 16px; font-family: Tahoma;\"><br \/><\/span><\/font><\/p>\n<p align=\"center\" style=\"font-weight: 400;\"><span style=\"color: #000000; font-family: Tahoma; font-size: 16px;\"><br \/><\/span><\/p>\n<p align=\"center\" style=\"margin-top: 10px; margin-bottom: 10px; color: #696969; font-weight: 400; background-color: rgba(255, 255, 255, 0.589844);\"><font><\/font><\/p>\n<p align=\"center\" style=\"margin-top: 10px; margin-bottom: 10px; color: #696969; font-weight: 400; background-color: rgba(255, 255, 255, 0.589844);\"><a href=\"\/o-que-acontece-apos-a-realizacao-da-peridural\" target=\"_parent\" rel=\"noopener\"><\/a><font><span style=\"color: #000000; font-family: Tahoma; font-size: 13px;\"><\/span><\/font><\/p>\n<p><\/p>\n","protected":false},"excerpt":{"rendered":"<p>Procedimento de posicionamento do cateter peridural para o parto sem dor Ser\u00e1 solicitada a voc\u00ea que se deite de lado ou se sente e curve suas costas o m\u00e1ximo que puder, como mostrado nas imagens precedentes na se\u00e7\u00e3o \u201cComo eu me posiciono para a peridural\u201d. O anestesiologista sentir\u00e1, atrav\u00e9s da palpa\u00e7\u00e3o, pontos de refer\u00eancias \u00f3sseos&#8230;<\/p>\n<p class=\"more-link-wrap\"><a href=\"https:\/\/painfreebirthing.com\/port\/anestesia-regional\/procedimento-atual\/\" class=\"more-link\">Read More<span class=\"screen-reader-text\"> &ldquo;Procedimento peridural para o parto&rdquo;<\/span> &raquo;<\/a><\/p>\n","protected":false},"author":1,"featured_media":0,"parent":104,"menu_order":24,"comment_status":"closed","ping_status":"closed","template":"","meta":{"footnotes":""},"class_list":["post-110","page","type-page","status-publish","hentry"],"_links":{"self":[{"href":"https:\/\/painfreebirthing.com\/port\/wp-json\/wp\/v2\/pages\/110","targetHints":{"allow":["GET"]}}],"collection":[{"href":"https:\/\/painfreebirthing.com\/port\/wp-json\/wp\/v2\/pages"}],"about":[{"href":"https:\/\/painfreebirthing.com\/port\/wp-json\/wp\/v2\/types\/page"}],"author":[{"embeddable":true,"href":"https:\/\/painfreebirthing.com\/port\/wp-json\/wp\/v2\/users\/1"}],"replies":[{"embeddable":true,"href":"https:\/\/painfreebirthing.com\/port\/wp-json\/wp\/v2\/comments?post=110"}],"version-history":[{"count":0,"href":"https:\/\/painfreebirthing.com\/port\/wp-json\/wp\/v2\/pages\/110\/revisions"}],"up":[{"embeddable":true,"href":"https:\/\/painfreebirthing.com\/port\/wp-json\/wp\/v2\/pages\/104"}],"wp:attachment":[{"href":"https:\/\/painfreebirthing.com\/port\/wp-json\/wp\/v2\/media?parent=110"}],"curies":[{"name":"wp","href":"https:\/\/api.w.org\/{rel}","templated":true}]}}