{"id":109,"date":"2023-07-08T15:42:55","date_gmt":"2023-07-08T15:42:55","guid":{"rendered":"https:\/\/painfreebirthing.com\/port\/anestesia-regional\/como-devo-me-posicionar\/"},"modified":"2023-07-08T15:42:55","modified_gmt":"2023-07-08T15:42:55","slug":"como-devo-me-posicionar","status":"publish","type":"page","link":"https:\/\/painfreebirthing.com\/port\/anestesia-regional\/como-devo-me-posicionar\/","title":{"rendered":"Posi\u00e7\u00f5ess ideais para a realiza\u00e7\u00e3o da peridural"},"content":{"rendered":"<table width=\"100%\" border=\"0\">\n<tbody>\n<tr>\n<td height=\"78\">\n<p class=\"MsoNormal\"><b><span lang=\"PT-BR\" style=\"color: rgb(0, 0, 0); font-size: 16px; font-family: Tahoma;\">Posi\u00e7\u00f5ess ideais para a realiza\u00e7\u00e3o da peridural&nbsp;<\/span><\/b><\/p>\n<p>\t\t\t\t\t\t<span lang=\"PT-BR\" style=\"color: rgb(0, 0, 0); font-size: 16px; font-family: Tahoma;\"><br \/>\n\t\t\t\t\t\tPara uma posi\u00e7\u00e3o ideal, voc\u00ea deve arquear sua coluna de<br \/>\n\t\t\t\t\t\tmaneira que voc\u00ea empurre a parte de baixo de sua coluna<br \/>\n\t\t\t\t\t\t(coluna lombar) para fora. Diversas palavras s\u00e3o<br \/>\n\t\t\t\t\t\tutilizadas para descrever essa posi\u00e7\u00e3o para os<br \/>\n\t\t\t\t\t\tpacientes, como a \u201cletra C\u201d, \u201ccomo um camar\u00e3o\u201d, \u201cgato<br \/>\n\t\t\t\t\t\tbravo\u201d, etc. Veja as figuras seguintes para entender<br \/>\n\t\t\t\t\t\tessa posi\u00e7\u00e3o. Vale \u00e0 pena praticar esse posicionamento<br \/>\n\t\t\t\t\t\tem casa antes de ir para o hospital. A posi\u00e7\u00e3o ideal faz<br \/>\n\t\t\t\t\t\tcom que a realiza\u00e7\u00e3o da peridural seja f\u00e1cil.<\/span><\/td>\n<\/tr>\n<tr>\n<td height=\"40\" align=\"center\">\n\t\t\t\t\t<font><span style=\"font-size: 16px; font-family: Tahoma;\"><br \/>\n\t\t\t\t\t<span lang=\"PT-BR\" style=\"color: rgb(0, 0, 0); \"><br \/>\n\t\t\t\t\tAl\u00e9m de arquear suas costas para tr\u00e1s, mantenha os ombros<br \/>\n\t\t\t\t\tpara baixo sem tombar para nenhum dos lados. Mantenha seu<br \/>\n\t\t\t\t\tqueixo para baixo.<\/span><\/span><\/font><\/td>\n<\/tr>\n<tr>\n<td align=\"center\" height=\"40\"><font face=\"Tahoma, arial, verdana\"><span style=\"color: rgb(0, 0, 0); font-size: 13px;\"><\/span><\/font><\/td>\n<\/tr>\n<tr>\n<td align=\"center\" height=\"58\" style=\"text-align: center; \"><img loading=\"lazy\" decoding=\"async\" width=\"288\" height=\"432\" alt=\"\" class=\"art-lightbox\" src=\"https:\/\/painfreebirthing.com\/port\/wp-content\/uploads\/2023\/07\/Copy-of-position.gif\"><span style=\"font-size: 13px;\"><br \/><\/span><\/p>\n<p style=\"margin-top: 10px; margin-bottom: 10px; \"><span style=\"font-size: 13px;\">&nbsp;<\/span><\/p>\n<\/td>\n<\/tr>\n<tr>\n<td align=\"center\" height=\"69\"><font face=\"Tahoma, arial, verdana\"><b><span style=\"color: rgb(0, 0, 0); font-size: 13px;\"><\/p>\n<table border=\"0\" width=\"100%\">\n<tbody>\n<tr>\n<td align=\"center\" height=\"69\">\n<table width=\"100%\" border=\"0\">\n<tbody>\n<tr>\n<td height=\"69\" align=\"center\">\n<p class=\"MsoNormal\"><span style=\"font-size: 16px;\"><b><span lang=\"PT-BR\" style=\"font-family: Tahoma, sans-serif; \">Deitada na cama de lado<\/span><\/b><b><br \/>\n                        <\/b><br \/>\n                        <\/span><\/p>\n<p><span style=\"font-size: 16px;\">&nbsp;<\/span><\/p>\n<\/td>\n<\/tr>\n<tr>\n<td height=\"40\" align=\"center\">\n\t\t\t\t\t<font face=\"Tahoma, arial, verdana\"><span style=\"font-size: 16px;\"><br \/>\n\t\t\t\t\t<span lang=\"PT-BR\" style=\"font-family: Tahoma, sans-serif; \"><br \/>\n\t\t\t\t\tMantenha as costas arqueadas, como j\u00e1 explicado, mantenha os<br \/>\n\t\t\t\t\tombros para baixo sem deixar o corpo ir para frente.<br \/>\n\t\t\t\t\tMantenha seu queixo para baixo.<\/span><\/span><br \/>\n\t\t\t\t\t<\/font><\/td>\n<\/tr>\n<\/tbody>\n<\/table>\n<p><font size=\"3\" face=\"Tahoma\"><b><\/b><\/font><\/td>\n<\/tr>\n<tr>\n<td align=\"center\" height=\"40\">\n<p><font face=\"Tahoma, arial, verdana\" size=\"3\"><\/font><\/p>\n<\/td>\n<\/tr>\n<\/tbody>\n<\/table>\n<p><\/span><\/b><\/font><\/td>\n<\/tr>\n<tr>\n<td align=\"center\" height=\"40\"><font face=\"Tahoma, arial, verdana\"><span style=\"color: rgb(0, 0, 0); font-size: 13px;\"><\/span><\/font><\/td>\n<\/tr>\n<tr>\n<td align=\"center\" height=\"328\" style=\"text-align: center; \"><img loading=\"lazy\" decoding=\"async\" width=\"432\" height=\"288\" alt=\"\" class=\"art-lightbox\" src=\"https:\/\/painfreebirthing.com\/port\/wp-content\/uploads\/2023\/07\/positionbed.gif\"><span style=\"font-size: 13px;\"><br \/><\/span><\/p>\n<p style=\"margin-top: 10px; margin-bottom: 10px; \"><span style=\"font-size: 13px;\">&nbsp;<\/span><\/p>\n<\/td>\n<\/tr>\n<tr>\n<td align=\"center\" height=\"98\"><font face=\"Tahoma, arial, verdana\"><b><span style=\"color: rgb(0, 0, 0); \"><\/p>\n<table border=\"0\" width=\"100%\">\n<tbody>\n<tr>\n<td align=\"center\" height=\"98\">\n<table width=\"100%\" border=\"0\">\n<tbody>\n<tr>\n<td height=\"98\" align=\"center\">\n<p class=\"MsoNormal\"><b><span lang=\"PT-BR\" style=\"font-family: Tahoma, sans-serif; font-size: 16px;\">Como essas posi\u00e7\u00f5es facilitam a realiza\u00e7\u00e3o da peridural?<br \/>\n\t\t\t\t\t\tPara entender, veja as figuras abaixo.<\/span><\/b><\/p>\n<p><span style=\"font-size: 16px;\">&nbsp;<\/span><\/p>\n<\/td>\n<\/tr>\n<tr>\n<td height=\"40\" align=\"center\" style=\"text-align: center; \">\n\t\t\t\t\t<span lang=\"PT-BR\" style=\"font-family: Tahoma, sans-serif; font-size: 16px;\"><br \/>\n\t\t\t\t\tArqueando sua coluna como descrito \u00e0 cima, abre-se os<br \/>\n\t\t\t\t\tespa\u00e7os entre as v\u00e9rtebras como demonstrado abaixo para<br \/>\n\t\t\t\t\tfacilitar a entrada da agulha.<\/p>\n<p><a href=\"\/anestesia-regional\/procedimento-atual\" target=\"_parent\" rel=\"noopener\">Clique abaixo para ler o pr\u00f3ximo \u00edtem<\/a><span style=\"background-color: transparent; color: rgb(0, 0, 255); font-family: Helvetica, sans-serif; font-weight: 400; text-align: center; \"><\/span><br \/><\/span><\/td>\n<\/tr>\n<\/tbody>\n<\/table>\n<p><font face=\"Tahoma\"><\/font><\/td>\n<\/tr>\n<tr>\n<td align=\"center\" height=\"40\"><\/td>\n<\/tr>\n<\/tbody>\n<\/table>\n<p><\/span><\/b><\/font><\/td>\n<\/tr>\n<tr>\n<td align=\"center\" height=\"40\"><font face=\"Tahoma, arial, verdana\"><span style=\"color: rgb(0, 0, 0); font-size: 13px;\"><\/span><\/font><\/td>\n<\/tr>\n<tr>\n<td align=\"center\" height=\"294\" style=\"text-align: center; \">&nbsp;<img loading=\"lazy\" decoding=\"async\" width=\"288\" height=\"288\" alt=\"\" class=\"art-lightbox\" src=\"https:\/\/painfreebirthing.com\/port\/wp-content\/uploads\/2023\/07\/widespace.gif\"><img loading=\"lazy\" decoding=\"async\" width=\"288\" height=\"288\" alt=\"\" class=\"art-lightbox\" src=\"https:\/\/painfreebirthing.com\/port\/wp-content\/uploads\/2023\/07\/narrowspace.gif\"><br \/><span style=\"color: rgb(0, 0, 0); font-family: Tahoma, arial, verdana; font-size: medium;\"><br \/><\/span><\/td>\n<\/tr>\n<\/tbody>\n<\/table>\n<p><\/p>\n","protected":false},"excerpt":{"rendered":"<p>Posi\u00e7\u00f5ess ideais para a realiza\u00e7\u00e3o da peridural&nbsp; Para uma posi\u00e7\u00e3o ideal, voc\u00ea deve arquear sua coluna de maneira que voc\u00ea empurre a parte de baixo de sua coluna (coluna lombar) para fora. Diversas palavras s\u00e3o utilizadas para descrever essa posi\u00e7\u00e3o para os pacientes, como a \u201cletra C\u201d, \u201ccomo um camar\u00e3o\u201d, \u201cgato bravo\u201d, etc. Veja as&#8230;<\/p>\n<p class=\"more-link-wrap\"><a href=\"https:\/\/painfreebirthing.com\/port\/anestesia-regional\/como-devo-me-posicionar\/\" class=\"more-link\">Read More<span class=\"screen-reader-text\"> &ldquo;Posi\u00e7\u00f5ess ideais para a realiza\u00e7\u00e3o da peridural&rdquo;<\/span> &raquo;<\/a><\/p>\n","protected":false},"author":1,"featured_media":0,"parent":104,"menu_order":23,"comment_status":"closed","ping_status":"closed","template":"","meta":{"footnotes":""},"class_list":["post-109","page","type-page","status-publish","hentry"],"_links":{"self":[{"href":"https:\/\/painfreebirthing.com\/port\/wp-json\/wp\/v2\/pages\/109","targetHints":{"allow":["GET"]}}],"collection":[{"href":"https:\/\/painfreebirthing.com\/port\/wp-json\/wp\/v2\/pages"}],"about":[{"href":"https:\/\/painfreebirthing.com\/port\/wp-json\/wp\/v2\/types\/page"}],"author":[{"embeddable":true,"href":"https:\/\/painfreebirthing.com\/port\/wp-json\/wp\/v2\/users\/1"}],"replies":[{"embeddable":true,"href":"https:\/\/painfreebirthing.com\/port\/wp-json\/wp\/v2\/comments?post=109"}],"version-history":[{"count":0,"href":"https:\/\/painfreebirthing.com\/port\/wp-json\/wp\/v2\/pages\/109\/revisions"}],"up":[{"embeddable":true,"href":"https:\/\/painfreebirthing.com\/port\/wp-json\/wp\/v2\/pages\/104"}],"wp:attachment":[{"href":"https:\/\/painfreebirthing.com\/port\/wp-json\/wp\/v2\/media?parent=109"}],"curies":[{"name":"wp","href":"https:\/\/api.w.org\/{rel}","templated":true}]}}