{"id":108,"date":"2023-07-08T15:42:54","date_gmt":"2023-07-08T15:42:54","guid":{"rendered":"https:\/\/painfreebirthing.com\/port\/anestesia-regional\/peridurais-e-raquianestesias-o-que-sao-elas\/anatomia-da-anestesia-regional-periduralespinhal\/"},"modified":"2023-07-08T15:42:54","modified_gmt":"2023-07-08T15:42:54","slug":"anatomia-da-anestesia-regional-periduralespinhal","status":"publish","type":"page","link":"https:\/\/painfreebirthing.com\/port\/anestesia-regional\/peridurais-e-raquianestesias-o-que-sao-elas\/anatomia-da-anestesia-regional-periduralespinhal\/","title":{"rendered":"Anatomia da Anestesia Regional-Peridural,\u00a0espinhal"},"content":{"rendered":"<table>\n<tbody>\n<tr>\n<td align=\"center\"><font face=\"Tahoma, arial, verdana\" size=\"3\"><b><span style=\"color: #000000; \"><\/p>\n<table>\n<tbody>\n<tr>\n<td align=\"center\">\n<table>\n<tbody>\n<tr>\n<td align=\"center\">\n<p class=\"MsoNormal\"><span style=\"font-size: 16px; color: rgb(0, 0, 0); \"><b><span lang=\"PT-BR\" style=\"color: #000000; \">Anestesia Peridural <\/span><\/b>&nbsp;<\/span><\/p>\n<\/td>\n<\/tr>\n<tr>\n<td>\n<p class=\"MsoNormal\">\n\t\t\t\t\t\t<span lang=\"PT-BR\" style=\"font-size: 16px; color: #000000; \">A agulha adequada \u00e9 inserida no espa\u00e7o peridural fornecendo a<br \/>\n\t\t\t\t\t\tanestesia peridural. O anest\u00e9sico local \u00e9 injetado fora<br \/>\n\t\t\t\t\t\tdo saco que cont\u00e9m o l\u00edquor (fluido cefaloraquidiano) e<br \/>\n\t\t\t\t\t\tmedula espinhal. Os nervos s\u00e3o bloqueados, portanto, no<br \/>\n\t\t\t\t\t\tespa\u00e7o peridural.<\/span><\/p>\n<\/td>\n<\/tr>\n<\/tbody>\n<\/table>\n<p><font face=\"Tahoma, arial, verdana\" size=\"3\"><b><\/b><\/font><\/td>\n<\/tr>\n<tr>\n<td><font face=\"Tahoma, arial, verdana\" size=\"3\"><\/font><\/td>\n<\/tr>\n<\/tbody>\n<\/table>\n<p><\/span><\/b><\/font><\/td>\n<\/tr>\n<tr>\n<td><font face=\"Tahoma, arial, verdana\" size=\"3\"><span style=\"color: #000000; \"><\/span><\/font><\/td>\n<\/tr>\n<tr>\n<td align=\"center\" style=\"text-align: center; \"><img loading=\"lazy\" decoding=\"async\" width=\"288\" height=\"432\" alt=\"\" class=\"art-lightbox\" src=\"https:\/\/painfreebirthing.com\/port\/wp-content\/uploads\/2023\/07\/anat4bwspaceep.gif\"><\/td>\n<\/tr>\n<tr>\n<td align=\"center\" style=\"text-align: center; \">&nbsp;<\/p>\n<p style=\"margin-top: 10px; margin-bottom: 10px; \">&nbsp;<\/p>\n<p style=\"margin-top: 10px; margin-bottom: 10px; \"><font face=\"Tahoma, arial, verdana\" size=\"3\"><b><span style=\"color: #000000; \"><br \/><\/span><\/b><\/font><\/p>\n<table>\n<tbody>\n<tr>\n<td align=\"center\">\n<table>\n<tbody>\n<tr>\n<td align=\"center\">\n<p class=\"MsoNormal\"><span style=\"font-size: 16px; font-family: Tahoma;\"><b><span lang=\"PT-BR\" style=\"color: #000000; \">Raquianestesia<\/span><\/b><br \/>\n\t\t\t\t\t<\/span><\/p>\n<\/td>\n<\/tr>\n<tr>\n<td>\n\t\t\t\t\t\t<span lang=\"PT-BR\" style=\"color: rgb(255, 0, 0); \"><span style=\"color: rgb(0, 0, 0); font-size: 16px; font-family: Tahoma;\"><br \/>\n\t\t\t\t\t\tA agulha espinhal \u00e9 inserida no espa\u00e7o subaracn\u00f3ideo<br \/>\n\t\t\t\t\t\tpara promover a raquianestesia. A agulha perfura o saco<br \/>\n\t\t\t\t\t\tcontendo o l\u00edquor e a medula espinhal. O anest\u00e9sico<br \/>\n\t\t\t\t\t\tlocal \u00e9 injetado no l\u00edquor. Os nervos s\u00e3o bloqueados no<br \/>\n\t\t\t\t\t\tespa\u00e7o subaracn\u00f3ideo. A agulha espinhal \u00e9 inserida no<br \/>\n\t\t\t\t\t\tespa\u00e7o subaracn\u00f3ideo abaixo do n\u00edvel da medula espinhal<br \/>\n\t\t\t\t\t\tde maneira que a mesma n\u00e3o seja atingida e gere dano.<\/span><br \/>\n\t\t\t\t\t\t<\/span><\/td>\n<\/tr>\n<\/tbody>\n<\/table>\n<p><b style=\"font-size: 16px; font-family: Tahoma;\"><span style=\"color: #000000; \"><\/span><\/b><\/p>\n<\/td>\n<\/tr>\n<tr>\n<td><font style=\"font-size: 16px; font-family: Tahoma; \"><span style=\"color: #000000; \"><\/span><\/font><\/td>\n<\/tr>\n<\/tbody>\n<\/table>\n<\/td>\n<\/tr>\n<tr>\n<td><font face=\"Tahoma, arial, verdana\" size=\"3\"><span style=\"color: #000000; \"><\/span><\/font><\/td>\n<\/tr>\n<tr>\n<td align=\"center\" style=\"text-align: center; \"><img loading=\"lazy\" decoding=\"async\" width=\"288\" height=\"432\" alt=\"\" class=\"art-lightbox\" src=\"https:\/\/painfreebirthing.com\/port\/wp-content\/uploads\/2023\/07\/anat4bwspacesp.gif\" ><br \/><span style=\"color: rgb(0, 0, 0); font-family: Tahoma; font-size: medium;\"><br \/><\/span><\/p>\n<p><a href=\"\/anestesia-regional\/como-devo-me-posicionar\" target=\"_parent\" rel=\"noopener\">Clique abaixo para ler o pr\u00f3ximo \u00edtem<\/a><span style=\"background-color: transparent; color: rgb(0, 0, 255); font-family: Helvetica, sans-serif; font-size: 16px; font-weight: 400; \"><\/span><\/td>\n<\/tr>\n<\/tbody>\n<\/table>\n<p><\/p>\n","protected":false},"excerpt":{"rendered":"<p>Anestesia Peridural &nbsp; A agulha adequada \u00e9 inserida no espa\u00e7o peridural fornecendo a anestesia peridural. O anest\u00e9sico local \u00e9 injetado fora do saco que cont\u00e9m o l\u00edquor (fluido cefaloraquidiano) e medula espinhal. Os nervos s\u00e3o bloqueados, portanto, no espa\u00e7o peridural. &nbsp; &nbsp; Raquianestesia A agulha espinhal \u00e9 inserida no espa\u00e7o subaracn\u00f3ideo para promover a raquianestesia&#8230;.<\/p>\n<p class=\"more-link-wrap\"><a href=\"https:\/\/painfreebirthing.com\/port\/anestesia-regional\/peridurais-e-raquianestesias-o-que-sao-elas\/anatomia-da-anestesia-regional-periduralespinhal\/\" class=\"more-link\">Read More<span class=\"screen-reader-text\"> &ldquo;Anatomia da Anestesia Regional-Peridural,\u00a0espinhal&rdquo;<\/span> &raquo;<\/a><\/p>\n","protected":false},"author":1,"featured_media":0,"parent":106,"menu_order":22,"comment_status":"closed","ping_status":"closed","template":"","meta":{"footnotes":""},"class_list":["post-108","page","type-page","status-publish","hentry"],"_links":{"self":[{"href":"https:\/\/painfreebirthing.com\/port\/wp-json\/wp\/v2\/pages\/108","targetHints":{"allow":["GET"]}}],"collection":[{"href":"https:\/\/painfreebirthing.com\/port\/wp-json\/wp\/v2\/pages"}],"about":[{"href":"https:\/\/painfreebirthing.com\/port\/wp-json\/wp\/v2\/types\/page"}],"author":[{"embeddable":true,"href":"https:\/\/painfreebirthing.com\/port\/wp-json\/wp\/v2\/users\/1"}],"replies":[{"embeddable":true,"href":"https:\/\/painfreebirthing.com\/port\/wp-json\/wp\/v2\/comments?post=108"}],"version-history":[{"count":0,"href":"https:\/\/painfreebirthing.com\/port\/wp-json\/wp\/v2\/pages\/108\/revisions"}],"up":[{"embeddable":true,"href":"https:\/\/painfreebirthing.com\/port\/wp-json\/wp\/v2\/pages\/106"}],"wp:attachment":[{"href":"https:\/\/painfreebirthing.com\/port\/wp-json\/wp\/v2\/media?parent=108"}],"curies":[{"name":"wp","href":"https:\/\/api.w.org\/{rel}","templated":true}]}}