{"id":107,"date":"2023-07-08T15:42:53","date_gmt":"2023-07-08T15:42:53","guid":{"rendered":"https:\/\/painfreebirthing.com\/port\/anestesia-regional\/peridurais-e-raquianestesias-o-que-sao-elas\/coluna-vertebral\/"},"modified":"2023-07-08T15:42:53","modified_gmt":"2023-07-08T15:42:53","slug":"coluna-vertebral","status":"publish","type":"page","link":"https:\/\/painfreebirthing.com\/port\/anestesia-regional\/peridurais-e-raquianestesias-o-que-sao-elas\/coluna-vertebral\/","title":{"rendered":"Coluna Vertebral"},"content":{"rendered":"<p><span style=\"background-color: transparent; font-family: Tahoma, sans-serif; font-size: 16px; font-weight: 400; color: #000000; \">A coluna vertebral \u00e9 feita de uma s\u00e9rie de ossos<br \/>\n\t\t\t\t\t\t(v\u00e9rtebras) posicionadas umas sobre as outras com<br \/>\n\t\t\t\t\t\tespinhas projetadas para tr\u00e1s. A medula espinhal e<br \/>\n\t\t\t\t\t\tnervos ficam protegidos dentro da coluna vertebral. Veja<br \/>\n\t\t\t\t\t\ta \u00e1rea normalmente utilizada para a realiza\u00e7\u00e3o da<br \/>\n\t\t\t\t\t\tperidural ou raquianestesia na figura abaixo.<\/span><\/p>\n<table>\n<tbody>\n<tr>\n<td align=\"center\">\n<p align=\"left\" style=\"margin-top: 10px; margin-bottom: 10px; \"><font face=\"Tahoma, arial, verdana\" size=\"3\"><span style=\"color: #000000; \"><span style=\"font-size: medium; font-weight: 400; \"><\/span><\/span><\/font><\/p>\n<\/td>\n<\/tr>\n<tr>\n<td align=\"center\" style=\"text-align: center; \"><img loading=\"lazy\" decoding=\"async\" width=\"288\" height=\"432\" alt=\"\" class=\"art-lightbox\" src=\"https:\/\/painfreebirthing.com\/port\/wp-content\/uploads\/2023\/07\/anat3bw.gif\"><\/td>\n<\/tr>\n<tr>\n<td align=\"center\" height=\"1\"><font face=\"Tahoma, arial, verdana\" size=\"3\"><b><span style=\"color: #000000; \"><\/p>\n<table>\n<tbody>\n<tr>\n<td align=\"center\" height=\"1\">\n<table>\n<tbody>\n<tr>\n<td height=\"1\" align=\"center\">\n<p class=\"MsoNormal\"><b><span lang=\"PT-BR\" style=\"font-family: Tahoma; font-size: 16px; color: #000000; \">Medula espinhal e nervos<\/span><\/b><\/p>\n<\/td>\n<\/tr>\n<tr>\n<td height=\"97\" align=\"center\">\n<p align=\"left\">\n                        <span lang=\"PT-BR\" style=\"font-family: Tahoma; font-size: 16px; color: #000000; \"><br \/>\n\t\t\t\t\t\tA medula espinhal fica dentro de um saco contendo fluido<br \/>\n\t\t\t\t\t\t(l\u00edquor dentro do espa\u00e7o subaracn\u00f3ideo). O saco \u00e9<br \/>\n\t\t\t\t\t\tcercado pelas v\u00e9rtebras. O espa\u00e7o ao redor do saco e<br \/>\n\t\t\t\t\t\tdentro das v\u00e9rtebras \u00e9 o espa\u00e7o peridural. Os nervos<br \/>\n\t\t\t\t\t\tsaem da coluna vertebral e cruzam os espa\u00e7os<br \/>\n\t\t\t\t\t\tsubaracn\u00f3ideo e peridural. Normalmante, h\u00e1 espa\u00e7o<br \/>\n\t\t\t\t\t\tsuficiente entre as espinhas (chamadas de processo<br \/>\n\t\t\t\t\t\tespinhoso) para permitir que a agulha alcance os espa\u00e7os<br \/>\n\t\t\t\t\t\tsubaracn\u00f3ideo ou peridural.<\/span><\/p>\n<style=\"margin-top: 10px;=\"\" margin-bottom:=\"\" \"=\"\"><font face=\"Tahoma, arial, verdana\" size=\"3\"><span style=\"color: #000000; \"><\/span><\/font><\/style=\"margin-top:><\/td>\n<\/tr>\n<tr>\n<td align=\"center\" height=\"434\" style=\"text-align: center; \"><img loading=\"lazy\" decoding=\"async\" width=\"288\" height=\"432\" alt=\"\" class=\"art-lightbox\" src=\"https:\/\/painfreebirthing.com\/port\/wp-content\/uploads\/2023\/07\/anat4bwspace.gif\" ><br \/><span style=\"color: rgb(0, 0, 0); font-family: Tahoma; font-size: medium;\"><br \/><\/span><\/td>\n<\/tr>\n<\/tbody>\n<\/table>\n<p style=\"text-align: center; \"><a href=\"\/anestesia-regional\/peridurais-e-raquianestesias-o-que-sao-elas\/anatomia-da-anestesia-regional-periduralespinhal\" target=\"_parent\" rel=\"noopener\">Clique abaixo para ler o pr\u00f3ximo \u00edtem<\/a><span style=\"background-color: transparent; color: rgb(0, 0, 255); font-family: Helvetica, sans-serif; font-size: 16px; font-weight: 400; text-align: center; \"><\/span><\/p>\n<\/td>\n<\/tr>\n<\/tbody>\n<\/table>\n<p><\/span><\/b><\/font><\/td>\n<\/tr>\n<\/tbody>\n<\/table>\n","protected":false},"excerpt":{"rendered":"<p>A coluna vertebral \u00e9 feita de uma s\u00e9rie de ossos (v\u00e9rtebras) posicionadas umas sobre as outras com espinhas projetadas para tr\u00e1s. A medula espinhal e nervos ficam protegidos dentro da coluna vertebral. Veja a \u00e1rea normalmente utilizada para a realiza\u00e7\u00e3o da peridural ou raquianestesia na figura abaixo. Medula espinhal e nervos A medula espinhal fica&#8230;<\/p>\n<p class=\"more-link-wrap\"><a href=\"https:\/\/painfreebirthing.com\/port\/anestesia-regional\/peridurais-e-raquianestesias-o-que-sao-elas\/coluna-vertebral\/\" class=\"more-link\">Read More<span class=\"screen-reader-text\"> &ldquo;Coluna Vertebral&rdquo;<\/span> &raquo;<\/a><\/p>\n","protected":false},"author":1,"featured_media":0,"parent":106,"menu_order":21,"comment_status":"closed","ping_status":"closed","template":"","meta":{"footnotes":""},"class_list":["post-107","page","type-page","status-publish","hentry"],"_links":{"self":[{"href":"https:\/\/painfreebirthing.com\/port\/wp-json\/wp\/v2\/pages\/107","targetHints":{"allow":["GET"]}}],"collection":[{"href":"https:\/\/painfreebirthing.com\/port\/wp-json\/wp\/v2\/pages"}],"about":[{"href":"https:\/\/painfreebirthing.com\/port\/wp-json\/wp\/v2\/types\/page"}],"author":[{"embeddable":true,"href":"https:\/\/painfreebirthing.com\/port\/wp-json\/wp\/v2\/users\/1"}],"replies":[{"embeddable":true,"href":"https:\/\/painfreebirthing.com\/port\/wp-json\/wp\/v2\/comments?post=107"}],"version-history":[{"count":0,"href":"https:\/\/painfreebirthing.com\/port\/wp-json\/wp\/v2\/pages\/107\/revisions"}],"up":[{"embeddable":true,"href":"https:\/\/painfreebirthing.com\/port\/wp-json\/wp\/v2\/pages\/106"}],"wp:attachment":[{"href":"https:\/\/painfreebirthing.com\/port\/wp-json\/wp\/v2\/media?parent=107"}],"curies":[{"name":"wp","href":"https:\/\/api.w.org\/{rel}","templated":true}]}}